{"id":1675,"date":"2017-12-30T20:59:55","date_gmt":"2017-12-30T20:59:55","guid":{"rendered":"http:\/\/biblian.is\/biblian\/%c2%85nnur-m%c2%97seb%c2%97k-8-kafli\/"},"modified":"2023-05-01T16:21:38","modified_gmt":"2023-05-01T16:21:38","slug":"onnur-mosebok-8-kafli","status":"publish","type":"page","link":"https:\/\/biblian.is\/biblian\/onnur-mosebok-8-kafli\/","title":{"rendered":"\u00d6nnur M\u00f3seb\u00f3k 8. kafli"},"content":{"rendered":"<p><a name=\"1\"><span class=\"versanumer_2007\">1<\/span><\/a> Drottinn sag\u00f0i vi\u00f0 M\u00f3se: \u201eSeg\u00f0u vi\u00f0 Aron: R\u00e9ttu h\u00f6nd \u00fe\u00edna me\u00f0 stafnum \u00fat yfir flj\u00f3tin, \u00e1veituskur\u00f0ina og m\u00fdrarnar og sendu froskana yfir Egyptaland.\u201c <a name=\"2\"><span class=\"versanumer_2007\">2<\/span><\/a> Aron r\u00e9tti h\u00f6nd s\u00edna \u00fat yfir vatnsb\u00f3l Egyptalands og froskarnir skri\u00f0u upp \u00far \u00feeim og \u00fe\u00f6ktu Egyptaland. <a name=\"3\"><span class=\"versanumer_2007\">3<\/span><\/a> Sp\u00e1prestarnir ger\u00f0u \u00feetta einnig me\u00f0 fj\u00f6lkynngi sinni og sendu froska yfir Egyptaland.<br \/> <a name=\"4\"><span class=\"versanumer_2007\">4<\/span><\/a> Fara\u00f3 kalla\u00f0i \u00fe\u00e1 M\u00f3se og Aron fyrir sig og sag\u00f0i: \u201eBi\u00f0ji\u00f0 Drottin a\u00f0 hann fjarl\u00e6gi froskana fr\u00e1 m\u00e9r og \u00fej\u00f3\u00f0 minni. \u00de\u00e1 sleppi \u00e9g \u00fej\u00f3\u00f0inni svo a\u00f0 h\u00fan geti f\u00e6rt Drottni sl\u00e1turf\u00f3rnir.\u201c <a name=\"5\"><span class=\"versanumer_2007\">5<\/span><\/a> M\u00f3se svara\u00f0i fara\u00f3: \u201eS\u00fdndu m\u00e9r \u00feann hei\u00f0ur a\u00f0 \u00e1kve\u00f0a hven\u00e6r \u00e9g \u00e1 a\u00f0 bi\u00f0ja fyrir \u00fe\u00e9r, \u00fej\u00f3num \u00fe\u00ednum og \u00fej\u00f3\u00f0 svo a\u00f0 froskarnir hverfi fr\u00e1 \u00fe\u00e9r og \u00far h\u00fasum \u00fe\u00ednum og ver\u00f0i a\u00f0eins eftir \u00ed flj\u00f3tinu.\u201c <a name=\"6\"><span class=\"versanumer_2007\">6<\/span><\/a> Fara\u00f3 sag\u00f0i: \u201e\u00c1 morgun.\u201c M\u00f3se svara\u00f0i: \u201e\u00dea\u00f0 ver\u00f0ur eins og \u00fe\u00fa skipar svo a\u00f0 \u00fe\u00fa komist a\u00f0 raun um a\u00f0 enginn er sem Drottinn, Gu\u00f0 okkar. <a name=\"7\"><span class=\"versanumer_2007\">7<\/span><\/a> Froskarnir munu hverfa fr\u00e1 \u00fe\u00e9r, h\u00fasi \u00fe\u00ednu, \u00fej\u00f3num \u00fe\u00ednum og \u00fej\u00f3\u00f0 og ver\u00f0a a\u00f0eins eftir \u00ed flj\u00f3tinu.\u201c<br \/> <a name=\"8\"><span class=\"versanumer_2007\">8<\/span><\/a> M\u00f3se og Aron gengu burt fr\u00e1 fara\u00f3. S\u00ed\u00f0an hr\u00f3pa\u00f0i M\u00f3se til Drottins vegna froskanna sem hann haf\u00f0i sent yfir fara\u00f3. <a name=\"9\"><span class=\"versanumer_2007\">9<\/span><\/a> Drottinn ger\u00f0i \u00fea\u00f0 sem M\u00f3se ba\u00f0 um og froskarnir dr\u00e1pust \u00ed h\u00fasunum, forg\u00f6r\u00f0unum og \u00fati \u00e1 \u00f6krunum. <a name=\"10\"><span class=\"versanumer_2007\">10<\/span><\/a> \u00deeim var hr\u00faga\u00f0 saman \u00ed marga hauga svo a\u00f0 landi\u00f0 \u00feefja\u00f0i illa. <a name=\"11\"><span class=\"versanumer_2007\">11<\/span><\/a> \u00deegar fara\u00f3 fann a\u00f0 af l\u00e9tti herti hann hjarta sitt og hlusta\u00f0i ekki \u00e1 \u00fe\u00e1 eins og Drottinn haf\u00f0i sagt fyrir.<\/p>\n<h3 class=\"millifyrirsogn_2007\">\u00deri\u00f0ja pl\u00e1gan: M\u00fdvargur<\/h3>\n<p><a name=\"12\"><span class=\"versanumer_2007\">12<\/span><\/a> Drottinn sag\u00f0i vi\u00f0 M\u00f3se: \u201eSeg\u00f0u vi\u00f0 Aron: R\u00e9ttu \u00fat staf \u00feinn og sl\u00e1\u00f0u \u00e1 ryki\u00f0 \u00e1 j\u00f6r\u00f0inni, \u00fea\u00f0 ver\u00f0ur a\u00f0 m\u00fdvargi um allt Egyptaland.\u201c <a name=\"13\"><span class=\"versanumer_2007\">13<\/span><\/a> \u00deetta ger\u00f0u \u00feeir. Aron r\u00e9tti \u00fat h\u00f6nd s\u00edna me\u00f0 stafnum og sl\u00f3 \u00e1 ryki\u00f0 \u00e1 j\u00f6r\u00f0inni. \u00dea\u00f0 var\u00f0 a\u00f0 m\u00fdvargi sem settist \u00e1 menn og skepnur. Allt ryk \u00e1 j\u00f6r\u00f0inni var\u00f0 a\u00f0 m\u00fdvargi um allt Egyptaland. <a name=\"14\"><span class=\"versanumer_2007\">14<\/span><\/a> Sp\u00e1prestarnir reyndu a\u00f0 gera eins me\u00f0 fj\u00f6lkynngi sinni og senda \u00fat m\u00fd en g\u00e1tu \u00fea\u00f0 ekki. M\u00fdvargurinn lag\u00f0ist b\u00e6\u00f0i \u00e1 menn og skepnur. <a name=\"15\"><span class=\"versanumer_2007\">15<\/span><\/a> \u00de\u00e1 s\u00f6g\u00f0u sp\u00e1prestarnir vi\u00f0 fara\u00f3: \u201e\u00deetta er fingur Gu\u00f0s.\u201c En hjarta fara\u00f3s var hart og hann hlusta\u00f0i ekki \u00e1 \u00fe\u00e1 eins og Drottinn haf\u00f0i sagt fyrir um.<\/p>\n<h3 class=\"millifyrirsogn_2007\">Fj\u00f3r\u00f0a pl\u00e1gan: Flugur<\/h3>\n<p><a name=\"16\"><span class=\"versanumer_2007\">16<\/span><\/a> Drottinn sag\u00f0i vi\u00f0 M\u00f3se: \u201eVertu snemma \u00e1 f\u00f3tum \u00e1 morgun og gakktu fyrir fara\u00f3 \u00feegar hann gengur ni\u00f0ur a\u00f0 flj\u00f3tinu og seg\u00f0u vi\u00f0 hann: Svo segir Drottinn: Leyf\u00f0u \u00fej\u00f3\u00f0 minni a\u00f0 fara svo a\u00f0 h\u00fan geti \u00fej\u00f3na\u00f0 m\u00e9r. <a name=\"17\"><span class=\"versanumer_2007\">17<\/span><\/a> Ef \u00fe\u00fa vilt ekki leyfa \u00fej\u00f3\u00f0 minni a\u00f0 fara sendi \u00e9g flugur yfir \u00feig, \u00fej\u00f3na \u00fe\u00edna, \u00fej\u00f3\u00f0 \u00fe\u00edna og h\u00fas \u00fe\u00edn. \u00de\u00e6r munu fylla h\u00fasin \u00ed Egyptalandi og \u00feekja j\u00f6r\u00f0ina sem \u00feau standa \u00e1. <a name=\"18\"><span class=\"versanumer_2007\">18<\/span><\/a> En \u00feann sama dag mun \u00e9g undanskilja G\u00f3senland \u00fear sem \u00fej\u00f3\u00f0 m\u00edn dvelur svo a\u00f0 \u00fear ver\u00f0a engar flugur og \u00fe\u00fa komist a\u00f0 raun um a\u00f0 \u00e9g, Drottinn, er mitt \u00ed landinu. <a name=\"19\"><span class=\"versanumer_2007\">19<\/span><\/a> \u00c9g l\u00e6t \u00feetta greina \u00fej\u00f3\u00f0 m\u00edna fr\u00e1 \u00feinni \u00fej\u00f3\u00f0. \u00deetta t\u00e1kn ver\u00f0ur \u00e1 morgun.\u201c <a name=\"20\"><span class=\"versanumer_2007\">20<\/span><\/a> Drottinn ger\u00f0i \u00feetta: Aragr\u00fai flugna kom \u00ed h\u00fas fara\u00f3s og h\u00fas \u00fej\u00f3na hans og um allt Egyptaland spilltist j\u00f6r\u00f0in af flugum. <a name=\"21\"><span class=\"versanumer_2007\">21<\/span><\/a> \u00de\u00e1 kalla\u00f0i fara\u00f3 M\u00f3se og Aron fyrir sig og sag\u00f0i: \u201eFari\u00f0 og f\u00e6ri\u00f0 Gu\u00f0i ykkar sl\u00e1turf\u00f3rnir h\u00e9r \u00ed landinu.\u201c <a name=\"22\"><span class=\"versanumer_2007\">22<\/span><\/a> M\u00f3se svara\u00f0i: \u201e\u00dea\u00f0 getum vi\u00f0 ekki \u00fev\u00ed a\u00f0 vi\u00f0 ver\u00f0um a\u00f0 f\u00e6ra Drottni, Gu\u00f0i okkar, sl\u00e1turf\u00f3rnir sem eru Egyptum vi\u00f0urstygg\u00f0. Mundu Egyptar ekki gr\u00fdta okkur ef vi\u00f0 f\u00e6r\u00f0um fyrir augum \u00feeirra sl\u00e1turf\u00f3rnir sem \u00feeir hafa andstygg\u00f0 \u00e1? <a name=\"23\"><span class=\"versanumer_2007\">23<\/span><\/a> Vi\u00f0 \u00e6tlum a\u00f0 fara \u00ferj\u00e1r daglei\u00f0ir inn \u00ed ey\u00f0im\u00f6rkina og f\u00e6ra Drottni, Gu\u00f0i okkar, sl\u00e1turf\u00f3rnir eins og hann hefur bo\u00f0i\u00f0 okkur.\u201c <a name=\"24\"><span class=\"versanumer_2007\">24<\/span><\/a> \u00de\u00e1 sag\u00f0i fara\u00f3: \u201e\u00c9g \u00e6tla a\u00f0 leyfa ykkur a\u00f0 fara svo a\u00f0 \u00fei\u00f0 geti\u00f0 f\u00e6rt Drottni, Gu\u00f0i ykkar, sl\u00e1turf\u00f3rnir \u00fati \u00ed ey\u00f0im\u00f6rkinni. En \u00fei\u00f0 megi\u00f0 ekki fara of langt. Bi\u00f0ji\u00f0 fyrir m\u00e9r.\u201c <a name=\"25\"><span class=\"versanumer_2007\">25<\/span><\/a> M\u00f3se svara\u00f0i: \u201eN\u00fa geng \u00e9g \u00fat fr\u00e1 \u00fe\u00e9r og bi\u00f0 til Drottins. \u00de\u00e1 munu flugurnar hverfa fr\u00e1 fara\u00f3, \u00fej\u00f3num hans og \u00fej\u00f3\u00f0 \u00e1 morgun. En fara\u00f3 m\u00e1 ekki ganga \u00e1 bak or\u00f0a sinna um a\u00f0 leyfa \u00fej\u00f3\u00f0inni a\u00f0 fara til a\u00f0 f\u00e6ra Drottni sl\u00e1turf\u00f3rn.\u201c<br \/> <a name=\"26\"><span class=\"versanumer_2007\">26<\/span><\/a> M\u00f3se gekk \u00fat fr\u00e1 fara\u00f3 og ba\u00f0 til Drottins. <a name=\"27\"><span class=\"versanumer_2007\">27<\/span><\/a> Drottinn ger\u00f0i \u00fea\u00f0 sem M\u00f3se ba\u00f0 um og flugurnar hurfu fr\u00e1 fara\u00f3, \u00fej\u00f3num hans og \u00fej\u00f3\u00f0 og engin var\u00f0 eftir. <a name=\"28\"><span class=\"versanumer_2007\">28<\/span><\/a> Og fara\u00f3 herti hjarta sitt einnig \u00ed \u00feetta skipti og hann leyf\u00f0i f\u00f3lkinu ekki a\u00f0 fara.<\/p>\n","protected":false},"excerpt":{"rendered":"<p>1 Drottinn sag\u00f0i vi\u00f0 M\u00f3se: \u201eSeg\u00f0u vi\u00f0 Aron: R\u00e9ttu h\u00f6nd \u00fe\u00edna me\u00f0 stafnum \u00fat yfir flj\u00f3tin, \u00e1veituskur\u00f0ina og m\u00fdrarnar og sendu froskana yfir Egyptaland.\u201c 2 Aron r\u00e9tti h\u00f6nd s\u00edna \u00fat yfir vatnsb\u00f3l Egyptalands og froskarnir skri\u00f0u upp \u00far \u00feeim og \u00fe\u00f6ktu Egyptaland. 3 Sp\u00e1prestarnir ger\u00f0u \u00feetta einnig me\u00f0 fj\u00f6lkynngi sinni og sendu froska yfir Egyptaland. 4 Fara\u00f3 kalla\u00f0i \u00fe\u00e1 M\u00f3se og Aron fyrir sig og sag\u00f0i: \u201eBi\u00f0ji\u00f0 Drottin a\u00f0 hann fjarl\u00e6gi froskana fr\u00e1 m\u00e9r og \u00fej\u00f3\u00f0 minni. \u00de\u00e1 sleppi \u00e9g \u00fej\u00f3\u00f0inni svo a\u00f0 h\u00fan geti f\u00e6rt Drottni sl\u00e1turf\u00f3rnir.\u201c 5 M\u00f3se svara\u00f0i fara\u00f3: \u201eS\u00fdndu m\u00e9r \u00feann hei\u00f0ur a\u00f0 \u00e1kve\u00f0a hven\u00e6r \u00e9g <a href=\"https:\/\/biblian.is\/biblian\/onnur-mosebok-8-kafli\/\"> [&#8230;]<\/a><\/p>\n","protected":false},"author":1,"featured_media":0,"parent":0,"menu_order":0,"comment_status":"open","ping_status":"open","template":"bibliukaflar_NT.php","meta":{"footnotes":""},"class_list":["post-1675","page","type-page","status-publish","hentry"],"_links":{"self":[{"href":"https:\/\/biblian.is\/biblian\/wp-json\/wp\/v2\/pages\/1675","targetHints":{"allow":["GET"]}}],"collection":[{"href":"https:\/\/biblian.is\/biblian\/wp-json\/wp\/v2\/pages"}],"about":[{"href":"https:\/\/biblian.is\/biblian\/wp-json\/wp\/v2\/types\/page"}],"author":[{"embeddable":true,"href":"https:\/\/biblian.is\/biblian\/wp-json\/wp\/v2\/users\/1"}],"replies":[{"embeddable":true,"href":"https:\/\/biblian.is\/biblian\/wp-json\/wp\/v2\/comments?post=1675"}],"version-history":[{"count":0,"href":"https:\/\/biblian.is\/biblian\/wp-json\/wp\/v2\/pages\/1675\/revisions"}],"wp:attachment":[{"href":"https:\/\/biblian.is\/biblian\/wp-json\/wp\/v2\/media?parent=1675"}],"curies":[{"name":"wp","href":"https:\/\/api.w.org\/{rel}","templated":true}]}}