{"id":1674,"date":"2017-12-30T20:59:55","date_gmt":"2017-12-30T20:59:55","guid":{"rendered":"http:\/\/biblian.is\/biblian\/%c2%85nnur-m%c2%97seb%c2%97k-7-kafli\/"},"modified":"2023-05-01T16:21:37","modified_gmt":"2023-05-01T16:21:37","slug":"onnur-mosebok-7-kafli","status":"publish","type":"page","link":"https:\/\/biblian.is\/biblian\/onnur-mosebok-7-kafli\/","title":{"rendered":"\u00d6nnur M\u00f3seb\u00f3k 7. kafli"},"content":{"rendered":"<p><a name=\"1\"><span class=\"versanumer_2007\">1<\/span><\/a> \u00de\u00e1 sag\u00f0i Drottinn vi\u00f0 M\u00f3se: \u201eN\u00fa geri \u00e9g \u00feig a\u00f0 Gu\u00f0i fyrir fara\u00f3 og Aron, br\u00f3\u00f0ir \u00feinn, skal ver\u00f0a sp\u00e1ma\u00f0ur \u00feinn. <a name=\"2\"><span class=\"versanumer_2007\">2<\/span><\/a> \u00de\u00fa \u00e1tt a\u00f0 segja allt sem \u00e9g fel \u00fe\u00e9r og Aron, br\u00f3\u00f0ir \u00feinn, \u00e1 a\u00f0 segja fara\u00f3 \u00fea\u00f0 svo a\u00f0 hann leyfi \u00cdsraelsm\u00f6nnum a\u00f0 fara \u00far landi s\u00ednu. <a name=\"3\"><span class=\"versanumer_2007\">3<\/span><\/a> \u00c9g mun forher\u00f0a hjarta fara\u00f3s og gera m\u00f6rg t\u00e1kn og st\u00f3rmerki \u00ed Egyptalandi. <a name=\"4\"><span class=\"versanumer_2007\">4<\/span><\/a> Fara\u00f3 mun ekki hlusta \u00e1 ykkur, \u00feess vegna mun \u00e9g leggja h\u00f6nd m\u00edna \u00e1 Egyptaland og lei\u00f0a hersveitir m\u00ednar, \u00fej\u00f3\u00f0 m\u00edna, \u00cdsraelsmenn, \u00fat \u00far Egyptalandi me\u00f0 \u00feungum refsid\u00f3mum. <a name=\"5\"><span class=\"versanumer_2007\">5<\/span><\/a> \u00deegar \u00e9g r\u00e9tti \u00fat h\u00f6nd m\u00edna yfir Egyptaland og lei\u00f0i \u00cdsraelsmenn burt fr\u00e1 Egyptum munu \u00feeir komast a\u00f0 raun um a\u00f0 \u00e9g er Drottinn.\u201c<br \/> <a name=\"6\"><span class=\"versanumer_2007\">6<\/span><\/a> M\u00f3se og Aron ger\u00f0u \u00fea\u00f0 og f\u00f3ru a\u00f0 \u00f6llu sem Drottinn haf\u00f0i fali\u00f0 \u00feeim. <a name=\"7\"><span class=\"versanumer_2007\">7<\/span><\/a> M\u00f3se var \u00e1ttat\u00edu \u00e1ra og Aron \u00e1ttat\u00edu og \u00feriggja \u00e1ra \u00feegar \u00feeir t\u00f6lu\u00f0u vi\u00f0 fara\u00f3.<\/p>\n<h3 class=\"millifyrirsogn_2007\">Fara\u00f3 daufheyrist<\/h3>\n<p><a name=\"8\"><span class=\"versanumer_2007\">8<\/span><\/a> Drottinn \u00e1varpa\u00f0i M\u00f3se og Aron og sag\u00f0i: <a name=\"9\"><span class=\"versanumer_2007\">9<\/span><\/a> \u201eEf fara\u00f3 segir vi\u00f0 ykkur: Geri\u00f0 kraftaverk, skaltu segja vi\u00f0 Aron: Taktu staf \u00feinn og kasta\u00f0u honum ni\u00f0ur frammi fyrir fara\u00f3. Hann ver\u00f0ur a\u00f0 eitursl\u00f6ngu.\u201c <a name=\"10\"><span class=\"versanumer_2007\">10<\/span><\/a> S\u00ed\u00f0an f\u00f3ru M\u00f3se og Aron til fara\u00f3s og \u00feeir ger\u00f0u \u00fea\u00f0 sem Drottinn haf\u00f0i bo\u00f0i\u00f0 \u00feeim. Aron kasta\u00f0i staf s\u00ednum frammi fyrir fara\u00f3 og \u00fej\u00f3num hans og hann var\u00f0 a\u00f0 eitursl\u00f6ngu. <a name=\"11\"><span class=\"versanumer_2007\">11<\/span><\/a> \u00de\u00e1 kalla\u00f0i fara\u00f3 fyrir sig vitringa og galdramenn og sp\u00e1prestar Egyptalands ger\u00f0u eins me\u00f0 fj\u00f6lkynngi sinni. <a name=\"12\"><span class=\"versanumer_2007\">12<\/span><\/a> Hver \u00feeirra kasta\u00f0i staf s\u00ednum og stafirnir ur\u00f0u a\u00f0 eitursl\u00f6ngum en stafur Arons gleypti stafi \u00feeirra. <a name=\"13\"><span class=\"versanumer_2007\">13<\/span><\/a> En hjarta fara\u00f3s var hart og hann hlusta\u00f0i ekki \u00e1 \u00fe\u00e1 eins og Drottinn haf\u00f0i sagt.<\/p>\n<h3 class=\"millifyrirsogn_2007\">Fyrsta pl\u00e1gan: Vatn breytist \u00ed bl\u00f3\u00f0<\/h3>\n<p><a name=\"14\"><span class=\"versanumer_2007\">14<\/span><\/a> Drottinn sag\u00f0i vi\u00f0 M\u00f3se: \u201eHjarta fara\u00f3s er \u00f3sveigjanlegt, hann neitar a\u00f0 sleppa f\u00f3lkinu. <a name=\"15\"><span class=\"versanumer_2007\">15<\/span><\/a> Far\u00f0u til fara\u00f3s \u00ed fyrram\u00e1li\u00f0 \u00feegar hann gengur ni\u00f0ur a\u00f0 flj\u00f3tinu. \u00de\u00fa skalt ganga til m\u00f3ts vi\u00f0 hann \u00e1 \u00e1rbakkanum og hafa stafinn, sem var\u00f0 a\u00f0 eitursl\u00f6ngu, \u00ed hendi \u00fe\u00e9r. <a name=\"16\"><span class=\"versanumer_2007\">16<\/span><\/a> \u00de\u00fa skalt segja vi\u00f0 hann: Drottinn, Gu\u00f0 Hebrea, sendi mig til \u00fe\u00edn me\u00f0 \u00feessi bo\u00f0: Leyf\u00f0u \u00fej\u00f3\u00f0 minni a\u00f0 fara svo a\u00f0 h\u00fan geti \u00fej\u00f3na\u00f0 m\u00e9r \u00fati \u00ed ey\u00f0im\u00f6rkinni. Fram til \u00feessa hefur \u00fe\u00fa ekki vilja\u00f0 hlusta \u00e1 \u00feetta. <a name=\"17\"><span class=\"versanumer_2007\">17<\/span><\/a> Svo segir Drottinn: Af \u00feessu skaltu komast a\u00f0 raun um a\u00f0 \u00e9g er Drottinn: Me\u00f0 stafnum, sem \u00e9g hef \u00ed hendi m\u00e9r, sl\u00e6 \u00e9g \u00e1 vatni\u00f0 \u00ed flj\u00f3tinu og \u00fe\u00e1 breytist \u00fea\u00f0 \u00ed bl\u00f3\u00f0. <a name=\"18\"><span class=\"versanumer_2007\">18<\/span><\/a> Fiskarnir \u00ed flj\u00f3tinu munu drepast og flj\u00f3ti\u00f0 f\u00falna svo a\u00f0 Egyptar vilja ekki drekka \u00far \u00fev\u00ed.\u201c<br \/> <a name=\"19\"><span class=\"versanumer_2007\">19<\/span><\/a> Drottinn sag\u00f0i vi\u00f0 M\u00f3se: \u201eSeg\u00f0u vi\u00f0 Aron: Taktu staf \u00feinn og r\u00e9ttu h\u00f6nd \u00fe\u00edna \u00fat yfir vatn Egypta, yfir flj\u00f3t \u00feeirra, yfir \u00e1veituskur\u00f0i \u00feeirra og yfir m\u00fdrar \u00feeirra og yfir allar vatns\u00fer\u00e6r \u00feeirra og \u00fea\u00f0 ver\u00f0ur a\u00f0 bl\u00f3\u00f0i. Bl\u00f3\u00f0 skal ver\u00f0a um allt Egyptaland, b\u00e6\u00f0i \u00ed tr\u00e9ker\u00f6ldum og steinkerum.\u201c<br \/> <a name=\"20\"><span class=\"versanumer_2007\">20<\/span><\/a> \u00deetta ger\u00f0u M\u00f3se og Aron eins og Drottinn haf\u00f0i bo\u00f0i\u00f0. Hann reiddi upp stafinn og sl\u00f3 \u00e1 vatni\u00f0 \u00ed flj\u00f3tinu fyrir augum fara\u00f3s og fyrir augum \u00fej\u00f3na hans og allt vatni\u00f0 \u00ed flj\u00f3tinu breyttist \u00ed bl\u00f3\u00f0. <a name=\"21\"><span class=\"versanumer_2007\">21<\/span><\/a> Fiskarnir \u00ed flj\u00f3tinu dr\u00e1pust og flj\u00f3ti\u00f0 f\u00falna\u00f0i svo a\u00f0 Egyptar g\u00e1tu ekki drukki\u00f0 vatni\u00f0 \u00far \u00fev\u00ed. Bl\u00f3\u00f0 var um allt Egyptaland. <a name=\"22\"><span class=\"versanumer_2007\">22<\/span><\/a> Sp\u00e1prestar Egypta ger\u00f0u \u00feetta einnig me\u00f0 fj\u00f6lkynngi sinni en hjarta fara\u00f3s var hart og hann hlusta\u00f0i ekki \u00e1 \u00fe\u00e1 eins og Drottinn haf\u00f0i sagt. <a name=\"23\"><span class=\"versanumer_2007\">23<\/span><\/a> Fara\u00f3 sneri \u00fe\u00e1 burt, h\u00e9lt heim til s\u00edn og l\u00e9t sig \u00feetta engu var\u00f0a. <a name=\"24\"><span class=\"versanumer_2007\">24<\/span><\/a> En allir Egyptar gr\u00f3fu eftir drykkjarvatni umhverfis flj\u00f3ti\u00f0 \u00fev\u00ed a\u00f0 \u00feeir g\u00e1tu ekki drukki\u00f0 vatni\u00f0 \u00far \u00fev\u00ed.<br \/> <a name=\"25\"><span class=\"versanumer_2007\">25<\/span><\/a> S\u00ed\u00f0an li\u00f0u sj\u00f6 dagar fr\u00e1 \u00fev\u00ed a\u00f0 Drottinn sl\u00f3 \u00e1 flj\u00f3ti\u00f0.<\/p>\n<h3 class=\"millifyrirsogn_2007\">\u00d6nnur pl\u00e1gan: Froskar<\/h3>\n<p><a name=\"26\"><span class=\"versanumer_2007\">26<\/span><\/a> Drottinn sag\u00f0i vi\u00f0 M\u00f3se: \u201eFar\u00f0u til fara\u00f3s og seg\u00f0u vi\u00f0 hann: Svo segir Drottinn: Leyf\u00f0u \u00fej\u00f3\u00f0 minni a\u00f0 fara svo a\u00f0 h\u00fan geti \u00fej\u00f3na\u00f0 m\u00e9r. <a name=\"27\"><span class=\"versanumer_2007\">27<\/span><\/a> Neitir \u00fe\u00fa henni um a\u00f0 fara sendi \u00e9g froska yfir land \u00feitt. <a name=\"28\"><span class=\"versanumer_2007\">28<\/span><\/a> Flj\u00f3ti\u00f0 ver\u00f0ur morandi af froskum. \u00deeir skr\u00ed\u00f0a upp \u00far \u00fev\u00ed, koma inn \u00ed h\u00fas \u00feitt, alveg inn \u00ed svefnherbergi \u00feitt og upp \u00ed r\u00fam \u00feitt, inn \u00ed h\u00fas \u00fej\u00f3na \u00feinna og \u00fej\u00f3\u00f0ar, inn \u00ed bakarofna \u00fe\u00edna og deigtrog. <a name=\"29\"><span class=\"versanumer_2007\">29<\/span><\/a> Froskarnir munu skr\u00ed\u00f0a \u00e1 \u00fe\u00e9r, \u00fej\u00f3\u00f0 \u00feinni og \u00f6llum \u00fej\u00f3num \u00fe\u00ednum.\u201c<\/p>\n","protected":false},"excerpt":{"rendered":"<p>1 \u00de\u00e1 sag\u00f0i Drottinn vi\u00f0 M\u00f3se: \u201eN\u00fa geri \u00e9g \u00feig a\u00f0 Gu\u00f0i fyrir fara\u00f3 og Aron, br\u00f3\u00f0ir \u00feinn, skal ver\u00f0a sp\u00e1ma\u00f0ur \u00feinn. 2 \u00de\u00fa \u00e1tt a\u00f0 segja allt sem \u00e9g fel \u00fe\u00e9r og Aron, br\u00f3\u00f0ir \u00feinn, \u00e1 a\u00f0 segja fara\u00f3 \u00fea\u00f0 svo a\u00f0 hann leyfi \u00cdsraelsm\u00f6nnum a\u00f0 fara \u00far landi s\u00ednu. 3 \u00c9g mun forher\u00f0a hjarta fara\u00f3s og gera m\u00f6rg t\u00e1kn og st\u00f3rmerki \u00ed Egyptalandi. 4 Fara\u00f3 mun ekki hlusta \u00e1 ykkur, \u00feess vegna mun \u00e9g leggja h\u00f6nd m\u00edna \u00e1 Egyptaland og lei\u00f0a hersveitir m\u00ednar, \u00fej\u00f3\u00f0 m\u00edna, \u00cdsraelsmenn, \u00fat \u00far Egyptalandi me\u00f0 \u00feungum refsid\u00f3mum. 5 \u00deegar \u00e9g r\u00e9tti \u00fat h\u00f6nd <a href=\"https:\/\/biblian.is\/biblian\/onnur-mosebok-7-kafli\/\"> [&#8230;]<\/a><\/p>\n","protected":false},"author":1,"featured_media":0,"parent":0,"menu_order":0,"comment_status":"open","ping_status":"open","template":"bibliukaflar_NT.php","meta":{"footnotes":""},"class_list":["post-1674","page","type-page","status-publish","hentry"],"_links":{"self":[{"href":"https:\/\/biblian.is\/biblian\/wp-json\/wp\/v2\/pages\/1674","targetHints":{"allow":["GET"]}}],"collection":[{"href":"https:\/\/biblian.is\/biblian\/wp-json\/wp\/v2\/pages"}],"about":[{"href":"https:\/\/biblian.is\/biblian\/wp-json\/wp\/v2\/types\/page"}],"author":[{"embeddable":true,"href":"https:\/\/biblian.is\/biblian\/wp-json\/wp\/v2\/users\/1"}],"replies":[{"embeddable":true,"href":"https:\/\/biblian.is\/biblian\/wp-json\/wp\/v2\/comments?post=1674"}],"version-history":[{"count":0,"href":"https:\/\/biblian.is\/biblian\/wp-json\/wp\/v2\/pages\/1674\/revisions"}],"wp:attachment":[{"href":"https:\/\/biblian.is\/biblian\/wp-json\/wp\/v2\/media?parent=1674"}],"curies":[{"name":"wp","href":"https:\/\/api.w.org\/{rel}","templated":true}]}}