{"id":1673,"date":"2017-12-30T20:59:55","date_gmt":"2017-12-30T20:59:55","guid":{"rendered":"http:\/\/biblian.is\/biblian\/%c2%85nnur-m%c2%97seb%c2%97k-6-kafli\/"},"modified":"2023-05-01T16:21:37","modified_gmt":"2023-05-01T16:21:37","slug":"onnur-mosebok-6-kafli","status":"publish","type":"page","link":"https:\/\/biblian.is\/biblian\/onnur-mosebok-6-kafli\/","title":{"rendered":"\u00d6nnur M\u00f3seb\u00f3k 6. kafli"},"content":{"rendered":"<p><a name=\"1\"><span class=\"versanumer_2007\">1<\/span><\/a> En Drottinn svara\u00f0i M\u00f3se: \u201eN\u00fa f\u00e6r\u00f0u a\u00f0 sj\u00e1 hva\u00f0 \u00e9g \u00e6tla a\u00f0 gera fara\u00f3 \u00fev\u00ed a\u00f0 neyddur af m\u00e1ttugri hendi l\u00e6tur hann \u00fe\u00e1 lausa, neyddur af m\u00e1ttugri hendi rekur hann \u00fe\u00e1 \u00far landi s\u00ednu.\u201c<\/p>\n<h3 class=\"millifyrirsogn_2007\">\u00d6nnur fr\u00e1s\u00f6gn af k\u00f6llun M\u00f3se<\/h3>\n<p><a name=\"2\"><span class=\"versanumer_2007\">2<\/span><\/a> Gu\u00f0 \u00e1varpa\u00f0i M\u00f3se og sag\u00f0i vi\u00f0 hann: \u201e\u00c9g er Drottinn. <a name=\"3\"><span class=\"versanumer_2007\">3<\/span><\/a> \u00c9g birtist Abraham, \u00cdsak og Jakobi sem alm\u00e1ttugur Gu\u00f0 <span class=\"nedan_mal\" title=\" \u201eEl sjaddaj\u201c \u00e1 hebresku. Merking \u00feess er \u00f3lj\u00f3s, e.t. v. \u201eGu\u00f0 fjallsins\u201c.\">[<\/span> en undir nafninu Drottinn <span class=\"nedan_mal\" title=\" \u00c1 hebresku: Jahve.\">[<\/span> opinbera\u00f0i \u00e9g mig ekki. <a name=\"4\"><span class=\"versanumer_2007\">4<\/span><\/a> \u00c9g ger\u00f0i einnig vi\u00f0 \u00fe\u00e1 \u00feann s\u00e1ttm\u00e1la a\u00f0 gefa \u00feeim Kanaansland, landi\u00f0 sem \u00feeir dv\u00f6ldust \u00ed sem a\u00f0komumenn. <a name=\"5\"><span class=\"versanumer_2007\">5<\/span><\/a> \u00c9g heyr\u00f0i kvein \u00cdsraelsmanna sem Egyptar ger\u00f0u a\u00f0 \u00fer\u00e6lum og minntist s\u00e1ttm\u00e1la m\u00edns. <a name=\"6\"><span class=\"versanumer_2007\">6<\/span><\/a> Seg\u00f0u \u00fev\u00ed vi\u00f0 \u00cdsraelsmenn: \u00c9g er Drottinn. \u00c9g \u00e6tla a\u00f0 lei\u00f0a ykkur \u00far kva\u00f0avinnunni hj\u00e1 Egyptum og bjarga ykkur \u00far \u00fer\u00e6ld\u00f3mnum. \u00c9g \u00e6tla a\u00f0 frelsa ykkur me\u00f0 \u00fatr\u00e9ttum armi og \u00feungum refsid\u00f3mum. <a name=\"7\"><span class=\"versanumer_2007\">7<\/span><\/a> \u00c9g \u00e6tla a\u00f0 taka ykkur a\u00f0 m\u00e9r sem \u00fej\u00f3\u00f0 og ver\u00f0a Gu\u00f0 ykkar. \u00dei\u00f0 munu\u00f0 komast a\u00f0 raun um a\u00f0 \u00e9g er Drottinn, Gu\u00f0 ykkar, sem lei\u00f0ir ykkur \u00far \u00e1nau\u00f0 Egypta. <a name=\"8\"><span class=\"versanumer_2007\">8<\/span><\/a> \u00c9g \u00e6tla a\u00f0 lei\u00f0a ykkur til landsins sem \u00e9g s\u00f3r a\u00f0 gefa Abraham, \u00cdsak og Jakobi. \u00c9g \u00e6tla a\u00f0 f\u00e1 ykkur \u00fea\u00f0 til eignar, \u00e9g, Drottinn.\u201c<br \/> <a name=\"9\"><span class=\"versanumer_2007\">9<\/span><\/a> M\u00f3se sag\u00f0i \u00cdsraelsm\u00f6nnum fr\u00e1 \u00feessu en \u00feeir hlustu\u00f0u ekki \u00e1 hann af \u00fev\u00ed a\u00f0 \u00feeir voru kjarklausir og buga\u00f0ir af \u00fer\u00e6ld\u00f3mi. <a name=\"10\"><span class=\"versanumer_2007\">10<\/span><\/a> \u00de\u00e1 \u00e1varpa\u00f0i Drottinn M\u00f3se og sag\u00f0i: <a name=\"11\"><span class=\"versanumer_2007\">11<\/span><\/a> \u201eFar\u00f0u og seg\u00f0u fara\u00f3, Egyptalandskonungi, a\u00f0 hann eigi a\u00f0 sleppa \u00cdsraelsm\u00f6nnum \u00far landi s\u00ednu.\u201c <a name=\"12\"><span class=\"versanumer_2007\">12<\/span><\/a> M\u00f3se tala\u00f0i fyrir augliti Drottins og sag\u00f0i: \u201e\u00cdsraelsmenn hlustu\u00f0u ekki \u00e1 mig, hvers vegna \u00e6tti fara\u00f3 a\u00f0 hlusta \u00e1 mig svo m\u00e1lstir\u00f0ur sem \u00e9g er?\u201c <span class=\"nedan_mal\" title=\" Or\u00f0r\u00e9tt: \u00e9g hef \u00f3umskornar varir.\">[<\/span> <a name=\"13\"><span class=\"versanumer_2007\">13<\/span><\/a> \u00de\u00e1 tala\u00f0i Drottinn vi\u00f0 M\u00f3se og Aron og gaf \u00feeim fyrirm\u00e6li um a\u00f0 fara til \u00cdsraelsmanna og fara\u00f3s, Egyptalandskonungs, til a\u00f0 \u00cdsraelsmenn yr\u00f0u leiddir \u00fat \u00far Egyptalandi.<\/p>\n<h3 class=\"millifyrirsogn_2007\">\u00c6ttartala M\u00f3se og Arons<\/h3>\n<p><a name=\"14\"><span class=\"versanumer_2007\">14<\/span><\/a> \u00deessir eru \u00e6ttarh\u00f6f\u00f0ingjar: Synir R\u00fabens, frumbur\u00f0ar \u00cdsraels, voru Hanok, Pall\u00fa, Hesr\u00f3n og Karm\u00ed; \u00feetta eru \u00e6ttir R\u00fabens.<br \/><a name=\"15\"><span class=\"versanumer_2007\">15<\/span><\/a> Synir S\u00edmeons voru Jem\u00fael, Jam\u00edn, \u00d3had, Jak\u00edn, S\u00f3har og S\u00e1l sem var sonur kanverskrar konu; \u00feetta eru \u00e6ttir S\u00edmeons.<br \/><a name=\"16\"><span class=\"versanumer_2007\">16<\/span><\/a> \u00deetta eru n\u00f6fn sona Lev\u00ed samkv\u00e6mt \u00e6ttart\u00f6lum \u00feeirra: Gerson, Kahat og Merar\u00ed. Lev\u00ed var\u00f0 hundra\u00f0 \u00ferj\u00e1t\u00edu og sj\u00f6 \u00e1ra.<br \/> <a name=\"17\"><span class=\"versanumer_2007\">17<\/span><\/a> Synir Gersons voru L\u00edbn\u00ed og S\u00edme\u00ed eftir \u00e6ttum \u00feeirra. <a name=\"18\"><span class=\"versanumer_2007\">18<\/span><\/a> Synir Kahats voru Amram, J\u00edsehar, Hebron og \u00dass\u00edel. Kahat var\u00f0 hundra\u00f0 \u00ferj\u00e1t\u00edu og \u00feriggja \u00e1ra.<br \/> <a name=\"19\"><span class=\"versanumer_2007\">19<\/span><\/a> Synir Merar\u00ed voru Mahel\u00ed og M\u00fas\u00ed. \u00deetta eru \u00e6ttir Lev\u00ed eftir \u00e6ttart\u00f6lum \u00feeirra.<br \/> <a name=\"20\"><span class=\"versanumer_2007\">20<\/span><\/a> Amram t\u00f3k s\u00e9r J\u00f3kebed, f\u00f6\u00f0ursystur s\u00edna, fyrir eiginkonu. H\u00fan \u00f3l honum Aron og M\u00f3se. Amram var\u00f0 hundra\u00f0 \u00ferj\u00e1t\u00edu og sj\u00f6 \u00e1ra. <a name=\"21\"><span class=\"versanumer_2007\">21<\/span><\/a> Synir J\u00edsehars voru K\u00f3ra, Nefeg og S\u00edkr\u00ed. <a name=\"22\"><span class=\"versanumer_2007\">22<\/span><\/a> Synir \u00dass\u00edels voru M\u00edsael, Elsafan og S\u00edkr\u00ed.<br \/> <a name=\"23\"><span class=\"versanumer_2007\">23<\/span><\/a> Aron t\u00f3k s\u00e9r El\u00edsebu, d\u00f3ttur Amm\u00ednadabs, systur Nahsons, fyrir eiginkonu. H\u00fan \u00f3l honum Nadab, Ab\u00edh\u00fa, Eleasar og \u00cdtamar. <a name=\"24\"><span class=\"versanumer_2007\">24<\/span><\/a> Synir K\u00f3ra voru Ass\u00edr, Elkana og Ab\u00edasaf. \u00deetta eru \u00e6ttir K\u00f3ra\u00edta.<br \/> <a name=\"25\"><span class=\"versanumer_2007\">25<\/span><\/a> Eleasar, sonur Arons, t\u00f3k s\u00e9r eina af d\u00e6trum P\u00fat\u00edels fyrir eiginkonu. H\u00fan \u00f3l honum P\u00ednehas.<br \/>\u00deetta eru \u00e6ttarh\u00f6f\u00f0ingjar Lev\u00edta eftir \u00e6ttum \u00feeirra.<\/p>\n<h3 class=\"millifyrirsogn_2007\">Aron sp\u00e1ma\u00f0ur M\u00f3se<\/h3>\n<p><a name=\"26\"><span class=\"versanumer_2007\">26<\/span><\/a> \u00dea\u00f0 voru Aron og M\u00f3se sem Drottinn sag\u00f0i vi\u00f0: \u201eLei\u00f0i\u00f0 \u00cdsraelsmenn \u00fat \u00far Egyptalandi fylktu li\u00f0i.\u201c <a name=\"27\"><span class=\"versanumer_2007\">27<\/span><\/a> \u00dea\u00f0 voru \u00feeir sem t\u00f6lu\u00f0u vi\u00f0 fara\u00f3, Egyptalandskonung, um a\u00f0 lei\u00f0a \u00cdsraelsmenn \u00fat \u00far Egyptalandi; \u00fea\u00f0 voru \u00feeir M\u00f3se og Aron.<br \/><a name=\"28\"><span class=\"versanumer_2007\">28<\/span><\/a> \u00deegar Drottinn \u00e1varpa\u00f0i M\u00f3se \u00ed Egyptalandi <a name=\"29\"><span class=\"versanumer_2007\">29<\/span><\/a> sag\u00f0i hann: \u201e\u00c9g er Drottinn. Seg\u00f0u fara\u00f3, Egyptalandskonungi, allt sem \u00e9g segi vi\u00f0 \u00feig.\u201c <a name=\"30\"><span class=\"versanumer_2007\">30<\/span><\/a> M\u00f3se svara\u00f0i frammi fyrir augliti Drottins: \u201e\u00c9g er ma\u00f0ur m\u00e1lstir\u00f0ur. Hvers vegna \u00e6tti fara\u00f3 a\u00f0 hlusta \u00e1 mig?\u201c<\/p>\n","protected":false},"excerpt":{"rendered":"<p>1 En Drottinn svara\u00f0i M\u00f3se: \u201eN\u00fa f\u00e6r\u00f0u a\u00f0 sj\u00e1 hva\u00f0 \u00e9g \u00e6tla a\u00f0 gera fara\u00f3 \u00fev\u00ed a\u00f0 neyddur af m\u00e1ttugri hendi l\u00e6tur hann \u00fe\u00e1 lausa, neyddur af m\u00e1ttugri hendi rekur hann \u00fe\u00e1 \u00far landi s\u00ednu.\u201c \u00d6nnur fr\u00e1s\u00f6gn af k\u00f6llun M\u00f3se 2 Gu\u00f0 \u00e1varpa\u00f0i M\u00f3se og sag\u00f0i vi\u00f0 hann: \u201e\u00c9g er Drottinn. 3 \u00c9g birtist Abraham, \u00cdsak og Jakobi sem alm\u00e1ttugur Gu\u00f0 [ en undir nafninu Drottinn [ opinbera\u00f0i \u00e9g mig ekki. 4 \u00c9g ger\u00f0i einnig vi\u00f0 \u00fe\u00e1 \u00feann s\u00e1ttm\u00e1la a\u00f0 gefa \u00feeim Kanaansland, landi\u00f0 sem \u00feeir dv\u00f6ldust \u00ed sem a\u00f0komumenn. 5 \u00c9g heyr\u00f0i kvein \u00cdsraelsmanna sem Egyptar ger\u00f0u a\u00f0 \u00fer\u00e6lum <a href=\"https:\/\/biblian.is\/biblian\/onnur-mosebok-6-kafli\/\"> [&#8230;]<\/a><\/p>\n","protected":false},"author":1,"featured_media":0,"parent":0,"menu_order":0,"comment_status":"open","ping_status":"open","template":"bibliukaflar_NT.php","meta":{"footnotes":""},"class_list":["post-1673","page","type-page","status-publish","hentry"],"_links":{"self":[{"href":"https:\/\/biblian.is\/biblian\/wp-json\/wp\/v2\/pages\/1673","targetHints":{"allow":["GET"]}}],"collection":[{"href":"https:\/\/biblian.is\/biblian\/wp-json\/wp\/v2\/pages"}],"about":[{"href":"https:\/\/biblian.is\/biblian\/wp-json\/wp\/v2\/types\/page"}],"author":[{"embeddable":true,"href":"https:\/\/biblian.is\/biblian\/wp-json\/wp\/v2\/users\/1"}],"replies":[{"embeddable":true,"href":"https:\/\/biblian.is\/biblian\/wp-json\/wp\/v2\/comments?post=1673"}],"version-history":[{"count":0,"href":"https:\/\/biblian.is\/biblian\/wp-json\/wp\/v2\/pages\/1673\/revisions"}],"wp:attachment":[{"href":"https:\/\/biblian.is\/biblian\/wp-json\/wp\/v2\/media?parent=1673"}],"curies":[{"name":"wp","href":"https:\/\/api.w.org\/{rel}","templated":true}]}}