{"id":1672,"date":"2017-12-30T20:59:55","date_gmt":"2017-12-30T20:59:55","guid":{"rendered":"http:\/\/biblian.is\/biblian\/%c2%85nnur-m%c2%97seb%c2%97k-5-kafli\/"},"modified":"2023-05-01T16:21:36","modified_gmt":"2023-05-01T16:21:36","slug":"onnur-mosebok-5-kafli","status":"publish","type":"page","link":"https:\/\/biblian.is\/biblian\/onnur-mosebok-5-kafli\/","title":{"rendered":"\u00d6nnur M\u00f3seb\u00f3k 5. kafli"},"content":{"rendered":"<h3 class=\"millifyrirsogn_2007\"> M\u00f3se og Aron hj\u00e1 fara\u00f3<\/h3>\n<p><a name=\"1\"><span class=\"versanumer_2007\">1<\/span><\/a> Eftir \u00feetta gengu M\u00f3se og Aron \u00e1 fund fara\u00f3s og s\u00f6g\u00f0u: \u201eSvo segir Drottinn, Gu\u00f0 \u00cdsraels: Leyf\u00f0u \u00fej\u00f3\u00f0 minni a\u00f0 fara svo a\u00f0 h\u00fan geti haldi\u00f0 m\u00e9r h\u00e1t\u00ed\u00f0 \u00ed ey\u00f0im\u00f6rkinni.\u201c <a name=\"2\"><span class=\"versanumer_2007\">2<\/span><\/a> Fara\u00f3 spur\u00f0i: \u201eHver er Drottinn sem \u00e9g \u00e1 a\u00f0 hl\u00fd\u00f0a me\u00f0 \u00fev\u00ed a\u00f0 leyfa \u00cdsrael a\u00f0 fara? \u00c9g \u00feekki ekki Drottin og \u00e9g leyfi \u00cdsraelsm\u00f6nnum ekki a\u00f0 fara.\u201c <a name=\"3\"><span class=\"versanumer_2007\">3<\/span><\/a> En \u00feeir sv\u00f6ru\u00f0u: \u201eGu\u00f0 Hebrea birtist okkur. Vi\u00f0 viljum fara \u00ferj\u00e1r daglei\u00f0ir inn \u00ed ey\u00f0im\u00f6rkina og f\u00e6ra Drottni, Gu\u00f0i okkar, sl\u00e1turf\u00f3rnir svo a\u00f0 hann l\u00e1ti hvorki dreps\u00f3tt n\u00e9 sver\u00f0 koma yfir okkur.\u201c <a name=\"4\"><span class=\"versanumer_2007\">4<\/span><\/a> \u00de\u00e1 sag\u00f0i Egyptalandskonungur vi\u00f0 \u00fe\u00e1: \u201eHvers vegna vilji\u00f0 \u00fei\u00f0, M\u00f3se og Aron, taka f\u00f3lki\u00f0 \u00far vinnunni? Fari\u00f0 til erfi\u00f0is ykkar.\u201c <a name=\"5\"><span class=\"versanumer_2007\">5<\/span><\/a> Fara\u00f3 sag\u00f0i enn fremur: \u201eN\u00fa, \u00feegar \u00feetta f\u00f3lk er or\u00f0i\u00f0 fleira en \u00edb\u00faar landsins, vilji\u00f0 \u00fei\u00f0 l\u00e1ta \u00fea\u00f0 h\u00e6tta kva\u00f0avinnunni.\u201c <a name=\"6\"><span class=\"versanumer_2007\">6<\/span><\/a> Sama dag gaf fara\u00f3 verkstj\u00f3rum f\u00f3lksins og eftirlitsm\u00f6nnum \u00feessa skipun: <a name=\"7\"><span class=\"versanumer_2007\">7<\/span><\/a> \u201eFramvegis megi\u00f0 \u00fei\u00f0 ekki f\u00e1 f\u00f3lkinu h\u00e1lm til t\u00edgulsteinager\u00f0ar eins og hinga\u00f0 til. \u00dea\u00f0 \u00e1 sj\u00e1lft a\u00f0 ganga um og safna saman h\u00e1lmi. <a name=\"8\"><span class=\"versanumer_2007\">8<\/span><\/a> En \u00fei\u00f0 eigi\u00f0 a\u00f0 setja \u00fev\u00ed fyrir a\u00f0 gera jafnmarga t\u00edgulsteina og hinga\u00f0 til. Gefi\u00f0 \u00fev\u00ed ekkert eftir. F\u00f3lki\u00f0 er latt, \u00feess vegna hr\u00f3par \u00fea\u00f0: Vi\u00f0 viljum fara og f\u00e6ra Gu\u00f0i okkar sl\u00e1turf\u00f3rnir. <a name=\"9\"><span class=\"versanumer_2007\">9<\/span><\/a> Erfi\u00f0i\u00f0 \u00e1 a\u00f0 hv\u00edla \u00feungt \u00e1 m\u00f6nnunum svo a\u00f0 \u00feeir hugsi um \u00fea\u00f0 en hlusti ekki \u00e1 lygar.\u201c<br \/> <a name=\"10\"><span class=\"versanumer_2007\">10<\/span><\/a> \u00de\u00e1 gengu verkstj\u00f3rar f\u00f3lksins og eftirlitsmenn \u00fat og s\u00f6g\u00f0u vi\u00f0 f\u00f3lki\u00f0: \u201eSvo segir fara\u00f3: \u00c9g f\u00e6 ykkur engan h\u00e1lm. <a name=\"11\"><span class=\"versanumer_2007\">11<\/span><\/a> Fari\u00f0 og s\u00e6ki\u00f0 ykkur h\u00e1lm \u00fear sem \u00fei\u00f0 geti\u00f0 fundi\u00f0 hann. Samt ver\u00f0i\u00f0 \u00fei\u00f0 krafin um s\u00f6mu afk\u00f6st.\u201c<br \/> <a name=\"12\"><span class=\"versanumer_2007\">12<\/span><\/a> F\u00f3lki\u00f0 dreif\u00f0i s\u00e9r \u00fe\u00e1 um allt Egyptaland til \u00feess a\u00f0 safna h\u00e1lmi. <a name=\"13\"><span class=\"versanumer_2007\">13<\/span><\/a> Verkstj\u00f3rarnir r\u00e1ku \u00e1 eftir \u00fev\u00ed og s\u00f6g\u00f0u: \u201eAfk\u00f6stin skulu vera hin s\u00f6mu \u00e1 hverjum degi eins og hinga\u00f0 til \u00e1 me\u00f0an \u00fei\u00f0 fengu\u00f0 h\u00e1lminn.\u201c <a name=\"14\"><span class=\"versanumer_2007\">14<\/span><\/a> Eftirlitsmenn \u00cdsraelsmanna, sem verkstj\u00f3rar fara\u00f3s h\u00f6f\u00f0u sett yfir \u00fe\u00e1, voru bar\u00f0ir og sagt var vi\u00f0 \u00fe\u00e1: \u201eHvers vegna hafi\u00f0 \u00fei\u00f0 hvorki \u00ed g\u00e6r n\u00e9 \u00ed dag skila\u00f0 jafnm\u00f6rgum t\u00edgulsteinum og \u00e1\u00f0ur?\u201c <a name=\"15\"><span class=\"versanumer_2007\">15<\/span><\/a> Eftirlitsmenn \u00cdsraelsmanna gengu fyrir fara\u00f3, b\u00e1ru sig upp vi\u00f0 hann og s\u00f6g\u00f0u: \u201eHvers vegna fer\u00f0u svona me\u00f0 \u00fer\u00e6la \u00fe\u00edna? <a name=\"16\"><span class=\"versanumer_2007\">16<\/span><\/a> \u00der\u00e6lum \u00fe\u00ednum er ekki lengur fenginn h\u00e1lmur en samt er heimta\u00f0 af okkur: B\u00fai\u00f0 til t\u00edgulsteina. Auk \u00feess eru \u00fer\u00e6lar \u00fe\u00ednir bar\u00f0ir og \u00fe\u00ednir menn eiga s\u00f6k \u00e1 \u00fev\u00ed.\u201c <a name=\"17\"><span class=\"versanumer_2007\">17<\/span><\/a> Hann svara\u00f0i: \u201e\u00dei\u00f0 eru\u00f0 latir og nenni\u00f0 engu. \u00deess vegna segi\u00f0 \u00fei\u00f0: Vi\u00f0 viljum fara til a\u00f0 f\u00e6ra Drottni sl\u00e1turf\u00f3rn. <a name=\"18\"><span class=\"versanumer_2007\">18<\/span><\/a> Fari\u00f0 n\u00fa til starfa. \u00dei\u00f0 f\u00e1i\u00f0 engan h\u00e1lm en samt ver\u00f0i\u00f0 \u00fei\u00f0 a\u00f0 skila hinum \u00e1kve\u00f0na fj\u00f6lda t\u00edgulsteina.\u201c <a name=\"19\"><span class=\"versanumer_2007\">19<\/span><\/a> N\u00fa s\u00e1u eftirlitsmenn \u00cdsraels a\u00f0 illa var komi\u00f0 fyrir \u00feeim af \u00fev\u00ed a\u00f0 sagt var vi\u00f0 \u00fe\u00e1: \u201eEkkert er ykkur gefi\u00f0 eftir af daglegum afk\u00f6stum vi\u00f0 t\u00edgulsteinager\u00f0ina.\u201c<br \/> <a name=\"20\"><span class=\"versanumer_2007\">20<\/span><\/a> \u00deegar \u00feeir komu \u00fat fr\u00e1 fara\u00f3 r\u00e1kust \u00feeir \u00e1 M\u00f3se og Aron sem st\u00f3\u00f0u og bi\u00f0u eftir \u00feeim. <a name=\"21\"><span class=\"versanumer_2007\">21<\/span><\/a> Eftirlitsmennirnir s\u00f6g\u00f0u vi\u00f0 \u00fe\u00e1: \u201eDrottinn \u00e6tti a\u00f0 birtast ykkur og d\u00e6ma ykkur \u00fev\u00ed a\u00f0 \u00fei\u00f0 hafi\u00f0 gert okkur illa \u00feokka\u00f0a \u00ed augum fara\u00f3s og \u00fej\u00f3na hans og fengi\u00f0 \u00feeim sver\u00f0 \u00ed hendur til a\u00f0 drepa okkur.\u201c<br \/> <a name=\"22\"><span class=\"versanumer_2007\">22<\/span><\/a> \u00de\u00e1 sneri M\u00f3se s\u00e9r til Drottins og sag\u00f0i: \u201eDrottinn, hvers vegna leikur\u00f0u \u00feetta f\u00f3lk svona gr\u00e1tt? Hvers vegna hefur \u00fe\u00fa sent mig? <a name=\"23\"><span class=\"versanumer_2007\">23<\/span><\/a> Fr\u00e1 \u00fev\u00ed a\u00f0 \u00e9g f\u00f3r a\u00f0 ganga fyrir fara\u00f3 til a\u00f0 tala \u00ed \u00fe\u00ednu nafni hefur hann fari\u00f0 illa me\u00f0 \u00feetta f\u00f3lk og \u00fe\u00fa hefur alls ekki bjarga\u00f0 l\u00fd\u00f0 \u00fe\u00ednum.\u201c<\/p>\n","protected":false},"excerpt":{"rendered":"<p>M\u00f3se og Aron hj\u00e1 fara\u00f3 1 Eftir \u00feetta gengu M\u00f3se og Aron \u00e1 fund fara\u00f3s og s\u00f6g\u00f0u: \u201eSvo segir Drottinn, Gu\u00f0 \u00cdsraels: Leyf\u00f0u \u00fej\u00f3\u00f0 minni a\u00f0 fara svo a\u00f0 h\u00fan geti haldi\u00f0 m\u00e9r h\u00e1t\u00ed\u00f0 \u00ed ey\u00f0im\u00f6rkinni.\u201c 2 Fara\u00f3 spur\u00f0i: \u201eHver er Drottinn sem \u00e9g \u00e1 a\u00f0 hl\u00fd\u00f0a me\u00f0 \u00fev\u00ed a\u00f0 leyfa \u00cdsrael a\u00f0 fara? \u00c9g \u00feekki ekki Drottin og \u00e9g leyfi \u00cdsraelsm\u00f6nnum ekki a\u00f0 fara.\u201c 3 En \u00feeir sv\u00f6ru\u00f0u: \u201eGu\u00f0 Hebrea birtist okkur. Vi\u00f0 viljum fara \u00ferj\u00e1r daglei\u00f0ir inn \u00ed ey\u00f0im\u00f6rkina og f\u00e6ra Drottni, Gu\u00f0i okkar, sl\u00e1turf\u00f3rnir svo a\u00f0 hann l\u00e1ti hvorki dreps\u00f3tt n\u00e9 sver\u00f0 koma yfir okkur.\u201c 4 \u00de\u00e1 <a href=\"https:\/\/biblian.is\/biblian\/onnur-mosebok-5-kafli\/\"> [&#8230;]<\/a><\/p>\n","protected":false},"author":1,"featured_media":0,"parent":0,"menu_order":0,"comment_status":"open","ping_status":"open","template":"bibliukaflar_NT.php","meta":{"footnotes":""},"class_list":["post-1672","page","type-page","status-publish","hentry"],"_links":{"self":[{"href":"https:\/\/biblian.is\/biblian\/wp-json\/wp\/v2\/pages\/1672","targetHints":{"allow":["GET"]}}],"collection":[{"href":"https:\/\/biblian.is\/biblian\/wp-json\/wp\/v2\/pages"}],"about":[{"href":"https:\/\/biblian.is\/biblian\/wp-json\/wp\/v2\/types\/page"}],"author":[{"embeddable":true,"href":"https:\/\/biblian.is\/biblian\/wp-json\/wp\/v2\/users\/1"}],"replies":[{"embeddable":true,"href":"https:\/\/biblian.is\/biblian\/wp-json\/wp\/v2\/comments?post=1672"}],"version-history":[{"count":0,"href":"https:\/\/biblian.is\/biblian\/wp-json\/wp\/v2\/pages\/1672\/revisions"}],"wp:attachment":[{"href":"https:\/\/biblian.is\/biblian\/wp-json\/wp\/v2\/media?parent=1672"}],"curies":[{"name":"wp","href":"https:\/\/api.w.org\/{rel}","templated":true}]}}