{"id":1671,"date":"2017-12-30T20:59:55","date_gmt":"2017-12-30T20:59:55","guid":{"rendered":"http:\/\/biblian.is\/biblian\/%c2%85nnur-m%c2%97seb%c2%97k-4-kafli\/"},"modified":"2023-05-01T16:21:35","modified_gmt":"2023-05-01T16:21:35","slug":"onnur-mosebok-4-kafli","status":"publish","type":"page","link":"https:\/\/biblian.is\/biblian\/onnur-mosebok-4-kafli\/","title":{"rendered":"\u00d6nnur M\u00f3seb\u00f3k 4. kafli"},"content":{"rendered":"<p><a name=\"1\"><span class=\"versanumer_2007\">1<\/span><\/a> M\u00f3se svara\u00f0i og sag\u00f0i: \u201eEn ef \u00feeir tr\u00faa m\u00e9r ekki og hlusta ekki \u00e1 mig, heldur segja: Drottinn hefur ekki birst \u00fe\u00e9r.\u201c <a name=\"2\"><span class=\"versanumer_2007\">2<\/span><\/a> \u00de\u00e1 sag\u00f0i Drottinn: \u201eHva\u00f0 ertu me\u00f0 \u00ed hendinni?\u201c \u201eStaf,\u201c svara\u00f0i hann. <a name=\"3\"><span class=\"versanumer_2007\">3<\/span><\/a> \u00de\u00e1 sag\u00f0i Drottinn: \u201eVarpa\u00f0u honum til jar\u00f0ar.\u201c M\u00f3se varpa\u00f0i stafnum til jar\u00f0ar og var\u00f0 hann a\u00f0 eitursl\u00f6ngu og M\u00f3se h\u00f6rfa\u00f0i undan henni. <a name=\"4\"><span class=\"versanumer_2007\">4<\/span><\/a> \u00de\u00e1 sag\u00f0i Drottinn vi\u00f0 M\u00f3se: \u201eR\u00e9ttu \u00fat h\u00f6ndina og gr\u00edptu um halann \u00e1 henni.\u201c Hann r\u00e9tti \u00fat h\u00f6ndina, t\u00f3k um hann og var\u00f0 h\u00fan \u00fe\u00e1 aftur a\u00f0 staf \u00ed hendi hans. <a name=\"5\"><span class=\"versanumer_2007\">5<\/span><\/a> \u201e\u00deetta ver\u00f0ur til \u00feess a\u00f0 \u00feeir geti tr\u00faa\u00f0 \u00fev\u00ed a\u00f0 Drottinn, Gu\u00f0 fe\u00f0ra \u00feeirra, Gu\u00f0 Abrahams, Gu\u00f0 \u00cdsaks og Gu\u00f0 Jakobs, hafi birst \u00fe\u00e9r.\u201c <a name=\"6\"><span class=\"versanumer_2007\">6<\/span><\/a> Enn fremur sag\u00f0i Drottinn vi\u00f0 hann: \u201eStingdu hendinni \u00ed barm \u00fe\u00e9r.\u201c M\u00f3se stakk hendinni \u00ed barm s\u00e9r en \u00feegar hann dr\u00f3 hana aftur \u00fat var h\u00f6nd hans hv\u00edt sem snj\u00f3r af holdsveiki. <a name=\"7\"><span class=\"versanumer_2007\">7<\/span><\/a> \u00de\u00e1 sag\u00f0i Drottinn: \u201eStingdu hendinni aftur \u00ed barm \u00fe\u00e9r.\u201c Hann stakk hendinni \u00ed barm s\u00e9r en \u00feegar hann dr\u00f3 hana til s\u00edn var h\u00fan aftur or\u00f0in eins og anna\u00f0 h\u00f6rund hans. <a name=\"8\"><span class=\"versanumer_2007\">8<\/span><\/a> \u201eEf \u00feeir tr\u00faa \u00fe\u00e9r hvorki n\u00e9 l\u00e1ta sannf\u00e6rast af fyrra jarteikninu munu \u00feeir l\u00e1ta sannf\u00e6rast af hinu s\u00ed\u00f0ara. <a name=\"9\"><span class=\"versanumer_2007\">9<\/span><\/a> En fari svo a\u00f0 \u00feeir tr\u00fai hvorki \u00feessum tveimur jarteiknum n\u00e9 hlusti \u00e1 \u00feig skaltu s\u00e6kja vatn \u00ed N\u00edl og ausa \u00fev\u00ed \u00e1 \u00feurrt land. \u00de\u00e1 ver\u00f0ur vatni\u00f0, sem \u00fe\u00fa s\u00f3ttir \u00ed \u00e1na, a\u00f0 bl\u00f3\u00f0i.\u201c<br \/> <a name=\"10\"><span class=\"versanumer_2007\">10<\/span><\/a> \u00de\u00e1 sag\u00f0i M\u00f3se vi\u00f0 Drottin: \u201e\u00c6, Drottinn, \u00e9g hef aldrei m\u00e1lsnjall veri\u00f0, hvorki \u00e1\u00f0ur fyrr n\u00e9 n\u00fa eftir a\u00f0 \u00fe\u00fa f\u00f3rst a\u00f0 tala vi\u00f0 mig, \u00fej\u00f3n \u00feinn. M\u00e9r er tregt um m\u00e1l og tungutak.\u201c <a name=\"11\"><span class=\"versanumer_2007\">11<\/span><\/a> Drottinn svara\u00f0i honum: \u201eHver gefur manninum munn, hver gerir hann m\u00e1llausan e\u00f0a heyrnarlausan, sj\u00e1andi e\u00f0a blindan? Er \u00fea\u00f0 ekki \u00e9g, Drottinn? <a name=\"12\"><span class=\"versanumer_2007\">12<\/span><\/a> En far\u00f0u n\u00fa. \u00c9g ver\u00f0 me\u00f0 munni \u00fe\u00ednum og kenni \u00fe\u00e9r hva\u00f0 \u00fe\u00fa \u00e1tt a\u00f0 segja.\u201c <a name=\"13\"><span class=\"versanumer_2007\">13<\/span><\/a> M\u00f3se sag\u00f0i: \u201e\u00c6, Drottinn, sendu einhvern annan.\u201c <a name=\"14\"><span class=\"versanumer_2007\">14<\/span><\/a> \u00de\u00e1 reiddist Drottinn M\u00f3se og sag\u00f0i: \u201eEr ekki Lev\u00edtinn, Aron, br\u00f3\u00f0ir \u00feinn? \u00c9g veit a\u00f0 hann er vel m\u00e1li farinn. Hann er meira a\u00f0 segja \u00ed \u00feann veginn a\u00f0 halda af sta\u00f0 til m\u00f3ts vi\u00f0 \u00feig og hann mun gle\u00f0jast af heilum hug \u00feegar hann s\u00e9r \u00feig. <a name=\"15\"><span class=\"versanumer_2007\">15<\/span><\/a> \u00de\u00fa skalt tala til hans og leggja honum or\u00f0 \u00ed munn en \u00e9g ver\u00f0 sj\u00e1lfur me\u00f0 munni \u00fe\u00ednum og munni hans og \u00e9g mun kenna ykkur hva\u00f0 \u00fei\u00f0 skulu\u00f0 gera. <a name=\"16\"><span class=\"versanumer_2007\">16<\/span><\/a> Hann \u00e1 a\u00f0 tala til \u00fej\u00f3\u00f0arinnar fyrir \u00feig, hann ver\u00f0ur munnur \u00feinn en \u00fe\u00fa ver\u00f0ur honum Gu\u00f0. <a name=\"17\"><span class=\"versanumer_2007\">17<\/span><\/a> \u00de\u00fa skalt taka \u00feennan staf \u00fe\u00e9r \u00ed h\u00f6nd og gera jarteiknin me\u00f0 honum.\u201c<\/p>\n<h3 class=\"millifyrirsogn_2007\">M\u00f3se sn\u00fdr aftur til Egyptalands<\/h3>\n<p><a name=\"18\"><span class=\"versanumer_2007\">18<\/span><\/a> M\u00f3se f\u00f3r n\u00fa aftur til Jetr\u00f3, tengdaf\u00f6\u00f0ur s\u00edns, og sag\u00f0i vi\u00f0 hann: \u201e\u00c9g vil fara til \u00e6ttbr\u00e6\u00f0ra minna, sem eru \u00ed Egyptalandi, og sj\u00e1 hvort \u00feeir eru enn \u00e1 l\u00edfi.\u201c Jetr\u00f3 svara\u00f0i: \u201eFar \u00fe\u00fa \u00ed fri\u00f0i.\u201c<br \/> <a name=\"19\"><span class=\"versanumer_2007\">19<\/span><\/a> Drottinn sag\u00f0i vi\u00f0 M\u00f3se \u00ed Mid\u00edan: \u201eFar\u00f0u aftur til Egyptalands \u00fev\u00ed a\u00f0 allir, sem s\u00f3ttust eftir l\u00edfi \u00fe\u00ednu, eru d\u00e1nir.\u201c <a name=\"20\"><span class=\"versanumer_2007\">20<\/span><\/a> M\u00f3se s\u00f3tti \u00fe\u00e1 konu s\u00edna og syni, setti \u00feau upp \u00e1 asna og h\u00e9lt aftur til Egyptalands. M\u00f3se haf\u00f0i staf Gu\u00f0s \u00ed hendi s\u00e9r.<br \/> <a name=\"21\"><span class=\"versanumer_2007\">21<\/span><\/a> Drottinn sag\u00f0i vi\u00f0 M\u00f3se: \u201e\u00deegar \u00fe\u00fa kemur til Egyptalands \u00e1 n\u00fd skaltu g\u00e6ta \u00feess a\u00f0 gera \u00f6ll \u00feau undur sem \u00e9g hef fali\u00f0 \u00fe\u00e9r a\u00f0 gera frammi fyrir fara\u00f3. En \u00e9g mun her\u00f0a hjarta hans svo a\u00f0 hann leyfi \u00fej\u00f3\u00f0inni ekki a\u00f0 fara. <a name=\"22\"><span class=\"versanumer_2007\">22<\/span><\/a> \u00de\u00e1 skaltu segja vi\u00f0 fara\u00f3: Svo segir Drottinn: \u00cdsrael er frumbur\u00f0ur minn. <a name=\"23\"><span class=\"versanumer_2007\">23<\/span><\/a> \u00dev\u00ed segi \u00e9g vi\u00f0 \u00feig: Slepptu syni m\u00ednum svo a\u00f0 hann geti \u00fej\u00f3na\u00f0 m\u00e9r. Ef \u00fe\u00fa sleppir honum ekki mun \u00e9g drepa frumbur\u00f0 \u00feinn.\u201c<br \/> <a name=\"24\"><span class=\"versanumer_2007\">24<\/span><\/a> \u00dea\u00f0 ger\u00f0ist \u00e1 lei\u00f0inni \u00e1 n\u00e6tursta\u00f0 einum a\u00f0 Drottinn r\u00e9\u00f0st \u00e1 hann og \u00e6tla\u00f0i a\u00f0 drepa hann. <a name=\"25\"><span class=\"versanumer_2007\">25<\/span><\/a> \u00de\u00e1 t\u00f3k Sipp\u00f3ra tinnustein og skar yfirh\u00fa\u00f0ina af syni s\u00ednum. H\u00fan snerti me\u00f0 henni f\u00e6tur <span class=\"nedan_mal\" title=\" \u00c1tt er vi\u00f0 kynf\u00e6ri.\">[<\/span> hans og sag\u00f0i: \u201e\u00de\u00fa ert m\u00e9r bl\u00f3\u00f0br\u00fa\u00f0gumi.\u201c <a name=\"26\"><span class=\"versanumer_2007\">26<\/span><\/a> \u00de\u00e1 sleppti hann honum. \u00dea\u00f0 var \u00fe\u00e1 sem h\u00fan nota\u00f0i or\u00f0i\u00f0 \u201ebl\u00f3\u00f0br\u00fa\u00f0gumi\u201c vegna umskurnarinnar.<br \/> <a name=\"27\"><span class=\"versanumer_2007\">27<\/span><\/a> Drottinn sag\u00f0i vi\u00f0 Aron: \u201eFar\u00f0u \u00fat \u00ed ey\u00f0im\u00f6rkina til m\u00f3ts vi\u00f0 M\u00f3se.\u201c Hann f\u00f3r, m\u00e6tti honum vi\u00f0 fjall Gu\u00f0s og kyssti hann. <a name=\"28\"><span class=\"versanumer_2007\">28<\/span><\/a> M\u00f3se sk\u00fdr\u00f0i Aroni fr\u00e1 \u00f6llum fyrirm\u00e6lum Drottins sem hann haf\u00f0i gefi\u00f0 honum og \u00f6llum \u00feeim t\u00e1knum sem hann haf\u00f0i bo\u00f0i\u00f0 honum a\u00f0 gera. <a name=\"29\"><span class=\"versanumer_2007\">29<\/span><\/a> S\u00ed\u00f0an h\u00e9ldu M\u00f3se og Aron af sta\u00f0 og stefndu saman \u00f6llum \u00f6ldungum \u00cdsraelsmanna. <a name=\"30\"><span class=\"versanumer_2007\">30<\/span><\/a> Aron flutti allt \u00fea\u00f0 sem Drottinn haf\u00f0i bo\u00f0a\u00f0 M\u00f3se. Hann ger\u00f0i l\u00edka t\u00e1knin \u00ed augs\u00fdn f\u00f3lksins <a name=\"31\"><span class=\"versanumer_2007\">31<\/span><\/a> og \u00fea\u00f0 tr\u00fa\u00f0i. \u00deegar \u00cdsraelsmenn heyr\u00f0u a\u00f0 Drottinn hef\u00f0i li\u00f0sinnt \u00feeim vegna \u00feess a\u00f0 hann hef\u00f0i s\u00e9\u00f0 \u00fej\u00e1ningu \u00feeirra lutu \u00feeir og f\u00e9llu fram.<\/p>\n","protected":false},"excerpt":{"rendered":"<p>1 M\u00f3se svara\u00f0i og sag\u00f0i: \u201eEn ef \u00feeir tr\u00faa m\u00e9r ekki og hlusta ekki \u00e1 mig, heldur segja: Drottinn hefur ekki birst \u00fe\u00e9r.\u201c 2 \u00de\u00e1 sag\u00f0i Drottinn: \u201eHva\u00f0 ertu me\u00f0 \u00ed hendinni?\u201c \u201eStaf,\u201c svara\u00f0i hann. 3 \u00de\u00e1 sag\u00f0i Drottinn: \u201eVarpa\u00f0u honum til jar\u00f0ar.\u201c M\u00f3se varpa\u00f0i stafnum til jar\u00f0ar og var\u00f0 hann a\u00f0 eitursl\u00f6ngu og M\u00f3se h\u00f6rfa\u00f0i undan henni. 4 \u00de\u00e1 sag\u00f0i Drottinn vi\u00f0 M\u00f3se: \u201eR\u00e9ttu \u00fat h\u00f6ndina og gr\u00edptu um halann \u00e1 henni.\u201c Hann r\u00e9tti \u00fat h\u00f6ndina, t\u00f3k um hann og var\u00f0 h\u00fan \u00fe\u00e1 aftur a\u00f0 staf \u00ed hendi hans. 5 \u201e\u00deetta ver\u00f0ur til \u00feess a\u00f0 \u00feeir geti tr\u00faa\u00f0 \u00fev\u00ed <a href=\"https:\/\/biblian.is\/biblian\/onnur-mosebok-4-kafli\/\"> [&#8230;]<\/a><\/p>\n","protected":false},"author":1,"featured_media":0,"parent":0,"menu_order":0,"comment_status":"open","ping_status":"open","template":"bibliukaflar_NT.php","meta":{"footnotes":""},"class_list":["post-1671","page","type-page","status-publish","hentry"],"_links":{"self":[{"href":"https:\/\/biblian.is\/biblian\/wp-json\/wp\/v2\/pages\/1671","targetHints":{"allow":["GET"]}}],"collection":[{"href":"https:\/\/biblian.is\/biblian\/wp-json\/wp\/v2\/pages"}],"about":[{"href":"https:\/\/biblian.is\/biblian\/wp-json\/wp\/v2\/types\/page"}],"author":[{"embeddable":true,"href":"https:\/\/biblian.is\/biblian\/wp-json\/wp\/v2\/users\/1"}],"replies":[{"embeddable":true,"href":"https:\/\/biblian.is\/biblian\/wp-json\/wp\/v2\/comments?post=1671"}],"version-history":[{"count":0,"href":"https:\/\/biblian.is\/biblian\/wp-json\/wp\/v2\/pages\/1671\/revisions"}],"wp:attachment":[{"href":"https:\/\/biblian.is\/biblian\/wp-json\/wp\/v2\/media?parent=1671"}],"curies":[{"name":"wp","href":"https:\/\/api.w.org\/{rel}","templated":true}]}}