{"id":1669,"date":"2017-12-30T20:59:55","date_gmt":"2017-12-30T20:59:55","guid":{"rendered":"http:\/\/biblian.is\/biblian\/%c2%85nnur-m%c2%97seb%c2%97k-2-kafli\/"},"modified":"2023-05-01T16:21:25","modified_gmt":"2023-05-01T16:21:25","slug":"onnur-mosebok-2-kafli","status":"publish","type":"page","link":"https:\/\/biblian.is\/biblian\/onnur-mosebok-2-kafli\/","title":{"rendered":"\u00d6nnur M\u00f3seb\u00f3k 2. kafli"},"content":{"rendered":"<h3 class=\"millifyrirsogn_2007\"> F\u00e6\u00f0ing M\u00f3se og \u00e6ska<\/h3>\n<p><a name=\"1\"><span class=\"versanumer_2007\">1<\/span><\/a> Ma\u00f0ur nokkur af \u00e6tt Lev\u00ed f\u00f3r og t\u00f3k s\u00e9r eiginkonu af s\u00f6mu \u00e6tt. <a name=\"2\"><span class=\"versanumer_2007\">2<\/span><\/a> Konan var\u00f0 \u00feungu\u00f0 og eigna\u00f0ist son. \u00deegar h\u00fan s\u00e1 hve efnilegur hann var faldi h\u00fan hann \u00ed \u00ferj\u00e1 m\u00e1nu\u00f0i. <a name=\"3\"><span class=\"versanumer_2007\">3<\/span><\/a> \u00deegar h\u00fan gat ekki leynt honum lengur f\u00e9kk h\u00fan s\u00e9r k\u00f6rfu \u00far sefi handa honum. H\u00fan \u00fe\u00e9tti hana me\u00f0 biki og tj\u00f6ru, lag\u00f0i drenginn \u00ed hana og setti k\u00f6rfuna \u00fat \u00ed sefi\u00f0 vi\u00f0 \u00e1rbakkann. <a name=\"4\"><span class=\"versanumer_2007\">4<\/span><\/a> En systir hans st\u00f3\u00f0 \u00fear \u00e1lengdar til a\u00f0 fylgjast me\u00f0 hva\u00f0 um hann yr\u00f0i.<br \/> <a name=\"5\"><span class=\"versanumer_2007\">5<\/span><\/a> \u00de\u00e1 gekk d\u00f3ttir fara\u00f3s ni\u00f0ur a\u00f0 \u00e1nni til a\u00f0 ba\u00f0a sig en \u00fej\u00f3nustust\u00falkur hennar gengu eftir \u00e1rbakkanum. H\u00fan kom auga \u00e1 k\u00f6rfuna \u00ed sefinu og sendi \u00fej\u00f3nustust\u00falku s\u00edna eftir henni. <a name=\"6\"><span class=\"versanumer_2007\">6<\/span><\/a> \u00deegar h\u00fan opna\u00f0i k\u00f6rfuna s\u00e1 h\u00fan gr\u00e1tandi dreng \u00ed henni. H\u00fan vorkenndi honum og sag\u00f0i: \u201e\u00deetta er einn af hebresku drengjunum.\u201c <a name=\"7\"><span class=\"versanumer_2007\">7<\/span><\/a> \u00de\u00e1 spur\u00f0i systir hans d\u00f3ttur fara\u00f3s: \u201e\u00c1 \u00e9g a\u00f0 fara og kalla \u00e1 hebreska brj\u00f3stm\u00f3\u00f0ur fyrir \u00feig?\u201c <a name=\"8\"><span class=\"versanumer_2007\">8<\/span><\/a> D\u00f3ttir fara\u00f3s svara\u00f0i: \u201eJ\u00e1, ger\u00f0u \u00fea\u00f0.\u201c St\u00falkan f\u00f3r og kalla\u00f0i \u00e1 m\u00f3\u00f0ur drengsins. <a name=\"9\"><span class=\"versanumer_2007\">9<\/span><\/a> D\u00f3ttir fara\u00f3s sag\u00f0i vi\u00f0 hana: \u201eFar\u00f0u me\u00f0 \u00feennan dreng og haf\u00f0u hann \u00e1 brj\u00f3sti fyrir mig og \u00e9g skal launa \u00fe\u00e9r \u00fea\u00f0.\u201c Konan f\u00f3r me\u00f0 drenginn og haf\u00f0i hann \u00e1 brj\u00f3sti. <a name=\"10\"><span class=\"versanumer_2007\">10<\/span><\/a> \u00deegar drengurinn st\u00e1lpa\u00f0ist f\u00f3r h\u00fan me\u00f0 hann til d\u00f3ttur fara\u00f3s sem t\u00f3k hann \u00ed sonar sta\u00f0. H\u00fan gaf honum nafni\u00f0 M\u00f3se og sag\u00f0i: \u201e\u00dev\u00ed a\u00f0 \u00e9g dr\u00f3 hann upp \u00far vatninu.\u201c <span class=\"nedan_mal\" title=\" Hebreska s\u00f6gnin, sem merkir a\u00f0 draga upp \u00far, er hlj\u00f3\u00f0l\u00edking vi\u00f0 fornegypskt or\u00f0 er merkir sonur.\">[<\/span> <\/p>\n<h3 class=\"millifyrirsogn_2007\">M\u00f3se \u00ed Mid\u00edan<\/h3>\n<p><a name=\"11\"><span class=\"versanumer_2007\">11<\/span><\/a> Einhverju sinni \u00feegar M\u00f3se var or\u00f0inn fullt\u00ed\u00f0a gekk hann \u00fat til \u00e6ttbr\u00e6\u00f0ra sinna og horf\u00f0i \u00e1 \u00fe\u00e1 vi\u00f0 kva\u00f0avinnuna. \u00de\u00e1 s\u00e1 hann Egypta sl\u00e1 hebreskan mann, einn \u00e6ttbr\u00e6\u00f0ra sinna. <a name=\"12\"><span class=\"versanumer_2007\">12<\/span><\/a> M\u00f3se leit \u00ed allar \u00e1ttir og \u00feegar hann s\u00e1 a\u00f0 enginn var n\u00e6rri sl\u00f3 hann Egyptann banah\u00f6gg og gr\u00f3f hann \u00ed sandinn.<br \/> <a name=\"13\"><span class=\"versanumer_2007\">13<\/span><\/a> Daginn eftir gekk hann aftur \u00fat og s\u00e1 \u00fe\u00e1 tvo hebreska menn takast \u00e1. \u00de\u00e1 spur\u00f0i hann \u00feann seka: \u201eHvers vegna sl\u00e6r\u00f0u f\u00e9laga \u00feinn?\u201c <a name=\"14\"><span class=\"versanumer_2007\">14<\/span><\/a> Hann svara\u00f0i: \u201eHver setti \u00feig h\u00f6f\u00f0ingja og d\u00f3mara yfir okkur? \u00c6tlar\u00f0u ef til vill a\u00f0 drepa mig eins og \u00fe\u00fa drapst Egyptann?\u201c M\u00f3se var\u00f0 hr\u00e6ddur og hugsa\u00f0i: \u201e\u00deetta hefur \u00fe\u00e1 komist upp.\u201c<br \/> <a name=\"15\"><span class=\"versanumer_2007\">15<\/span><\/a> \u00deegar fara\u00f3 fr\u00e9tti \u00feetta vildi hann l\u00e1ta drepa M\u00f3se. En M\u00f3se fl\u00fd\u00f0i undan fara\u00f3 og kom s\u00e9r fyrir \u00ed Mid\u00edanslandi \u00fear sem hann settist a\u00f0 vi\u00f0 brunn einn.<br \/> <a name=\"16\"><span class=\"versanumer_2007\">16<\/span><\/a> Presturinn \u00ed Mid\u00edan \u00e1tti sj\u00f6 d\u00e6tur. \u00de\u00e6r komu til a\u00f0 s\u00e6kja vatn og fylla \u00fer\u00e6rnar til a\u00f0 brynna f\u00e9 f\u00f6\u00f0ur s\u00edns. <a name=\"17\"><span class=\"versanumer_2007\">17<\/span><\/a> \u00de\u00e1 komu nokkrir hjar\u00f0menn og vildu reka \u00fe\u00e6r burt. En M\u00f3se st\u00f3\u00f0 upp og hj\u00e1lpa\u00f0i \u00feeim og brynnti f\u00e9na\u00f0i \u00feeirra. <a name=\"18\"><span class=\"versanumer_2007\">18<\/span><\/a> \u00deegar \u00fe\u00e6r komu heim til Reg\u00faels, f\u00f6\u00f0ur s\u00edns, spur\u00f0i hann: \u201eHvers vegna komi\u00f0 \u00fei\u00f0 svona snemma heim \u00ed dag?\u201c <a name=\"19\"><span class=\"versanumer_2007\">19<\/span><\/a> \u00de\u00e6r sv\u00f6ru\u00f0u: \u201eEgypskur ma\u00f0ur var\u00f0i okkur fyrir hjar\u00f0m\u00f6nnunum og j\u00f3s meira a\u00f0 segja upp vatni fyrir okkur og brynnti f\u00e9nu.\u201c <a name=\"20\"><span class=\"versanumer_2007\">20<\/span><\/a> \u00de\u00e1 sag\u00f0i hann vi\u00f0 d\u00e6tur s\u00ednar: \u201eHvar er hann? Hvers vegna skildu\u00f0 \u00fei\u00f0 manninn eftir? Bj\u00f3\u00f0i\u00f0 honum inn svo a\u00f0 hann f\u00e1i eitthva\u00f0 a\u00f0 eta.\u201c <a name=\"21\"><span class=\"versanumer_2007\">21<\/span><\/a> M\u00f3se \u00e1kva\u00f0 a\u00f0 vera um kyrrt hj\u00e1 \u00feessum manni. Hann gaf M\u00f3se Sipp\u00f3ru, d\u00f3ttur s\u00edna, fyrir konu <a name=\"22\"><span class=\"versanumer_2007\">22<\/span><\/a> og h\u00fan \u00f3l son. M\u00f3se gaf honum nafni\u00f0 Gers\u00f3m \u00fev\u00ed a\u00f0 hann sag\u00f0i: \u201e\u00c9g er a\u00f0komuma\u00f0ur \u00ed \u00f3kunnu landi.\u201c<br \/> <a name=\"23\"><span class=\"versanumer_2007\">23<\/span><\/a> M\u00f6rgum \u00e1rum s\u00ed\u00f0ar d\u00f3 Egyptalandskonungur. \u00cdsraelsmenn stundu undan \u00fer\u00e6ld\u00f3mnum og kveinu\u00f0u og ney\u00f0ar\u00f3p \u00feeirra steig upp til Gu\u00f0s. <a name=\"24\"><span class=\"versanumer_2007\">24<\/span><\/a> \u00deegar Gu\u00f0 heyr\u00f0i kveinstafi \u00feeirra minntist hann s\u00e1ttm\u00e1la s\u00edns vi\u00f0 fe\u00f0ur \u00feeirra, Abraham, \u00cdsak og Jakob. <a name=\"25\"><span class=\"versanumer_2007\">25<\/span><\/a> Gu\u00f0 leit til sona \u00cdsraels og birtist \u00feeim.<\/p>\n","protected":false},"excerpt":{"rendered":"<p>F\u00e6\u00f0ing M\u00f3se og \u00e6ska 1 Ma\u00f0ur nokkur af \u00e6tt Lev\u00ed f\u00f3r og t\u00f3k s\u00e9r eiginkonu af s\u00f6mu \u00e6tt. 2 Konan var\u00f0 \u00feungu\u00f0 og eigna\u00f0ist son. \u00deegar h\u00fan s\u00e1 hve efnilegur hann var faldi h\u00fan hann \u00ed \u00ferj\u00e1 m\u00e1nu\u00f0i. 3 \u00deegar h\u00fan gat ekki leynt honum lengur f\u00e9kk h\u00fan s\u00e9r k\u00f6rfu \u00far sefi handa honum. H\u00fan \u00fe\u00e9tti hana me\u00f0 biki og tj\u00f6ru, lag\u00f0i drenginn \u00ed hana og setti k\u00f6rfuna \u00fat \u00ed sefi\u00f0 vi\u00f0 \u00e1rbakkann. 4 En systir hans st\u00f3\u00f0 \u00fear \u00e1lengdar til a\u00f0 fylgjast me\u00f0 hva\u00f0 um hann yr\u00f0i. 5 \u00de\u00e1 gekk d\u00f3ttir fara\u00f3s ni\u00f0ur a\u00f0 \u00e1nni til a\u00f0 ba\u00f0a sig <a href=\"https:\/\/biblian.is\/biblian\/onnur-mosebok-2-kafli\/\"> [&#8230;]<\/a><\/p>\n","protected":false},"author":1,"featured_media":0,"parent":0,"menu_order":0,"comment_status":"open","ping_status":"open","template":"bibliukaflar_NT.php","meta":{"footnotes":""},"class_list":["post-1669","page","type-page","status-publish","hentry"],"_links":{"self":[{"href":"https:\/\/biblian.is\/biblian\/wp-json\/wp\/v2\/pages\/1669","targetHints":{"allow":["GET"]}}],"collection":[{"href":"https:\/\/biblian.is\/biblian\/wp-json\/wp\/v2\/pages"}],"about":[{"href":"https:\/\/biblian.is\/biblian\/wp-json\/wp\/v2\/types\/page"}],"author":[{"embeddable":true,"href":"https:\/\/biblian.is\/biblian\/wp-json\/wp\/v2\/users\/1"}],"replies":[{"embeddable":true,"href":"https:\/\/biblian.is\/biblian\/wp-json\/wp\/v2\/comments?post=1669"}],"version-history":[{"count":0,"href":"https:\/\/biblian.is\/biblian\/wp-json\/wp\/v2\/pages\/1669\/revisions"}],"wp:attachment":[{"href":"https:\/\/biblian.is\/biblian\/wp-json\/wp\/v2\/media?parent=1669"}],"curies":[{"name":"wp","href":"https:\/\/api.w.org\/{rel}","templated":true}]}}