{"id":1667,"date":"2017-12-30T20:59:55","date_gmt":"2017-12-30T20:59:55","guid":{"rendered":"http:\/\/biblian.is\/biblian\/fyrsta-m%c2%97seb%c2%97k-50-kafli\/"},"modified":"2022-12-16T13:43:05","modified_gmt":"2022-12-16T13:43:05","slug":"fyrsta-mosebok-50-kafli","status":"publish","type":"page","link":"https:\/\/biblian.is\/biblian\/fyrsta-mosebok-50-kafli\/","title":{"rendered":"Fyrsta M\u00f3seb\u00f3k 50. kafli"},"content":{"rendered":"<h3 class=\"millifyrirsogn_2007\">Jakob jar\u00f0a\u00f0ur \u00ed Hebron<\/h3>\n<p><a name=\"1\"><\/a><span class=\"versanumer_2007\">1<\/span> J\u00f3sef kasta\u00f0i s\u00e9r gr\u00e1tandi yfir f\u00f6\u00f0ur sinn og kyssti hann. <a name=\"2\"><\/a><span class=\"versanumer_2007\">2<\/span> S\u00ed\u00f0an bau\u00f0 hann l\u00e6knunum, sem voru \u00ed \u00fej\u00f3nustu hans, a\u00f0 smyrja f\u00f6\u00f0ur sinn og l\u00e6knarnir smur\u00f0u \u00cdsrael. <a name=\"3\"><\/a><span class=\"versanumer_2007\">3<\/span> \u00dea\u00f0 t\u00f3k fj\u00f6rut\u00edu daga \u00fev\u00ed a\u00f0 svo langan t\u00edma tekur smurningin. Egyptar syrg\u00f0u hann \u00ed sj\u00f6t\u00edu daga.<br \/>\n<a name=\"4\"><\/a><span class=\"versanumer_2007\">4<\/span> Er sorgardagarnir voru li\u00f0nir kom J\u00f3sef a\u00f0 m\u00e1li vi\u00f0 hir\u00f0menn fara\u00f3s og m\u00e6lti: \u201eHafi \u00e9g fundi\u00f0 n\u00e1\u00f0 \u00ed augum ykkar \u00fe\u00e1 beri\u00f0 fara\u00f3 \u00feessi or\u00f0 m\u00edn: <a name=\"5\"><\/a><span class=\"versanumer_2007\">5<\/span> Fa\u00f0ir minn t\u00f3k ei\u00f0 af m\u00e9r og sag\u00f0i: N\u00fa mun \u00e9g br\u00e1tt deyja og \u00fe\u00fa skalt jar\u00f0a mig \u00ed gr\u00f6finni sem \u00e9g gr\u00f3f handa m\u00e9r \u00ed Kanaanslandi. Leyf\u00f0u m\u00e9r \u00fev\u00ed a\u00f0 fara og jar\u00f0a f\u00f6\u00f0ur minn. A\u00f0 \u00fev\u00ed b\u00fanu skal \u00e9g koma aftur.\u201c<br \/>\n<a name=\"6\"><\/a><span class=\"versanumer_2007\">6<\/span> Fara\u00f3 l\u00e9t svara honum \u00feannig: \u201eFar\u00f0u og jar\u00f0a\u00f0u f\u00f6\u00f0ur \u00feinn eins og hann l\u00e9t \u00feig vinna ei\u00f0 a\u00f0.\u201c<br \/>\n<a name=\"7\"><\/a><span class=\"versanumer_2007\">7<\/span> J\u00f3sef h\u00e9lt \u00fe\u00e1 af sta\u00f0 til a\u00f0 jar\u00f0a f\u00f6\u00f0ur sinn. Me\u00f0 honum f\u00f3ru allir emb\u00e6ttismenn fara\u00f3s, \u00f6ldungarnir vi\u00f0 hir\u00f0 hans og allir \u00f6ldungar Egyptalands, <a name=\"8\"><\/a><span class=\"versanumer_2007\">8<\/span> \u00f6ll fj\u00f6lskylda J\u00f3sefs, br\u00e6\u00f0ur hans og fj\u00f6lskylda f\u00f6\u00f0ur hans. \u00deeir skildu a\u00f0eins b\u00f6rn s\u00edn, sau\u00f0i og nautgripi eftir \u00ed G\u00f3senlandi. <a name=\"9\"><\/a><span class=\"versanumer_2007\">9<\/span> Hann haf\u00f0i me\u00f0 s\u00e9r b\u00e6\u00f0i vagna og riddara, miki\u00f0 f\u00f6runeyti.<br \/>\n<a name=\"10\"><\/a><span class=\"versanumer_2007\">10<\/span> Er \u00feeir komu til G\u00f3ren-haatad, vestan vi\u00f0 J\u00f3rdan, h\u00e9ldu \u00feeir mikla og veglega sorgarh\u00e1t\u00ed\u00f0 og J\u00f3sef bau\u00f0 a\u00f0 fa\u00f0ir hans skyldi harma\u00f0ur \u00ed sj\u00f6 daga.<br \/>\n<a name=\"11\"><\/a><span class=\"versanumer_2007\">11<\/span> \u00deegar \u00edb\u00faar landsins, Kanaan\u00edtar, s\u00e1u sorgarh\u00e1t\u00ed\u00f0ina \u00ed G\u00f3ren-haatad s\u00f6g\u00f0u \u00feeir: \u201e\u00dearna halda Egyptar mikla sorgarh\u00e1t\u00ed\u00f0.\u201c \u00deess vegna var sta\u00f0urinn nefndur Abel M\u00edsra\u00edm. En sta\u00f0urinn er vestan vi\u00f0 J\u00f3rdan.<br \/>\n<a name=\"12\"><\/a><span class=\"versanumer_2007\">12<\/span> \u00deannig ger\u00f0u synir Jakobs \u00fea\u00f0 vi\u00f0 f\u00f6\u00f0ur sinn sem hann haf\u00f0i fyrir \u00fe\u00e1 lagt. <a name=\"13\"><\/a><span class=\"versanumer_2007\">13<\/span> \u00deeir fluttu hann til Kanaanslands og j\u00f6r\u00f0u\u00f0u hann \u00ed helli Makpelalands, \u00ed hellinum sem Abraham haf\u00f0i keypt \u00e1samt akrinum fyrir grafreit af Efron Het\u00edta, gegnt Mamre.<br \/>\n<a name=\"14\"><\/a><span class=\"versanumer_2007\">14<\/span> Er J\u00f3sef haf\u00f0i jar\u00f0a\u00f0 f\u00f6\u00f0ur sinn f\u00f3r hann aftur til Egyptalands \u00e1samt br\u00e6\u00f0rum s\u00ednum og \u00f6llum sem me\u00f0 honum h\u00f6f\u00f0u fari\u00f0 a\u00f0 jar\u00f0a f\u00f6\u00f0ur hans.<\/p>\n<h3 class=\"millifyrirsogn_2007\">J\u00f3sef hughreystir br\u00e6\u00f0ur s\u00edna<\/h3>\n<p><a name=\"15\"><\/a><span class=\"versanumer_2007\">15<\/span> Eftir andl\u00e1t f\u00f6\u00f0ur s\u00edns hugsu\u00f0u br\u00e6\u00f0ur J\u00f3sefs: \u201eVera m\u00e1 a\u00f0 J\u00f3sef beri illan hug til okkar og endurgjaldi okkur allt hi\u00f0 illa sem vi\u00f0 h\u00f6fum gert honum.\u201c <a name=\"16\"><\/a><span class=\"versanumer_2007\">16<\/span> \u00deess vegna sendu \u00feeir J\u00f3sef eftirfarandi skilabo\u00f0: \u201e\u00c1\u00f0ur en fa\u00f0ir \u00feinn d\u00f3 ba\u00f0 hann <a name=\"17\"><\/a><span class=\"versanumer_2007\">17<\/span> okkur a\u00f0 segja vi\u00f0 \u00feig: Fyrirgef\u00f0u br\u00e6\u00f0rum \u00fe\u00ednum misgj\u00f6r\u00f0 \u00feeirra og synd, \u00fea\u00f0 illa sem \u00feeir ger\u00f0u \u00fe\u00e9r. \u00deess vegna bi\u00f0jum vi\u00f0 \u00feig a\u00f0 fyrirgefa \u00fej\u00f3num \u00feess Gu\u00f0s, sem fa\u00f0ir \u00feinn d\u00fdrka\u00f0i, \u00fe\u00e1 synd sem vi\u00f0 h\u00f6fum dr\u00fdgt.\u201c Vi\u00f0 \u00feessi or\u00f0 \u00feeirra brast J\u00f3sef \u00ed gr\u00e1t.<br \/>\n<a name=\"18\"><\/a><span class=\"versanumer_2007\">18<\/span> \u00de\u00e1 komu br\u00e6\u00f0ur hans sj\u00e1lfir og f\u00e9llu fram fyrir honum og s\u00f6g\u00f0u: \u201eVi\u00f0 erum \u00fer\u00e6lar \u00fe\u00ednir.\u201c <a name=\"19\"><\/a><span class=\"versanumer_2007\">19<\/span> En J\u00f3sef sag\u00f0i vi\u00f0 \u00fe\u00e1: \u201e\u00d3ttist ekki \u00fev\u00ed a\u00f0 ekki kem \u00e9g \u00ed Gu\u00f0s sta\u00f0. <a name=\"20\"><\/a><span class=\"versanumer_2007\">20<\/span> \u00dei\u00f0 \u00e6tlu\u00f0u\u00f0 a\u00f0 gera m\u00e9r illt en Gu\u00f0 sneri \u00fev\u00ed til g\u00f3\u00f0s. Hann vildi gera \u00fea\u00f0 sem n\u00fa er or\u00f0i\u00f0 og \u00feannig var\u00f0veita l\u00edf margra manna. <a name=\"21\"><\/a><span class=\"versanumer_2007\">21<\/span> Veri\u00f0 \u00fev\u00ed \u00f3hr\u00e6ddir, \u00e9g skal annast ykkur og b\u00f6rn ykkar.\u201c S\u00ed\u00f0an hughreysti hann \u00fe\u00e1 og tala\u00f0i vingjarnlega til \u00feeirra.<\/p>\n<h3 class=\"millifyrirsogn_2007\">Elli J\u00f3sefs og andl\u00e1t<\/h3>\n<p><a name=\"22\"><\/a><span class=\"versanumer_2007\">22<\/span> J\u00f3sef bj\u00f3 \u00ed Egyptalandi \u00e1samt \u00e6tt f\u00f6\u00f0ur s\u00edns og var\u00f0 hundra\u00f0 og t\u00edu \u00e1ra. <a name=\"23\"><\/a><span class=\"versanumer_2007\">23<\/span> J\u00f3sef s\u00e1 ni\u00f0ja Efra\u00edms \u00ed \u00feri\u00f0ja li\u00f0 og synir Mak\u00edrs, sonar Manasse, f\u00e6ddust \u00e1 hn\u00e9 J\u00f3sefs. <a name=\"24\"><\/a><span class=\"versanumer_2007\">24<\/span> J\u00f3sef sag\u00f0i vi\u00f0 br\u00e6\u00f0ur s\u00edna: \u201eN\u00fa mun \u00e9g br\u00e1tt deyja en Gu\u00f0 mun annast ykkur og flytja ykkur \u00far \u00feessu landi til \u00feess lands sem hann hefur heiti\u00f0 Abraham, \u00cdsak og Jakobi.\u201c <a name=\"25\"><\/a><span class=\"versanumer_2007\">25<\/span> S\u00ed\u00f0an t\u00f3k hann ei\u00f0 af \u00cdsraelssonum og m\u00e6lti: \u201eGu\u00f0 mun vitja ykkar og \u00fe\u00e1 skulu\u00f0 \u00fei\u00f0 flytja bein m\u00edn h\u00e9\u00f0an.\u201c <a name=\"26\"><\/a><span class=\"versanumer_2007\">26<\/span> J\u00f3sef var hundra\u00f0 og t\u00edu \u00e1ra \u00feegar hann d\u00f3 og \u00feeir smur\u00f0u hann og l\u00f6g\u00f0u \u00ed kistu \u00ed Egyptalandi.<\/p>\n","protected":false},"excerpt":{"rendered":"<p>Jakob jar\u00f0a\u00f0ur \u00ed Hebron 1 J\u00f3sef kasta\u00f0i s\u00e9r gr\u00e1tandi yfir f\u00f6\u00f0ur sinn og kyssti hann. 2 S\u00ed\u00f0an bau\u00f0 hann l\u00e6knunum, sem voru \u00ed \u00fej\u00f3nustu hans, a\u00f0 smyrja f\u00f6\u00f0ur sinn og l\u00e6knarnir smur\u00f0u \u00cdsrael. 3 \u00dea\u00f0 t\u00f3k fj\u00f6rut\u00edu daga \u00fev\u00ed a\u00f0 svo langan t\u00edma tekur smurningin. Egyptar syrg\u00f0u hann \u00ed sj\u00f6t\u00edu daga. 4 Er sorgardagarnir voru li\u00f0nir kom J\u00f3sef a\u00f0 m\u00e1li vi\u00f0 hir\u00f0menn fara\u00f3s og m\u00e6lti: \u201eHafi \u00e9g fundi\u00f0 n\u00e1\u00f0 \u00ed augum ykkar \u00fe\u00e1 beri\u00f0 fara\u00f3 \u00feessi or\u00f0 m\u00edn: 5 Fa\u00f0ir minn t\u00f3k ei\u00f0 af m\u00e9r og sag\u00f0i: N\u00fa mun \u00e9g br\u00e1tt deyja og \u00fe\u00fa skalt jar\u00f0a mig \u00ed gr\u00f6finni sem <a href=\"https:\/\/biblian.is\/biblian\/fyrsta-mosebok-50-kafli\/\"> [&#8230;]<\/a><\/p>\n","protected":false},"author":1,"featured_media":0,"parent":0,"menu_order":0,"comment_status":"open","ping_status":"open","template":"bibliukaflar_NT.php","meta":{"footnotes":""},"class_list":["post-1667","page","type-page","status-publish","hentry"],"_links":{"self":[{"href":"https:\/\/biblian.is\/biblian\/wp-json\/wp\/v2\/pages\/1667","targetHints":{"allow":["GET"]}}],"collection":[{"href":"https:\/\/biblian.is\/biblian\/wp-json\/wp\/v2\/pages"}],"about":[{"href":"https:\/\/biblian.is\/biblian\/wp-json\/wp\/v2\/types\/page"}],"author":[{"embeddable":true,"href":"https:\/\/biblian.is\/biblian\/wp-json\/wp\/v2\/users\/1"}],"replies":[{"embeddable":true,"href":"https:\/\/biblian.is\/biblian\/wp-json\/wp\/v2\/comments?post=1667"}],"version-history":[{"count":0,"href":"https:\/\/biblian.is\/biblian\/wp-json\/wp\/v2\/pages\/1667\/revisions"}],"wp:attachment":[{"href":"https:\/\/biblian.is\/biblian\/wp-json\/wp\/v2\/media?parent=1667"}],"curies":[{"name":"wp","href":"https:\/\/api.w.org\/{rel}","templated":true}]}}