{"id":1666,"date":"2017-12-30T20:59:55","date_gmt":"2017-12-30T20:59:55","guid":{"rendered":"http:\/\/biblian.is\/biblian\/fyrsta-m%c2%97seb%c2%97k-49-kafli\/"},"modified":"2022-12-16T13:43:04","modified_gmt":"2022-12-16T13:43:04","slug":"fyrsta-mosebok-49-kafli","status":"publish","type":"page","link":"https:\/\/biblian.is\/biblian\/fyrsta-mosebok-49-kafli\/","title":{"rendered":"Fyrsta M\u00f3seb\u00f3k 49. kafli"},"content":{"rendered":"<h3 class=\"millifyrirsogn_2007\">Jakob veitir sonum s\u00ednum t\u00f3lf blessun<\/h3>\n<p><a name=\"1\"><\/a><span class=\"versanumer_2007\">1<\/span> \u00de\u00e1 l\u00e9t Jakob kalla \u00e1 syni s\u00edna og m\u00e6lti: Safnist saman, \u00e9g \u00e6tla a\u00f0 segja ykkur hva\u00f0 muni henda ykkur \u00e1 komandi t\u00edmum.<\/p>\n<p><span class=\"ljodatexti\"><a name=\"2\"><\/a><span class=\"versanumer_ljod\">2<\/span>Komi\u00f0 saman og hl\u00fd\u00f0i\u00f0 \u00e1, synir Jakobs,<br \/>\nhl\u00fd\u00f0i\u00f0 \u00e1 \u00cdsrael f\u00f6\u00f0ur y\u00f0ar.<\/span><\/p>\n<p><span class=\"ljodatexti\"><br \/>\n<a name=\"3\"><\/a><span class=\"versanumer_ljod\">3<\/span>R\u00faben, \u00fe\u00fa ert frumbur\u00f0ur minn,<br \/>\nkraftur minn og frumgr\u00f3\u00f0i styrkleika m\u00edns,<br \/>\nfremstur a\u00f0 vir\u00f0ingu og fremstur a\u00f0 m\u00e6tti.<br \/>\n<a name=\"4\"><\/a><span class=\"versanumer_ljod\">4<\/span>\u00de\u00fa \u00f3lgar sem vatni\u00f0,<br \/>\nekki skaltu fremstur vera<br \/>\n\u00fev\u00ed a\u00f0 \u00fe\u00fa lag\u00f0ist \u00ed hv\u00edlu f\u00f6\u00f0ur \u00fe\u00edns,<br \/>\nvanhelga\u00f0ir s\u00e6ng m\u00edna.<\/span><\/p>\n<p><span class=\"ljodatexti\"><br \/>\n<a name=\"5\"><\/a><span class=\"versanumer_ljod\">5<\/span>S\u00edmeon og Lev\u00ed eru br\u00e6\u00f0ur,<br \/>\nsver\u00f0 \u00feeirra eru ofbeldist\u00f3l.<br \/>\n<a name=\"6\"><\/a><span class=\"versanumer_ljod\">6<\/span>\u00c9g vil ekki blanda ge\u00f0i vi\u00f0 \u00fe\u00e1,<br \/>\nekki taka \u00fe\u00e1tt \u00ed samkomum \u00feeirra<br \/>\n\u00fev\u00ed a\u00f0 \u00ed rei\u00f0i sinni dr\u00e1pu \u00feeir menn<br \/>\nog \u00ed ofsa s\u00ednum l\u00f6mu\u00f0u \u00feeir nautin.<br \/>\n<a name=\"7\"><\/a><span class=\"versanumer_ljod\">7<\/span>B\u00f6lvu\u00f0 s\u00e9 rei\u00f0i \u00feeirra \u00fev\u00ed a\u00f0 h\u00fan var r\u00f6mm<br \/>\nog br\u00e6\u00f0i \u00feeirra \u00fev\u00ed a\u00f0 h\u00fan var grimm.<br \/>\n\u00c9g skal dreifa \u00feeim \u00ed Jakob<br \/>\nog tv\u00edstra \u00feeim \u00ed \u00cdsrael.<\/span><\/p>\n<p><span class=\"ljodatexti\"><br \/>\n<a name=\"8\"><\/a><span class=\"versanumer_ljod\">8<\/span>J\u00fada, \u00feig munu br\u00e6\u00f0ur \u00fe\u00ednir vegsama.<br \/>\nH\u00f6nd \u00fe\u00edn mun vera \u00e1 h\u00e1lsi \u00f3vina \u00feinna,<br \/>\nsynir f\u00f6\u00f0ur \u00fe\u00edns skulu l\u00fata \u00fe\u00e9r.<br \/>\n<a name=\"9\"><\/a><span class=\"versanumer_ljod\">9<\/span>J\u00fada er lj\u00f3nshvolpur,<br \/>\n\u00fe\u00fa hefur sn\u00fai\u00f0 heim fr\u00e1 br\u00e1\u00f0inni, sonur minn.<br \/>\nSem lj\u00f3n leggst hann ni\u00f0ur og hv\u00edlist<br \/>\nog sem lj\u00f3nynja, hver \u00feorir a\u00f0 vekja hann?<br \/>\n<a name=\"10\"><\/a><span class=\"versanumer_ljod\">10<\/span>Hvorki mun veldissprotinn v\u00edkja fr\u00e1 J\u00fada<br \/>\nn\u00e9 stafurinn fr\u00e1 f\u00f3tum hans.<br \/>\nHonum ver\u00f0ur s\u00fdnd lotning<br \/>\nog \u00fej\u00f3\u00f0irnar ganga honum \u00e1 h\u00f6nd.<br \/>\n<a name=\"11\"><\/a><span class=\"versanumer_ljod\">11<\/span>Hann bindur asna sinn vi\u00f0 v\u00edntr\u00e9<br \/>\nog \u00f6snufola sinn vi\u00f0 g\u00e6\u00f0av\u00ednvi\u00f0.<br \/>\nHann \u00fev\u00e6r kl\u00e6\u00f0i s\u00edn \u00ed v\u00edni<br \/>\nog m\u00f6ttul sinn \u00ed v\u00ednberjabl\u00f3\u00f0i.<br \/>\n<a name=\"12\"><\/a><span class=\"versanumer_ljod\">12<\/span>Augu hans eru dekkri en v\u00edn<br \/>\nog tennur hans hv\u00edtari en mj\u00f3lk.<\/span><\/p>\n<p><span class=\"ljodatexti\"><br \/>\n<a name=\"13\"><\/a><span class=\"versanumer_ljod\">13<\/span>Seb\u00falon mun b\u00faa vi\u00f0 sj\u00e1varstr\u00f6ndina,<br \/>\nvi\u00f0 str\u00f6ndina \u00fear sem skipin leggjast a\u00f0<br \/>\nog land hans n\u00e6r allt til S\u00eddon.<\/span><\/p>\n<p><span class=\"ljodatexti\"><br \/>\n<a name=\"14\"><\/a><span class=\"versanumer_ljod\">14<\/span>\u00cdssakar er sterkur asni<br \/>\nsem liggur \u00e1 milli fj\u00e1rbyrgjanna.<br \/>\n<a name=\"15\"><\/a><span class=\"versanumer_ljod\">15<\/span>Hann s\u00e1 a\u00f0 hv\u00edldarsta\u00f0urinn var g\u00f3\u00f0ur<br \/>\nog landi\u00f0 una\u00f0slegt,<br \/>\n\u00fev\u00ed beyg\u00f0i hann her\u00f0ar s\u00ednar undir byr\u00f0ar<br \/>\nog ger\u00f0ist \u00e1nau\u00f0ugur \u00fer\u00e6ll.<\/span><\/p>\n<p><span class=\"ljodatexti\"><br \/>\n<a name=\"16\"><\/a><span class=\"versanumer_ljod\">16<\/span>Dan mun r\u00e9tta hlut \u00fej\u00f3\u00f0ar sinnar<br \/>\nsem hver \u00f6nnur \u00cdsraels \u00e6ttkv\u00edsl.<br \/>\n<a name=\"17\"><\/a><span class=\"versanumer_ljod\">17<\/span>Dan ver\u00f0ur h\u00f6ggormur \u00e1 veginum<br \/>\nog na\u00f0ra \u00ed g\u00f6tunni<br \/>\nsem h\u00e6lb\u00edtur hestinn<br \/>\nsvo a\u00f0 kappinn fellur aftur \u00e1 bak.<br \/>\n<a name=\"18\"><\/a><span class=\"versanumer_ljod\">18<\/span>\u00c9g v\u00e6nti hj\u00e1lpar \u00feinnar, Drottinn!<\/span><\/p>\n<p><span class=\"ljodatexti\"><br \/>\n<a name=\"19\"><\/a><span class=\"versanumer_ljod\">19<\/span>R\u00e6ningjar r\u00e1\u00f0ast \u00e1 Ga\u00f0<br \/>\nen hann r\u00e6\u00f0st \u00e1 \u00fe\u00e1 og rekur \u00e1 fl\u00f3tta.<\/span><\/p>\n<p><span class=\"ljodatexti\"><br \/>\n<a name=\"20\"><\/a><span class=\"versanumer_ljod\">20<\/span>Fr\u00e1 Asser kemur r\u00edkuleg f\u00e6\u00f0a<br \/>\nog hann veitir konungakr\u00e1sir.<\/span><\/p>\n<p><span class=\"ljodatexti\"><br \/>\n<a name=\"21\"><\/a><span class=\"versanumer_ljod\">21<\/span>Naftal\u00ed er r\u00e1sandi hind<br \/>\nsem f\u00e6\u00f0ir fagra k\u00e1lfa.<\/span><\/p>\n<p><span class=\"ljodatexti\"><br \/>\n<a name=\"22\"><\/a><span class=\"versanumer_ljod\">22<\/span> J\u00f3sef er ungur aldinvi\u00f0ur,<br \/>\nungur aldinvi\u00f0ur vi\u00f0 lind,<br \/>\ngreinar hans teygja sig upp yfir m\u00farinn.<br \/>\n<a name=\"23\"><\/a><span class=\"versanumer_ljod\">23<\/span> Bogmenn ger\u00f0u \u00e1hlaup,<br \/>\nskutu og s\u00f3ttu a\u00f0 honum<br \/>\n<a name=\"24\"><\/a><span class=\"versanumer_ljod\">24<\/span> en bogi hans er st\u00f6\u00f0ugur<br \/>\nog handleggir hans sterkir.<br \/>\nStyrkurinn kemur fr\u00e1 Jakobs Volduga,<br \/>\nfr\u00e1 Hir\u00f0inum, Hellubjargi \u00cdsraels,<br \/>\n<a name=\"25\"><\/a><span class=\"versanumer_ljod\">25<\/span> fr\u00e1 Gu\u00f0i f\u00f6\u00f0ur \u00fe\u00edns sem hj\u00e1lpar \u00fe\u00e9r,<br \/>\nfr\u00e1 Alm\u00e1ttugum Gu\u00f0i sem blessar \u00feig<br \/>\nme\u00f0 blessun af himnum ofan,<br \/>\nme\u00f0 blessun dj\u00fapsins undir ni\u00f0ri,<br \/>\nme\u00f0 blessun brj\u00f3sta og m\u00f3\u00f0url\u00edfs,<br \/>\n<a name=\"26\"><\/a><span class=\"versanumer_ljod\">26<\/span> me\u00f0 blessun korns og bl\u00f3ma,<br \/>\nme\u00f0 blessun aldinna fjalla,<br \/>\nme\u00f0 una\u00f0i eil\u00edfra h\u00e6\u00f0a.<br \/>\nMegi h\u00fan koma yfir h\u00f6fu\u00f0 J\u00f3sefs<br \/>\nog hvirfil hans, h\u00f6f\u00f0ingja br\u00e6\u00f0ra sinna.<\/span><\/p>\n<p><span class=\"ljodatexti\"><br \/>\n<a name=\"27\"><\/a><span class=\"versanumer_ljod\">27<\/span> Benjam\u00edn er gr\u00e1\u00f0ugur \u00falfur.<br \/>\n\u00c1 morgnana etur hann br\u00e1\u00f0<br \/>\nog \u00e1 kv\u00f6ldin skiptir hann herfangi.<\/span><\/p>\n<p><a name=\"28\"><\/a><span class=\"versanumer_2007\">28<\/span> \u00deetta voru allar t\u00f3lf \u00e6ttkv\u00edslir \u00cdsraels og \u00feetta er \u00fea\u00f0 sem fa\u00f0ir \u00feeirra sag\u00f0i vi\u00f0 \u00fe\u00e1. Jakob blessa\u00f0i \u00fe\u00e1 alla me\u00f0 \u00feeirri blessun sem hverjum \u00feeirra bar.<\/p>\n<h3 class=\"millifyrirsogn_2007\">Jakob deyr og er grafinn<\/h3>\n<p><a name=\"29\"><\/a><span class=\"versanumer_2007\">29<\/span> S\u00ed\u00f0an gaf hann \u00feeim \u00feessi fyrirm\u00e6li: \u201eN\u00fa \u00feegar \u00e9g safnast til m\u00edns f\u00f3lks skulu\u00f0 \u00fei\u00f0 jar\u00f0a mig hj\u00e1 fe\u00f0rum m\u00ednum, \u00ed hellinum \u00ed landi Efrons Het\u00edta, <a name=\"30\"><\/a><span class=\"versanumer_2007\">30<\/span> \u00ed hellinum sem er \u00ed Makpelalandi gegnt Mamre \u00ed Kanaanslandi. Abraham keypti \u00feennan helli og akur af Efron Het\u00edta fyrir grafreit. <a name=\"31\"><\/a><span class=\"versanumer_2007\">31<\/span> \u00dear var Abraham jar\u00f0a\u00f0ur og Sara, kona hans, \u00fear var \u00cdsak jar\u00f0a\u00f0ur og Rebekka, kona hans, og \u00fear jar\u00f0a\u00f0i \u00e9g Leu. <a name=\"32\"><\/a><span class=\"versanumer_2007\">32<\/span> Akurinn og hellirinn, sem \u00e1 honum er, voru keyptir af Het\u00edtum.\u201c <a name=\"33\"><\/a><span class=\"versanumer_2007\">33<\/span> \u00deegar Jakob haf\u00f0i gefi\u00f0 sonum s\u00ednum \u00feessi fyrirm\u00e6li lyfti hann f\u00f3tum s\u00ednum upp \u00ed hv\u00edluna. S\u00ed\u00f0an gaf hann upp andann og safna\u00f0ist til s\u00edns f\u00f3lks.<\/p>\n","protected":false},"excerpt":{"rendered":"<p>Jakob veitir sonum s\u00ednum t\u00f3lf blessun 1 \u00de\u00e1 l\u00e9t Jakob kalla \u00e1 syni s\u00edna og m\u00e6lti: Safnist saman, \u00e9g \u00e6tla a\u00f0 segja ykkur hva\u00f0 muni henda ykkur \u00e1 komandi t\u00edmum. 2Komi\u00f0 saman og hl\u00fd\u00f0i\u00f0 \u00e1, synir Jakobs, hl\u00fd\u00f0i\u00f0 \u00e1 \u00cdsrael f\u00f6\u00f0ur y\u00f0ar. 3R\u00faben, \u00fe\u00fa ert frumbur\u00f0ur minn, kraftur minn og frumgr\u00f3\u00f0i styrkleika m\u00edns, fremstur a\u00f0 vir\u00f0ingu og fremstur a\u00f0 m\u00e6tti. 4\u00de\u00fa \u00f3lgar sem vatni\u00f0, ekki skaltu fremstur vera \u00fev\u00ed a\u00f0 \u00fe\u00fa lag\u00f0ist \u00ed hv\u00edlu f\u00f6\u00f0ur \u00fe\u00edns, vanhelga\u00f0ir s\u00e6ng m\u00edna. 5S\u00edmeon og Lev\u00ed eru br\u00e6\u00f0ur, sver\u00f0 \u00feeirra eru ofbeldist\u00f3l. 6\u00c9g vil ekki blanda ge\u00f0i vi\u00f0 \u00fe\u00e1, ekki taka \u00fe\u00e1tt \u00ed samkomum <a href=\"https:\/\/biblian.is\/biblian\/fyrsta-mosebok-49-kafli\/\"> [&#8230;]<\/a><\/p>\n","protected":false},"author":1,"featured_media":0,"parent":0,"menu_order":0,"comment_status":"open","ping_status":"open","template":"bibliukaflar_NT.php","meta":{"footnotes":""},"class_list":["post-1666","page","type-page","status-publish","hentry"],"_links":{"self":[{"href":"https:\/\/biblian.is\/biblian\/wp-json\/wp\/v2\/pages\/1666","targetHints":{"allow":["GET"]}}],"collection":[{"href":"https:\/\/biblian.is\/biblian\/wp-json\/wp\/v2\/pages"}],"about":[{"href":"https:\/\/biblian.is\/biblian\/wp-json\/wp\/v2\/types\/page"}],"author":[{"embeddable":true,"href":"https:\/\/biblian.is\/biblian\/wp-json\/wp\/v2\/users\/1"}],"replies":[{"embeddable":true,"href":"https:\/\/biblian.is\/biblian\/wp-json\/wp\/v2\/comments?post=1666"}],"version-history":[{"count":0,"href":"https:\/\/biblian.is\/biblian\/wp-json\/wp\/v2\/pages\/1666\/revisions"}],"wp:attachment":[{"href":"https:\/\/biblian.is\/biblian\/wp-json\/wp\/v2\/media?parent=1666"}],"curies":[{"name":"wp","href":"https:\/\/api.w.org\/{rel}","templated":true}]}}