{"id":1664,"date":"2017-12-30T20:59:55","date_gmt":"2017-12-30T20:59:55","guid":{"rendered":"http:\/\/biblian.is\/biblian\/fyrsta-m%c2%97seb%c2%97k-47-kafli\/"},"modified":"2022-12-16T13:43:03","modified_gmt":"2022-12-16T13:43:03","slug":"fyrsta-mosebok-47-kafli","status":"publish","type":"page","link":"https:\/\/biblian.is\/biblian\/fyrsta-mosebok-47-kafli\/","title":{"rendered":"Fyrsta M\u00f3seb\u00f3k 47. kafli"},"content":{"rendered":"<h3 class=\"millifyrirsogn_2007\">Jakob leiddur fyrir fara\u00f3<\/h3>\n<p><a name=\"1\"><\/a><span class=\"versanumer_2007\">1<\/span> J\u00f3sef gekk n\u00fa fyrir fara\u00f3 og sag\u00f0i honum a\u00f0 fa\u00f0ir sinn og br\u00e6\u00f0ur v\u00e6ru komnir fr\u00e1 Kanaanslandi me\u00f0 sau\u00f0i s\u00edna, nautgripi og allt sem \u00feeir \u00e6ttu og v\u00e6ru n\u00fa \u00ed G\u00f3senlandi. <a name=\"2\"><\/a><span class=\"versanumer_2007\">2<\/span> J\u00f3sef haf\u00f0i teki\u00f0 fimm af br\u00e6\u00f0rum s\u00ednum me\u00f0 s\u00e9r og leiddi \u00fe\u00e1 fyrir fara\u00f3. <a name=\"3\"><\/a><span class=\"versanumer_2007\">3<\/span> \u00deegar fara\u00f3 spur\u00f0i \u00fe\u00e1 hva\u00f0a atvinnu \u00feeir stundu\u00f0u \u00fe\u00e1 sv\u00f6ru\u00f0u \u00feeir: \u201e\u00dej\u00f3nar \u00fe\u00ednir eru hjar\u00f0menn, b\u00e6\u00f0i vi\u00f0 og fe\u00f0ur okkar.\u201c<br \/>\n<a name=\"4\"><\/a><span class=\"versanumer_2007\">4<\/span> \u00deeir s\u00f6g\u00f0u vi\u00f0 fara\u00f3: \u201eVi\u00f0 erum komnir til a\u00f0 dveljast \u00ed landinu um skei\u00f0 \u00fev\u00ed a\u00f0 hall\u00e6ri\u00f0 er svo miki\u00f0 \u00ed Kanaanslandi a\u00f0 \u00fear er ekkert haglendi fyrir sau\u00f0i okkar. Leyf\u00f0u \u00fev\u00ed \u00fej\u00f3num \u00fe\u00ednum a\u00f0 b\u00faa \u00ed G\u00f3senlandi.\u201c<br \/>\n<a name=\"5\"><\/a><span class=\"versanumer_2007\">5<\/span> Fara\u00f3 sag\u00f0i vi\u00f0 J\u00f3sef: \u201eN\u00fa \u00feegar fa\u00f0ir \u00feinn og br\u00e6\u00f0ur \u00fe\u00ednir eru komnir til \u00fe\u00edn <a name=\"6\"><\/a><span class=\"versanumer_2007\">6<\/span> stendur Egyptaland \u00fe\u00e9r til rei\u00f0u, l\u00e1ttu f\u00f6\u00f0ur \u00feinn og br\u00e6\u00f0ur \u00fe\u00edna b\u00faa \u00fear sem landkostir eru bestir. \u00deeir mega b\u00faa \u00ed G\u00f3senlandi og ef \u00fe\u00fa veist um duglega menn me\u00f0al \u00feeirra feldu \u00feeim \u00fe\u00e1 yfirumsj\u00f3n hjar\u00f0a minna.\u201c<br \/>\n<a name=\"7\"><\/a><span class=\"versanumer_2007\">7<\/span> \u00de\u00e1 s\u00f3tti J\u00f3sef f\u00f6\u00f0ur sinn og leiddi hann fyrir fara\u00f3. Jakob heilsa\u00f0i fara\u00f3 <a name=\"8\"><\/a><span class=\"versanumer_2007\">8<\/span> sem spur\u00f0i hann: \u201eHversu gamall ertu?\u201c <a name=\"9\"><\/a><span class=\"versanumer_2007\">9<\/span> Jakob svara\u00f0i fara\u00f3: \u201eVegfer\u00f0art\u00edmi minn er hundra\u00f0 og \u00ferj\u00e1t\u00edu \u00e1r. F\u00e1ir og illir hafa dagar l\u00edfs m\u00edns veri\u00f0 og n\u00e1 ekki \u00feeirri \u00e1rat\u00f6lu er fe\u00f0ur m\u00ednir n\u00e1\u00f0u \u00e1 vegfer\u00f0 sinni.\u201c <a name=\"10\"><\/a><span class=\"versanumer_2007\">10<\/span> S\u00ed\u00f0an kvaddi Jakob fara\u00f3 og gekk \u00fat fr\u00e1 honum.<br \/>\n<a name=\"11\"><\/a><span class=\"versanumer_2007\">11<\/span> J\u00f3sef f\u00e9kk f\u00f6\u00f0ur s\u00ednum og br\u00e6\u00f0rum b\u00fasta\u00f0i og gaf \u00feeim jar\u00f0ir \u00ed Egyptalandi \u00fear sem bestir voru landkostir, \u00ed Ramseslandi, eins og fara\u00f3 haf\u00f0i bo\u00f0i\u00f0. <a name=\"12\"><\/a><span class=\"versanumer_2007\">12<\/span> Og J\u00f3sef s\u00e1 f\u00f6\u00f0ur s\u00ednum, br\u00e6\u00f0rum og \u00f6llum \u00e6ttmennum f\u00f6\u00f0ur s\u00edns fyrir vi\u00f0urv\u00e6ri \u00ed samr\u00e6mi vi\u00f0 st\u00e6r\u00f0 fj\u00f6lskyldnanna.<\/p>\n<h3 class=\"millifyrirsogn_2007\">J\u00f3sef kaupir jar\u00f0ir Egypta handa fara\u00f3<\/h3>\n<p><a name=\"13\"><\/a><span class=\"versanumer_2007\">13<\/span> \u00cd landinu var hvergi brau\u00f0 a\u00f0 f\u00e1 og svo miki\u00f0 var hall\u00e6ri\u00f0 a\u00f0 Egyptaland og Kanaansland voru a\u00f0 \u00ferotum komin af hungri. <a name=\"14\"><\/a><span class=\"versanumer_2007\">14<\/span> J\u00f3sef safna\u00f0i n\u00fa saman \u00f6llu silfri, sem til var \u00ed Egyptalandi og Kanaanslandi, fyrir korn sem f\u00f3lki\u00f0 keypti og J\u00f3sef skila\u00f0i silfrinu \u00ed h\u00fas fara\u00f3s.<br \/>\n<a name=\"15\"><\/a><span class=\"versanumer_2007\">15<\/span> \u00deegar silfri\u00f0 var \u00feroti\u00f0 \u00ed Egyptalandi og \u00ed Kanaanslandi flykktust Egyptar til J\u00f3sefs og s\u00f6g\u00f0u: \u201eGef\u00f0u okkur brau\u00f0 e\u00f0a eigum vi\u00f0 a\u00f0 deyja fyrir augum \u00fe\u00e9r af \u00fev\u00ed a\u00f0 silfri\u00f0 er \u00feroti\u00f0?\u201c <a name=\"16\"><\/a><span class=\"versanumer_2007\">16<\/span> J\u00f3sef svara\u00f0i: \u201eS\u00e9 silfri\u00f0 \u00feroti\u00f0 komi\u00f0 \u00fe\u00e1 hinga\u00f0 me\u00f0 f\u00e9na\u00f0 ykkar og \u00e9g skal l\u00e1ta ykkur f\u00e1 brau\u00f0 \u00ed sta\u00f0inn.\u201c <a name=\"17\"><\/a><span class=\"versanumer_2007\">17<\/span> \u00de\u00e1 f\u00f3ru \u00feeir me\u00f0 f\u00e9na\u00f0 sinn til J\u00f3sefs og hann l\u00e9t \u00fe\u00e1 f\u00e1 brau\u00f0 \u00ed sta\u00f0inn fyrir hestana, sau\u00f0f\u00e9\u00f0, nautpeninginn og asnana. \u00dea\u00f0 \u00e1ri\u00f0 s\u00e1 hann \u00feeim fyrir brau\u00f0i \u00ed skiptum fyrir f\u00e9na\u00f0 \u00feeirra.<br \/>\n<a name=\"18\"><\/a><span class=\"versanumer_2007\">18<\/span> \u00c1ri\u00f0 lei\u00f0 og \u00feeir komu til hans n\u00e6sta \u00e1r og s\u00f6g\u00f0u: \u201eVi\u00f0 viljum ekki leyna \u00feig \u00fev\u00ed, herra, a\u00f0 silfri\u00f0 er allt \u00feroti\u00f0 og kvikf\u00e9na\u00f0ur okkar er \u00feegar \u00ed \u00feinni eigu. \u00dea\u00f0 eina sem vi\u00f0 h\u00f6fum a\u00f0 bj\u00f3\u00f0a \u00fe\u00e9r eru l\u00edkamar okkar og jar\u00f0ir. <a name=\"19\"><\/a><span class=\"versanumer_2007\">19<\/span> Eigum vi\u00f0 a\u00f0 farast fyrir augum \u00fe\u00ednum, b\u00e6\u00f0i vi\u00f0 og jar\u00f0ir okkar? Taktu okkur og jar\u00f0ir okkar \u00ed skiptum fyrir brau\u00f0. Vi\u00f0 og jar\u00f0ir okkar ver\u00f0um eign fara\u00f3s ef \u00fe\u00fa a\u00f0eins gefur okkur s\u00e1\u00f0korn svo a\u00f0 vi\u00f0 h\u00f6ldum l\u00edfi og deyjum ekki og jar\u00f0irnar leggist ekki \u00ed au\u00f0n.\u201c <a name=\"20\"><\/a><span class=\"versanumer_2007\">20<\/span> \u00de\u00e1 keypti J\u00f3sef allar jar\u00f0ir Egypta handa fara\u00f3 \u00fev\u00ed a\u00f0 allir Egyptar seldu akra s\u00edna \u00fear sem hungri\u00f0 svarf a\u00f0 \u00feeim. \u00deannig eigna\u00f0ist fara\u00f3 landi\u00f0. <a name=\"21\"><\/a><span class=\"versanumer_2007\">21<\/span> Um allt Egyptaland ger\u00f0i hann f\u00f3lki\u00f0 a\u00f0 \u00fer\u00e6lum. <a name=\"22\"><\/a><span class=\"versanumer_2007\">22<\/span> Jar\u00f0ir prestanna keypti hann \u00fe\u00f3 ekki \u00fev\u00ed a\u00f0 prestarnir h\u00f6f\u00f0u \u00e1kve\u00f0nar tekjur fr\u00e1 fara\u00f3 og \u00feeir lif\u00f0u af \u00feeim tekjum sem fara\u00f3 f\u00e9kk \u00feeim. \u00deess vegna \u00feurftu \u00feeir ekki a\u00f0 selja jar\u00f0ir s\u00ednar.<br \/>\n<a name=\"23\"><\/a><span class=\"versanumer_2007\">23<\/span> J\u00f3sef sag\u00f0i vi\u00f0 f\u00f3lki\u00f0: \u201eN\u00fa hef \u00e9g keypt ykkur og jar\u00f0ir ykkar fara\u00f3 til handa. H\u00e9r er s\u00e1\u00f0korn handa ykkur svo a\u00f0 \u00fei\u00f0 geti\u00f0 s\u00e1\u00f0 \u00ed akrana. <a name=\"24\"><\/a><span class=\"versanumer_2007\">24<\/span> \u00deegar \u00fei\u00f0 uppskeri\u00f0 skulu\u00f0 \u00fei\u00f0 skila fara\u00f3 einum fimmta hluta en fj\u00f3rum fimmtu hlutum skulu\u00f0 \u00fei\u00f0 halda til \u00fats\u00e6\u00f0is og matar fyrir fj\u00f6lskyldur ykkar.\u201c <a name=\"25\"><\/a><span class=\"versanumer_2007\">25<\/span> \u00deeir sv\u00f6ru\u00f0u: \u201e\u00de\u00fa hefur bjarga\u00f0 l\u00edfi okkar. L\u00e1ttu okkur finna n\u00e1\u00f0 \u00ed augum \u00fe\u00ednum, herra, og \u00fe\u00e1 skulum vi\u00f0 vera \u00fer\u00e6lar fara\u00f3s.\u201c <a name=\"26\"><\/a><span class=\"versanumer_2007\">26<\/span> J\u00f3sef leiddi \u00fea\u00f0 \u00ed l\u00f6g, sem gilda allt til \u00feessa dags, a\u00f0 fara\u00f3 skyldi f\u00e1 fimmta hlutann af j\u00f6r\u00f0um Egypta. A\u00f0eins jar\u00f0ir prestanna ur\u00f0u ekki eign fara\u00f3s.<\/p>\n<h3 class=\"millifyrirsogn_2007\">Hinsta \u00f3sk Jakobs<\/h3>\n<p><a name=\"27\"><\/a><span class=\"versanumer_2007\">27<\/span> \u00cdsraelsmenn bjuggu \u00ed Egyptalandi, \u00ed G\u00f3senlandi, \u00fear settust \u00feeir a\u00f0, voru frj\u00f3samir og \u00feeim fj\u00f6lga\u00f0i mj\u00f6g.<br \/>\n<a name=\"28\"><\/a><span class=\"versanumer_2007\">28<\/span> Jakob lif\u00f0i sautj\u00e1n \u00e1r \u00ed Egyptalandi og \u00e6vi\u00e1r hans ur\u00f0u hundra\u00f0 fj\u00f6rut\u00edu og sj\u00f6.<br \/>\n<a name=\"29\"><\/a><span class=\"versanumer_2007\">29<\/span> \u00deegar dau\u00f0inn n\u00e1lga\u00f0ist l\u00e9t \u00cdsrael kalla \u00e1 J\u00f3sef, son sinn, og sag\u00f0i vi\u00f0 hann: \u201eHafi \u00e9g fundi\u00f0 n\u00e1\u00f0 \u00ed augum \u00fe\u00ednum legg\u00f0u \u00fe\u00e1 h\u00f6nd \u00fe\u00edna undir lend m\u00edna og lofa\u00f0u a\u00f0 s\u00fdna m\u00e9r elsku og tr\u00fafesti: Jar\u00f0a mig ekki \u00ed Egyptalandi. <a name=\"30\"><\/a><span class=\"versanumer_2007\">30<\/span> \u00c9g vil hv\u00edla hj\u00e1 fe\u00f0rum m\u00ednum og \u00fe\u00fa skalt flytja mig burt fr\u00e1 Egyptalandi og jar\u00f0a mig \u00ed gr\u00f6f \u00feeirra.\u201c Hann svara\u00f0i: \u201e\u00c9g mun gera eins og \u00fe\u00fa hefur sagt.\u201c <a name=\"31\"><\/a><span class=\"versanumer_2007\">31<\/span> \u201eVinn \u00fe\u00fa m\u00e9r ei\u00f0 a\u00f0 \u00fev\u00ed,\u201c sag\u00f0i Jakob og hann vann honum ei\u00f0inn. S\u00ed\u00f0an laut \u00cdsrael ni\u00f0ur til b\u00e6nar vi\u00f0 h\u00f6f\u00f0alag hv\u00edlu sinnar.<\/p>\n","protected":false},"excerpt":{"rendered":"<p>Jakob leiddur fyrir fara\u00f3 1 J\u00f3sef gekk n\u00fa fyrir fara\u00f3 og sag\u00f0i honum a\u00f0 fa\u00f0ir sinn og br\u00e6\u00f0ur v\u00e6ru komnir fr\u00e1 Kanaanslandi me\u00f0 sau\u00f0i s\u00edna, nautgripi og allt sem \u00feeir \u00e6ttu og v\u00e6ru n\u00fa \u00ed G\u00f3senlandi. 2 J\u00f3sef haf\u00f0i teki\u00f0 fimm af br\u00e6\u00f0rum s\u00ednum me\u00f0 s\u00e9r og leiddi \u00fe\u00e1 fyrir fara\u00f3. 3 \u00deegar fara\u00f3 spur\u00f0i \u00fe\u00e1 hva\u00f0a atvinnu \u00feeir stundu\u00f0u \u00fe\u00e1 sv\u00f6ru\u00f0u \u00feeir: \u201e\u00dej\u00f3nar \u00fe\u00ednir eru hjar\u00f0menn, b\u00e6\u00f0i vi\u00f0 og fe\u00f0ur okkar.\u201c 4 \u00deeir s\u00f6g\u00f0u vi\u00f0 fara\u00f3: \u201eVi\u00f0 erum komnir til a\u00f0 dveljast \u00ed landinu um skei\u00f0 \u00fev\u00ed a\u00f0 hall\u00e6ri\u00f0 er svo miki\u00f0 \u00ed Kanaanslandi a\u00f0 \u00fear er ekkert haglendi <a href=\"https:\/\/biblian.is\/biblian\/fyrsta-mosebok-47-kafli\/\"> [&#8230;]<\/a><\/p>\n","protected":false},"author":1,"featured_media":0,"parent":0,"menu_order":0,"comment_status":"open","ping_status":"open","template":"bibliukaflar_NT.php","meta":{"footnotes":""},"class_list":["post-1664","page","type-page","status-publish","hentry"],"_links":{"self":[{"href":"https:\/\/biblian.is\/biblian\/wp-json\/wp\/v2\/pages\/1664","targetHints":{"allow":["GET"]}}],"collection":[{"href":"https:\/\/biblian.is\/biblian\/wp-json\/wp\/v2\/pages"}],"about":[{"href":"https:\/\/biblian.is\/biblian\/wp-json\/wp\/v2\/types\/page"}],"author":[{"embeddable":true,"href":"https:\/\/biblian.is\/biblian\/wp-json\/wp\/v2\/users\/1"}],"replies":[{"embeddable":true,"href":"https:\/\/biblian.is\/biblian\/wp-json\/wp\/v2\/comments?post=1664"}],"version-history":[{"count":0,"href":"https:\/\/biblian.is\/biblian\/wp-json\/wp\/v2\/pages\/1664\/revisions"}],"wp:attachment":[{"href":"https:\/\/biblian.is\/biblian\/wp-json\/wp\/v2\/media?parent=1664"}],"curies":[{"name":"wp","href":"https:\/\/api.w.org\/{rel}","templated":true}]}}