{"id":1663,"date":"2017-12-30T20:59:55","date_gmt":"2017-12-30T20:59:55","guid":{"rendered":"http:\/\/biblian.is\/biblian\/fyrsta-m%c2%97seb%c2%97k-46-kafli\/"},"modified":"2022-12-16T13:43:03","modified_gmt":"2022-12-16T13:43:03","slug":"fyrsta-mosebok-46-kafli","status":"publish","type":"page","link":"https:\/\/biblian.is\/biblian\/fyrsta-mosebok-46-kafli\/","title":{"rendered":"Fyrsta M\u00f3seb\u00f3k 46. kafli"},"content":{"rendered":"<h3 class=\"millifyrirsogn_2007\">Jakob fer til Egyptalands<\/h3>\n<p><a name=\"1\"><\/a><span class=\"versanumer_2007\">1<\/span> \u00cdsrael lag\u00f0i n\u00fa af sta\u00f0 me\u00f0 allt sitt og hann kom til Beerseba \u00fear sem hann f\u00e6r\u00f0i Gu\u00f0i \u00cdsaks, f\u00f6\u00f0ur s\u00edns, sl\u00e1turf\u00f3rn. <a name=\"2\"><\/a><span class=\"versanumer_2007\">2<\/span> \u00de\u00e1 um n\u00f3ttina tala\u00f0i Gu\u00f0 vi\u00f0 \u00cdsrael \u00ed s\u00fdn og sag\u00f0i: \u201eJakob, Jakob!\u201c Hann svara\u00f0i: \u201eH\u00e9r er \u00e9g.\u201c<br \/>\n<a name=\"3\"><\/a><span class=\"versanumer_2007\">3<\/span> Gu\u00f0 sag\u00f0i: \u201e\u00c9g er Gu\u00f0, Gu\u00f0 f\u00f6\u00f0ur \u00fe\u00edns. \u00d3ttast \u00fe\u00fa ekki a\u00f0 fara til Egyptalands \u00fev\u00ed a\u00f0 \u00fear mun \u00e9g gera \u00feig a\u00f0 mikilli \u00fej\u00f3\u00f0. <a name=\"4\"><\/a><span class=\"versanumer_2007\">4<\/span> \u00c9g mun sj\u00e1lfur fylgja \u00fe\u00e9r til Egyptalands og \u00e9g mun flytja \u00feig \u00fea\u00f0an aftur og J\u00f3sef mun veita \u00fe\u00e9r n\u00e1bjargirnar.\u201c<br \/>\n<a name=\"5\"><\/a><span class=\"versanumer_2007\">5<\/span> S\u00ed\u00f0an lag\u00f0i Jakob af sta\u00f0 fr\u00e1 Beerseba og \u00cdsraels synir fluttu Jakob, f\u00f6\u00f0ur sinn, b\u00f6rn s\u00edn og konur \u00e1 v\u00f6gnunum sem fara\u00f3 haf\u00f0i sent til a\u00f0 flytja hann \u00e1. <a name=\"6\"><\/a><span class=\"versanumer_2007\">6<\/span> \u00deeir t\u00f3ku f\u00e9na\u00f0 sinn og anna\u00f0 \u00fea\u00f0 sem \u00feeir h\u00f6f\u00f0u eignast \u00ed Kanaanslandi og komu til Egyptalands, Jakob og allir ni\u00f0jar hans me\u00f0 honum. <a name=\"7\"><\/a><span class=\"versanumer_2007\">7<\/span> Hann flutti syni s\u00edna og sonasyni, d\u00e6tur s\u00ednar og sonad\u00e6tur og alla ni\u00f0ja s\u00edna me\u00f0 s\u00e9r til Egyptalands.<\/p>\n<h3 class=\"millifyrirsogn_2007\">Ni\u00f0jatal \u00cdsraels<\/h3>\n<p><a name=\"8\"><\/a><span class=\"versanumer_2007\">8<\/span> \u00deetta eru n\u00f6fn \u00cdsraels sona sem komu til Egyptalands: Jakob og synir hans: R\u00faben, frumgetinn sonur Jakobs.<br \/>\n<a name=\"9\"><\/a><span class=\"versanumer_2007\">9<\/span> Synir R\u00fabens voru Hanok, Pall\u00fa, Hesr\u00f3n og Karm\u00ed.<br \/>\n<a name=\"10\"><\/a><span class=\"versanumer_2007\">10<\/span> Synir S\u00edmeons voru Jem\u00fael, Jam\u00edn, \u00d3had, Jak\u00edn, S\u00f3ar og S\u00e1l, sonur kanversku konunnar.<br \/>\n<a name=\"11\"><\/a><span class=\"versanumer_2007\">11<\/span> Synir Lev\u00ed voru Gerson, Kahat og Merar\u00ed.<br \/>\n<a name=\"12\"><\/a><span class=\"versanumer_2007\">12<\/span> Synir J\u00fada voru Ger, \u00d3nan, Sela, Peres og Sera. En Ger og \u00d3nan d\u00f3u \u00ed Kanaanslandi. Synir Peresar voru Hesr\u00f3n og Ham\u00fal.<br \/>\n<a name=\"13\"><\/a><span class=\"versanumer_2007\">13<\/span> Synir \u00cdssakars voru T\u00f3la, P\u00fava, Job og S\u00edmron.<br \/>\n<a name=\"14\"><\/a><span class=\"versanumer_2007\">14<\/span> Synir Seb\u00falons voru Sered, Elon og Jahleel.<br \/>\n<a name=\"15\"><\/a><span class=\"versanumer_2007\">15<\/span> \u00deessir voru synir Leu sem h\u00fan f\u00e6ddi Jakobi \u00ed Mes\u00f3p\u00f3tam\u00edu auk D\u00ednu, d\u00f3ttur hans. Alls voru synir hans og d\u00e6tur \u00ferj\u00e1t\u00edu og \u00ferj\u00fa a\u00f0 t\u00f6lu.<br \/>\n<a name=\"16\"><\/a><span class=\"versanumer_2007\">16<\/span> Synir Ga\u00f0s voru S\u00edfj\u00f3n, Hagg\u00ed, S\u00fan\u00ed, Esbon, Er\u00ed, Ar\u00f3d\u00ed og Arel\u00ed.<br \/>\n<a name=\"17\"><\/a><span class=\"versanumer_2007\">17<\/span> Synir Assers voru Jimna, J\u00edsva, J\u00edsv\u00ed, Br\u00eda og Sera var systir \u00feeirra.<br \/>\nSynir Br\u00eda voru Heber og Malk\u00edel.<br \/>\n<a name=\"18\"><\/a><span class=\"versanumer_2007\">18<\/span> \u00deessir voru synir Silpu, amb\u00e1ttarinnar sem Laban haf\u00f0i gefi\u00f0 Leu, d\u00f3ttur sinni. Alls \u00f3l Silpa Jakobi sext\u00e1n b\u00f6rn.<br \/>\n<a name=\"19\"><\/a><span class=\"versanumer_2007\">19<\/span> Synir Rakelar, konu Jakobs, voru J\u00f3sef og Benjam\u00edn.<br \/>\n<a name=\"20\"><\/a><span class=\"versanumer_2007\">20<\/span> \u00cd Egyptalandi f\u00e6ddust J\u00f3sef synirnir Manasse og Efra\u00edm sem Asenat, d\u00f3ttir P\u00f3t\u00edfera, prests \u00ed \u00d3n, \u00f3l honum.<br \/>\n<a name=\"21\"><\/a><span class=\"versanumer_2007\">21<\/span> Synir Benjam\u00edns voru Bela, Beker, Asbel, Gera, Naaman, Eh\u00ed, R\u00f3s, M\u00fapp\u00edm, H\u00fapp\u00edm og Ard.<br \/>\n<a name=\"22\"><\/a><span class=\"versanumer_2007\">22<\/span> \u00deetta voru synir Rakelar sem h\u00fan \u00f3l Jakobi, fj\u00f3rt\u00e1n talsins.<br \/>\n<a name=\"23\"><\/a><span class=\"versanumer_2007\">23<\/span> Sonur Dans var H\u00fas\u00edn.<br \/>\n<a name=\"24\"><\/a><span class=\"versanumer_2007\">24<\/span> Synir Naftal\u00ed voru Jahseel, G\u00fan\u00ed, Jeser og Sillem.<br \/>\n<a name=\"25\"><\/a><span class=\"versanumer_2007\">25<\/span> \u00deessir voru synir B\u00edlu, amb\u00e1ttarinnar sem Laban haf\u00f0i gefi\u00f0 Rakel, d\u00f3ttur sinni. Alls \u00f3l h\u00fan Jakobi sj\u00f6 syni.<br \/>\n<a name=\"26\"><\/a><span class=\"versanumer_2007\">26<\/span> \u00deeir ni\u00f0jar Jakobs sem komu til Egyptalands voru sext\u00edu og sex auk tengdad\u00e6tra hans. <a name=\"27\"><\/a><span class=\"versanumer_2007\">27<\/span> Af \u00fev\u00ed a\u00f0 J\u00f3sef h\u00f6f\u00f0u f\u00e6\u00f0st tveir synir \u00ed Egyptalandi voru \u00e6ttmenni Jakobs, sem komu til Egyptalands, alls sj\u00f6t\u00edu a\u00f0 t\u00f6lu.<\/p>\n<h3 class=\"millifyrirsogn_2007\">Jakob sest a\u00f0 \u00ed Egyptalandi<\/h3>\n<p><a name=\"28\"><\/a><span class=\"versanumer_2007\">28<\/span> Jakob haf\u00f0i sent J\u00fada \u00e1 undan s\u00e9r til J\u00f3sefs svo a\u00f0 hann g\u00e6ti v\u00edsa\u00f0 honum veginn til G\u00f3sen. \u00deegar \u00feeir komu \u00feanga\u00f0 <a name=\"29\"><\/a><span class=\"versanumer_2007\">29<\/span> l\u00e9t J\u00f3sef beita fyrir vagn sinn og f\u00f3r \u00e1 m\u00f3ti \u00cdsrael, f\u00f6\u00f0ur s\u00ednum, til G\u00f3sen og er \u00feeir hittust \u00fear f\u00e9ll hann um h\u00e1ls honum og gr\u00e9t lengi. <a name=\"30\"><\/a><span class=\"versanumer_2007\">30<\/span> \u00cdsrael sag\u00f0i vi\u00f0 J\u00f3sef: \u201eN\u00fa er \u00e9g b\u00fainn undir dau\u00f0a minn fyrst \u00e9g hef s\u00e9\u00f0 auglit \u00feitt og veit a\u00f0 \u00fe\u00fa ert enn \u00e1 l\u00edfi.\u201c <a name=\"31\"><\/a><span class=\"versanumer_2007\">31<\/span> J\u00f3sef sag\u00f0i vi\u00f0 br\u00e6\u00f0ur s\u00edna og anna\u00f0 skyldf\u00f3lk f\u00f6\u00f0ur s\u00edns: \u201eN\u00fa \u00e6tla \u00e9g a\u00f0 fara og l\u00e1ta fara\u00f3 vita a\u00f0 br\u00e6\u00f0ur m\u00ednir og skyldf\u00f3lk f\u00f6\u00f0ur m\u00edns, sem var \u00ed Kanaanslandi, s\u00e9 komi\u00f0 til m\u00edn og segja vi\u00f0 hann: <a name=\"32\"><\/a><span class=\"versanumer_2007\">32<\/span> Mennirnir eru hjar\u00f0menn, \u00feeir hafa stunda\u00f0 kvikfj\u00e1rr\u00e6kt og hafa teki\u00f0 sau\u00f0i s\u00edna og nautpening sinn me\u00f0 s\u00e9r og allt sem \u00feeir eiga. <a name=\"33\"><\/a><span class=\"versanumer_2007\">33<\/span> \u00deegar n\u00fa fara\u00f3 l\u00e6tur kalla \u00e1 ykkur og spyr hva\u00f0a atvinnu \u00fei\u00f0 stundi\u00f0, <a name=\"34\"><\/a><span class=\"versanumer_2007\">34<\/span> \u00fe\u00e1 skulu\u00f0 \u00fei\u00f0 svara: \u00dej\u00f3nar \u00fe\u00ednir hafa stunda\u00f0 kvikfj\u00e1rr\u00e6kt fr\u00e1 barn\u00e6sku allt til \u00feessa dags, b\u00e6\u00f0i vi\u00f0 og fe\u00f0ur okkar. \u00de\u00e1 munu\u00f0 \u00fei\u00f0 f\u00e1 a\u00f0 b\u00faa \u00ed G\u00f3senlandi \u00fev\u00ed a\u00f0 Egyptar hafa andstygg\u00f0 \u00e1 \u00f6llum hjar\u00f0m\u00f6nnum.\u201c<\/p>\n","protected":false},"excerpt":{"rendered":"<p>Jakob fer til Egyptalands 1 \u00cdsrael lag\u00f0i n\u00fa af sta\u00f0 me\u00f0 allt sitt og hann kom til Beerseba \u00fear sem hann f\u00e6r\u00f0i Gu\u00f0i \u00cdsaks, f\u00f6\u00f0ur s\u00edns, sl\u00e1turf\u00f3rn. 2 \u00de\u00e1 um n\u00f3ttina tala\u00f0i Gu\u00f0 vi\u00f0 \u00cdsrael \u00ed s\u00fdn og sag\u00f0i: \u201eJakob, Jakob!\u201c Hann svara\u00f0i: \u201eH\u00e9r er \u00e9g.\u201c 3 Gu\u00f0 sag\u00f0i: \u201e\u00c9g er Gu\u00f0, Gu\u00f0 f\u00f6\u00f0ur \u00fe\u00edns. \u00d3ttast \u00fe\u00fa ekki a\u00f0 fara til Egyptalands \u00fev\u00ed a\u00f0 \u00fear mun \u00e9g gera \u00feig a\u00f0 mikilli \u00fej\u00f3\u00f0. 4 \u00c9g mun sj\u00e1lfur fylgja \u00fe\u00e9r til Egyptalands og \u00e9g mun flytja \u00feig \u00fea\u00f0an aftur og J\u00f3sef mun veita \u00fe\u00e9r n\u00e1bjargirnar.\u201c 5 S\u00ed\u00f0an lag\u00f0i Jakob af sta\u00f0 fr\u00e1 <a href=\"https:\/\/biblian.is\/biblian\/fyrsta-mosebok-46-kafli\/\"> [&#8230;]<\/a><\/p>\n","protected":false},"author":1,"featured_media":0,"parent":0,"menu_order":0,"comment_status":"open","ping_status":"open","template":"bibliukaflar_NT.php","meta":{"footnotes":""},"class_list":["post-1663","page","type-page","status-publish","hentry"],"_links":{"self":[{"href":"https:\/\/biblian.is\/biblian\/wp-json\/wp\/v2\/pages\/1663","targetHints":{"allow":["GET"]}}],"collection":[{"href":"https:\/\/biblian.is\/biblian\/wp-json\/wp\/v2\/pages"}],"about":[{"href":"https:\/\/biblian.is\/biblian\/wp-json\/wp\/v2\/types\/page"}],"author":[{"embeddable":true,"href":"https:\/\/biblian.is\/biblian\/wp-json\/wp\/v2\/users\/1"}],"replies":[{"embeddable":true,"href":"https:\/\/biblian.is\/biblian\/wp-json\/wp\/v2\/comments?post=1663"}],"version-history":[{"count":0,"href":"https:\/\/biblian.is\/biblian\/wp-json\/wp\/v2\/pages\/1663\/revisions"}],"wp:attachment":[{"href":"https:\/\/biblian.is\/biblian\/wp-json\/wp\/v2\/media?parent=1663"}],"curies":[{"name":"wp","href":"https:\/\/api.w.org\/{rel}","templated":true}]}}