{"id":1662,"date":"2017-12-30T20:59:55","date_gmt":"2017-12-30T20:59:55","guid":{"rendered":"http:\/\/biblian.is\/biblian\/fyrsta-m%c2%97seb%c2%97k-45-kafli\/"},"modified":"2022-12-16T13:43:03","modified_gmt":"2022-12-16T13:43:03","slug":"fyrsta-mosebok-45-kafli","status":"publish","type":"page","link":"https:\/\/biblian.is\/biblian\/fyrsta-mosebok-45-kafli\/","title":{"rendered":"Fyrsta M\u00f3seb\u00f3k 45. kafli"},"content":{"rendered":"<h3 class=\"millifyrirsogn_2007\">J\u00f3sef segir til s\u00edn<\/h3>\n<p><a name=\"1\"><\/a><span class=\"versanumer_2007\">1<\/span> N\u00fa gat J\u00f3sef ekki lengur haft stj\u00f3rn \u00e1 tilfinningum s\u00ednum frammi fyrir hir\u00f0m\u00f6nnum s\u00ednum og skipa\u00f0i \u00feeim a\u00f0 fara \u00fat. Enginn \u00feeirra var \u00fev\u00ed inni hj\u00e1 honum \u00feegar hann sag\u00f0i br\u00e6\u00f0rum s\u00ednum hver hann v\u00e6ri. <a name=\"2\"><\/a><span class=\"versanumer_2007\">2<\/span> J\u00f3sef brast \u00ed gr\u00e1t og gr\u00e9t svo h\u00e1tt a\u00f0 Egyptar heyr\u00f0u \u00fea\u00f0 og fr\u00e9ttin barst um h\u00f6ll fara\u00f3s.<br \/>\n<a name=\"3\"><\/a><span class=\"versanumer_2007\">3<\/span> J\u00f3sef sag\u00f0i vi\u00f0 br\u00e6\u00f0ur s\u00edna: \u201e\u00c9g er J\u00f3sef. Er fa\u00f0ir minn enn \u00e1 l\u00edfi?\u201c En br\u00e6\u00f0ur hans g\u00e1tu ekki svara\u00f0 honum, svo \u00f3ttaslegnir voru \u00feeir.<br \/>\n<a name=\"4\"><\/a><span class=\"versanumer_2007\">4<\/span> \u00de\u00e1 sag\u00f0i J\u00f3sef vi\u00f0 br\u00e6\u00f0ur s\u00edna: \u201eKomi\u00f0 hinga\u00f0 til m\u00edn.\u201c \u00deeir gengu til hans og hann sag\u00f0i: \u201e\u00c9g er J\u00f3sef, br\u00f3\u00f0ir ykkar, sem \u00fei\u00f0 seldu\u00f0 til Egyptalands. <a name=\"5\"><\/a><span class=\"versanumer_2007\">5<\/span> En veri\u00f0 ekki daprir og \u00e1saki\u00f0 ykkur ekki fyrir a\u00f0 hafa selt mig hinga\u00f0. \u00dea\u00f0 var Gu\u00f0 sem sendi mig hinga\u00f0 \u00e1 undan ykkur til a\u00f0 bjarga l\u00edfi. <a name=\"6\"><\/a><span class=\"versanumer_2007\">6<\/span> N\u00fa hefur hungursney\u00f0 veri\u00f0 \u00ed landinu \u00ed tv\u00f6 \u00e1r og enn munu koma fimm \u00e1r \u00e1n \u00feess a\u00f0 h\u00e6gt ver\u00f0i a\u00f0 pl\u00e6gja e\u00f0a uppskera. <a name=\"7\"><\/a><span class=\"versanumer_2007\">7<\/span> Gu\u00f0 hefur sent mig hinga\u00f0 \u00e1 undan ykkur til \u00feess a\u00f0 halda vi\u00f0 kyni ykkar \u00e1 j\u00f6r\u00f0inni og tryggja ykkur fj\u00f6lda ni\u00f0ja. <a name=\"8\"><\/a><span class=\"versanumer_2007\">8<\/span> \u00dea\u00f0 voru\u00f0 \u00fev\u00ed ekki \u00fei\u00f0 sem sendu\u00f0 mig hinga\u00f0 heldur Gu\u00f0 og hann hefur gert mig a\u00f0 fremsta r\u00e1\u00f0gjafa fara\u00f3s, sett mig yfir allt h\u00fas hans og fali\u00f0 m\u00e9r a\u00f0 st\u00fdra \u00f6llu Egyptalandi. <a name=\"9\"><\/a><span class=\"versanumer_2007\">9<\/span> Fl\u00fdti\u00f0 ykkur n\u00fa heim til f\u00f6\u00f0ur m\u00edns og segi\u00f0 vi\u00f0 hann: Svo segir J\u00f3sef sonur \u00feinn: Gu\u00f0 hefur fali\u00f0 m\u00e9r stj\u00f3rn alls Egyptalands. Komdu til m\u00edn \u00e1n tafar. <a name=\"10\"><\/a><span class=\"versanumer_2007\">10<\/span> \u00de\u00fa skalt b\u00faa \u00ed G\u00f3senlandi, n\u00e6rri m\u00e9r, \u00fe\u00fa og synir \u00fe\u00ednir og sonasynir, sau\u00f0f\u00e9 \u00feitt og nautgripir og allt sem \u00feitt er. <a name=\"11\"><\/a><span class=\"versanumer_2007\">11<\/span> \u00c9g skal sj\u00e1 \u00fe\u00e9r farbor\u00f0a \u00fev\u00ed a\u00f0 enn ver\u00f0ur hungursney\u00f0 \u00ed fimm \u00e1r. \u00de\u00fa munt ekki l\u00ed\u00f0a skort, hvorki \u00fe\u00fa, fj\u00f6lskylda \u00fe\u00edn n\u00e9 nokku\u00f0 sem \u00feitt er.\u201c<br \/>\n<a name=\"12\"><\/a><span class=\"versanumer_2007\">12<\/span> J\u00f3sef h\u00e9lt \u00e1fram: \u201e\u00dei\u00f0 sj\u00e1i\u00f0 me\u00f0 eigin augum, b\u00e6\u00f0i Benjam\u00edn br\u00f3\u00f0ir minn og \u00fei\u00f0 hinir, a\u00f0 \u00fea\u00f0 er \u00e9g sj\u00e1lfur sem tala til ykkar. <a name=\"13\"><\/a><span class=\"versanumer_2007\">13<\/span> Segi\u00f0 f\u00f6\u00f0ur m\u00ednum hversu valdamikill \u00e9g er \u00ed Egyptalandi og fr\u00e1 \u00f6llu sem \u00fei\u00f0 hafi\u00f0 s\u00e9\u00f0. Komi\u00f0 hinga\u00f0 me\u00f0 f\u00f6\u00f0ur minn eins flj\u00f3tt og ykkur er unnt.\u201c<br \/>\n<a name=\"14\"><\/a><span class=\"versanumer_2007\">14<\/span> Hann f\u00e9ll um h\u00e1ls Benjam\u00edn br\u00f3\u00f0ur s\u00ednum og gr\u00e9t og Benjam\u00edn fa\u00f0ma\u00f0i hann og gr\u00e9t. <a name=\"15\"><\/a><span class=\"versanumer_2007\">15<\/span> Hann kyssti alla br\u00e6\u00f0ur s\u00edna, fa\u00f0ma\u00f0i \u00fe\u00e1 og gr\u00e9t. Eftir \u00fea\u00f0 t\u00f6lu\u00f0u br\u00e6\u00f0ur hans vi\u00f0 hann.<\/p>\n<h3 class=\"millifyrirsogn_2007\">Br\u00e6\u00f0urnir sn\u00faa aftur til f\u00f6\u00f0ur s\u00edns<\/h3>\n<p><a name=\"16\"><\/a><span class=\"versanumer_2007\">16<\/span> \u00dea\u00f0 haf\u00f0i fr\u00e9st \u00ed h\u00f6ll fara\u00f3s a\u00f0 br\u00e6\u00f0ur J\u00f3sefs v\u00e6ru komnir og gl\u00f6ddust fara\u00f3 og hir\u00f0menn hans yfir \u00fev\u00ed. <a name=\"17\"><\/a><span class=\"versanumer_2007\">17<\/span> Fara\u00f3 sag\u00f0i vi\u00f0 J\u00f3sef: \u201eSeg\u00f0u br\u00e6\u00f0rum \u00fe\u00ednum: Klyfji\u00f0 bur\u00f0ard\u00fdr ykkar og haldi\u00f0 af sta\u00f0 til Kanaanslands. <a name=\"18\"><\/a><span class=\"versanumer_2007\">18<\/span> S\u00e6ki\u00f0 f\u00f6\u00f0ur ykkar og fj\u00f6lskyldur og komi\u00f0 til m\u00edn. \u00c9g skal gefa ykkur \u00fea\u00f0 besta sem Egyptaland hefur upp \u00e1 a\u00f0 bj\u00f3\u00f0a og \u00fei\u00f0 skulu\u00f0 nj\u00f3ta g\u00e6\u00f0a landsins. <a name=\"19\"><\/a><span class=\"versanumer_2007\">19<\/span> Seg\u00f0u \u00feeim einnig \u00feetta: Taki\u00f0 vagna \u00ed Egyptalandi handa b\u00f6rnum ykkar og konum, s\u00e6ki\u00f0 s\u00ed\u00f0an f\u00f6\u00f0ur ykkar og komi\u00f0 hinga\u00f0. <a name=\"20\"><\/a><span class=\"versanumer_2007\">20<\/span> Hir\u00f0i\u00f0 ekki um eigur ykkar \u00fev\u00ed a\u00f0 \u00fei\u00f0 munu\u00f0 eignast \u00fea\u00f0 besta sem Egyptaland hefur upp \u00e1 a\u00f0 bj\u00f3\u00f0a.\u201c<br \/>\n<a name=\"21\"><\/a><span class=\"versanumer_2007\">21<\/span> Synir \u00cdsraels ger\u00f0u \u00feetta og J\u00f3sef f\u00e9kk \u00feeim vagna og nesti til fararinnar eins og fara\u00f3 haf\u00f0i bo\u00f0i\u00f0. <a name=\"22\"><\/a><span class=\"versanumer_2007\">22<\/span> Hann gaf \u00feeim \u00f6llum sparikl\u00e6\u00f0na\u00f0 en Benjam\u00edn gaf hann \u00ferj\u00fa hundru\u00f0 sikla silfurs og fimm sparikl\u00e6\u00f0na\u00f0i. <a name=\"23\"><\/a><span class=\"versanumer_2007\">23<\/span> Hann sendi og f\u00f6\u00f0ur s\u00ednum t\u00edu asna klyfja\u00f0a hinum bestu afur\u00f0um Egyptalands og t\u00edu \u00f6snur klyfja\u00f0ar korni, brau\u00f0i og \u00f6\u00f0ru matarkyns handa f\u00f6\u00f0ur s\u00ednum til fer\u00f0arinnar. <a name=\"24\"><\/a><span class=\"versanumer_2007\">24<\/span> S\u00ed\u00f0an kvaddi J\u00f3sef br\u00e6\u00f0ur s\u00edna og er \u00feeir h\u00e9ldu af sta\u00f0 sag\u00f0i hann vi\u00f0 \u00fe\u00e1: \u201eDeili\u00f0 ekki \u00e1 lei\u00f0inni.\u201c<br \/>\n<a name=\"25\"><\/a><span class=\"versanumer_2007\">25<\/span> \u00deeir f\u00f3ru fr\u00e1 Egyptalandi og komu til Kanaanslands, heim til Jakobs, f\u00f6\u00f0ur s\u00edns. <a name=\"26\"><\/a><span class=\"versanumer_2007\">26<\/span> \u00deeir f\u00e6r\u00f0u honum t\u00ed\u00f0indin og s\u00f6g\u00f0u: \u201eJ\u00f3sef er enn \u00e1 l\u00edfi og st\u00fdrir \u00f6llu Egyptalandi.\u201c En hjarta hans komst ekki vi\u00f0 \u00fev\u00ed a\u00f0 hann tr\u00fa\u00f0i \u00feeim ekki. <a name=\"27\"><\/a><span class=\"versanumer_2007\">27<\/span> En er \u00feeir sk\u00fdr\u00f0u honum fr\u00e1 \u00f6llu sem J\u00f3sef haf\u00f0i vi\u00f0 \u00fe\u00e1 tala\u00f0 og hann s\u00e1 vagnana sem J\u00f3sef haf\u00f0i sent til a\u00f0 flytja hann \u00ed, \u00fe\u00e1 lifna\u00f0i yfir Jakobi, f\u00f6\u00f0ur \u00feeirra. <a name=\"28\"><\/a><span class=\"versanumer_2007\">28<\/span> \u201eM\u00e9r n\u00e6gir a\u00f0 J\u00f3sef, sonur minn, er enn \u00e1 l\u00edfi,\u201c sag\u00f0i \u00cdsrael. \u201e\u00c9g vil fara og sj\u00e1 hann \u00e1\u00f0ur en \u00e9g dey.\u201c<\/p>\n","protected":false},"excerpt":{"rendered":"<p>J\u00f3sef segir til s\u00edn 1 N\u00fa gat J\u00f3sef ekki lengur haft stj\u00f3rn \u00e1 tilfinningum s\u00ednum frammi fyrir hir\u00f0m\u00f6nnum s\u00ednum og skipa\u00f0i \u00feeim a\u00f0 fara \u00fat. Enginn \u00feeirra var \u00fev\u00ed inni hj\u00e1 honum \u00feegar hann sag\u00f0i br\u00e6\u00f0rum s\u00ednum hver hann v\u00e6ri. 2 J\u00f3sef brast \u00ed gr\u00e1t og gr\u00e9t svo h\u00e1tt a\u00f0 Egyptar heyr\u00f0u \u00fea\u00f0 og fr\u00e9ttin barst um h\u00f6ll fara\u00f3s. 3 J\u00f3sef sag\u00f0i vi\u00f0 br\u00e6\u00f0ur s\u00edna: \u201e\u00c9g er J\u00f3sef. Er fa\u00f0ir minn enn \u00e1 l\u00edfi?\u201c En br\u00e6\u00f0ur hans g\u00e1tu ekki svara\u00f0 honum, svo \u00f3ttaslegnir voru \u00feeir. 4 \u00de\u00e1 sag\u00f0i J\u00f3sef vi\u00f0 br\u00e6\u00f0ur s\u00edna: \u201eKomi\u00f0 hinga\u00f0 til m\u00edn.\u201c \u00deeir gengu til hans <a href=\"https:\/\/biblian.is\/biblian\/fyrsta-mosebok-45-kafli\/\"> [&#8230;]<\/a><\/p>\n","protected":false},"author":1,"featured_media":0,"parent":0,"menu_order":0,"comment_status":"open","ping_status":"open","template":"bibliukaflar_NT.php","meta":{"footnotes":""},"class_list":["post-1662","page","type-page","status-publish","hentry"],"_links":{"self":[{"href":"https:\/\/biblian.is\/biblian\/wp-json\/wp\/v2\/pages\/1662","targetHints":{"allow":["GET"]}}],"collection":[{"href":"https:\/\/biblian.is\/biblian\/wp-json\/wp\/v2\/pages"}],"about":[{"href":"https:\/\/biblian.is\/biblian\/wp-json\/wp\/v2\/types\/page"}],"author":[{"embeddable":true,"href":"https:\/\/biblian.is\/biblian\/wp-json\/wp\/v2\/users\/1"}],"replies":[{"embeddable":true,"href":"https:\/\/biblian.is\/biblian\/wp-json\/wp\/v2\/comments?post=1662"}],"version-history":[{"count":0,"href":"https:\/\/biblian.is\/biblian\/wp-json\/wp\/v2\/pages\/1662\/revisions"}],"wp:attachment":[{"href":"https:\/\/biblian.is\/biblian\/wp-json\/wp\/v2\/media?parent=1662"}],"curies":[{"name":"wp","href":"https:\/\/api.w.org\/{rel}","templated":true}]}}