{"id":1658,"date":"2017-12-30T20:59:55","date_gmt":"2017-12-30T20:59:55","guid":{"rendered":"http:\/\/biblian.is\/biblian\/fyrsta-m%c2%97seb%c2%97k-41-kafli\/"},"modified":"2022-12-16T13:43:01","modified_gmt":"2022-12-16T13:43:01","slug":"fyrsta-mosebok-41-kafli","status":"publish","type":"page","link":"https:\/\/biblian.is\/biblian\/fyrsta-mosebok-41-kafli\/","title":{"rendered":"Fyrsta M\u00f3seb\u00f3k 41. kafli"},"content":{"rendered":"<h3 class=\"millifyrirsogn_2007\">J\u00f3sef r\u00e6\u00f0ur drauma fara\u00f3s<\/h3>\n<p><a name=\"1\"><\/a><span class=\"versanumer_2007\">1<\/span> A\u00f0 tveim \u00e1rum li\u00f0num dreymdi fara\u00f3 a\u00f0 hann st\u00e6\u00f0i vi\u00f0 N\u00edl <a name=\"2\"><\/a><span class=\"versanumer_2007\">2<\/span> og a\u00f0 upp \u00far \u00e1nni k\u00e6mu sj\u00f6 fallegar og vel aldar k\u00fdr sem f\u00f3ru a\u00f0 b\u00edta sefgresi\u00f0. <a name=\"3\"><\/a><span class=\"versanumer_2007\">3<\/span> \u00c1 eftir \u00feeim komu sj\u00f6 a\u00f0rar k\u00fdr upp \u00far \u00e1nni, lj\u00f3tar og hora\u00f0ar. \u00de\u00e6r sta\u00f0n\u00e6mdust hj\u00e1 hinum k\u00fanum \u00e1 \u00e1rbakkanum. <a name=\"4\"><\/a><span class=\"versanumer_2007\">4<\/span> S\u00ed\u00f0an \u00e1tu lj\u00f3tu og horu\u00f0u k\u00fdrnar upp sj\u00f6 fallegu og vel \u00f6ldu k\u00fdrnar. \u00de\u00e1 vakna\u00f0i fara\u00f3.<br \/>\n<a name=\"5\"><\/a><span class=\"versanumer_2007\">5<\/span> Hann sofna\u00f0i aftur og dreymdi annan draum \u00fear sem sj\u00f6 \u00f6x uxu \u00e1 einni st\u00f6ng, \u00fer\u00fdstin og v\u00e6n. <a name=\"6\"><\/a><span class=\"versanumer_2007\">6<\/span> \u00c1 eftir \u00feeim spruttu sj\u00f6 \u00f6x, gr\u00f6nn og skr\u00e6lnu\u00f0 af austanvindi. <a name=\"7\"><\/a><span class=\"versanumer_2007\">7<\/span> Gr\u00f6nnu \u00f6xin svelgdu \u00ed sig \u00fer\u00fdstnu og fullu \u00f6xin sj\u00f6. \u00de\u00e1 vakna\u00f0i fara\u00f3 og var\u00f0 lj\u00f3st a\u00f0 \u00feetta haf\u00f0i veri\u00f0 draumur.<br \/>\n<a name=\"8\"><\/a><span class=\"versanumer_2007\">8<\/span> Um morguninn var honum \u00f3r\u00f3tt \u00ed skapi. Sendi hann \u00fe\u00e1 eftir \u00f6llum sp\u00e1sagnarm\u00f6nnum Egyptalands og vitringum. Fara\u00f3 sag\u00f0i \u00feeim drauma s\u00edna en enginn gat r\u00e1\u00f0i\u00f0 \u00fe\u00e1 fyrir hann.<br \/>\n<a name=\"9\"><\/a><span class=\"versanumer_2007\">9<\/span> \u00de\u00e1 t\u00f3k yfirbyrlarinn til m\u00e1ls og sag\u00f0i vi\u00f0 fara\u00f3: \u201e\u00c9g minnist \u00ed dag synda minna. <a name=\"10\"><\/a><span class=\"versanumer_2007\">10<\/span> Fara\u00f3 reiddist okkur yfirbakaranum, \u00fej\u00f3num s\u00ednum, og hneppti \u00ed var\u00f0hald \u00ed h\u00fasi l\u00edfvar\u00f0arforingjans. <a name=\"11\"><\/a><span class=\"versanumer_2007\">11<\/span> N\u00f3tt eina dreymdi okkur b\u00e1\u00f0a draum, sinn drauminn hvorn, og haf\u00f0i hvor draumurinn s\u00edna merkingu. <a name=\"12\"><\/a><span class=\"versanumer_2007\">12<\/span> \u00dear var me\u00f0 okkur ungur Hebrei sem var \u00ed \u00fej\u00f3nustu l\u00edfvar\u00f0arforingjans. Vi\u00f0 s\u00f6g\u00f0um honum drauma okkar og hann r\u00e9\u00f0 \u00fe\u00e1 b\u00e1\u00f0a fyrir okkur. <a name=\"13\"><\/a><span class=\"versanumer_2007\">13<\/span> Svo f\u00f3r a\u00f0 r\u00e1\u00f0ning hans \u00e1 draumunum r\u00e6ttist \u00fev\u00ed a\u00f0 \u00e9g var aftur settur \u00ed emb\u00e6tti mitt en hinn var hengdur.\u201c<br \/>\n<a name=\"14\"><\/a><span class=\"versanumer_2007\">14<\/span> \u00de\u00e1 sendi fara\u00f3 eftir J\u00f3sef og var hann \u00ed skyndi s\u00f3ttur \u00ed fangelsi\u00f0. Eftir a\u00f0 hann haf\u00f0i veri\u00f0 klipptur og honum fengin n\u00fd kl\u00e6\u00f0i gekk J\u00f3sef fyrir fara\u00f3. <a name=\"15\"><\/a><span class=\"versanumer_2007\">15<\/span> \u00de\u00e1 sag\u00f0i fara\u00f3 vi\u00f0 hann: \u201eMig dreymdi draum sem enginn hefur geta\u00f0 r\u00e1\u00f0i\u00f0. En um \u00feig hef \u00e9g heyrt a\u00f0 \u00fe\u00fa r\u00e1\u00f0ir hvern \u00feann draum sem \u00fe\u00fa heyrir.\u201c <a name=\"16\"><\/a><span class=\"versanumer_2007\">16<\/span> J\u00f3sef svara\u00f0i: \u201eEkki er \u00fea\u00f0 \u00e1 m\u00ednu valdi en Gu\u00f0 mun veita fara\u00f3 svar sem bo\u00f0ar honum heill.\u201c<br \/>\n<a name=\"17\"><\/a><span class=\"versanumer_2007\">17<\/span> Fara\u00f3 sag\u00f0i vi\u00f0 J\u00f3sef: \u201eMig dreymdi a\u00f0 \u00e9g st\u00e6\u00f0i \u00e1 bakka N\u00edlar <a name=\"18\"><\/a><span class=\"versanumer_2007\">18<\/span> \u00feegar upp \u00far \u00e1nni komu sj\u00f6 vel aldar og fallegar k\u00fdr og f\u00f3ru a\u00f0 b\u00edta sefgresi\u00f0. <a name=\"19\"><\/a><span class=\"versanumer_2007\">19<\/span> \u00c1 eftir \u00feeim komu upp sj\u00f6 a\u00f0rar k\u00fdr, svo renglulegar, lj\u00f3tar og hora\u00f0ar a\u00f0 \u00e9g hef engar s\u00e9\u00f0 jafnlj\u00f3tar \u00ed \u00f6llu Egyptalandi. <a name=\"20\"><\/a><span class=\"versanumer_2007\">20<\/span> \u00deessar horu\u00f0u og lj\u00f3tu k\u00fdr \u00e1tu sj\u00f6 feitu k\u00fdrnar. <a name=\"21\"><\/a><span class=\"versanumer_2007\">21<\/span> Er \u00fe\u00e6r h\u00f6f\u00f0u \u00e9ti\u00f0 \u00fe\u00e6r var \u00fea\u00f0 ekki \u00e1 \u00feeim a\u00f0 sj\u00e1 \u00fev\u00ed a\u00f0 \u00fe\u00e6r voru jafnlj\u00f3tar og \u00e1\u00f0ur. \u00de\u00e1 vakna\u00f0i \u00e9g. <a name=\"22\"><\/a><span class=\"versanumer_2007\">22<\/span> Mig dreymdi l\u00edka a\u00f0 \u00e9g s\u00e6i a\u00f0 sj\u00f6 \u00f6x uxu \u00e1 einni st\u00f6ng, full og v\u00e6n. <a name=\"23\"><\/a><span class=\"versanumer_2007\">23<\/span> \u00c1 eftir \u00feeim spruttu sj\u00f6 kornlaus \u00f6x, gr\u00f6nn og skr\u00e6lnu\u00f0 af austanvindi, <a name=\"24\"><\/a><span class=\"versanumer_2007\">24<\/span> og gr\u00f6nnu \u00f6xin svelgdu \u00ed sig v\u00e6nu \u00f6xin sj\u00f6. \u00c9g hef sagt sp\u00e1sagnarm\u00f6nnunum fr\u00e1 \u00feessu en enginn gat \u00fatsk\u00fdrt \u00fea\u00f0 fyrir m\u00e9r.\u201c<br \/>\n<a name=\"25\"><\/a><span class=\"versanumer_2007\">25<\/span> J\u00f3sef sag\u00f0i vi\u00f0 fara\u00f3: \u201e\u00dea\u00f0 sem fara\u00f3 dreymdi er einn og sami draumurinn. Gu\u00f0 hefur birt fara\u00f3 hva\u00f0 hann hefur \u00ed hyggju. <a name=\"26\"><\/a><span class=\"versanumer_2007\">26<\/span> Sj\u00f6 v\u00e6nu k\u00fdrnar merkja sj\u00f6 \u00e1r og sj\u00f6 v\u00e6nu \u00f6xin merkja einnig sj\u00f6 \u00e1r. \u00deetta er einn og sami draumur. <a name=\"27\"><\/a><span class=\"versanumer_2007\">27<\/span> Sj\u00f6 m\u00f6gru og lj\u00f3tu k\u00fdrnar, sem komu \u00e1 eftir hinum, merkja sj\u00f6 \u00e1r og sj\u00f6 t\u00f3mu \u00f6xin, sem skr\u00e6lnu\u00f0 voru af austanvindi, merkja sj\u00f6 \u00e1ra hungursney\u00f0. <a name=\"28\"><\/a><span class=\"versanumer_2007\">28<\/span> Eins og \u00e9g hef \u00feegar sagt fara\u00f3 \u00fe\u00e1 hefur Gu\u00f0 birt honum hva\u00f0 hann hefur \u00ed hyggju. <a name=\"29\"><\/a><span class=\"versanumer_2007\">29<\/span> Sj\u00f6 allsn\u00e6gta\u00e1r koma um allt Egyptaland. <a name=\"30\"><\/a><span class=\"versanumer_2007\">30<\/span> \u00cd kj\u00f6lfar \u00feeirra kemur sj\u00f6 \u00e1ra hungursney\u00f0 svo a\u00f0 allar n\u00e6gtirnar \u00ed Egyptalandi gleymast. Hungursney\u00f0in mun ey\u00f0a landi\u00f0. <a name=\"31\"><\/a><span class=\"versanumer_2007\">31<\/span> N\u00e6gtirnar ver\u00f0a \u00f3\u00feekktar \u00ed landinu vegna hungursney\u00f0arinnar sem \u00e1 eftir kemur \u00fev\u00ed a\u00f0 h\u00fan ver\u00f0ur mj\u00f6g mikil. <a name=\"32\"><\/a><span class=\"versanumer_2007\">32<\/span> \u00c1st\u00e6\u00f0an til \u00feess a\u00f0 \u00feig dreymdi tvisvar hi\u00f0 sama er s\u00fa a\u00f0 \u00feetta er fastr\u00e1\u00f0i\u00f0 af Gu\u00f0i og Gu\u00f0 mun flj\u00f3tlega l\u00e1ta \u00fea\u00f0 ver\u00f0a.<br \/>\n<a name=\"33\"><\/a><span class=\"versanumer_2007\">33<\/span> \u00deess vegna \u00e6tti fara\u00f3 n\u00fa a\u00f0 svipast um eftir hyggnum og vitrum manni og setja hann yfir Egyptaland. <a name=\"34\"><\/a><span class=\"versanumer_2007\">34<\/span> Fara\u00f3 l\u00e1ti til s\u00edn taka og skipi umsj\u00f3narmenn yfir landi\u00f0 og taki fimmtung af afrakstri Egyptalands \u00e1 sj\u00f6 n\u00e6gta\u00e1runum. <a name=\"35\"><\/a><span class=\"versanumer_2007\">35<\/span> \u00c1 g\u00f3\u00f0u \u00e1runum, sem fara \u00ed h\u00f6nd, skulu \u00feeir safna vistum og f\u00e1 fara\u00f3 kornbirg\u00f0irnar til umr\u00e1\u00f0a og geyma \u00fe\u00e6r \u00ed borgunum. <a name=\"36\"><\/a><span class=\"versanumer_2007\">36<\/span> Vistirnar skulu vera for\u00f0i fyrir landi\u00f0 \u00e1 m\u00f6gru \u00e1runum sj\u00f6, sem koma munu yfir Egyptaland, \u00feannig a\u00f0 hungursney\u00f0in ey\u00f0i ekki landinu.\u201c<\/p>\n<h3 class=\"millifyrirsogn_2007\">J\u00f3sef ver\u00f0ur r\u00e1\u00f0sherra<\/h3>\n<p><a name=\"37\"><\/a><span class=\"versanumer_2007\">37<\/span> Fara\u00f3 og \u00f6llum \u00fej\u00f3num hans leist vel \u00e1 \u00feessi r\u00e1\u00f0. <a name=\"38\"><\/a><span class=\"versanumer_2007\">38<\/span> Fara\u00f3 sag\u00f0i vi\u00f0 \u00fej\u00f3na s\u00edna: \u201eEr annan sl\u00edkan mann a\u00f0 finna sem Gu\u00f0s andi b\u00fdr \u00ed?\u201c <a name=\"39\"><\/a><span class=\"versanumer_2007\">39<\/span> Fara\u00f3 sag\u00f0i vi\u00f0 J\u00f3sef: \u201eAf \u00fev\u00ed a\u00f0 Gu\u00f0 hefur birt \u00fe\u00e9r allt \u00feetta \u00fe\u00e1 er enginn svo hygginn og vitur sem \u00fe\u00fa. <a name=\"40\"><\/a><span class=\"versanumer_2007\">40<\/span> \u00c9g set \u00feig yfir h\u00fas mitt og \u00f6ll \u00fej\u00f3\u00f0 m\u00edn mun hl\u00fd\u00f0a \u00fe\u00e9r. A\u00f0eins h\u00e1s\u00e6ti\u00f0 hef \u00e9g fram yfir \u00feig.\u201c<br \/>\n<a name=\"41\"><\/a><span class=\"versanumer_2007\">41<\/span> Fara\u00f3 sag\u00f0i vi\u00f0 J\u00f3sef: \u201e\u00c9g set \u00feig yfir allt Egyptaland.\u201c <a name=\"42\"><\/a><span class=\"versanumer_2007\">42<\/span> Hann t\u00f3k innsiglishring sinn af hendi s\u00e9r og dr\u00f3 \u00e1 h\u00f6nd J\u00f3sefs, l\u00e9t s\u00ed\u00f0an f\u00e6ra hann \u00ed d\u00fdrindis l\u00ednkl\u00e6\u00f0i og hengdi gullke\u00f0ju um h\u00e1ls honum. <a name=\"43\"><\/a><span class=\"versanumer_2007\">43<\/span> Hann l\u00e9t aka honum \u00ed n\u00e6stbesta vagni s\u00ednum og menn hr\u00f3pu\u00f0u fyrir honum: \u201eAbrek\u201c, <span class=\"nedan_mal\" title=\" Merking or\u00f0sins er ekki lj\u00f3s.\">[<\/span> og hann setti hann yfir allt Egyptaland.<br \/>\n<a name=\"44\"><\/a><span class=\"versanumer_2007\">44<\/span> Fara\u00f3 sag\u00f0i vi\u00f0 J\u00f3sef: \u201e\u00c9g er fara\u00f3, enginn hreyfi legg n\u00e9 li\u00f0 \u00ed Egyptalandi nema \u00fe\u00fa skipir svo fyrir.\u201c <a name=\"45\"><\/a><span class=\"versanumer_2007\">45<\/span> Og fara\u00f3 nefndi J\u00f3sef Safenat-panea og gaf honum fyrir konu Asenat, d\u00f3ttur P\u00f3t\u00edfera, prests \u00ed \u00d3n. S\u00ed\u00f0an fer\u00f0a\u00f0ist J\u00f3sef um Egyptaland.<br \/>\n<a name=\"46\"><\/a><span class=\"versanumer_2007\">46<\/span> J\u00f3sef var \u00fer\u00edtugur a\u00f0 aldri er hann gekk \u00ed \u00fej\u00f3nustu fara\u00f3s Egyptalandskonungs. S\u00ed\u00f0an h\u00e9lt J\u00f3sef burt fr\u00e1 fara\u00f3 og fer\u00f0a\u00f0ist um allt Egyptaland.<br \/>\n<a name=\"47\"><\/a><span class=\"versanumer_2007\">47<\/span> N\u00e6gta\u00e1rin sj\u00f6 var\u00f0 mikil uppskera \u00ed landinu. <a name=\"48\"><\/a><span class=\"versanumer_2007\">48<\/span> \u00de\u00e1 l\u00e9t J\u00f3sef safna saman \u00f6llum vistum n\u00e6gta\u00e1ranna sj\u00f6 \u00ed Egyptalandi og safna\u00f0i vistunum \u00ed borgirnar. \u00cd s\u00e9rhverja borg safna\u00f0i hann vistunum af \u00f6krunum umhverfis hana. <a name=\"49\"><\/a><span class=\"versanumer_2007\">49<\/span> J\u00f3sef hr\u00faga\u00f0i saman korni sem sandi \u00e1 sj\u00e1varstr\u00f6nd. \u00dea\u00f0 var svo miki\u00f0 a\u00f0 menn g\u00e1fust upp \u00e1 a\u00f0 m\u00e6la \u00fea\u00f0 \u00fev\u00ed a\u00f0 \u00fea\u00f0 var\u00f0 ekki m\u00e6lt.<br \/>\n<a name=\"50\"><\/a><span class=\"versanumer_2007\">50<\/span> J\u00f3sef f\u00e6ddust tveir synir \u00e1\u00f0ur en fyrsta hall\u00e6ri\u00f0 kom. \u00de\u00e1 syni f\u00e6ddi Asenat honum, d\u00f3ttir P\u00f3t\u00edfera, prests \u00ed \u00d3n. <a name=\"51\"><\/a><span class=\"versanumer_2007\">51<\/span> J\u00f3sef nefndi hinn frumgetna Manasse, \u201e\u00fev\u00ed a\u00f0 Gu\u00f0 hefur l\u00e1ti\u00f0 mig gleyma b\u00e6\u00f0i \u00fej\u00e1ningum m\u00ednum og \u00e6tt,\u201c sag\u00f0i hann. <a name=\"52\"><\/a><span class=\"versanumer_2007\">52<\/span> En hinn nefndi hann Efra\u00edm, \u201e\u00fev\u00ed a\u00f0 Gu\u00f0 hefur gert mig frj\u00f3saman \u00ed landi eymdar minnar,\u201c sag\u00f0i hann.<br \/>\n<a name=\"53\"><\/a><span class=\"versanumer_2007\">53<\/span> \u00deegar n\u00e6gta\u00e1rin sj\u00f6 \u00ed Egyptalandi voru \u00e1 enda <a name=\"54\"><\/a><span class=\"versanumer_2007\">54<\/span> t\u00f3ku vi\u00f0 sj\u00f6 \u00e1r hungursney\u00f0ar eins og J\u00f3sef haf\u00f0i sagt. \u00cd \u00f6llum l\u00f6ndum var hall\u00e6ri en um allt Egyptaland var til brau\u00f0.<br \/>\n<a name=\"55\"><\/a><span class=\"versanumer_2007\">55<\/span> \u00deegar hungursney\u00f0in gekk s\u00ed\u00f0an yfir allt Egyptaland heimta\u00f0i l\u00fd\u00f0urinn brau\u00f0 af fara\u00f3 en hann svara\u00f0i: \u201eFari\u00f0 til J\u00f3sefs og geri\u00f0 eins og hann segir ykkur.\u201c <a name=\"56\"><\/a><span class=\"versanumer_2007\">56<\/span> Hungri\u00f0 gekk yfir allan heiminn og J\u00f3sef opna\u00f0i \u00f6ll for\u00f0ab\u00farin og seldi Egyptum korn er hungri\u00f0 svarf a\u00f0 \u00ed Egyptalandi. <a name=\"57\"><\/a><span class=\"versanumer_2007\">57<\/span> Menn komu \u00fe\u00e1 fr\u00e1 \u00f6llum l\u00f6ndum til Egyptalands til \u00feess a\u00f0 kaupa korn hj\u00e1 J\u00f3sef \u00fev\u00ed a\u00f0 hungri\u00f0 svarf hvarvetna a\u00f0.<\/p>\n","protected":false},"excerpt":{"rendered":"<p>J\u00f3sef r\u00e6\u00f0ur drauma fara\u00f3s 1 A\u00f0 tveim \u00e1rum li\u00f0num dreymdi fara\u00f3 a\u00f0 hann st\u00e6\u00f0i vi\u00f0 N\u00edl 2 og a\u00f0 upp \u00far \u00e1nni k\u00e6mu sj\u00f6 fallegar og vel aldar k\u00fdr sem f\u00f3ru a\u00f0 b\u00edta sefgresi\u00f0. 3 \u00c1 eftir \u00feeim komu sj\u00f6 a\u00f0rar k\u00fdr upp \u00far \u00e1nni, lj\u00f3tar og hora\u00f0ar. \u00de\u00e6r sta\u00f0n\u00e6mdust hj\u00e1 hinum k\u00fanum \u00e1 \u00e1rbakkanum. 4 S\u00ed\u00f0an \u00e1tu lj\u00f3tu og horu\u00f0u k\u00fdrnar upp sj\u00f6 fallegu og vel \u00f6ldu k\u00fdrnar. \u00de\u00e1 vakna\u00f0i fara\u00f3. 5 Hann sofna\u00f0i aftur og dreymdi annan draum \u00fear sem sj\u00f6 \u00f6x uxu \u00e1 einni st\u00f6ng, \u00fer\u00fdstin og v\u00e6n. 6 \u00c1 eftir \u00feeim spruttu sj\u00f6 \u00f6x, gr\u00f6nn og <a href=\"https:\/\/biblian.is\/biblian\/fyrsta-mosebok-41-kafli\/\"> [&#8230;]<\/a><\/p>\n","protected":false},"author":1,"featured_media":0,"parent":0,"menu_order":0,"comment_status":"open","ping_status":"open","template":"bibliukaflar_NT.php","meta":{"footnotes":""},"class_list":["post-1658","page","type-page","status-publish","hentry"],"_links":{"self":[{"href":"https:\/\/biblian.is\/biblian\/wp-json\/wp\/v2\/pages\/1658","targetHints":{"allow":["GET"]}}],"collection":[{"href":"https:\/\/biblian.is\/biblian\/wp-json\/wp\/v2\/pages"}],"about":[{"href":"https:\/\/biblian.is\/biblian\/wp-json\/wp\/v2\/types\/page"}],"author":[{"embeddable":true,"href":"https:\/\/biblian.is\/biblian\/wp-json\/wp\/v2\/users\/1"}],"replies":[{"embeddable":true,"href":"https:\/\/biblian.is\/biblian\/wp-json\/wp\/v2\/comments?post=1658"}],"version-history":[{"count":0,"href":"https:\/\/biblian.is\/biblian\/wp-json\/wp\/v2\/pages\/1658\/revisions"}],"wp:attachment":[{"href":"https:\/\/biblian.is\/biblian\/wp-json\/wp\/v2\/media?parent=1658"}],"curies":[{"name":"wp","href":"https:\/\/api.w.org\/{rel}","templated":true}]}}