{"id":1657,"date":"2017-12-30T20:59:50","date_gmt":"2017-12-30T20:59:50","guid":{"rendered":"http:\/\/biblian.is\/biblian\/fyrsta-m%c2%97seb%c2%97k-40-kafli\/"},"modified":"2022-12-16T13:43:00","modified_gmt":"2022-12-16T13:43:00","slug":"fyrsta-mosebok-40-kafli","status":"publish","type":"page","link":"https:\/\/biblian.is\/biblian\/fyrsta-mosebok-40-kafli\/","title":{"rendered":"Fyrsta M\u00f3seb\u00f3k 40. kafli"},"content":{"rendered":"<h3 class=\"millifyrirsogn_2007\">J\u00f3sef r\u00e6\u00f0ur drauma \u00ed fangelsinu<\/h3>\n<p><a name=\"1\"><\/a><span class=\"versanumer_2007\">1<\/span> Nokkru s\u00ed\u00f0ar brutu byrlari Egyptalandskonungs og bakarinn gegn herra s\u00ednum, konunginum. <a name=\"2\"><\/a><span class=\"versanumer_2007\">2<\/span> Fara\u00f3 reiddist b\u00e1\u00f0um hir\u00f0m\u00f6nnum s\u00ednum, yfirbyrlaranum og yfirbakaranum, <a name=\"3\"><\/a><span class=\"versanumer_2007\">3<\/span> og l\u00e9t hneppa \u00fe\u00e1 \u00ed var\u00f0hald \u00ed h\u00fasi l\u00edfvar\u00f0arforingjans, \u00ed fangelsi\u00f0 \u00fear sem J\u00f3sef var \u00ed haldi. <a name=\"4\"><\/a><span class=\"versanumer_2007\">4<\/span> L\u00edfvar\u00f0arforinginn f\u00f3l J\u00f3sef a\u00f0 \u00fej\u00f3na \u00feeim.<br \/>\nEr \u00feeir h\u00f6f\u00f0u veri\u00f0 um hr\u00ed\u00f0 \u00ed var\u00f0haldi <a name=\"5\"><\/a><span class=\"versanumer_2007\">5<\/span> dreymdi \u00fe\u00e1 b\u00e1\u00f0a draum, byrlara og bakara Egyptalandskonungs, sem s\u00e1tu \u00ed fangelsinu, sinn drauminn hvorn s\u00f6mu n\u00f3ttina, og haf\u00f0i hvor draumurinn s\u00edna merkingu. <a name=\"6\"><\/a><span class=\"versanumer_2007\">6<\/span> \u00deegar J\u00f3sef kom inn til \u00feeirra um morguninn s\u00e1 hann a\u00f0 \u00feeir voru daufir \u00ed d\u00e1lkinn. <a name=\"7\"><\/a><span class=\"versanumer_2007\">7<\/span> \u201eHvers vegna eru\u00f0 \u00fei\u00f0 svo daprir \u00ed brag\u00f0i \u00ed dag?\u201c spur\u00f0i hann \u00fe\u00e1 hir\u00f0menn fara\u00f3s sem s\u00e1tu me\u00f0 honum \u00ed var\u00f0haldi \u00ed h\u00fasi h\u00fasb\u00f3nda hans. <a name=\"8\"><\/a><span class=\"versanumer_2007\">8<\/span> \u00deeir sv\u00f6ru\u00f0u: \u201eOkkur hefur dreymt draum og h\u00e9r er enginn sem getur r\u00e1\u00f0i\u00f0 hann.\u201c \u00de\u00e1 sag\u00f0i J\u00f3sef: \u201eEr \u00fea\u00f0 ekki Gu\u00f0s a\u00f0 r\u00e1\u00f0a drauma? Segi\u00f0 m\u00e9r \u00fe\u00f3 drauminn.\u201c<br \/>\n<a name=\"9\"><\/a><span class=\"versanumer_2007\">9<\/span> \u00de\u00e1 sag\u00f0i yfirbyrlarinn J\u00f3sef draum sinn: \u201eMig dreymdi v\u00ednvi\u00f0 fyrir framan mig,\u201c sag\u00f0i hann. <a name=\"10\"><\/a><span class=\"versanumer_2007\">10<\/span> \u201e\u00c1 v\u00ednvi\u00f0inum voru \u00ferj\u00e1r greinar og jafnskj\u00f3tt sem hann skaut frj\u00f3\u00f6ngum spruttu bl\u00f3m hans \u00fat og klasar hans ur\u00f0u \u00ferosku\u00f0 v\u00ednber. <a name=\"11\"><\/a><span class=\"versanumer_2007\">11<\/span> \u00c9g h\u00e9lt \u00e1 bikar fara\u00f3s \u00ed hendinni, t\u00f3k v\u00ednberin og kreisti safann \u00far \u00feeim \u00ed bikarinn og r\u00e9tti fara\u00f3 s\u00ed\u00f0an bikarinn.\u201c<br \/>\n<a name=\"12\"><\/a><span class=\"versanumer_2007\">12<\/span> \u00de\u00e1 sag\u00f0i J\u00f3sef vi\u00f0 hann: \u201eR\u00e1\u00f0ning draumsins er \u00feessi: V\u00ednvi\u00f0argreinarnar \u00ferj\u00e1r merkja \u00ferj\u00e1 daga. <a name=\"13\"><\/a><span class=\"versanumer_2007\">13<\/span> A\u00f0 \u00ferem d\u00f6gum li\u00f0num mun fara\u00f3 hefja h\u00f6fu\u00f0 \u00feitt og veita \u00fe\u00e9r aftur fyrra emb\u00e6tti \u00feitt. \u00de\u00e1 munt \u00fe\u00fa aftur bera fara\u00f3 bikarinn eins og \u00fe\u00fa varst vanur a\u00f0 gera \u00feegar \u00fe\u00fa varst byrlari hans. <a name=\"14\"><\/a><span class=\"versanumer_2007\">14<\/span> En minnstu m\u00edn \u00feegar hagur \u00feinn v\u00e6nkast. S\u00fdndu m\u00e9r \u00feann vin\u00e1ttuvott a\u00f0 nefna mig vi\u00f0 fara\u00f3 og hj\u00e1lpa m\u00e9r \u00feannig \u00far \u00feessu h\u00fasi. <a name=\"15\"><\/a><span class=\"versanumer_2007\">15<\/span> M\u00e9r var r\u00e6nt \u00far landi Hebrea og h\u00e9r hef \u00e9g ekki heldur neitt \u00fea\u00f0 til saka unni\u00f0 a\u00f0 \u00e9g yr\u00f0i settur \u00ed \u00feessa d\u00fdflissu.\u201c<br \/>\n<a name=\"16\"><\/a><span class=\"versanumer_2007\">16<\/span> \u00deegar yfirbakarinn heyr\u00f0i hversu g\u00f3\u00f0 r\u00e1\u00f0ning hans var sag\u00f0i hann vi\u00f0 J\u00f3sef: \u201eMig dreymdi l\u00edka a\u00f0 \u00e9g b\u00e6ri \u00e1 h\u00f6f\u00f0inu \u00ferj\u00e1r k\u00f6rfur me\u00f0 hveitibrau\u00f0i. <a name=\"17\"><\/a><span class=\"versanumer_2007\">17<\/span> \u00cd efstu k\u00f6rfunni var alls konar brau\u00f0 handa fara\u00f3 en fuglarnir \u00e1tu \u00fea\u00f0 \u00far k\u00f6rfunni \u00e1 h\u00f6f\u00f0i m\u00e9r.\u201c <a name=\"18\"><\/a><span class=\"versanumer_2007\">18<\/span> \u00de\u00e1 sag\u00f0i J\u00f3sef: \u201eR\u00e1\u00f0ning draumsins er \u00feessi: K\u00f6rfurnar \u00ferj\u00e1r merkja \u00ferj\u00e1 daga. <a name=\"19\"><\/a><span class=\"versanumer_2007\">19<\/span> A\u00f0 \u00ferem d\u00f6gum li\u00f0num mun fara\u00f3 hefja h\u00f6fu\u00f0 \u00feitt af \u00fe\u00e9r, <span class=\"nedan_mal\" title=\" \u00de.e. gera \u00feig h\u00f6f\u00f0inu styttri.\">[<\/span> festa \u00feig \u00e1 g\u00e1lga og fuglarnir munu \u00e9ta hold \u00feitt.\u201c<br \/>\n<a name=\"20\"><\/a><span class=\"versanumer_2007\">20<\/span> \u00c1 \u00feri\u00f0ja degi, \u00e1 afm\u00e6lisdegi s\u00ednum, h\u00e9lt fara\u00f3 \u00f6llum \u00fej\u00f3num s\u00ednum veislu. \u00de\u00e1 leysti hann yfirbyrlarann og yfirbakarann \u00far haldi <span class=\"nedan_mal\" title=\" Or\u00f0r\u00e9tt: \u00de\u00e1 h\u00f3f hann upp h\u00f6fu\u00f0 yfirbyrlarans og yfirbakarans.\">[<\/span> \u00ed vi\u00f0urvist \u00fej\u00f3na sinna. <a name=\"21\"><\/a><span class=\"versanumer_2007\">21<\/span> Hann veitti yfirbyrlaranum fyrra emb\u00e6tti hans \u00feannig a\u00f0 hann f\u00e9kk aftur a\u00f0 bera fara\u00f3 bikarinn <a name=\"22\"><\/a><span class=\"versanumer_2007\">22<\/span> en yfirbakarann l\u00e9t hann hengja eins og J\u00f3sef haf\u00f0i r\u00e1\u00f0i\u00f0 drauminn fyrir \u00fe\u00e1. <a name=\"23\"><\/a><span class=\"versanumer_2007\">23<\/span> En yfirbyrlarinn mundi ekki eftir J\u00f3sef heldur gleymdi honum.<\/p>\n","protected":false},"excerpt":{"rendered":"<p>J\u00f3sef r\u00e6\u00f0ur drauma \u00ed fangelsinu 1 Nokkru s\u00ed\u00f0ar brutu byrlari Egyptalandskonungs og bakarinn gegn herra s\u00ednum, konunginum. 2 Fara\u00f3 reiddist b\u00e1\u00f0um hir\u00f0m\u00f6nnum s\u00ednum, yfirbyrlaranum og yfirbakaranum, 3 og l\u00e9t hneppa \u00fe\u00e1 \u00ed var\u00f0hald \u00ed h\u00fasi l\u00edfvar\u00f0arforingjans, \u00ed fangelsi\u00f0 \u00fear sem J\u00f3sef var \u00ed haldi. 4 L\u00edfvar\u00f0arforinginn f\u00f3l J\u00f3sef a\u00f0 \u00fej\u00f3na \u00feeim. Er \u00feeir h\u00f6f\u00f0u veri\u00f0 um hr\u00ed\u00f0 \u00ed var\u00f0haldi 5 dreymdi \u00fe\u00e1 b\u00e1\u00f0a draum, byrlara og bakara Egyptalandskonungs, sem s\u00e1tu \u00ed fangelsinu, sinn drauminn hvorn s\u00f6mu n\u00f3ttina, og haf\u00f0i hvor draumurinn s\u00edna merkingu. 6 \u00deegar J\u00f3sef kom inn til \u00feeirra um morguninn s\u00e1 hann a\u00f0 \u00feeir voru daufir \u00ed d\u00e1lkinn. <a href=\"https:\/\/biblian.is\/biblian\/fyrsta-mosebok-40-kafli\/\"> [&#8230;]<\/a><\/p>\n","protected":false},"author":1,"featured_media":0,"parent":0,"menu_order":0,"comment_status":"open","ping_status":"open","template":"bibliukaflar_NT.php","meta":{"footnotes":""},"class_list":["post-1657","page","type-page","status-publish","hentry"],"_links":{"self":[{"href":"https:\/\/biblian.is\/biblian\/wp-json\/wp\/v2\/pages\/1657","targetHints":{"allow":["GET"]}}],"collection":[{"href":"https:\/\/biblian.is\/biblian\/wp-json\/wp\/v2\/pages"}],"about":[{"href":"https:\/\/biblian.is\/biblian\/wp-json\/wp\/v2\/types\/page"}],"author":[{"embeddable":true,"href":"https:\/\/biblian.is\/biblian\/wp-json\/wp\/v2\/users\/1"}],"replies":[{"embeddable":true,"href":"https:\/\/biblian.is\/biblian\/wp-json\/wp\/v2\/comments?post=1657"}],"version-history":[{"count":0,"href":"https:\/\/biblian.is\/biblian\/wp-json\/wp\/v2\/pages\/1657\/revisions"}],"wp:attachment":[{"href":"https:\/\/biblian.is\/biblian\/wp-json\/wp\/v2\/media?parent=1657"}],"curies":[{"name":"wp","href":"https:\/\/api.w.org\/{rel}","templated":true}]}}