{"id":1655,"date":"2017-12-30T20:59:50","date_gmt":"2017-12-30T20:59:50","guid":{"rendered":"http:\/\/biblian.is\/biblian\/fyrsta-m%c2%97seb%c2%97k-38-kafli\/"},"modified":"2022-12-16T13:42:59","modified_gmt":"2022-12-16T13:42:59","slug":"fyrsta-mosebok-38-kafli","status":"publish","type":"page","link":"https:\/\/biblian.is\/biblian\/fyrsta-mosebok-38-kafli\/","title":{"rendered":"Fyrsta M\u00f3seb\u00f3k 38. kafli"},"content":{"rendered":"<h3 class=\"millifyrirsogn_2007\">J\u00fada og Tamar<\/h3>\n<p><a name=\"1\"><\/a><span class=\"versanumer_2007\">1<\/span> Um \u00feessar mundir bar svo vi\u00f0 a\u00f0 J\u00fada f\u00f3r fr\u00e1 br\u00e6\u00f0rum s\u00ednum og settist a\u00f0 hj\u00e1 manni a\u00f0 nafni H\u00edra fr\u00e1 Ad\u00fallam. <a name=\"2\"><\/a><span class=\"versanumer_2007\">2<\/span> \u00dear s\u00e1 J\u00fada d\u00f3ttur kanversks manns sem S\u00faa h\u00e9t. Hann kv\u00e6ntist henni og gekk inn til hennar. <a name=\"3\"><\/a><span class=\"versanumer_2007\">3<\/span> H\u00fan var\u00f0 \u00feungu\u00f0 og \u00f3l son sem h\u00fan nefndi Ger. <a name=\"4\"><\/a><span class=\"versanumer_2007\">4<\/span> H\u00fan var\u00f0 \u00feungu\u00f0 \u00ed anna\u00f0 sinn og \u00f3l son sem h\u00fan nefndi \u00d3nan. <a name=\"5\"><\/a><span class=\"versanumer_2007\">5<\/span> Enn \u00f3l h\u00fan son og nefndi hann Sela. H\u00fan var st\u00f6dd \u00ed Kes\u00edb er h\u00fan \u00f3l hann.<br \/>\n<a name=\"6\"><\/a><span class=\"versanumer_2007\">6<\/span> J\u00fada t\u00f3k konu a\u00f0 nafni Tamar til handa Ger, frumgetnum syni s\u00ednum. <a name=\"7\"><\/a><span class=\"versanumer_2007\">7<\/span> En Ger, frumgetinn sonur J\u00fada, vakti and\u00fa\u00f0 Drottins svo a\u00f0 Drottinn l\u00e9t hann deyja. <a name=\"8\"><\/a><span class=\"versanumer_2007\">8<\/span> \u00de\u00e1 m\u00e6lti J\u00fada vi\u00f0 \u00d3nan: \u201eGakktu inn til konu br\u00f3\u00f0ur \u00fe\u00edns og gegndu m\u00e1gskyldunni vi\u00f0 hana a\u00f0 \u00fe\u00fa megir afla br\u00f3\u00f0ur \u00fe\u00ednum afkv\u00e6mis.\u201c <a name=\"9\"><\/a><span class=\"versanumer_2007\">9<\/span> S\u00f6kum \u00feess a\u00f0 \u00d3nan vissi a\u00f0 afkv\u00e6mi\u00f0 skyldi eigi ver\u00f0a hans \u00fe\u00e1 l\u00e9t hann s\u00e6\u00f0i\u00f0 spillast \u00e1 j\u00f6r\u00f0u \u00ed hvert sinn er hann gekk inn til konu br\u00f3\u00f0ur s\u00edns, til \u00feess a\u00f0 komast hj\u00e1 \u00fev\u00ed a\u00f0 afla br\u00f3\u00f0ur s\u00ednum afkv\u00e6mis. <a name=\"10\"><\/a><span class=\"versanumer_2007\">10<\/span> Me\u00f0 \u00feessu vakti hann and\u00fa\u00f0 Drottins sem l\u00e9t hann einnig deyja. <a name=\"11\"><\/a><span class=\"versanumer_2007\">11<\/span> \u00de\u00e1 sag\u00f0i J\u00fada vi\u00f0 Tamar, tengdad\u00f3ttur s\u00edna: \u201eN\u00fa skalt \u00fe\u00fa b\u00faa sem ekkja \u00ed h\u00fasi f\u00f6\u00f0ur \u00fe\u00edns \u00feanga\u00f0 til Sela, sonur minn, ver\u00f0ur fullt\u00ed\u00f0a.\u201c Hann \u00f3tta\u00f0ist a\u00f0 ella mundi Sela deyja eins og br\u00e6\u00f0ur hans. \u00de\u00e1 sneri Tamar heim og bj\u00f3 \u00ed h\u00fasi f\u00f6\u00f0ur s\u00edns.<br \/>\n<a name=\"12\"><\/a><span class=\"versanumer_2007\">12<\/span> En er fram li\u00f0u stundir anda\u00f0ist d\u00f3ttir S\u00faa, kona J\u00fada. A\u00f0 sorgart\u00edmanum li\u00f0num f\u00f3r J\u00fada \u00e1samt H\u00edra, vini s\u00ednum fr\u00e1 Ad\u00fallam, upp til Timna \u00fear sem veri\u00f0 var a\u00f0 r\u00fdja sau\u00f0i hans. <a name=\"13\"><\/a><span class=\"versanumer_2007\">13<\/span> \u00deegar Tamar var sagt a\u00f0 tengdafa\u00f0ir hennar v\u00e6ri farinn til Timna a\u00f0 r\u00fdja sau\u00f0i s\u00edna, <a name=\"14\"><\/a><span class=\"versanumer_2007\">14<\/span> \u00fe\u00e1 f\u00f3r h\u00fan \u00far ekkjub\u00faningi s\u00ednum, huldi sig bl\u00e6ju og hj\u00fapa\u00f0i sig. S\u00ed\u00f0an settist h\u00fan vi\u00f0 hli\u00f0 Ena\u00edmborgar sem er vi\u00f0 veginn til Timna. Henni var or\u00f0i\u00f0 lj\u00f3st a\u00f0 h\u00fan yr\u00f0i ekki gefin Sela fyrir konu \u00fe\u00f3 a\u00f0 hann v\u00e6ri or\u00f0inn fullt\u00ed\u00f0a.<br \/>\n<a name=\"15\"><\/a><span class=\"versanumer_2007\">15<\/span> J\u00fada kom auga \u00e1 hana og h\u00e9lt a\u00f0 h\u00fan v\u00e6ri sk\u00e6kja \u00fev\u00ed a\u00f0 h\u00fan haf\u00f0i huli\u00f0 andlit sitt. <a name=\"16\"><\/a><span class=\"versanumer_2007\">16<\/span> Hann sneri s\u00e9r a\u00f0 henni vi\u00f0 veginn: \u201eLeyf\u00f0u m\u00e9r a\u00f0 leggjast me\u00f0 \u00fe\u00e9r!\u201c sag\u00f0i hann \u00fev\u00ed a\u00f0 hann vissi ekki a\u00f0 h\u00fan var tengdad\u00f3ttir hans. H\u00fan svara\u00f0i: \u201eHva\u00f0 viltu gefa m\u00e9r til a\u00f0 f\u00e1 a\u00f0 leggjast me\u00f0 m\u00e9r?\u201c spur\u00f0i h\u00fan. <a name=\"17\"><\/a><span class=\"versanumer_2007\">17<\/span> \u201e\u00c9g skal senda \u00fe\u00e9r hafurki\u00f0 \u00far hj\u00f6r\u00f0inni,\u201c svara\u00f0i hann. H\u00fan sag\u00f0i: \u201e\u00de\u00e1 ver\u00f0ur\u00f0u a\u00f0 gefa m\u00e9r pant \u00feanga\u00f0 til \u00fe\u00fa sendir \u00fea\u00f0.\u201c <a name=\"18\"><\/a><span class=\"versanumer_2007\">18<\/span> \u00de\u00e1 m\u00e6lti hann: \u201eHva\u00f0a pant skal \u00e9g f\u00e1 \u00fe\u00e9r?\u201c En h\u00fan svara\u00f0i: \u201eInnsiglishring \u00feinn og festi \u00fe\u00edna og staf \u00feinn sem \u00fe\u00fa heldur \u00e1.\u201c Hann l\u00e9t hana hafa \u00fea\u00f0 sem h\u00fan ba\u00f0 um og lag\u00f0ist s\u00ed\u00f0an me\u00f0 henni og h\u00fan var\u00f0 \u00feungu\u00f0 af hans v\u00f6ldum. <a name=\"19\"><\/a><span class=\"versanumer_2007\">19<\/span> Tamar gekk s\u00ed\u00f0an burt og lag\u00f0i af s\u00e9r bl\u00e6juna og f\u00f3r aftur \u00ed ekkjub\u00faning sinn.<br \/>\n<a name=\"20\"><\/a><span class=\"versanumer_2007\">20<\/span> J\u00fada sendi hafurki\u00f0i\u00f0 me\u00f0 vini s\u00ednum fr\u00e1 Ad\u00fallam til a\u00f0 f\u00e1 aftur pantinn fr\u00e1 konunni en hann fann hana ekki. <a name=\"21\"><\/a><span class=\"versanumer_2007\">21<\/span> Hann spur\u00f0i menn \u00fear \u00e1 sta\u00f0num: \u201eHvar er portkonan sem sat vi\u00f0 veginn hj\u00e1 Ena\u00edm?\u201c \u201eH\u00e9r hefur engin portkona veri\u00f0,\u201c sv\u00f6ru\u00f0u \u00feeir. <a name=\"22\"><\/a><span class=\"versanumer_2007\">22<\/span> Hann sneri \u00fe\u00e1 aftur til J\u00fada og kva\u00f0st ekki hafa fundi\u00f0 hana og menn \u00fear \u00e1 sta\u00f0num hef\u00f0u sagt: \u201eH\u00e9r hefur engin portkona veri\u00f0.\u201c <a name=\"23\"><\/a><span class=\"versanumer_2007\">23<\/span> \u00de\u00e1 sag\u00f0i J\u00fada: \u201eL\u00e1tum hana halda pantinum svo a\u00f0 ekki ver\u00f0i h\u00e6\u00f0st a\u00f0 okkur. \u00c9g sendi \u00feetta ki\u00f0 en \u00fe\u00fa fannst hana ekki.\u201c<br \/>\n<a name=\"24\"><\/a><span class=\"versanumer_2007\">24<\/span> \u00deremur m\u00e1nu\u00f0um s\u00ed\u00f0ar var J\u00fada sagt: \u201eTamar, tengdad\u00f3ttir \u00fe\u00edn, hefur dr\u00fdgt h\u00f3r og er or\u00f0in \u00feungu\u00f0 \u00ed h\u00f3rd\u00f3mi.\u201c \u00de\u00e1 sag\u00f0i J\u00fada: \u201eLei\u00f0i\u00f0 hana \u00fat og brenni\u00f0 hana.\u201c <a name=\"25\"><\/a><span class=\"versanumer_2007\">25<\/span> En er h\u00fan var leidd \u00fat sendi h\u00fan tengdaf\u00f6\u00f0ur s\u00ednum svohlj\u00f3\u00f0andi bo\u00f0: \u201e\u00c9g er \u00feungu\u00f0 af v\u00f6ldum \u00feess manns sem \u00e1 \u00feetta.\u201c H\u00fan b\u00e6tti vi\u00f0: \u201eKanna\u00f0u hver \u00e1 \u00feennan innsiglishring, festi og staf.\u201c <a name=\"26\"><\/a><span class=\"versanumer_2007\">26<\/span> J\u00fada \u00feekkti gripina: \u201eH\u00fan hefur r\u00e9ttinn s\u00edn megin vegna \u00feess a\u00f0 \u00e9g gifti hana ekki Sela, syni m\u00ednum,\u201c sag\u00f0i hann og kenndi hennar ekki upp fr\u00e1 \u00fev\u00ed.<br \/>\n<a name=\"27\"><\/a><span class=\"versanumer_2007\">27<\/span> \u00deegar h\u00fan haf\u00f0i teki\u00f0 l\u00e9ttas\u00f3ttina kom \u00ed lj\u00f3s a\u00f0 h\u00fan gekk me\u00f0 tv\u00edbura <a name=\"28\"><\/a><span class=\"versanumer_2007\">28<\/span> og me\u00f0an \u00e1 f\u00e6\u00f0ingunni st\u00f3\u00f0 r\u00e9tti annar \u00feeirra \u00fat h\u00f6ndina. T\u00f3k \u00fe\u00e1 lj\u00f3sm\u00f3\u00f0irin rau\u00f0an \u00fer\u00e1\u00f0 og batt um h\u00f6nd hans og sag\u00f0i: \u201e\u00deessi birtist fyrr.\u201c <a name=\"29\"><\/a><span class=\"versanumer_2007\">29<\/span> En hann kippti aftur a\u00f0 s\u00e9r hendinni og br\u00f3\u00f0ir hans birtist. \u00de\u00e1 sag\u00f0i h\u00fan: \u201eA\u00f0 sj\u00e1 hvernig \u00fe\u00fa ry\u00f0st fram fyrir!\u201c Og h\u00fan nefndi hann Peres. <span class=\"nedan_mal\" title=\" Nafni\u00f0 hlj\u00f3mar l\u00edkt og hebreskt or\u00f0 sem merkir \u201egegnumbrot\u201c.\">[<\/span> <a name=\"30\"><\/a><span class=\"versanumer_2007\">30<\/span> S\u00ed\u00f0an f\u00e6ddist br\u00f3\u00f0ir hans og var rau\u00f0i \u00fer\u00e1\u00f0urinn um h\u00f6nd hans. H\u00fan nefndi hann Sera. <span class=\"nedan_mal\" title=\" Nafni\u00f0 hlj\u00f3mar l\u00edkt og hebreskt or\u00f0 sem merkir \u201ehin rau\u00f0a birta d\u00f6gunar\u201c.\">[<\/span><\/p>\n","protected":false},"excerpt":{"rendered":"<p>J\u00fada og Tamar 1 Um \u00feessar mundir bar svo vi\u00f0 a\u00f0 J\u00fada f\u00f3r fr\u00e1 br\u00e6\u00f0rum s\u00ednum og settist a\u00f0 hj\u00e1 manni a\u00f0 nafni H\u00edra fr\u00e1 Ad\u00fallam. 2 \u00dear s\u00e1 J\u00fada d\u00f3ttur kanversks manns sem S\u00faa h\u00e9t. Hann kv\u00e6ntist henni og gekk inn til hennar. 3 H\u00fan var\u00f0 \u00feungu\u00f0 og \u00f3l son sem h\u00fan nefndi Ger. 4 H\u00fan var\u00f0 \u00feungu\u00f0 \u00ed anna\u00f0 sinn og \u00f3l son sem h\u00fan nefndi \u00d3nan. 5 Enn \u00f3l h\u00fan son og nefndi hann Sela. H\u00fan var st\u00f6dd \u00ed Kes\u00edb er h\u00fan \u00f3l hann. 6 J\u00fada t\u00f3k konu a\u00f0 nafni Tamar til handa Ger, frumgetnum syni s\u00ednum. <a href=\"https:\/\/biblian.is\/biblian\/fyrsta-mosebok-38-kafli\/\"> [&#8230;]<\/a><\/p>\n","protected":false},"author":1,"featured_media":0,"parent":0,"menu_order":0,"comment_status":"open","ping_status":"open","template":"bibliukaflar_NT.php","meta":{"footnotes":""},"class_list":["post-1655","page","type-page","status-publish","hentry"],"_links":{"self":[{"href":"https:\/\/biblian.is\/biblian\/wp-json\/wp\/v2\/pages\/1655","targetHints":{"allow":["GET"]}}],"collection":[{"href":"https:\/\/biblian.is\/biblian\/wp-json\/wp\/v2\/pages"}],"about":[{"href":"https:\/\/biblian.is\/biblian\/wp-json\/wp\/v2\/types\/page"}],"author":[{"embeddable":true,"href":"https:\/\/biblian.is\/biblian\/wp-json\/wp\/v2\/users\/1"}],"replies":[{"embeddable":true,"href":"https:\/\/biblian.is\/biblian\/wp-json\/wp\/v2\/comments?post=1655"}],"version-history":[{"count":0,"href":"https:\/\/biblian.is\/biblian\/wp-json\/wp\/v2\/pages\/1655\/revisions"}],"wp:attachment":[{"href":"https:\/\/biblian.is\/biblian\/wp-json\/wp\/v2\/media?parent=1655"}],"curies":[{"name":"wp","href":"https:\/\/api.w.org\/{rel}","templated":true}]}}