{"id":1654,"date":"2017-12-30T20:59:50","date_gmt":"2017-12-30T20:59:50","guid":{"rendered":"http:\/\/biblian.is\/biblian\/fyrsta-m%c2%97seb%c2%97k-37-kafli\/"},"modified":"2022-12-16T13:42:59","modified_gmt":"2022-12-16T13:42:59","slug":"fyrsta-mosebok-37-kafli","status":"publish","type":"page","link":"https:\/\/biblian.is\/biblian\/fyrsta-mosebok-37-kafli\/","title":{"rendered":"Fyrsta M\u00f3seb\u00f3k 37. kafli"},"content":{"rendered":"<h3 class=\"millifyrirsogn_2007\">J\u00f3sef og br\u00e6\u00f0ur hans<\/h3>\n<p><a name=\"1\"><\/a><span class=\"versanumer_2007\">1<\/span> Jakob settist a\u00f0 \u00ed landinu \u00fear sem fa\u00f0ir hans haf\u00f0i dvalist sem \u00fatlendingur, \u00ed Kanaanslandi.<br \/>\n<a name=\"2\"><\/a><span class=\"versanumer_2007\">2<\/span> \u00deetta er \u00e6ttarsaga Jakobs:<br \/>\n\u00deegar J\u00f3sef var sautj\u00e1n \u00e1ra a\u00f0 aldri g\u00e6tti hann sau\u00f0a me\u00f0 br\u00e6\u00f0rum s\u00ednum. Sem ungur sveinn var hann vanur a\u00f0 fylgja sonum B\u00edlu og Silpu, kvenna f\u00f6\u00f0ur hans. J\u00f3sef bar \u00feeim illa s\u00f6guna vi\u00f0 f\u00f6\u00f0ur sinn.<br \/>\n<a name=\"3\"><\/a><span class=\"versanumer_2007\">3<\/span> \u00cdsrael unni J\u00f3sef mest allra sona sinna \u00fev\u00ed a\u00f0 hann haf\u00f0i \u00e1tt hann \u00ed elli sinni. Og hann l\u00e9t gera honum drags\u00ed\u00f0an kyrtil. <span class=\"nedan_mal\" title=\" \u00d6nnur hugsanleg \u00fe\u00fd\u00f0ing: litr\u00edkan kyrtil.\">[<\/span> <a name=\"4\"><\/a><span class=\"versanumer_2007\">4<\/span> \u00deegar br\u00e6\u00f0rum hans var\u00f0 lj\u00f3st a\u00f0 fa\u00f0ir \u00feeirra elska\u00f0i hann meir en \u00fe\u00e1 l\u00f6g\u00f0u \u00feeir hatur \u00e1 hann og g\u00e1tu ekki tala\u00f0 vinsamlega vi\u00f0 hann.<br \/>\n<a name=\"5\"><\/a><span class=\"versanumer_2007\">5<\/span> Eitt sinn dreymdi J\u00f3sef draum. \u00deegar hann sag\u00f0i br\u00e6\u00f0rum s\u00ednum fr\u00e1 honum h\u00f6tu\u00f0u \u00feeir hann enn meir. <a name=\"6\"><\/a><span class=\"versanumer_2007\">6<\/span> \u201eHeyri\u00f0 n\u00fa hva\u00f0 mig dreymdi,\u201c sag\u00f0i hann. <a name=\"7\"><\/a><span class=\"versanumer_2007\">7<\/span> \u201eVi\u00f0 vorum \u00fati \u00e1 akri a\u00f0 binda kornknippi og mitt kornknippi reisti sig og st\u00f3\u00f0 uppr\u00e9tt en ykkar kornknippi r\u00f6\u00f0u\u00f0u s\u00e9r umhverfis og lutu m\u00ednu.\u201c <a name=\"8\"><\/a><span class=\"versanumer_2007\">8<\/span> \u00de\u00e1 s\u00f6g\u00f0u br\u00e6\u00f0ur hans vi\u00f0 hann: \u201e\u00c6tlar\u00f0u a\u00f0 ver\u00f0a konungur og r\u00edkja yfir okkur?\u201c Og \u00feeir h\u00f6tu\u00f0u hann enn meir vegna drauma hans og \u00feess sem hann sag\u00f0i.<br \/>\n<a name=\"9\"><\/a><span class=\"versanumer_2007\">9<\/span> S\u00ed\u00f0an dreymdi hann annan draum og sag\u00f0i br\u00e6\u00f0rum s\u00ednum fr\u00e1 honum: \u201eMig dreymdi annan draum. M\u00e9r \u00fe\u00f3tti s\u00f3lin, tungli\u00f0 og ellefu stj\u00f6rnur l\u00fata m\u00e9r.\u201c <a name=\"10\"><\/a><span class=\"versanumer_2007\">10<\/span> \u00deegar hann sag\u00f0i f\u00f6\u00f0ur s\u00ednum og br\u00e6\u00f0rum fr\u00e1 \u00feessu \u00e1v\u00edta\u00f0i fa\u00f0ir hans hann og sag\u00f0i: \u201eHva\u00f0a draumur er \u00feetta sem \u00feig hefur dreymt? Eigum vi\u00f0 a\u00f0 koma, \u00e9g og m\u00f3\u00f0ir \u00fe\u00edn og br\u00e6\u00f0ur \u00fe\u00ednir, og l\u00fata til jar\u00f0ar fyrir \u00fe\u00e9r?\u201c <a name=\"11\"><\/a><span class=\"versanumer_2007\">11<\/span> Og br\u00e6\u00f0ur hans \u00f6fundu\u00f0u hann en fa\u00f0ir hans festi \u00feetta \u00ed huga s\u00e9r.<\/p>\n<h3 class=\"millifyrirsogn_2007\">J\u00f3sef seldur til Egyptalands<\/h3>\n<p><a name=\"12\"><\/a><span class=\"versanumer_2007\">12<\/span> Dag nokkurn, er br\u00e6\u00f0ur hans voru a\u00f0 heiman og g\u00e6ttu hjar\u00f0ar f\u00f6\u00f0ur s\u00edns \u00ed S\u00edkem, <a name=\"13\"><\/a><span class=\"versanumer_2007\">13<\/span> m\u00e6lti \u00cdsrael vi\u00f0 J\u00f3sef: \u201eKomdu, \u00e9g \u00e6tla a\u00f0 senda \u00feig til br\u00e6\u00f0ra \u00feinna \u00fear sem \u00feeir halda hj\u00f6r\u00f0inni \u00e1 beit \u00ed S\u00edkem.\u201c J\u00f3sef svara\u00f0i: \u201eH\u00e9r er \u00e9g.\u201c <a name=\"14\"><\/a><span class=\"versanumer_2007\">14<\/span> \u00cdsrael sag\u00f0i: \u201eFar\u00f0u og athuga\u00f0u hvort br\u00e6\u00f0rum \u00fe\u00ednum og hj\u00f6r\u00f0inni l\u00ed\u00f0ur vel og komdu svo og seg\u00f0u m\u00e9r fr\u00e1 \u00fev\u00ed.\u201c<br \/>\nOg hann sendi hann \u00far Hebronsdal og hann kom til S\u00edkem.<br \/>\n<a name=\"15\"><\/a><span class=\"versanumer_2007\">15<\/span> \u00deegar hann reika\u00f0i \u00fear um \u00fati \u00e1 v\u00ed\u00f0avangi var\u00f0 ma\u00f0ur \u00e1 vegi hans. Og ma\u00f0urinn spur\u00f0i hann: \u201eA\u00f0 hverju leitar \u00fe\u00fa?\u201c <a name=\"16\"><\/a><span class=\"versanumer_2007\">16<\/span> \u201e\u00c9g er a\u00f0 leita a\u00f0 br\u00e6\u00f0rum m\u00ednum,\u201c svara\u00f0i J\u00f3sef. \u201eGetur\u00f0u sagt m\u00e9r hvar \u00feeir halda sig me\u00f0 hj\u00f6r\u00f0ina?\u201c <a name=\"17\"><\/a><span class=\"versanumer_2007\">17<\/span> Ma\u00f0urinn svara\u00f0i: \u201e\u00deeir eru farnir h\u00e9\u00f0an \u00fev\u00ed a\u00f0 \u00e9g heyr\u00f0i \u00fe\u00e1 segja: Vi\u00f0 skulum fara til D\u00f3tan.\u201c J\u00f3sef h\u00e9lt \u00fe\u00e1 \u00e1 eftir br\u00e6\u00f0rum s\u00ednum og fann \u00fe\u00e1 \u00ed D\u00f3tan.<br \/>\n<a name=\"18\"><\/a><span class=\"versanumer_2007\">18<\/span> Er \u00feeir s\u00e1u hann \u00e1lengdar og \u00e1\u00f0ur en hann var kominn til \u00feeirra l\u00f6g\u00f0u \u00feeir \u00e1 r\u00e1\u00f0in um a\u00f0 drepa hann. <a name=\"19\"><\/a><span class=\"versanumer_2007\">19<\/span> \u00deeir s\u00f6g\u00f0u hver vi\u00f0 annan: \u201eSj\u00e1i\u00f0, \u00fearna kemur draumama\u00f0urinn. <a name=\"20\"><\/a><span class=\"versanumer_2007\">20<\/span> Komum og drepum hann. S\u00ed\u00f0an k\u00f6stum vi\u00f0 honum ofan \u00ed gryfju og segjum a\u00f0 villid\u00fdr hafi \u00e9ti\u00f0 hann. \u00de\u00e1 sj\u00e1um vi\u00f0 hva\u00f0 ver\u00f0ur \u00far draumum hans.\u201c <a name=\"21\"><\/a><span class=\"versanumer_2007\">21<\/span> \u00deegar R\u00faben heyr\u00f0i \u00feetta vildi hann bjarga honum \u00far greipum \u00feeirra og sag\u00f0i: \u201eNei, vi\u00f0 skulum ekki drepa hann.\u201c <a name=\"22\"><\/a><span class=\"versanumer_2007\">22<\/span> Til \u00feess a\u00f0 geta bjarga\u00f0 honum \u00far greipum \u00feeirra og f\u00e6rt f\u00f6\u00f0ur s\u00ednum hann aftur sag\u00f0i R\u00faben: \u201e\u00dathelli\u00f0 ekki bl\u00f3\u00f0i. Kasti\u00f0 honum \u00ed \u00feessa gryfju sem er h\u00e9r \u00ed ey\u00f0im\u00f6rkinni en leggi\u00f0 ekki hendur \u00e1 hann.\u201c<br \/>\n<a name=\"23\"><\/a><span class=\"versanumer_2007\">23<\/span> Er J\u00f3sef kom til br\u00e6\u00f0ra sinna kl\u00e6ddu \u00feeir hann \u00far kyrtlinum, drags\u00ed\u00f0a kyrtlinum, sem hann var \u00ed, <a name=\"24\"><\/a><span class=\"versanumer_2007\">24<\/span> t\u00f3ku hann og k\u00f6stu\u00f0u honum \u00ed gryfjuna. En gryfjan var t\u00f3m, ekkert vatn var \u00ed henni. <a name=\"25\"><\/a><span class=\"versanumer_2007\">25<\/span> \u00deegar \u00feeir voru sestir ni\u00f0ur til a\u00f0 matast komu \u00feeir auga \u00e1 lest \u00cdsmael\u00edta sem var a\u00f0 koma fr\u00e1 G\u00edlea\u00f0. B\u00e1ru \u00falfaldar \u00feeirra reykelsi, balsam og myrru sem \u00e1tti a\u00f0 flytja til Egyptalands. <a name=\"26\"><\/a><span class=\"versanumer_2007\">26<\/span> \u00de\u00e1 sag\u00f0i J\u00fada vi\u00f0 br\u00e6\u00f0ur s\u00edna: \u201eHva\u00f0 gagnar \u00fea\u00f0 okkur a\u00f0 drepa br\u00f3\u00f0ur okkar og leyna mor\u00f0inu? <a name=\"27\"><\/a><span class=\"versanumer_2007\">27<\/span> Komi\u00f0, vi\u00f0 skulum selja hann \u00cdsmael\u00edtum en ekki leggja hendur \u00e1 hann \u00fev\u00ed a\u00f0 hann er br\u00f3\u00f0ir okkar, hold okkar og bl\u00f3\u00f0.\u201c Og br\u00e6\u00f0ur hans f\u00e9llust \u00e1 \u00fea\u00f0.<br \/>\n<a name=\"28\"><\/a><span class=\"versanumer_2007\">28<\/span> En kaupmenn fr\u00e1 Mid\u00edanslandi \u00e1ttu lei\u00f0 \u00fear fram hj\u00e1. \u00deeir t\u00f3ku J\u00f3sef og dr\u00f3gu hann upp \u00far gryfjunni og seldu hann \u00cdsmael\u00edtunum fyrir tuttugu sikla silfurs en \u00feeir f\u00f3ru me\u00f0 J\u00f3sef til Egyptalands.<br \/>\n<a name=\"29\"><\/a><span class=\"versanumer_2007\">29<\/span> Er R\u00faben kom aftur a\u00f0 gryfjunni var J\u00f3sef ekki \u00fear. Reif hann \u00fe\u00e1 kl\u00e6\u00f0i s\u00edn, <a name=\"30\"><\/a><span class=\"versanumer_2007\">30<\/span> sneri til br\u00e6\u00f0ra sinna og sag\u00f0i: \u201eDrengurinn er horfinn. Hva\u00f0 \u00e1 \u00e9g til brag\u00f0s a\u00f0 taka?\u201c <a name=\"31\"><\/a><span class=\"versanumer_2007\">31<\/span> \u00de\u00e1 t\u00f3ku \u00feeir kyrtil J\u00f3sefs, sl\u00e1tru\u00f0u geithafri og d\u00fdf\u00f0u kyrtlinum ofan \u00ed bl\u00f3\u00f0i\u00f0. <a name=\"32\"><\/a><span class=\"versanumer_2007\">32<\/span> \u00dev\u00ed n\u00e6st sendu \u00feeir kyrtilinn og l\u00e9tu f\u00e6ra f\u00f6\u00f0ur s\u00ednum hann me\u00f0 \u00feessum or\u00f0um: \u201e\u00deetta fundum vi\u00f0. Athuga\u00f0u hvort \u00feetta geti veri\u00f0 kyrtill sonar \u00fe\u00edns.\u201c <a name=\"33\"><\/a><span class=\"versanumer_2007\">33<\/span> Jakob \u00feekkti hann og sag\u00f0i: \u201eJ\u00e1, \u00feetta er kyrtill sonar m\u00edns. Villid\u00fdr hefur \u00e9ti\u00f0 hann. J\u00f3sef er sundur rifinn.\u201c <a name=\"34\"><\/a><span class=\"versanumer_2007\">34<\/span> Jakob reif kl\u00e6\u00f0i s\u00edn, lag\u00f0i h\u00e6rusekk um lendar s\u00ednar og harma\u00f0i son sinn langan t\u00edma. <a name=\"35\"><\/a><span class=\"versanumer_2007\">35<\/span> Allir synir hans og d\u00e6tur reyndu a\u00f0 hughreysta hann en hann l\u00e9t ekki huggast og sag\u00f0i: \u201e\u00c9g mun harma son minn \u00fear til \u00e9g st\u00edg sj\u00e1lfur ni\u00f0ur til heljar.\u201c Og hann h\u00e9lt \u00e1fram a\u00f0 syrgja J\u00f3sef.<br \/>\n<a name=\"36\"><\/a><span class=\"versanumer_2007\">36<\/span> \u00c1 me\u00f0an seldu Mid\u00edan\u00edtar hann til Egyptalands, P\u00f3t\u00edfar hir\u00f0manni fara\u00f3s og l\u00edfvar\u00f0arforingja.<\/p>\n","protected":false},"excerpt":{"rendered":"<p>J\u00f3sef og br\u00e6\u00f0ur hans 1 Jakob settist a\u00f0 \u00ed landinu \u00fear sem fa\u00f0ir hans haf\u00f0i dvalist sem \u00fatlendingur, \u00ed Kanaanslandi. 2 \u00deetta er \u00e6ttarsaga Jakobs: \u00deegar J\u00f3sef var sautj\u00e1n \u00e1ra a\u00f0 aldri g\u00e6tti hann sau\u00f0a me\u00f0 br\u00e6\u00f0rum s\u00ednum. Sem ungur sveinn var hann vanur a\u00f0 fylgja sonum B\u00edlu og Silpu, kvenna f\u00f6\u00f0ur hans. J\u00f3sef bar \u00feeim illa s\u00f6guna vi\u00f0 f\u00f6\u00f0ur sinn. 3 \u00cdsrael unni J\u00f3sef mest allra sona sinna \u00fev\u00ed a\u00f0 hann haf\u00f0i \u00e1tt hann \u00ed elli sinni. Og hann l\u00e9t gera honum drags\u00ed\u00f0an kyrtil. [ 4 \u00deegar br\u00e6\u00f0rum hans var\u00f0 lj\u00f3st a\u00f0 fa\u00f0ir \u00feeirra elska\u00f0i hann meir en \u00fe\u00e1 <a href=\"https:\/\/biblian.is\/biblian\/fyrsta-mosebok-37-kafli\/\"> [&#8230;]<\/a><\/p>\n","protected":false},"author":1,"featured_media":0,"parent":0,"menu_order":0,"comment_status":"open","ping_status":"open","template":"bibliukaflar_NT.php","meta":{"footnotes":""},"class_list":["post-1654","page","type-page","status-publish","hentry"],"_links":{"self":[{"href":"https:\/\/biblian.is\/biblian\/wp-json\/wp\/v2\/pages\/1654","targetHints":{"allow":["GET"]}}],"collection":[{"href":"https:\/\/biblian.is\/biblian\/wp-json\/wp\/v2\/pages"}],"about":[{"href":"https:\/\/biblian.is\/biblian\/wp-json\/wp\/v2\/types\/page"}],"author":[{"embeddable":true,"href":"https:\/\/biblian.is\/biblian\/wp-json\/wp\/v2\/users\/1"}],"replies":[{"embeddable":true,"href":"https:\/\/biblian.is\/biblian\/wp-json\/wp\/v2\/comments?post=1654"}],"version-history":[{"count":0,"href":"https:\/\/biblian.is\/biblian\/wp-json\/wp\/v2\/pages\/1654\/revisions"}],"wp:attachment":[{"href":"https:\/\/biblian.is\/biblian\/wp-json\/wp\/v2\/media?parent=1654"}],"curies":[{"name":"wp","href":"https:\/\/api.w.org\/{rel}","templated":true}]}}