{"id":1653,"date":"2017-12-30T20:59:50","date_gmt":"2017-12-30T20:59:50","guid":{"rendered":"http:\/\/biblian.is\/biblian\/fyrsta-m%c2%97seb%c2%97k-36-kafli\/"},"modified":"2022-12-16T13:42:58","modified_gmt":"2022-12-16T13:42:58","slug":"fyrsta-mosebok-36-kafli","status":"publish","type":"page","link":"https:\/\/biblian.is\/biblian\/fyrsta-mosebok-36-kafli\/","title":{"rendered":"Fyrsta M\u00f3seb\u00f3k 36. kafli"},"content":{"rendered":"<h3 class=\"millifyrirsogn_2007\">Ni\u00f0jatal Esa\u00fa og Ed\u00f3m\u00edta<\/h3>\n<p><a name=\"1\"><\/a><span class=\"versanumer_2007\">1<\/span> \u00deetta er \u00e6ttartala Esa\u00fa, \u00fea\u00f0 er Ed\u00f3ms:<br \/>\n<a name=\"2\"><\/a><span class=\"versanumer_2007\">2<\/span> Esa\u00fa t\u00f3k s\u00e9r kanverskar eiginkonur sem voru Ada, d\u00f3ttir Het\u00edtans Elons, og Ohol\u00edbama, d\u00f3ttir Ana, sonar H\u00edv\u00edtans S\u00edbeons, <a name=\"3\"><\/a><span class=\"versanumer_2007\">3<\/span> og Basmat, d\u00f3ttir \u00cdsmaels, systur Nebaj\u00f3ts. <a name=\"4\"><\/a><span class=\"versanumer_2007\">4<\/span> Ada \u00f3l Esa\u00fa El\u00edfas, Basmat \u00f3l Reg\u00fael <a name=\"5\"><\/a><span class=\"versanumer_2007\">5<\/span> og Ohol\u00edbama \u00f3l Je\u00fas, Jaelam og K\u00f3ra. \u00deessir voru synir Esa\u00fa sem honum f\u00e6ddust \u00ed Kanaanslandi.<br \/>\n<a name=\"6\"><\/a><span class=\"versanumer_2007\">6<\/span> Esa\u00fa t\u00f3k konur s\u00ednar, syni s\u00edna, d\u00e6tur og allt sitt f\u00f3lk, hj\u00f6r\u00f0 s\u00edna og kvikf\u00e9na\u00f0 og allt \u00fea\u00f0 sem hann haf\u00f0i eignast \u00ed Kanaanslandi og f\u00f3r fr\u00e1 Jakobi br\u00f3\u00f0ur s\u00ednum til Se\u00edrlands. <a name=\"7\"><\/a><span class=\"versanumer_2007\">7<\/span> Eigur \u00feeirra voru meiri en svo a\u00f0 \u00feeir g\u00e6tu b\u00fai\u00f0 \u00e1 sama sta\u00f0 og landi\u00f0, er \u00feeir bjuggu \u00ed sem \u00fatlendingar, bar ekki hjar\u00f0ir \u00feeirra.<br \/>\n<a name=\"8\"><\/a><span class=\"versanumer_2007\">8<\/span> Esa\u00fa settist a\u00f0 \u00e1 Se\u00edrfj\u00f6llum en Esa\u00fa er Ed\u00f3m.<br \/>\n<a name=\"9\"><\/a><span class=\"versanumer_2007\">9<\/span> \u00deetta er \u00e6ttartala Esa\u00fa, \u00e6ttf\u00f6\u00f0ur Ed\u00f3m\u00edta, \u00e1 Se\u00edrfj\u00f6llum.<br \/>\n<a name=\"10\"><\/a><span class=\"versanumer_2007\">10<\/span> \u00deetta eru n\u00f6fn sona Esa\u00fa:<br \/>\nEl\u00edfas, sonur Ada, konu Esa\u00fa, Reg\u00fael, sonur Basmat, konu Esa\u00fa. <a name=\"11\"><\/a><span class=\"versanumer_2007\">11<\/span> Synir El\u00edfasar voru Teman, \u00d3mar, Sef\u00f3, Gatam og Kenas. <a name=\"12\"><\/a><span class=\"versanumer_2007\">12<\/span> Timna var \u00f6nnur kona El\u00edfasar, sonar Esa\u00fa, og h\u00fan \u00f3l El\u00edfas Amalek. \u00deetta eru synir Ada, konu Esa\u00fa.<br \/>\n<a name=\"13\"><\/a><span class=\"versanumer_2007\">13<\/span> Synir Reg\u00faels eru \u00feessir: Nahat, Sera, Samma og Missa. \u00deeir voru synir Basmat, konu Esa\u00fa. <a name=\"14\"><\/a><span class=\"versanumer_2007\">14<\/span> Synir Esa\u00fa og Ohol\u00edbama, d\u00f3ttur Ana S\u00edbeonssonar, voru: Je\u00fas, Jaelam og K\u00f3ra.<br \/>\n<a name=\"15\"><\/a><span class=\"versanumer_2007\">15<\/span> \u00c6ttarh\u00f6f\u00f0ingjar me\u00f0al ni\u00f0ja Esa\u00fa eru:<br \/>\nSynir El\u00edfasar, frumgetins sonar Esa\u00fa: h\u00f6f\u00f0ingjarnir Teman, \u00d3mar, Sef\u00f3, Kenas, <a name=\"16\"><\/a><span class=\"versanumer_2007\">16<\/span> K\u00f3ra, Gatam og Amalek. \u00deetta eru h\u00f6f\u00f0ingjarnir, sem komnir eru fr\u00e1 El\u00edfas \u00ed Ed\u00f3mslandi, \u00feeir eru sonarsynir Ada.<br \/>\n<a name=\"17\"><\/a><span class=\"versanumer_2007\">17<\/span> Synir Reg\u00faels Esa\u00fasonar voru: h\u00f6f\u00f0ingjarnir Nahat, Sera, Samma og Missa. \u00deeir eru h\u00f6f\u00f0ingjar sem komnir eru fr\u00e1 Reg\u00fael \u00ed Ed\u00f3mslandi, sonarsynir Basmat, konu Esa\u00fa.<br \/>\n<a name=\"18\"><\/a><span class=\"versanumer_2007\">18<\/span> Synir Ohol\u00edbama, konu Esa\u00fa, eru: h\u00f6f\u00f0ingjarnir Je\u00fas, Jaelam og K\u00f3ra. \u00deeir eru h\u00f6f\u00f0ingjar sem komnir eru fr\u00e1 Ohol\u00edbama, d\u00f3ttur Ana, konu Esa\u00fa.<br \/>\n<a name=\"19\"><\/a><span class=\"versanumer_2007\">19<\/span> \u00deetta eru synir Esa\u00fa og h\u00f6f\u00f0ingjar \u00feeirra, \u00fea\u00f0 er Ed\u00f3m.<br \/>\n<a name=\"20\"><\/a><span class=\"versanumer_2007\">20<\/span> Synir H\u00f3r\u00edtans Se\u00edrs, frumbyggjar landsins, eru: L\u00f3tan, S\u00f3bal, S\u00edbeon, Ana, <a name=\"21\"><\/a><span class=\"versanumer_2007\">21<\/span> D\u00edson, Eser og D\u00edsan. \u00deeir eru h\u00f6f\u00f0ingjar H\u00f3r\u00edtanna, synir Se\u00edrs \u00ed Ed\u00f3mslandi. <a name=\"22\"><\/a><span class=\"versanumer_2007\">22<\/span> Synir L\u00f3tans voru H\u00f3r\u00ed og Hemam og systir L\u00f3tans var Timna. <a name=\"23\"><\/a><span class=\"versanumer_2007\">23<\/span> Synir S\u00f3bals eru: Alvan, Manahat, Ebal, Sef\u00f3 og \u00d3nam. <a name=\"24\"><\/a><span class=\"versanumer_2007\">24<\/span> Synir S\u00edbeons eru: Aja og Ana, \u00fea\u00f0 er s\u00e1 Ana sem fann hverina \u00ed \u00f3bygg\u00f0inni er hann g\u00e6tti asna S\u00edbeons f\u00f6\u00f0ur s\u00edns. <a name=\"25\"><\/a><span class=\"versanumer_2007\">25<\/span> B\u00f6rn Ana eru: D\u00edson og Ohol\u00edbama, d\u00f3ttir Ana. <a name=\"26\"><\/a><span class=\"versanumer_2007\">26<\/span> Synir D\u00edsons eru: Hemdan, Esban, J\u00edtran og Keran. <a name=\"27\"><\/a><span class=\"versanumer_2007\">27<\/span> Synir Esers eru: B\u00edlhan, Saavan og Akan. <a name=\"28\"><\/a><span class=\"versanumer_2007\">28<\/span> Synir D\u00edsans eru: \u00das og Aran.<br \/>\n<a name=\"29\"><\/a><span class=\"versanumer_2007\">29<\/span> H\u00f6f\u00f0ingjar H\u00f3r\u00edtanna eru: h\u00f6f\u00f0ingjarnir L\u00f3tan, S\u00f3bal, S\u00edbeon, Ana, <a name=\"30\"><\/a><span class=\"versanumer_2007\">30<\/span> D\u00edson, Eser og D\u00edsan. \u00deeir eru h\u00f6f\u00f0ingjar H\u00f3r\u00edtanna eftir h\u00f6f\u00f0ingjum \u00feeirra \u00ed Se\u00edrlandi.<br \/>\n<a name=\"31\"><\/a><span class=\"versanumer_2007\">31<\/span> \u00deeir konungar, sem r\u00edktu \u00ed Ed\u00f3mslandi \u00e1\u00f0ur en konungar r\u00edktu yfir \u00cdsraelsm\u00f6nnum, eru:<br \/>\n<a name=\"32\"><\/a><span class=\"versanumer_2007\">32<\/span> Bela Be\u00f3rsson, var konungur \u00ed Ed\u00f3m og h\u00e9t borg hans D\u00ednhaba. <a name=\"33\"><\/a><span class=\"versanumer_2007\">33<\/span> Er Bela d\u00f3 t\u00f3k J\u00f3bab, sonur Sera fr\u00e1 Bosra, r\u00edki eftir hann. <a name=\"34\"><\/a><span class=\"versanumer_2007\">34<\/span> Er J\u00f3bab d\u00f3 t\u00f3k H\u00fasam fr\u00e1 Teman\u00edtalandi r\u00edki eftir hann. <a name=\"35\"><\/a><span class=\"versanumer_2007\">35<\/span> Er H\u00fasam d\u00f3 t\u00f3k Hadad Bedadsson r\u00edki eftir hann. \u00dea\u00f0 var hann sem sigra\u00f0i Mid\u00edan\u00edta \u00e1 M\u00f3absv\u00f6llum og borg hans h\u00e9t Av\u00edt. <a name=\"36\"><\/a><span class=\"versanumer_2007\">36<\/span> Er Hadad d\u00f3 t\u00f3k Samla fr\u00e1 Masreka r\u00edki eftir hann. <a name=\"37\"><\/a><span class=\"versanumer_2007\">37<\/span> Er Samla d\u00f3 t\u00f3k S\u00e1l fr\u00e1 Reh\u00f3b\u00f3t hj\u00e1 Efrat r\u00edki eftir hann. <a name=\"38\"><\/a><span class=\"versanumer_2007\">38<\/span> Er S\u00e1l d\u00f3 t\u00f3k Baal Hanan Akb\u00f3rsson r\u00edki eftir hann. <a name=\"39\"><\/a><span class=\"versanumer_2007\">39<\/span> Er Baal Hanan Akb\u00f3rsson d\u00f3 t\u00f3k Hadar r\u00edki eftir hann og h\u00e9t borg hans Pag\u00fa en kona hans Mehetabeel, d\u00f3ttir Matredar, d\u00f3ttur Me-Sahabs.<br \/>\n<a name=\"40\"><\/a><span class=\"versanumer_2007\">40<\/span> \u00deetta eru n\u00f6fn h\u00f6f\u00f0ingja \u00feeirra er fr\u00e1 Esa\u00fa eru komnir, eftir \u00e6ttkv\u00edslum \u00feeirra, b\u00fast\u00f6\u00f0um og n\u00f6fnum: h\u00f6f\u00f0ingjarnir Timna, Alva, Jetet, <a name=\"41\"><\/a><span class=\"versanumer_2007\">41<\/span> Ohol\u00edbama, Ela, P\u00ednon, <a name=\"42\"><\/a><span class=\"versanumer_2007\">42<\/span> Kenas, Teman, h\u00f6f\u00f0inginn Mibsar, <a name=\"43\"><\/a><span class=\"versanumer_2007\">43<\/span> Magd\u00edel og \u00cdram. \u00deeir voru h\u00f6f\u00f0ingjar Ed\u00f3m\u00edta, eftir b\u00fast\u00f6\u00f0um \u00feeirra \u00ed landinu sem \u00feeir h\u00f6f\u00f0u numi\u00f0. Esa\u00fa er \u00e6ttfa\u00f0ir Ed\u00f3m\u00edta.<\/p>\n","protected":false},"excerpt":{"rendered":"<p>Ni\u00f0jatal Esa\u00fa og Ed\u00f3m\u00edta 1 \u00deetta er \u00e6ttartala Esa\u00fa, \u00fea\u00f0 er Ed\u00f3ms: 2 Esa\u00fa t\u00f3k s\u00e9r kanverskar eiginkonur sem voru Ada, d\u00f3ttir Het\u00edtans Elons, og Ohol\u00edbama, d\u00f3ttir Ana, sonar H\u00edv\u00edtans S\u00edbeons, 3 og Basmat, d\u00f3ttir \u00cdsmaels, systur Nebaj\u00f3ts. 4 Ada \u00f3l Esa\u00fa El\u00edfas, Basmat \u00f3l Reg\u00fael 5 og Ohol\u00edbama \u00f3l Je\u00fas, Jaelam og K\u00f3ra. \u00deessir voru synir Esa\u00fa sem honum f\u00e6ddust \u00ed Kanaanslandi. 6 Esa\u00fa t\u00f3k konur s\u00ednar, syni s\u00edna, d\u00e6tur og allt sitt f\u00f3lk, hj\u00f6r\u00f0 s\u00edna og kvikf\u00e9na\u00f0 og allt \u00fea\u00f0 sem hann haf\u00f0i eignast \u00ed Kanaanslandi og f\u00f3r fr\u00e1 Jakobi br\u00f3\u00f0ur s\u00ednum til Se\u00edrlands. 7 Eigur \u00feeirra voru <a href=\"https:\/\/biblian.is\/biblian\/fyrsta-mosebok-36-kafli\/\"> [&#8230;]<\/a><\/p>\n","protected":false},"author":1,"featured_media":0,"parent":0,"menu_order":0,"comment_status":"open","ping_status":"open","template":"bibliukaflar_NT.php","meta":{"footnotes":""},"class_list":["post-1653","page","type-page","status-publish","hentry"],"_links":{"self":[{"href":"https:\/\/biblian.is\/biblian\/wp-json\/wp\/v2\/pages\/1653","targetHints":{"allow":["GET"]}}],"collection":[{"href":"https:\/\/biblian.is\/biblian\/wp-json\/wp\/v2\/pages"}],"about":[{"href":"https:\/\/biblian.is\/biblian\/wp-json\/wp\/v2\/types\/page"}],"author":[{"embeddable":true,"href":"https:\/\/biblian.is\/biblian\/wp-json\/wp\/v2\/users\/1"}],"replies":[{"embeddable":true,"href":"https:\/\/biblian.is\/biblian\/wp-json\/wp\/v2\/comments?post=1653"}],"version-history":[{"count":0,"href":"https:\/\/biblian.is\/biblian\/wp-json\/wp\/v2\/pages\/1653\/revisions"}],"wp:attachment":[{"href":"https:\/\/biblian.is\/biblian\/wp-json\/wp\/v2\/media?parent=1653"}],"curies":[{"name":"wp","href":"https:\/\/api.w.org\/{rel}","templated":true}]}}