{"id":1651,"date":"2017-12-30T20:59:50","date_gmt":"2017-12-30T20:59:50","guid":{"rendered":"http:\/\/biblian.is\/biblian\/fyrsta-m%c2%97seb%c2%97k-34-kafli\/"},"modified":"2022-12-16T13:42:57","modified_gmt":"2022-12-16T13:42:57","slug":"fyrsta-mosebok-34-kafli","status":"publish","type":"page","link":"https:\/\/biblian.is\/biblian\/fyrsta-mosebok-34-kafli\/","title":{"rendered":"Fyrsta M\u00f3seb\u00f3k 34. kafli"},"content":{"rendered":"<h3 class=\"millifyrirsogn_2007\">D\u00edna sv\u00edvirt<\/h3>\n<p><a name=\"1\"><\/a><span class=\"versanumer_2007\">1<\/span> Eitt sinn gekk D\u00edna, d\u00f3ttirin sem Lea haf\u00f0i ali\u00f0 Jakobi, \u00fat til a\u00f0 hitta st\u00falkurnar \u00fear um sl\u00f3\u00f0ir. <a name=\"2\"><\/a><span class=\"versanumer_2007\">2<\/span> S\u00edkem, sem var sonur Hev\u00edtans Hemors, h\u00f6f\u00f0ingja landsins, kom auga \u00e1 hana. Hann t\u00f3k hana me\u00f0 valdi, lag\u00f0ist me\u00f0 henni og nau\u00f0ga\u00f0i henni. <a name=\"3\"><\/a><span class=\"versanumer_2007\">3<\/span> Hann var\u00f0 hugfanginn af D\u00ednu, d\u00f3ttur Jakobs, lag\u00f0i \u00e1st \u00e1 st\u00falkuna og reyndi a\u00f0 vinna hjarta hennar. <a name=\"4\"><\/a><span class=\"versanumer_2007\">4<\/span> Hann sag\u00f0i vi\u00f0 Hemor f\u00f6\u00f0ur sinn: \u201eF\u00e1\u00f0u m\u00e9r \u00feessa st\u00falku fyrir konu.\u201c<br \/>\n<a name=\"5\"><\/a><span class=\"versanumer_2007\">5<\/span> Jakob fr\u00e9tti a\u00f0 S\u00edkem hef\u00f0i sv\u00edvirt D\u00ednu, d\u00f3ttur hans, en af \u00fev\u00ed a\u00f0 synir hans voru \u00fati \u00ed haga me\u00f0 f\u00e9na\u00f0 hans \u00fe\u00e1 a\u00f0haf\u00f0ist hann ekkert fyrr en \u00feeir komu heim. <a name=\"6\"><\/a><span class=\"versanumer_2007\">6<\/span> \u00de\u00e1 kom Hemor, fa\u00f0ir S\u00edkems, til Jakobs til a\u00f0 r\u00e6\u00f0a vi\u00f0 hann. <a name=\"7\"><\/a><span class=\"versanumer_2007\">7<\/span> Synir Jakobs voru komnir heim \u00far haganum og \u00feegar \u00feeir heyr\u00f0u hva\u00f0 gerst haf\u00f0i var \u00feeim mj\u00f6g misbo\u00f0i\u00f0. \u00deeir ur\u00f0u \u00e6varei\u00f0ir vegna \u00feess a\u00f0 S\u00edkem haf\u00f0i gert sig sekan um \u00fea\u00f0 sem tali\u00f0 var \u00f3h\u00e6fuverk \u00ed \u00cdsrael er hann lag\u00f0ist me\u00f0 d\u00f3ttur Jakobs. Sl\u00edkt hef\u00f0i ekki \u00e1tt a\u00f0 gerast.<br \/>\n<a name=\"8\"><\/a><span class=\"versanumer_2007\">8<\/span> Hemor sneri s\u00e9r a\u00f0 \u00feeim og sag\u00f0i: \u201eS\u00edkem, sonur minn, er mj\u00f6g \u00e1stfanginn af systur ykkar. Gefi\u00f0 honum hana fyrir konu. <a name=\"9\"><\/a><span class=\"versanumer_2007\">9<\/span> M\u00e6gist vi\u00f0 okkur, gefi\u00f0 okkur d\u00e6tur ykkar og taki\u00f0 \u00ed sta\u00f0inn d\u00e6tur okkar. <a name=\"10\"><\/a><span class=\"versanumer_2007\">10<\/span> \u00dei\u00f0 geti\u00f0 b\u00fai\u00f0 hj\u00e1 okkur, landi\u00f0 stendur ykkur til bo\u00f0a. Dveljist h\u00e9r, fari\u00f0 um og festi\u00f0 ykkur eignir.\u201c <a name=\"11\"><\/a><span class=\"versanumer_2007\">11<\/span> S\u00edkem sag\u00f0i vi\u00f0 f\u00f6\u00f0ur D\u00ednu og br\u00e6\u00f0ur hennar: \u201eS\u00fdni\u00f0 m\u00e9r velvilja og \u00e9g mun grei\u00f0a allt \u00fea\u00f0 sem \u00fei\u00f0 setji\u00f0 upp. <a name=\"12\"><\/a><span class=\"versanumer_2007\">12<\/span> Krefjist svo mikils heimanmundar sem ykkur \u00fe\u00f3knast og bi\u00f0ji\u00f0 um \u00fe\u00e1 gj\u00f6f sem ykkur lystir. \u00c9g mun grei\u00f0a \u00fea\u00f0 sem \u00fei\u00f0 krefjist svo fremi a\u00f0 \u00fei\u00f0 gefi\u00f0 m\u00e9r st\u00falkuna fyrir konu.\u201c<br \/>\n<a name=\"13\"><\/a><span class=\"versanumer_2007\">13<\/span> Synir Jakobs sv\u00f6ru\u00f0u S\u00edkem og Hemor, f\u00f6\u00f0ur hans, me\u00f0 sl\u00e6g\u00f0 af \u00fev\u00ed a\u00f0 S\u00edkem haf\u00f0i sv\u00edvirt D\u00ednu, systur \u00feeirra. <a name=\"14\"><\/a><span class=\"versanumer_2007\">14<\/span> \u00deeir s\u00f6g\u00f0u vi\u00f0 \u00fe\u00e1: \u201e\u00datiloka\u00f0 er a\u00f0 vi\u00f0 gefum systur okkar \u00f3umskornum manni. \u00dea\u00f0 yr\u00f0i okkur til skammar. <a name=\"15\"><\/a><span class=\"versanumer_2007\">15<\/span> \u00dev\u00ed a\u00f0eins getum vi\u00f0 or\u00f0i\u00f0 vi\u00f0 b\u00f3n ykkar a\u00f0 \u00fei\u00f0 ver\u00f0i\u00f0 eins og vi\u00f0 og umskeri\u00f0 allt karlkyns me\u00f0al ykkar. <a name=\"16\"><\/a><span class=\"versanumer_2007\">16<\/span> \u00de\u00e1 g\u00e6tum vi\u00f0 gefi\u00f0 ykkur d\u00e6tur okkar, teki\u00f0 okkur d\u00e6tur ykkar og b\u00fai\u00f0 hj\u00e1 ykkur svo a\u00f0 vi\u00f0 yr\u00f0um ein \u00fej\u00f3\u00f0. <a name=\"17\"><\/a><span class=\"versanumer_2007\">17<\/span> Ef \u00fei\u00f0 fari\u00f0 ekki a\u00f0 vilja okkar og l\u00e1ti\u00f0 umskerast \u00fe\u00e1 t\u00f6kum vi\u00f0 systur okkar og f\u00f6rum h\u00e9\u00f0an.\u201c<br \/>\n<a name=\"18\"><\/a><span class=\"versanumer_2007\">18<\/span> Hemor og S\u00edkem sonur hans voru \u00e1n\u00e6g\u00f0ir me\u00f0 svar \u00feeirra. <a name=\"19\"><\/a><span class=\"versanumer_2007\">19<\/span> Ungi ma\u00f0urinn h\u00f3fst \u00feegar handa \u00fev\u00ed a\u00f0 hann var \u00e1stfanginn af d\u00f3ttur Jakobs. Hann var s\u00e1 sem naut mestrar vir\u00f0ingar \u00ed \u00e6tt f\u00f6\u00f0ur s\u00edns.<br \/>\n<a name=\"20\"><\/a><span class=\"versanumer_2007\">20<\/span> Hemor og S\u00edkem, sonur hans, komu \u00ed hli\u00f0 borgar sinnar, t\u00f3ku borgarb\u00faa tali og s\u00f6g\u00f0u: <a name=\"21\"><\/a><span class=\"versanumer_2007\">21<\/span> \u201e\u00deessir menn eru okkur vinveittir. Leyfum \u00feeim a\u00f0 setjast a\u00f0 \u00ed landinu og fara allra sinna fer\u00f0a \u00fev\u00ed a\u00f0 n\u00f3g er landr\u00fdmi\u00f0 handa \u00feeim. T\u00f6kum okkur d\u00e6tur \u00feeirra fyrir konur og gefum \u00feeim d\u00e6tur okkar. <a name=\"22\"><\/a><span class=\"versanumer_2007\">22<\/span> En \u00fev\u00ed a\u00f0eins vilja mennirnir ver\u00f0a vi\u00f0 b\u00f3n okkar og b\u00faa me\u00f0al okkar \u00feannig a\u00f0 vi\u00f0 ver\u00f0um ein \u00fej\u00f3\u00f0, a\u00f0 vi\u00f0 l\u00e1tum umskera allt karlkyns me\u00f0al okkar eins og \u00feeir eru umskornir. <a name=\"23\"><\/a><span class=\"versanumer_2007\">23<\/span> Ver\u00f0a ekki hjar\u00f0ir \u00feeirra, eigur og allur f\u00e9na\u00f0ur eign okkar? L\u00e1ti\u00f0 a\u00f0 vilja \u00feeirra svo a\u00f0 \u00feeir setjist a\u00f0 hj\u00e1 okkur.\u201c <a name=\"24\"><\/a><span class=\"versanumer_2007\">24<\/span> Allir menn borgarinnar reyndust samm\u00e1la Hamor og S\u00edkem, syni hans, og allt karlkyns l\u00e9t umskerast, allir menn borgarinnar.<br \/>\n<a name=\"25\"><\/a><span class=\"versanumer_2007\">25<\/span> \u00c1 \u00feri\u00f0ja degi, er mennirnir voru \u00fej\u00e1\u00f0ir af s\u00e1rum s\u00ednum, t\u00f3ku tveir synir Jakobs og br\u00e6\u00f0ur D\u00ednu, \u00feeir S\u00edmeon og Lev\u00ed, sver\u00f0 s\u00edn og gengu inn \u00ed borgina sem \u00e1tti s\u00e9r einskis ills von og dr\u00e1pu \u00fear allt karlkyns. <a name=\"26\"><\/a><span class=\"versanumer_2007\">26<\/span> \u00deeir dr\u00e1pu einnig Hemor og S\u00edkem, son hans, me\u00f0 sver\u00f0um, t\u00f3ku s\u00ed\u00f0an D\u00ednu \u00far h\u00fasi S\u00edkems og f\u00f3ru burt. <a name=\"27\"><\/a><span class=\"versanumer_2007\">27<\/span> Synir Jakobs gengu yfir hina vegnu og r\u00e6ndu borgina af \u00fev\u00ed a\u00f0 systir \u00feeirra haf\u00f0i veri\u00f0 sv\u00edvirt. <a name=\"28\"><\/a><span class=\"versanumer_2007\">28<\/span> \u00deeir t\u00f3ku sau\u00f0i borgarb\u00faa, naut \u00feeirra og asna, b\u00e6\u00f0i innan og utan borgarinnar. <a name=\"29\"><\/a><span class=\"versanumer_2007\">29<\/span> \u00deeir h\u00f6f\u00f0u \u00e1 brott me\u00f0 s\u00e9r allar eigur \u00feeirra, \u00f6ll b\u00f6rn \u00feeirra og konur og r\u00e6ndu \u00f6llu sem var \u00ed h\u00fasunum.<br \/>\n<a name=\"30\"><\/a><span class=\"versanumer_2007\">30<\/span> Jakob sag\u00f0i vi\u00f0 S\u00edmeon og Lev\u00ed: \u201e\u00dei\u00f0 hafi\u00f0 steypt m\u00e9r \u00ed \u00f3g\u00e6fu og baka\u00f0 m\u00e9r hatur landsmanna, Kanaan\u00edta og Peres\u00edta. Af \u00fev\u00ed a\u00f0 vi\u00f0 erum svo f\u00e1li\u00f0a\u00f0ir ver\u00f0ur b\u00e6\u00f0i m\u00e9r og \u00e6tt minni eytt ef \u00feeir safnast saman gegn m\u00e9r.\u201c <a name=\"31\"><\/a><span class=\"versanumer_2007\">31<\/span> En \u00feeir sv\u00f6ru\u00f0u: \u201e\u00c1tti honum \u00fe\u00e1 a\u00f0 l\u00ed\u00f0ast a\u00f0 fara me\u00f0 systur okkar eins og sk\u00e6kju?\u201c<\/p>\n","protected":false},"excerpt":{"rendered":"<p>D\u00edna sv\u00edvirt 1 Eitt sinn gekk D\u00edna, d\u00f3ttirin sem Lea haf\u00f0i ali\u00f0 Jakobi, \u00fat til a\u00f0 hitta st\u00falkurnar \u00fear um sl\u00f3\u00f0ir. 2 S\u00edkem, sem var sonur Hev\u00edtans Hemors, h\u00f6f\u00f0ingja landsins, kom auga \u00e1 hana. Hann t\u00f3k hana me\u00f0 valdi, lag\u00f0ist me\u00f0 henni og nau\u00f0ga\u00f0i henni. 3 Hann var\u00f0 hugfanginn af D\u00ednu, d\u00f3ttur Jakobs, lag\u00f0i \u00e1st \u00e1 st\u00falkuna og reyndi a\u00f0 vinna hjarta hennar. 4 Hann sag\u00f0i vi\u00f0 Hemor f\u00f6\u00f0ur sinn: \u201eF\u00e1\u00f0u m\u00e9r \u00feessa st\u00falku fyrir konu.\u201c 5 Jakob fr\u00e9tti a\u00f0 S\u00edkem hef\u00f0i sv\u00edvirt D\u00ednu, d\u00f3ttur hans, en af \u00fev\u00ed a\u00f0 synir hans voru \u00fati \u00ed haga me\u00f0 f\u00e9na\u00f0 hans \u00fe\u00e1 <a href=\"https:\/\/biblian.is\/biblian\/fyrsta-mosebok-34-kafli\/\"> [&#8230;]<\/a><\/p>\n","protected":false},"author":1,"featured_media":0,"parent":0,"menu_order":0,"comment_status":"open","ping_status":"open","template":"bibliukaflar_NT.php","meta":{"footnotes":""},"class_list":["post-1651","page","type-page","status-publish","hentry"],"_links":{"self":[{"href":"https:\/\/biblian.is\/biblian\/wp-json\/wp\/v2\/pages\/1651","targetHints":{"allow":["GET"]}}],"collection":[{"href":"https:\/\/biblian.is\/biblian\/wp-json\/wp\/v2\/pages"}],"about":[{"href":"https:\/\/biblian.is\/biblian\/wp-json\/wp\/v2\/types\/page"}],"author":[{"embeddable":true,"href":"https:\/\/biblian.is\/biblian\/wp-json\/wp\/v2\/users\/1"}],"replies":[{"embeddable":true,"href":"https:\/\/biblian.is\/biblian\/wp-json\/wp\/v2\/comments?post=1651"}],"version-history":[{"count":0,"href":"https:\/\/biblian.is\/biblian\/wp-json\/wp\/v2\/pages\/1651\/revisions"}],"wp:attachment":[{"href":"https:\/\/biblian.is\/biblian\/wp-json\/wp\/v2\/media?parent=1651"}],"curies":[{"name":"wp","href":"https:\/\/api.w.org\/{rel}","templated":true}]}}