{"id":1650,"date":"2017-12-30T20:59:50","date_gmt":"2017-12-30T20:59:50","guid":{"rendered":"http:\/\/biblian.is\/biblian\/fyrsta-m%c2%97seb%c2%97k-33-kafli\/"},"modified":"2022-12-16T13:42:57","modified_gmt":"2022-12-16T13:42:57","slug":"fyrsta-mosebok-33-kafli","status":"publish","type":"page","link":"https:\/\/biblian.is\/biblian\/fyrsta-mosebok-33-kafli\/","title":{"rendered":"Fyrsta M\u00f3seb\u00f3k 33. kafli"},"content":{"rendered":"<h3 class=\"millifyrirsogn_2007\">Esa\u00fa og Jakob s\u00e6ttast<\/h3>\n<p><a name=\"1\"><\/a><span class=\"versanumer_2007\">1<\/span> Jakob leit upp og s\u00e1 Esa\u00fa koma me\u00f0 fj\u00f6gur hundru\u00f0 manns. Skipti hann \u00fe\u00e1 b\u00f6rnunum ni\u00f0ur \u00e1 Leu og Rakel og b\u00e1\u00f0ar amb\u00e1ttirnar. <a name=\"2\"><\/a><span class=\"versanumer_2007\">2<\/span> Hann l\u00e9t amb\u00e1ttirnar og b\u00f6rn \u00feeirra vera fremst, \u00fe\u00e1 Leu og b\u00f6rn hennar en Rakel og J\u00f3sef aftast. <a name=\"3\"><\/a><span class=\"versanumer_2007\">3<\/span> Sj\u00e1lfur gekk hann \u00e1 undan \u00feeim. Hann beyg\u00f0i sig sj\u00f6 sinnum til jar\u00f0ar er hann gekk til m\u00f3ts vi\u00f0 br\u00f3\u00f0ur sinn. <a name=\"4\"><\/a><span class=\"versanumer_2007\">4<\/span> Esa\u00fa hlj\u00f3p \u00e1 m\u00f3ti honum og fa\u00f0ma\u00f0i hann, lag\u00f0i hendur um h\u00e1ls honum og kyssti hann og \u00feeir gr\u00e9tu.<br \/>\n<a name=\"5\"><\/a><span class=\"versanumer_2007\">5<\/span> \u00deegar Esa\u00fa s\u00e1 konurnar og b\u00f6rnin spur\u00f0i hann: \u201eHva\u00f0a f\u00f3lk er \u00feetta sem me\u00f0 \u00fe\u00e9r er?\u201c Hann svara\u00f0i: \u201e\u00dea\u00f0 eru b\u00f6rnin sem Gu\u00f0 hefur \u00ed n\u00e1\u00f0 sinni gefi\u00f0 \u00fej\u00f3ni \u00fe\u00ednum.\u201c <a name=\"6\"><\/a><span class=\"versanumer_2007\">6<\/span> \u00de\u00e1 gengu amb\u00e1ttirnar fram \u00e1samt b\u00f6rnum s\u00ednum og hneig\u00f0u sig. <a name=\"7\"><\/a><span class=\"versanumer_2007\">7<\/span> S\u00ed\u00f0an gekk Lea fram og hneig\u00f0i sig \u00e1samt b\u00f6rnum s\u00ednum. Loks gengu J\u00f3sef og Rakel fram og hneig\u00f0u sig.<br \/>\n<a name=\"8\"><\/a><span class=\"versanumer_2007\">8<\/span> \u00de\u00e1 spur\u00f0i Esa\u00fa: \u201eHva\u00f0 hyggstu fyrir me\u00f0 \u00feessa fylkingu sem \u00e9g m\u00e6tti?\u201c Jakob svara\u00f0i: \u201eA\u00f0 finna n\u00e1\u00f0 \u00ed augum herra m\u00edns.\u201c <a name=\"9\"><\/a><span class=\"versanumer_2007\">9<\/span> \u201e\u00c9g \u00e1 n\u00f3g, br\u00f3\u00f0ir,\u201c sag\u00f0i Esa\u00fa. \u201eEig\u00f0u \u00fea\u00f0 sem \u00feitt er.\u201c <a name=\"10\"><\/a><span class=\"versanumer_2007\">10<\/span> \u201eNei,\u201c sag\u00f0i Jakob, \u201ehafi \u00e9g fundi\u00f0 n\u00e1\u00f0 \u00ed augum \u00fe\u00ednum \u00feigg\u00f0u \u00fe\u00e1 gj\u00f6fina af m\u00e9r. \u00deegar \u00e9g s\u00e1 auglit \u00feitt var sem \u00e9g s\u00e6i auglit Gu\u00f0s og \u00fe\u00fa hefur teki\u00f0 vel \u00e1 m\u00f3ti m\u00e9r. <a name=\"11\"><\/a><span class=\"versanumer_2007\">11<\/span> \u00c9g bi\u00f0 \u00feig a\u00f0 \u00feiggja gj\u00f6fina sem \u00fe\u00e9r var f\u00e6r\u00f0 \u00fev\u00ed a\u00f0 Gu\u00f0 hefur veri\u00f0 m\u00e9r g\u00f3\u00f0ur og \u00e9g hef allt sem \u00e9g \u00fearfnast.\u201c Jakob lag\u00f0i a\u00f0 honum \u00fear til hann \u00fe\u00e1\u00f0i gj\u00f6fina.<br \/>\n<a name=\"12\"><\/a><span class=\"versanumer_2007\">12<\/span> Esa\u00fa sag\u00f0i: \u201eLeggjum n\u00fa af sta\u00f0 og h\u00f6ldum \u00e1fram. \u00c9g skal fara \u00e1 undan \u00fe\u00e9r.\u201c <a name=\"13\"><\/a><span class=\"versanumer_2007\">13<\/span> Hann svara\u00f0i: \u201eHerra minn veit a\u00f0 b\u00f6rnin eru l\u00edtil og \u00e9g ver\u00f0 a\u00f0 taka tillit til \u00feess a\u00f0 me\u00f0 \u00ed f\u00f6r eru lamb\u00e6r og k\u00fdr me\u00f0 k\u00e1lfum. R\u00e6ki \u00e9g \u00fe\u00e6r of hart einn dag mundi \u00f6ll hj\u00f6r\u00f0in t\u00fdna l\u00edfi. <a name=\"14\"><\/a><span class=\"versanumer_2007\">14<\/span> \u00deess vegna bi\u00f0 \u00e9g \u00feig, herra, a\u00f0 \u00fe\u00fa farir \u00e1 undan \u00fej\u00f3ni \u00fe\u00ednum. \u00de\u00e1 get \u00e9g komi\u00f0 \u00e1 eftir \u00fe\u00e9r til Se\u00edr, herra minn, \u00e1 \u00feeim hra\u00f0a sem hentar f\u00e9na\u00f0inum og b\u00f6rnunum.\u201c <a name=\"15\"><\/a><span class=\"versanumer_2007\">15<\/span> Esa\u00fa sag\u00f0i: \u201e\u00de\u00e1 vil \u00e9g a\u00f0 minnsta kosti skilja nokkra af m\u00f6nnum m\u00ednum eftir hj\u00e1 \u00fe\u00e9r.\u201c Jakob svara\u00f0i: \u201e\u00deess gerist engin \u00fe\u00f6rf, finni \u00e9g a\u00f0eins n\u00e1\u00f0 \u00ed augum herra m\u00edns.\u201c<br \/>\n<a name=\"16\"><\/a><span class=\"versanumer_2007\">16<\/span> Sama dag sneri Esa\u00fa aftur til Se\u00edr. <a name=\"17\"><\/a><span class=\"versanumer_2007\">17<\/span> En Jakob h\u00e9lt til S\u00fakk\u00f3t. \u00dear bygg\u00f0i hann s\u00e9r h\u00fas og reisti laufsk\u00e1la handa f\u00e9na\u00f0i s\u00ednum. \u00deess vegna var sta\u00f0urinn nefndur S\u00fakk\u00f3t.<br \/>\n<a name=\"18\"><\/a><span class=\"versanumer_2007\">18<\/span> Jakob kom heill \u00e1 h\u00fafi til S\u00edkemborgar \u00ed Kanaanslandi \u00e1 lei\u00f0 sinni fr\u00e1 Mes\u00f3p\u00f3tam\u00edu og sl\u00f3 upp tj\u00f6ldum s\u00ednum fyrir utan borgina. <a name=\"19\"><\/a><span class=\"versanumer_2007\">19<\/span> Akurinn, \u00fear sem hann haf\u00f0i slegi\u00f0 upp tjaldi s\u00ednu, keypti hann af sonum Hemors, f\u00f6\u00f0ur S\u00edkems, fyrir hundra\u00f0 kes\u00edta. <a name=\"20\"><\/a><span class=\"versanumer_2007\">20<\/span> \u00dear reisti hann altari sem hann nefndi El-el\u00f3he-\u00cdsrael. <span class=\"nedan_mal\" title=\" Gu\u00f0 er Gu\u00f0 \u00cdsraels.\">[<\/span><\/p>\n","protected":false},"excerpt":{"rendered":"<p>Esa\u00fa og Jakob s\u00e6ttast 1 Jakob leit upp og s\u00e1 Esa\u00fa koma me\u00f0 fj\u00f6gur hundru\u00f0 manns. Skipti hann \u00fe\u00e1 b\u00f6rnunum ni\u00f0ur \u00e1 Leu og Rakel og b\u00e1\u00f0ar amb\u00e1ttirnar. 2 Hann l\u00e9t amb\u00e1ttirnar og b\u00f6rn \u00feeirra vera fremst, \u00fe\u00e1 Leu og b\u00f6rn hennar en Rakel og J\u00f3sef aftast. 3 Sj\u00e1lfur gekk hann \u00e1 undan \u00feeim. Hann beyg\u00f0i sig sj\u00f6 sinnum til jar\u00f0ar er hann gekk til m\u00f3ts vi\u00f0 br\u00f3\u00f0ur sinn. 4 Esa\u00fa hlj\u00f3p \u00e1 m\u00f3ti honum og fa\u00f0ma\u00f0i hann, lag\u00f0i hendur um h\u00e1ls honum og kyssti hann og \u00feeir gr\u00e9tu. 5 \u00deegar Esa\u00fa s\u00e1 konurnar og b\u00f6rnin spur\u00f0i hann: \u201eHva\u00f0a f\u00f3lk <a href=\"https:\/\/biblian.is\/biblian\/fyrsta-mosebok-33-kafli\/\"> [&#8230;]<\/a><\/p>\n","protected":false},"author":1,"featured_media":0,"parent":0,"menu_order":0,"comment_status":"open","ping_status":"open","template":"bibliukaflar_NT.php","meta":{"footnotes":""},"class_list":["post-1650","page","type-page","status-publish","hentry"],"_links":{"self":[{"href":"https:\/\/biblian.is\/biblian\/wp-json\/wp\/v2\/pages\/1650","targetHints":{"allow":["GET"]}}],"collection":[{"href":"https:\/\/biblian.is\/biblian\/wp-json\/wp\/v2\/pages"}],"about":[{"href":"https:\/\/biblian.is\/biblian\/wp-json\/wp\/v2\/types\/page"}],"author":[{"embeddable":true,"href":"https:\/\/biblian.is\/biblian\/wp-json\/wp\/v2\/users\/1"}],"replies":[{"embeddable":true,"href":"https:\/\/biblian.is\/biblian\/wp-json\/wp\/v2\/comments?post=1650"}],"version-history":[{"count":0,"href":"https:\/\/biblian.is\/biblian\/wp-json\/wp\/v2\/pages\/1650\/revisions"}],"wp:attachment":[{"href":"https:\/\/biblian.is\/biblian\/wp-json\/wp\/v2\/media?parent=1650"}],"curies":[{"name":"wp","href":"https:\/\/api.w.org\/{rel}","templated":true}]}}