{"id":1649,"date":"2017-12-30T20:59:50","date_gmt":"2017-12-30T20:59:50","guid":{"rendered":"http:\/\/biblian.is\/biblian\/fyrsta-m%c2%97seb%c2%97k-32-kafli\/"},"modified":"2022-12-16T13:42:56","modified_gmt":"2022-12-16T13:42:56","slug":"fyrsta-mosebok-32-kafli","status":"publish","type":"page","link":"https:\/\/biblian.is\/biblian\/fyrsta-mosebok-32-kafli\/","title":{"rendered":"Fyrsta M\u00f3seb\u00f3k 32. kafli"},"content":{"rendered":"<h3 class=\"millifyrirsogn_2007\">Jakob b\u00fdst til a\u00f0 m\u00e6ta Esa\u00fa<\/h3>\n<p><a name=\"1\"><\/a><span class=\"versanumer_2007\">1<\/span> \u00deegar Jakob h\u00e9lt \u00e1fram f\u00f6r sinni ur\u00f0u englar \u00e1 vegi hans. <a name=\"2\"><\/a><span class=\"versanumer_2007\">2<\/span> \u201e\u00deetta eru herb\u00fa\u00f0ir Gu\u00f0s,\u201c sag\u00f0i Jakob er hann s\u00e1 \u00fe\u00e1 og hann nefndi sta\u00f0inn Mahana\u00edm. <a name=\"3\"><\/a><span class=\"versanumer_2007\">3<\/span> Jakob sendi mann \u00e1 undan s\u00e9r til Esa\u00fa, br\u00f3\u00f0ur s\u00edns, \u00ed Se\u00edr \u00ed Ed\u00f3m <a name=\"4\"><\/a><span class=\"versanumer_2007\">4<\/span> me\u00f0 \u00feessi skilabo\u00f0: \u201eSegi\u00f0 vi\u00f0 Esa\u00fa, herra minn: Svo segir Jakob, \u00fej\u00f3nn \u00feinn: \u00c9g hef b\u00fai\u00f0 sem \u00fatlendingur hj\u00e1 Laban og veri\u00f0 \u00fear allt til \u00feessa. <a name=\"5\"><\/a><span class=\"versanumer_2007\">5<\/span> \u00c9g hef eignast uxa, asna og sau\u00f0f\u00e9na\u00f0, \u00fer\u00e6la og amb\u00e1ttir og n\u00fa sendi \u00e9g bo\u00f0 um \u00feetta til herra m\u00edns \u00ed \u00feeirri von a\u00f0 \u00e9g finni n\u00e1\u00f0 \u00ed augum \u00fe\u00ednum.\u201c<br \/>\n<a name=\"6\"><\/a><span class=\"versanumer_2007\">6<\/span> Sendimennirnir komu aftur til Jakobs og s\u00f6g\u00f0u: \u201eVi\u00f0 vorum hj\u00e1 Esa\u00fa br\u00f3\u00f0ur \u00fe\u00ednum. Hann er \u00e1 lei\u00f0inni \u00e1 m\u00f3ti \u00fe\u00e9r me\u00f0 fj\u00f6gur hundru\u00f0 manna li\u00f0.\u201c <a name=\"7\"><\/a><span class=\"versanumer_2007\">7<\/span> \u00de\u00e1 var\u00f0 Jakob \u00f3ttasleginn og fullur kv\u00ed\u00f0a. Hann skipti f\u00f3lkinu, sem me\u00f0 honum var, \u00ed tvo flokka svo og sau\u00f0unum, nautunum og \u00falf\u00f6ldunum. <a name=\"8\"><\/a><span class=\"versanumer_2007\">8<\/span> Hann hugsa\u00f0i me\u00f0 s\u00e9r: \u201eR\u00e1\u00f0ist Esa\u00fa \u00e1 annan flokkinn \u00fe\u00e1 getur hinn komist undan.\u201c<br \/>\n<a name=\"9\"><\/a><span class=\"versanumer_2007\">9<\/span> Jakob ba\u00f0st fyrir: \u201eGu\u00f0 Abrahams, f\u00f6\u00f0ur m\u00edns, og Gu\u00f0 \u00cdsaks, f\u00f6\u00f0ur m\u00edns, Drottinn, \u00fe\u00fa sem sag\u00f0ir vi\u00f0 mig: Sn\u00fa\u00f0u aftur til lands \u00fe\u00edns og til \u00e6ttf\u00f3lks \u00fe\u00edns og \u00e9g mun l\u00e1ta \u00fe\u00e9r farnast vel. <a name=\"10\"><\/a><span class=\"versanumer_2007\">10<\/span> \u00c9g er ekki ver\u00f0ur allra \u00feeirra velgj\u00f6r\u00f0a og allrar \u00feeirrar tr\u00fafesti sem \u00fe\u00fa hefur au\u00f0s\u00fdnt \u00fej\u00f3ni \u00fe\u00ednum. \u00c9g haf\u00f0i a\u00f0eins staf minn me\u00f0fer\u00f0is \u00feegar \u00e9g f\u00f3r yfir J\u00f3rdan en n\u00fa r\u00e6\u00f0 \u00e9g yfir tveimur flokkum. <a name=\"11\"><\/a><span class=\"versanumer_2007\">11<\/span> Bjarga\u00f0u m\u00e9r n\u00fa undan Esa\u00fa, br\u00f3\u00f0ur m\u00ednum, \u00fev\u00ed a\u00f0 \u00e9g \u00f3ttast a\u00f0 hann komi og dey\u00f0i okkur, konur okkar og b\u00f6rn. <a name=\"12\"><\/a><span class=\"versanumer_2007\">12<\/span> \u00de\u00fa hefur sj\u00e1lfur sagt: \u00c9g mun l\u00e1ta \u00fe\u00e9r farnast vel og gera ni\u00f0ja \u00fe\u00edna sem sandkorn \u00e1 sj\u00e1varstr\u00f6nd \u00feannig a\u00f0 ekki ver\u00f0i t\u00f6lu \u00e1 \u00fe\u00e1 komi\u00f0.\u201c<br \/>\n<a name=\"13\"><\/a><span class=\"versanumer_2007\">13<\/span> Jakob var kyrr \u00fear um n\u00f3ttina og t\u00f3k gj\u00f6f handa Esa\u00fa, br\u00f3\u00f0ur s\u00ednum, af \u00fev\u00ed sem hann haf\u00f0i eignast: <a name=\"14\"><\/a><span class=\"versanumer_2007\">14<\/span> Tv\u00f6 hundru\u00f0 geitur og tuttugu geithafra, tv\u00f6 hundru\u00f0 \u00e6r og tuttugu hr\u00fata, <a name=\"15\"><\/a><span class=\"versanumer_2007\">15<\/span> \u00ferj\u00e1t\u00edu \u00falfaldahryssur me\u00f0 fol\u00f6ldum, fj\u00f6rut\u00edu k\u00fdr og t\u00edu naut, tuttugu \u00f6snur og t\u00edu \u00f6snufola. <a name=\"16\"><\/a><span class=\"versanumer_2007\">16<\/span> Hann f\u00e9kk d\u00fdrin \u00ed hendur \u00fej\u00f3num s\u00ednum, hverja hj\u00f6r\u00f0 fyrir sig, og sag\u00f0i vi\u00f0 \u00fej\u00f3nana: \u201eFari\u00f0 \u00e1 undan m\u00e9r og hafi\u00f0 bil \u00e1 milli hjar\u00f0anna.\u201c <a name=\"17\"><\/a><span class=\"versanumer_2007\">17<\/span> Vi\u00f0 \u00feann sem fyrstur f\u00f3r sag\u00f0i hann: \u201e\u00deegar Esa\u00fa, br\u00f3\u00f0ir minn, m\u00e6tir \u00fe\u00e9r og spyr \u00e1 vegum hvers \u00fe\u00fa s\u00e9rt og hvert f\u00f6r \u00feinni s\u00e9 heiti\u00f0 og hver eigi d\u00fdrin sem \u00fe\u00fa rekur \u00e1 undan \u00fe\u00e9r, <a name=\"18\"><\/a><span class=\"versanumer_2007\">18<\/span> \u00fe\u00e1 skaltu svara: Jakob, \u00fej\u00f3nn \u00feinn, \u00e1 d\u00fdrin. \u00deau eru gj\u00f6f sem hann sendir Esa\u00fa, herra m\u00ednum. Sj\u00e1lfur kemur hann \u00e1 eftir okkur.\u201c <a name=\"19\"><\/a><span class=\"versanumer_2007\">19<\/span> S\u00f6mu fyrirm\u00e6li gaf hann \u00f6\u00f0rum og \u00feri\u00f0ja og \u00f6llum sem hjar\u00f0irnar r\u00e1ku og m\u00e6lti: \u201e\u00deannig skulu\u00f0 \u00fei\u00f0 tala vi\u00f0 Esa\u00fa \u00feegar \u00fei\u00f0 hitti\u00f0 hann. <a name=\"20\"><\/a><span class=\"versanumer_2007\">20<\/span> \u00dei\u00f0 skulu\u00f0 einnig segja: Jakob, \u00fej\u00f3nn \u00feinn, kemur sj\u00e1lfur \u00e1 eftir okkur,\u201c \u00fev\u00ed a\u00f0 hann hugsa\u00f0i: \u201e\u00c9g \u00e6tla a\u00f0 bl\u00ed\u00f0ka hann me\u00f0 gj\u00f6finni sem \u00e9g sendi \u00e1 undan m\u00e9r. S\u00ed\u00f0an mun \u00e9g sj\u00e1lfur hitta hann. Vera m\u00e1 a\u00f0 hann taki m\u00e9r \u00fe\u00e1 vel.\u201c <a name=\"21\"><\/a><span class=\"versanumer_2007\">21<\/span> \u00deannig var gj\u00f6fin send \u00e1 undan Jakobi en sj\u00e1lfur var hann \u00feessa n\u00f3tt \u00ed b\u00fa\u00f0unum.<\/p>\n<h3 class=\"millifyrirsogn_2007\">Jakobsgl\u00edman<\/h3>\n<p><a name=\"22\"><\/a><span class=\"versanumer_2007\">22<\/span> Um n\u00f3ttina reis Jakob \u00e1 f\u00e6tur, t\u00f3k b\u00e1\u00f0ar konur s\u00ednar, b\u00e1\u00f0ar amb\u00e1ttir s\u00ednar og syni s\u00edna ellefu og f\u00f3r yfir Jabbok \u00e1 va\u00f0inu. <a name=\"23\"><\/a><span class=\"versanumer_2007\">23<\/span> Hann leiddi \u00feau yfir \u00e1na og allt sem hann \u00e1tti haf\u00f0i hann me\u00f0fer\u00f0is. <a name=\"24\"><\/a><span class=\"versanumer_2007\">24<\/span> Jakob var\u00f0 s\u00ed\u00f0an einn eftir og ma\u00f0ur nokkur gl\u00edmdi vi\u00f0 hann uns dagur rann. <a name=\"25\"><\/a><span class=\"versanumer_2007\">25<\/span> \u00deegar honum var\u00f0 lj\u00f3st a\u00f0 hann g\u00e6ti ekki sigra\u00f0 Jakob sl\u00f3 hann \u00e1 mj\u00f6\u00f0m hans svo a\u00f0 hann gekk \u00far augnak\u00f6rlunum er \u00feeir gl\u00edmdu. <a name=\"26\"><\/a><span class=\"versanumer_2007\">26<\/span> \u201eSlepptu m\u00e9r,\u201c sag\u00f0i ma\u00f0urinn, \u201e\u00fev\u00ed a\u00f0 dagur rennur.\u201c \u201e\u00c9g sleppi \u00fe\u00e9r ekki nema \u00fe\u00fa blessir mig,\u201c svara\u00f0i Jakob. <a name=\"27\"><\/a><span class=\"versanumer_2007\">27<\/span> \u201eHva\u00f0 heitir \u00fe\u00fa?\u201c spur\u00f0i ma\u00f0urinn. \u201eJakob,\u201c svara\u00f0i hann. <a name=\"28\"><\/a><span class=\"versanumer_2007\">28<\/span> \u00de\u00e1 m\u00e6lti hann: \u201eEkki skaltu lengur heita Jakob heldur \u00cdsrael \u00fev\u00ed a\u00f0 \u00fe\u00fa hefur gl\u00edmt vi\u00f0 Gu\u00f0 og menn og unni\u00f0 sigur.\u201c <a name=\"29\"><\/a><span class=\"versanumer_2007\">29<\/span> Jakob sag\u00f0i vi\u00f0 hann: \u201eSeg\u00f0u m\u00e9r nafn \u00feitt.\u201c Hann svara\u00f0i: \u201eHvers vegna spyr\u00f0u mig nafns?\u201c Og hann blessa\u00f0i hann \u00fear. <a name=\"30\"><\/a><span class=\"versanumer_2007\">30<\/span> Jakob nefndi sta\u00f0inn Pen\u00edel, \u201e\u00fev\u00ed a\u00f0 \u00e9g hef,\u201c sag\u00f0i hann, \u201es\u00e9\u00f0 Gu\u00f0 augliti til auglitis og \u00fe\u00f3 haldi\u00f0 l\u00edfi.\u201c <a name=\"31\"><\/a><span class=\"versanumer_2007\">31<\/span> \u00deegar hann f\u00f3r fr\u00e1 Pen\u00fael rann s\u00f3lin upp. Gekk hann \u00fe\u00e1 haltur vegna mja\u00f0marinnar. <a name=\"32\"><\/a><span class=\"versanumer_2007\">32<\/span> \u00deess vegna eta \u00cdsraelsmenn allt til \u00feessa dags ekki sinina sem er ofan \u00e1 augnakarlinum \u00fev\u00ed a\u00f0 hann hitti mj\u00f6\u00f0m Jakobs \u00fear sem sinin er undir.<\/p>\n","protected":false},"excerpt":{"rendered":"<p>Jakob b\u00fdst til a\u00f0 m\u00e6ta Esa\u00fa 1 \u00deegar Jakob h\u00e9lt \u00e1fram f\u00f6r sinni ur\u00f0u englar \u00e1 vegi hans. 2 \u201e\u00deetta eru herb\u00fa\u00f0ir Gu\u00f0s,\u201c sag\u00f0i Jakob er hann s\u00e1 \u00fe\u00e1 og hann nefndi sta\u00f0inn Mahana\u00edm. 3 Jakob sendi mann \u00e1 undan s\u00e9r til Esa\u00fa, br\u00f3\u00f0ur s\u00edns, \u00ed Se\u00edr \u00ed Ed\u00f3m 4 me\u00f0 \u00feessi skilabo\u00f0: \u201eSegi\u00f0 vi\u00f0 Esa\u00fa, herra minn: Svo segir Jakob, \u00fej\u00f3nn \u00feinn: \u00c9g hef b\u00fai\u00f0 sem \u00fatlendingur hj\u00e1 Laban og veri\u00f0 \u00fear allt til \u00feessa. 5 \u00c9g hef eignast uxa, asna og sau\u00f0f\u00e9na\u00f0, \u00fer\u00e6la og amb\u00e1ttir og n\u00fa sendi \u00e9g bo\u00f0 um \u00feetta til herra m\u00edns \u00ed \u00feeirri von <a href=\"https:\/\/biblian.is\/biblian\/fyrsta-mosebok-32-kafli\/\"> [&#8230;]<\/a><\/p>\n","protected":false},"author":1,"featured_media":0,"parent":0,"menu_order":0,"comment_status":"open","ping_status":"open","template":"bibliukaflar_NT.php","meta":{"footnotes":""},"class_list":["post-1649","page","type-page","status-publish","hentry"],"_links":{"self":[{"href":"https:\/\/biblian.is\/biblian\/wp-json\/wp\/v2\/pages\/1649","targetHints":{"allow":["GET"]}}],"collection":[{"href":"https:\/\/biblian.is\/biblian\/wp-json\/wp\/v2\/pages"}],"about":[{"href":"https:\/\/biblian.is\/biblian\/wp-json\/wp\/v2\/types\/page"}],"author":[{"embeddable":true,"href":"https:\/\/biblian.is\/biblian\/wp-json\/wp\/v2\/users\/1"}],"replies":[{"embeddable":true,"href":"https:\/\/biblian.is\/biblian\/wp-json\/wp\/v2\/comments?post=1649"}],"version-history":[{"count":0,"href":"https:\/\/biblian.is\/biblian\/wp-json\/wp\/v2\/pages\/1649\/revisions"}],"wp:attachment":[{"href":"https:\/\/biblian.is\/biblian\/wp-json\/wp\/v2\/media?parent=1649"}],"curies":[{"name":"wp","href":"https:\/\/api.w.org\/{rel}","templated":true}]}}