{"id":1648,"date":"2017-12-30T20:59:50","date_gmt":"2017-12-30T20:59:50","guid":{"rendered":"http:\/\/biblian.is\/biblian\/fyrsta-m%c2%97seb%c2%97k-31-kafli\/"},"modified":"2022-12-16T13:42:56","modified_gmt":"2022-12-16T13:42:56","slug":"fyrsta-mosebok-31-kafli","status":"publish","type":"page","link":"https:\/\/biblian.is\/biblian\/fyrsta-mosebok-31-kafli\/","title":{"rendered":"Fyrsta M\u00f3seb\u00f3k 31. kafli"},"content":{"rendered":"<h3 class=\"millifyrirsogn_2007\">Jakob fl\u00fdr Laban<\/h3>\n<p><a name=\"1\"><\/a><span class=\"versanumer_2007\">1<\/span> Jakob heyr\u00f0i a\u00f0 synir Labans s\u00f6g\u00f0u: \u201eJakob hefur teki\u00f0 allt sem fa\u00f0ir okkar \u00e1tti. Allra \u00feessara au\u00f0\u00e6fa hefur hann afla\u00f0 s\u00e9r af eigum f\u00f6\u00f0ur okkar.\u201c <a name=\"2\"><\/a><span class=\"versanumer_2007\">2<\/span> Og Jakob s\u00e1 \u00fea\u00f0 \u00e1 svipm\u00f3ti Labans a\u00f0 hann bar ekki sama hug til hans og \u00e1\u00f0ur.<br \/>\n<a name=\"3\"><\/a><span class=\"versanumer_2007\">3<\/span> \u00de\u00e1 sag\u00f0i Drottinn vi\u00f0 Jakob: \u201eSn\u00fa\u00f0u aftur til lands fe\u00f0ra \u00feinna og til \u00e6ttf\u00f3lks \u00fe\u00edns og \u00e9g mun vera me\u00f0 \u00fe\u00e9r.\u201c<br \/>\n<a name=\"4\"><\/a><span class=\"versanumer_2007\">4<\/span> Jakob sendi n\u00fa eftir Rakel og Leu og l\u00e9t kalla \u00fe\u00e6r \u00fat \u00ed hagann \u00feanga\u00f0 sem hj\u00f6r\u00f0 hans var. <a name=\"5\"><\/a><span class=\"versanumer_2007\">5<\/span> Hann sag\u00f0i vi\u00f0 \u00fe\u00e6r: \u201e\u00c9g s\u00e9 \u00e1 svipm\u00f3ti f\u00f6\u00f0ur ykkar a\u00f0 hann ber ekki sama hug til m\u00edn og \u00e1\u00f0ur en Gu\u00f0 f\u00f6\u00f0ur m\u00edns hefur veri\u00f0 me\u00f0 m\u00e9r. <a name=\"6\"><\/a><span class=\"versanumer_2007\">6<\/span> \u00dei\u00f0 viti\u00f0 sj\u00e1lfar a\u00f0 \u00e9g hef \u00fej\u00f3na\u00f0 f\u00f6\u00f0ur ykkar af fremsta megni. <a name=\"7\"><\/a><span class=\"versanumer_2007\">7<\/span> Samt hefur fa\u00f0ir ykkar sviki\u00f0 mig og breytt kaupi m\u00ednu t\u00edu sinnum en Gu\u00f0 hefur ekki l\u00e1ti\u00f0 honum l\u00ed\u00f0ast a\u00f0 gera m\u00e9r mein. <a name=\"8\"><\/a><span class=\"versanumer_2007\">8<\/span> \u00deegar hann sag\u00f0i a\u00f0 hi\u00f0 flekk\u00f3tta skyldi ver\u00f0a kaup mitt f\u00e6ddi \u00f6ll hj\u00f6r\u00f0in flekk\u00f3tt og \u00feegar hann sag\u00f0i a\u00f0 hi\u00f0 r\u00edl\u00f3tta skyldi ver\u00f0a kaup mitt f\u00e6ddi \u00f6ll hj\u00f6r\u00f0in r\u00edl\u00f3tt. <a name=\"9\"><\/a><span class=\"versanumer_2007\">9<\/span> \u00deannig hefur Gu\u00f0 teki\u00f0 f\u00e9na\u00f0inn fr\u00e1 f\u00f6\u00f0ur ykkar og gefi\u00f0 m\u00e9r hann. <a name=\"10\"><\/a><span class=\"versanumer_2007\">10<\/span> Eitt sinn um fengit\u00edma hjar\u00f0arinnar s\u00e1 \u00e9g \u00ed draumi a\u00f0 hafrarnir, sem hlupu \u00e1 f\u00e9\u00f0, voru r\u00edl\u00f3ttir, flekk\u00f3ttir og d\u00edl\u00f3ttir. <a name=\"11\"><\/a><span class=\"versanumer_2007\">11<\/span> Og engill Gu\u00f0s kalla\u00f0i til m\u00edn \u00ed draumnum: Jakob! \u00c9g svara\u00f0i: H\u00e9r er \u00e9g. <a name=\"12\"><\/a><span class=\"versanumer_2007\">12<\/span> \u00de\u00e1 sag\u00f0i hann: L\u00edttu upp og sj\u00e1\u00f0u. Allir hafrarnir, sem hlaupa \u00e1 f\u00e9\u00f0, eru r\u00edl\u00f3ttir, flekk\u00f3ttir og d\u00edl\u00f3ttir. \u00dea\u00f0 er vegna \u00feess a\u00f0 \u00e9g hef s\u00e9\u00f0 allt sem Laban hefur gert \u00fe\u00e9r. <a name=\"13\"><\/a><span class=\"versanumer_2007\">13<\/span> \u00c9g er s\u00e1 Gu\u00f0 sem birtist \u00fe\u00e9r \u00ed Betel \u00fear sem \u00fe\u00fa smur\u00f0ir merkistein og vannst m\u00e9r heit. Legg\u00f0u n\u00fa af sta\u00f0, far\u00f0u burt \u00far \u00feessu landi og sn\u00fa\u00f0u aftur til \u00e6ttlands \u00fe\u00edns.\u201c<br \/>\n<a name=\"14\"><\/a><span class=\"versanumer_2007\">14<\/span> \u00de\u00e1 sv\u00f6ru\u00f0u \u00fe\u00e6r Rakel og Lea og s\u00f6g\u00f0u: \u201eVi\u00f0 eigum ekki lengur neina hlutdeild e\u00f0a arf \u00ed h\u00fasi f\u00f6\u00f0ur okkar. <a name=\"15\"><\/a><span class=\"versanumer_2007\">15<\/span> Erum vi\u00f0 honum ekki sem \u00fatlendingar af \u00fev\u00ed a\u00f0 hann hefur selt okkur og eytt \u00feeim peningum sem hann f\u00e9kk fyrir okkur? <a name=\"16\"><\/a><span class=\"versanumer_2007\">16<\/span> Hins vegar eigum vi\u00f0 og b\u00f6rn okkar allan \u00feann au\u00f0 sem Gu\u00f0 hefur teki\u00f0 fr\u00e1 f\u00f6\u00f0ur okkar. Ger\u00f0u n\u00fa allt \u00fea\u00f0 sem Gu\u00f0 hefur bo\u00f0i\u00f0 \u00fe\u00e9r.\u201c<br \/>\n<a name=\"17\"><\/a><span class=\"versanumer_2007\">17<\/span> Jakob bj\u00f3st \u00fe\u00e1 til fer\u00f0ar, setti b\u00f6rn s\u00edn og konur upp \u00e1 \u00falfaldana <a name=\"18\"><\/a><span class=\"versanumer_2007\">18<\/span> og t\u00f3k allan f\u00e9na\u00f0 sinn og fj\u00e1rhlut \u00feann sem hann haf\u00f0i afla\u00f0 s\u00e9r, \u00fe\u00e1 fj\u00e1reign sem hann haf\u00f0i afla\u00f0 s\u00e9r \u00ed Mes\u00f3p\u00f3tam\u00edu. S\u00ed\u00f0an lag\u00f0i hann af sta\u00f0 til \u00cdsaks f\u00f6\u00f0ur s\u00edns \u00ed Kanaanslandi. <a name=\"19\"><\/a><span class=\"versanumer_2007\">19<\/span> \u00deegar Laban var farinn til a\u00f0 r\u00fdja sau\u00f0i s\u00edna stal Rakel h\u00fasgo\u00f0um f\u00f6\u00f0ur s\u00edns. <a name=\"20\"><\/a><span class=\"versanumer_2007\">20<\/span> Og Jakob blekkti Laban hinn arame\u00edska me\u00f0 \u00fev\u00ed a\u00f0 segja honum ekki a\u00f0 hann hyg\u00f0ist fara burt. <a name=\"21\"><\/a><span class=\"versanumer_2007\">21<\/span> Hann fl\u00fd\u00f0i me\u00f0 allt sem hann \u00e1tti, h\u00e9lt yfir flj\u00f3ti\u00f0 og stefndi \u00e1 G\u00edlea\u00f0fj\u00f6ll.<\/p>\n<h3 class=\"millifyrirsogn_2007\">Laban eltir Jakob<\/h3>\n<p><a name=\"22\"><\/a><span class=\"versanumer_2007\">22<\/span> \u00c1 \u00feri\u00f0ja degi var Laban sagt a\u00f0 Jakob v\u00e6ri fl\u00fainn. <a name=\"23\"><\/a><span class=\"versanumer_2007\">23<\/span> \u00de\u00e1 t\u00f3k hann fr\u00e6ndur s\u00edna me\u00f0 s\u00e9r og veitti honum eftirf\u00f6r. Eftir sj\u00f6 daglei\u00f0ir n\u00e1\u00f0i hann honum \u00e1 G\u00edlea\u00f0fj\u00f6llum. <a name=\"24\"><\/a><span class=\"versanumer_2007\">24<\/span> \u00de\u00e1 um n\u00f3ttina kom Gu\u00f0 \u00ed draumi til Labans hins arame\u00edska og sag\u00f0i: \u201eG\u00e6ttu \u00feess a\u00f0 m\u00e6la ekkert stygg\u00f0aror\u00f0 til Jakobs.\u201c <a name=\"25\"><\/a><span class=\"versanumer_2007\">25<\/span> \u00deegar Laban n\u00e1\u00f0i Jakobi haf\u00f0i hann sett upp tj\u00f6ld s\u00edn \u00e1 fjallinu og Laban tjalda\u00f0i einnig me\u00f0 fr\u00e6ndum s\u00ednum \u00e1 G\u00edlea\u00f0fj\u00f6llum.<br \/>\n<a name=\"26\"><\/a><span class=\"versanumer_2007\">26<\/span> Laban sag\u00f0i vi\u00f0 Jakob: \u201eHvers vegna ger\u00f0ir\u00f0u \u00feetta? \u00de\u00fa hefur blekkt mig og teki\u00f0 d\u00e6tur m\u00ednar eins og \u00fe\u00e6r v\u00e6ru herfang. <a name=\"27\"><\/a><span class=\"versanumer_2007\">27<\/span> Hvers vegna l\u00e6ddist \u00fe\u00fa burt og blekktir mig? Hvers vegna l\u00e9stu mig ekki vita svo a\u00f0 \u00e9g g\u00e6ti kvatt \u00feig me\u00f0 f\u00f6gnu\u00f0i og s\u00f6ng, me\u00f0 bumbum og g\u00edgjum? <a name=\"28\"><\/a><span class=\"versanumer_2007\">28<\/span> Hvers vegna gafstu m\u00e9r ekki f\u00e6ri \u00e1 a\u00f0 kyssa barnab\u00f6rn m\u00edn og d\u00e6tur? \u00de\u00fa hefur breytt heimskulega. <a name=\"29\"><\/a><span class=\"versanumer_2007\">29<\/span> \u00dea\u00f0 er \u00e1 m\u00ednu valdi a\u00f0 vinna \u00fe\u00e9r mein en Gu\u00f0 f\u00f6\u00f0ur \u00fe\u00edns sag\u00f0i vi\u00f0 mig \u00ed n\u00f3tt: G\u00e6ttu \u00feess a\u00f0 m\u00e6la ekkert stygg\u00f0aror\u00f0 til Jakobs. <a name=\"30\"><\/a><span class=\"versanumer_2007\">30<\/span> Hafi heim\u00fer\u00e1in reki\u00f0 \u00feig af sta\u00f0, hvers vegna \u00feurftir \u00fe\u00fa \u00fe\u00e1 a\u00f0 stela h\u00fasgo\u00f0unum m\u00ednum?\u201c<br \/>\n<a name=\"31\"><\/a><span class=\"versanumer_2007\">31<\/span> Jakob svara\u00f0i Laban: \u201e\u00c9g \u00f3tta\u00f0ist a\u00f0 \u00fe\u00fa kynnir a\u00f0 taka d\u00e6tur \u00fe\u00ednar fr\u00e1 m\u00e9r me\u00f0 valdi. <a name=\"32\"><\/a><span class=\"versanumer_2007\">32<\/span> En finnir\u00f0u go\u00f0 \u00fe\u00edn \u00ed f\u00f3rum einhvers skal s\u00e1 ekki halda l\u00edfi. Kanna\u00f0u \u00ed vi\u00f0urvist fr\u00e6nda \u00feinna hvort eitthva\u00f0 af eigum \u00fe\u00ednum s\u00e9 hj\u00e1 m\u00e9r og taktu \u00fea\u00f0 ef \u00fea\u00f0 reynist svo.\u201c Jakob vissi ekki a\u00f0 Rakel haf\u00f0i stoli\u00f0 go\u00f0unum. <a name=\"33\"><\/a><span class=\"versanumer_2007\">33<\/span> Laban gekk inn \u00ed tjald Jakobs og \u00ed tjald Leu og \u00ed tjald beggja amb\u00e1ttanna en fann ekkert. Hann f\u00f3r \u00far tjaldi Leu og gekk inn \u00ed tjald Rakelar. <a name=\"34\"><\/a><span class=\"versanumer_2007\">34<\/span> En Rakel haf\u00f0i teki\u00f0 h\u00fasgo\u00f0in, komi\u00f0 \u00feeim fyrir \u00ed \u00falfaldas\u00f6\u00f0linum og sest ofan \u00e1 \u00feau. Laban leita\u00f0i \u00ed \u00f6llu tjaldinu en fann \u00feau ekki. <a name=\"35\"><\/a><span class=\"versanumer_2007\">35<\/span> Rakel sag\u00f0i vi\u00f0 f\u00f6\u00f0ur sinn. \u201eHerra minn, ekki rei\u00f0ast m\u00e9r \u00fe\u00f3 a\u00f0 \u00e9g geti ekki sta\u00f0i\u00f0 upp a\u00f0 \u00fe\u00e9r \u00e1sj\u00e1andi \u00fev\u00ed a\u00f0 \u00e9g hef \u00e1 kl\u00e6\u00f0um.\u201c Og Laban h\u00e9lt \u00e1fram a\u00f0 leita en fann ekki h\u00fasgo\u00f0in.<br \/>\n<a name=\"36\"><\/a><span class=\"versanumer_2007\">36<\/span> \u00de\u00e1 reiddist Jakob. Hann \u00e1saka\u00f0i Laban og sag\u00f0i: \u201eHva\u00f0 hef \u00e9g gert rangt, hva\u00f0 hef \u00e9g broti\u00f0 af m\u00e9r fyrst \u00fe\u00fa eltir mig svo \u00e1kaflega? <a name=\"37\"><\/a><span class=\"versanumer_2007\">37<\/span> \u00de\u00fa hefur leita\u00f0 \u00ed \u00f6llum farangri m\u00ednum. Hva\u00f0 hefur\u00f0u fundi\u00f0 \u00fear af eigum \u00fe\u00ednum? Legg\u00f0u \u00fea\u00f0 h\u00e9r fram \u00ed vi\u00f0urvist fr\u00e6nda \u00feinna svo a\u00f0 \u00feeir geti d\u00e6mt \u00ed m\u00e1li okkar. <a name=\"38\"><\/a><span class=\"versanumer_2007\">38<\/span> \u00cd \u00feau tuttugu \u00e1r, sem \u00e9g hef veri\u00f0 hj\u00e1 \u00fe\u00e9r, hafa hvorki \u00e6r \u00fe\u00ednar n\u00e9 geitur l\u00e1ti\u00f0 l\u00f6mbum og ekki hef \u00e9g eti\u00f0 hr\u00fata hjar\u00f0ar \u00feinnar. <a name=\"39\"><\/a><span class=\"versanumer_2007\">39<\/span> \u00c9g kom aldrei til \u00fe\u00edn me\u00f0 \u00fea\u00f0 sem d\u00fdrrifi\u00f0 var heldur b\u00e6tti \u00fea\u00f0 sj\u00e1lfur. \u00de\u00fa kraf\u00f0ist b\u00f3ta af m\u00e9r hvort sem \u00fev\u00ed haf\u00f0i veri\u00f0 stoli\u00f0 a\u00f0 degi e\u00f0a n\u00f3ttu. <a name=\"40\"><\/a><span class=\"versanumer_2007\">40<\/span> \u00dea\u00f0 var hlutskipti mitt a\u00f0 vera \u00fejaka\u00f0ur af hita \u00e1 daginn og af kulda \u00e1 n\u00f3ttunni. M\u00e9r kom ekki blundur \u00e1 br\u00e1. <a name=\"41\"><\/a><span class=\"versanumer_2007\">41<\/span> \u00c9g hef veri\u00f0 tuttugu \u00e1r \u00e1 heimili \u00fe\u00ednu. \u00cd fj\u00f3rt\u00e1n \u00e1r \u00fej\u00f3na\u00f0i \u00e9g \u00fe\u00e9r fyrir b\u00e1\u00f0ar d\u00e6tur \u00fe\u00ednar og \u00ed sex \u00e1r fyrir hj\u00f6r\u00f0 \u00fe\u00edna og \u00fe\u00fa breyttir kaupi m\u00ednu t\u00edu sinnum. <a name=\"42\"><\/a><span class=\"versanumer_2007\">42<\/span> Hef\u00f0i ekki Gu\u00f0 f\u00f6\u00f0ur m\u00edns, Gu\u00f0 Abrahams og \u00d3tti \u00cdsaks, <span class=\"nedan_mal\" title=\" Fornt heiti \u00e1 Gu\u00f0i \u00cdsraels.\">[<\/span> veri\u00f0 me\u00f0 m\u00e9r \u00fe\u00e1 hef\u00f0ir \u00fe\u00fa sent mig burt t\u00f3mhentan. En Gu\u00f0 s\u00e1 \u00ferautir m\u00ednar og strit handa minna og \u00ed n\u00f3tt kva\u00f0 hann upp d\u00f3m.\u201c<\/p>\n<h3 class=\"millifyrirsogn_2007\">Jakob og Laban gera s\u00e1ttm\u00e1la<\/h3>\n<p><a name=\"43\"><\/a><span class=\"versanumer_2007\">43<\/span> Laban svara\u00f0i Jakobi: \u201eD\u00e6turnar eru m\u00ednar d\u00e6tur, b\u00f6rnin eru m\u00edn b\u00f6rn og hj\u00f6r\u00f0in er m\u00edn hj\u00f6r\u00f0 og allt sem \u00fe\u00fa s\u00e9r\u00f0 heyrir m\u00e9r til. \u00c6tti \u00e9g \u00ed dag a\u00f0 gera d\u00e6trum m\u00ednum mein e\u00f0a b\u00f6rnunum sem \u00fe\u00e6r hafa ali\u00f0? <a name=\"44\"><\/a><span class=\"versanumer_2007\">44<\/span> Gerum n\u00fa s\u00e1ttm\u00e1la, \u00e9g og \u00fe\u00fa, og hann skal vera vitni milli m\u00edn og \u00fe\u00edn.\u201c <a name=\"45\"><\/a><span class=\"versanumer_2007\">45<\/span> \u00de\u00e1 t\u00f3k Jakob stein og reisti hann upp til merkis. <a name=\"46\"><\/a><span class=\"versanumer_2007\">46<\/span> Og Jakob ba\u00f0 fr\u00e6ndur s\u00edna a\u00f0 s\u00e6kja steina og \u00feeir komu me\u00f0 steina og reistu v\u00f6r\u00f0u. S\u00ed\u00f0an ger\u00f0u \u00feeir m\u00e1lt\u00ed\u00f0 s\u00edna vi\u00f0 v\u00f6r\u00f0una. <a name=\"47\"><\/a><span class=\"versanumer_2007\">47<\/span> Laban kalla\u00f0i v\u00f6r\u00f0una Jegar Sahad\u00fata en Jakob kalla\u00f0i hana Gale\u00f0. <a name=\"48\"><\/a><span class=\"versanumer_2007\">48<\/span> Og Laban m\u00e6lti: \u201e\u00deessi skal \u00ed dag vera vitni milli m\u00edn og \u00fe\u00edn.\u201c \u00deess vegna kalla\u00f0i hann hana Gale\u00f0. <a name=\"49\"><\/a><span class=\"versanumer_2007\">49<\/span> H\u00fan var einnig k\u00f6llu\u00f0 Mispa \u00fev\u00ed a\u00f0 Laban sag\u00f0i: \u201eDrottinn skal hafa auga me\u00f0 okkur \u00feegar vi\u00f0 erum fjarri hvor \u00f6\u00f0rum.\u201c <a name=\"50\"><\/a><span class=\"versanumer_2007\">50<\/span> Ef \u00fe\u00fa kemur illa fram vi\u00f0 d\u00e6tur m\u00ednar og ef \u00fe\u00fa tekur \u00fe\u00e9r fleiri konur vi\u00f0 hli\u00f0 d\u00e6tra minna, \u00fe\u00e1 skaltu minnast \u00feess a\u00f0 Gu\u00f0 er samt vitni okkar \u00fe\u00f3tt enginn ma\u00f0ur s\u00e9 hj\u00e1 okkur.\u201c<br \/>\n<a name=\"51\"><\/a><span class=\"versanumer_2007\">51<\/span> Laban sag\u00f0i vi\u00f0 Jakob: \u201eL\u00edttu \u00e1 \u00feessa v\u00f6r\u00f0u og \u00e1 merkisteininn sem \u00e9g hef reist milli m\u00edn og \u00fe\u00edn. <a name=\"52\"><\/a><span class=\"versanumer_2007\">52<\/span> Var\u00f0an skal vera vitni \u00feess og merkisteinninn vottur \u00feess a\u00f0 hvorki skal \u00e9g ganga fram hj\u00e1 \u00feessari v\u00f6r\u00f0u til \u00fe\u00edn me\u00f0 illt \u00ed huga n\u00e9 \u00fe\u00fa ganga fram hj\u00e1 \u00feessari v\u00f6r\u00f0u og \u00feessum merkisteini til m\u00edn me\u00f0 illt \u00ed huga. <a name=\"53\"><\/a><span class=\"versanumer_2007\">53<\/span> Gu\u00f0 Abrahams og Gu\u00f0 Nahors d\u00e6mi milli okkar.\u201c \u00dea\u00f0 er Gu\u00f0 fe\u00f0ra \u00feeirra. Og Jakob s\u00f3r ei\u00f0inn vi\u00f0 \u00feann sem \u00cdsak fa\u00f0ir hans \u00f3tta\u00f0ist. <a name=\"54\"><\/a><span class=\"versanumer_2007\">54<\/span> Og Jakob f\u00e6r\u00f0i sl\u00e1turf\u00f3rn \u00e1 fjallinu og bau\u00f0 \u00e6ttingjum s\u00ednum til m\u00e1lt\u00ed\u00f0ar. \u00deeir m\u00f6tu\u00f0ust og h\u00e9ldu s\u00ed\u00f0an kyrru fyrir \u00e1 fjallinu um n\u00f3ttina. <a name=\"55\"><\/a><span class=\"versanumer_2007\">55<\/span> Laban reis \u00e1rla n\u00e6sta morgun, kyssti barnab\u00f6rn s\u00edn og d\u00e6tur \u00ed kve\u00f0juskyni og blessa\u00f0i \u00feau. S\u00ed\u00f0an h\u00e9lt hann heim \u00e1 lei\u00f0.<\/p>\n","protected":false},"excerpt":{"rendered":"<p>Jakob fl\u00fdr Laban 1 Jakob heyr\u00f0i a\u00f0 synir Labans s\u00f6g\u00f0u: \u201eJakob hefur teki\u00f0 allt sem fa\u00f0ir okkar \u00e1tti. Allra \u00feessara au\u00f0\u00e6fa hefur hann afla\u00f0 s\u00e9r af eigum f\u00f6\u00f0ur okkar.\u201c 2 Og Jakob s\u00e1 \u00fea\u00f0 \u00e1 svipm\u00f3ti Labans a\u00f0 hann bar ekki sama hug til hans og \u00e1\u00f0ur. 3 \u00de\u00e1 sag\u00f0i Drottinn vi\u00f0 Jakob: \u201eSn\u00fa\u00f0u aftur til lands fe\u00f0ra \u00feinna og til \u00e6ttf\u00f3lks \u00fe\u00edns og \u00e9g mun vera me\u00f0 \u00fe\u00e9r.\u201c 4 Jakob sendi n\u00fa eftir Rakel og Leu og l\u00e9t kalla \u00fe\u00e6r \u00fat \u00ed hagann \u00feanga\u00f0 sem hj\u00f6r\u00f0 hans var. 5 Hann sag\u00f0i vi\u00f0 \u00fe\u00e6r: \u201e\u00c9g s\u00e9 \u00e1 svipm\u00f3ti f\u00f6\u00f0ur ykkar <a href=\"https:\/\/biblian.is\/biblian\/fyrsta-mosebok-31-kafli\/\"> [&#8230;]<\/a><\/p>\n","protected":false},"author":1,"featured_media":0,"parent":0,"menu_order":0,"comment_status":"open","ping_status":"open","template":"bibliukaflar_NT.php","meta":{"footnotes":""},"class_list":["post-1648","page","type-page","status-publish","hentry"],"_links":{"self":[{"href":"https:\/\/biblian.is\/biblian\/wp-json\/wp\/v2\/pages\/1648","targetHints":{"allow":["GET"]}}],"collection":[{"href":"https:\/\/biblian.is\/biblian\/wp-json\/wp\/v2\/pages"}],"about":[{"href":"https:\/\/biblian.is\/biblian\/wp-json\/wp\/v2\/types\/page"}],"author":[{"embeddable":true,"href":"https:\/\/biblian.is\/biblian\/wp-json\/wp\/v2\/users\/1"}],"replies":[{"embeddable":true,"href":"https:\/\/biblian.is\/biblian\/wp-json\/wp\/v2\/comments?post=1648"}],"version-history":[{"count":0,"href":"https:\/\/biblian.is\/biblian\/wp-json\/wp\/v2\/pages\/1648\/revisions"}],"wp:attachment":[{"href":"https:\/\/biblian.is\/biblian\/wp-json\/wp\/v2\/media?parent=1648"}],"curies":[{"name":"wp","href":"https:\/\/api.w.org\/{rel}","templated":true}]}}