{"id":1647,"date":"2017-12-30T20:59:50","date_gmt":"2017-12-30T20:59:50","guid":{"rendered":"http:\/\/biblian.is\/biblian\/fyrsta-m%c2%97seb%c2%97k-30-kafli\/"},"modified":"2022-12-16T13:42:55","modified_gmt":"2022-12-16T13:42:55","slug":"fyrsta-mosebok-30-kafli","status":"publish","type":"page","link":"https:\/\/biblian.is\/biblian\/fyrsta-mosebok-30-kafli\/","title":{"rendered":"Fyrsta M\u00f3seb\u00f3k 30. kafli"},"content":{"rendered":"<p><a name=\"1\"><\/a><span class=\"versanumer_2007\">1<\/span> Af \u00fev\u00ed a\u00f0 Rakel haf\u00f0i ekki ali\u00f0 Jakobi b\u00f6rn var\u00f0 h\u00fan afbr\u00fd\u00f0is\u00f6m og sag\u00f0i vi\u00f0 Jakob: \u201eL\u00e1ttu mig eignast b\u00f6rn svo a\u00f0 \u00e9g deyi ekki.\u201c <a name=\"2\"><\/a><span class=\"versanumer_2007\">2<\/span> Jakob reiddist \u00fe\u00e1 vi\u00f0 Rakel og sag\u00f0i: \u201eEr \u00e9g \u00fe\u00e1 Gu\u00f0? \u00dea\u00f0 er hann sem hefur synja\u00f0 \u00fe\u00e9r afkv\u00e6mis.\u201c <a name=\"3\"><\/a><span class=\"versanumer_2007\">3<\/span> \u00de\u00e1 sag\u00f0i h\u00fan: \u201eSj\u00e1\u00f0u, \u00fearna er B\u00edla, amb\u00e1tt m\u00edn. Gakktu inn til hennar svo a\u00f0 h\u00fan geti ali\u00f0 barn fyrir mig. \u00deannig get \u00e9g eignast b\u00f6rn me\u00f0 hj\u00e1lp hennar.\u201c <a name=\"4\"><\/a><span class=\"versanumer_2007\">4<\/span> Rakel gaf honum B\u00edlu, amb\u00e1tt s\u00edna, fyrir konu og Jakob gekk inn til hennar. <a name=\"5\"><\/a><span class=\"versanumer_2007\">5<\/span> B\u00edla var\u00f0 \u00feungu\u00f0 og \u00f3l Jakobi son. <a name=\"6\"><\/a><span class=\"versanumer_2007\">6<\/span> \u00de\u00e1 sag\u00f0i Rakel: \u201eGu\u00f0 hefur d\u00e6mt m\u00e9r \u00ed hag. Hann hefur b\u00e6nheyrt mig og gefi\u00f0 m\u00e9r son.\u201c \u00deess vegna nefndi h\u00fan hann Dan. <a name=\"7\"><\/a><span class=\"versanumer_2007\">7<\/span> B\u00edla, amb\u00e1tt Rakelar, var\u00f0 \u00feungu\u00f0 \u00f6\u00f0ru sinni og \u00f3l Jakobi annan son. <a name=\"8\"><\/a><span class=\"versanumer_2007\">8<\/span> \u00de\u00e1 sag\u00f0i Rakel: \u201eMikla bar\u00e1ttu hef \u00e9g h\u00e1\u00f0 vi\u00f0 systur m\u00edna og bori\u00f0 h\u00e6rri hlut.\u201c Og h\u00fan nefndi hann Naftal\u00ed.<br \/>\n<a name=\"9\"><\/a><span class=\"versanumer_2007\">9<\/span> \u00deegar Leu var\u00f0 lj\u00f3st a\u00f0 h\u00fan var h\u00e6tt a\u00f0 ala b\u00f6rn t\u00f3k h\u00fan Silpu, amb\u00e1tt s\u00edna, og gaf Jakobi hana fyrir konu. <a name=\"10\"><\/a><span class=\"versanumer_2007\">10<\/span> Og Silpa, amb\u00e1tt Leu, \u00f3l Jakobi son. <a name=\"11\"><\/a><span class=\"versanumer_2007\">11<\/span> \u00de\u00e1 sag\u00f0i Lea: \u201eG\u00e6fan hefur veri\u00f0 m\u00e9r hli\u00f0holl.\u201c Og h\u00fan nefndi hann Ga\u00f0. <a name=\"12\"><\/a><span class=\"versanumer_2007\">12<\/span> Silpa, amb\u00e1tt Leu, \u00f3l Jakobi annan son. <a name=\"13\"><\/a><span class=\"versanumer_2007\">13<\/span> \u00de\u00e1 sag\u00f0i Lea: \u201eS\u00e6l er \u00e9g \u00fev\u00ed a\u00f0 allar konur munu mig s\u00e6la segja.\u201c Og h\u00fan nefndi hann Asser.<br \/>\n<a name=\"14\"><\/a><span class=\"versanumer_2007\">14<\/span> Dag einn um hveitiskur\u00f0art\u00edmann gekk R\u00faben \u00fat og fann \u00e1starepli \u00e1 akrinum og f\u00e6r\u00f0i \u00feau Leu, m\u00f3\u00f0ur sinni. \u00de\u00e1 sag\u00f0i Rakel vi\u00f0 Leu: \u201eGef\u00f0u m\u00e9r af \u00e1stareplum sonar \u00fe\u00edns.\u201c <a name=\"15\"><\/a><span class=\"versanumer_2007\">15<\/span> Lea svara\u00f0i: \u201eEr ekki n\u00f3g a\u00f0 \u00fe\u00fa hafir teki\u00f0 eiginmann minn fr\u00e1 m\u00e9r, \u00fearftu n\u00fa einnig a\u00f0 taka \u00e1starepli sonar m\u00edns?\u201c Rakel svara\u00f0i: \u201eGefir \u00fe\u00fa m\u00e9r \u00e1starepli sonar \u00fe\u00edns m\u00e1 Jakob sofa hj\u00e1 \u00fe\u00e9r \u00ed n\u00f3tt.\u201c<br \/>\n<a name=\"16\"><\/a><span class=\"versanumer_2007\">16<\/span> Um kv\u00f6ldi\u00f0 \u00feegar Jakob kom heim af akrinum gekk Lea \u00e1 m\u00f3ti honum og sag\u00f0i: \u201e\u00de\u00fa \u00e1tt a\u00f0 ganga inn til m\u00edn \u00fev\u00ed a\u00f0 \u00e9g hef keypt \u00feig fyrir \u00e1starepli sonar m\u00edns.\u201c <a name=\"17\"><\/a><span class=\"versanumer_2007\">17<\/span> Gu\u00f0 b\u00e6nheyr\u00f0i Leu, h\u00fan var\u00f0 \u00feungu\u00f0 og \u00f3l Jakobi fimmta soninn. <a name=\"18\"><\/a><span class=\"versanumer_2007\">18<\/span> \u00de\u00e1 sag\u00f0i Lea: \u201eGu\u00f0 hefur launa\u00f0 m\u00e9r fyrir a\u00f0 gefa manni m\u00ednum amb\u00e1tt m\u00edna.\u201c Og h\u00fan nefndi hann \u00cdssakar. <span class=\"nedan_mal\" title=\" Nafninu er \u00e6tla\u00f0 a\u00f0 v\u00edsa til hebreska or\u00f0sins yfir \u201elaun\u201c.\">[<\/span> <a name=\"19\"><\/a><span class=\"versanumer_2007\">19<\/span> Enn var\u00f0 Lea \u00feungu\u00f0 og \u00f3l Jakobi sj\u00f6tta soninn. <a name=\"20\"><\/a><span class=\"versanumer_2007\">20<\/span> Lea sag\u00f0i: \u201eGu\u00f0 hefur gefi\u00f0 m\u00e9r g\u00f3\u00f0a gj\u00f6f. N\u00fa mun eiginma\u00f0ur minn vir\u00f0a mig \u00fev\u00ed a\u00f0 \u00e9g hef ali\u00f0 honum sex syni.\u201c H\u00fan nefndi hann Seb\u00falon. <span class=\"nedan_mal\" title=\" Nafni\u00f0 hefur \u00ed s\u00e9r f\u00f3lginn or\u00f0aleik vi\u00f0 \u201egj\u00f6f\u201c og \u201ea\u00f0 vir\u00f0a\u201c.\">[<\/span> <a name=\"21\"><\/a><span class=\"versanumer_2007\">21<\/span> S\u00ed\u00f0ar f\u00e6ddi h\u00fan d\u00f3ttur sem h\u00fan nefndi D\u00ednu.<br \/>\n<a name=\"22\"><\/a><span class=\"versanumer_2007\">22<\/span> \u00de\u00e1 minntist Gu\u00f0 Rakelar, b\u00e6nheyr\u00f0i hana og ger\u00f0i frj\u00f3sama. <a name=\"23\"><\/a><span class=\"versanumer_2007\">23<\/span> H\u00fan var\u00f0 \u00feungu\u00f0 og \u00f3l son og sag\u00f0i: \u201eGu\u00f0 hefur numi\u00f0 burt sm\u00e1n m\u00edna.\u201c <a name=\"24\"><\/a><span class=\"versanumer_2007\">24<\/span> H\u00fan nefndi hann J\u00f3sef og sag\u00f0i: \u201eMegi Gu\u00f0 gefa m\u00e9r annan son.\u201c <span class=\"nedan_mal\" title=\" Nafni\u00f0 hlj\u00f3mar l\u00edkt og \u201emegi gefa\u201c og \u201enumi\u00f0 burt\u201c.\">[<\/span><\/p>\n<h3 class=\"millifyrirsogn_2007\">Jakob eignast mikinn f\u00e9na\u00f0<\/h3>\n<p><a name=\"25\"><\/a><span class=\"versanumer_2007\">25<\/span> Er Rakel haf\u00f0i ali\u00f0 J\u00f3sef sag\u00f0i Jakob vi\u00f0 Laban: \u201eLeyf\u00f0u m\u00e9r n\u00fa a\u00f0 halda heim til \u00e6ttlands m\u00edns. <a name=\"26\"><\/a><span class=\"versanumer_2007\">26<\/span> F\u00e1\u00f0u m\u00e9r konur m\u00ednar og b\u00f6rn sem \u00e9g hef unni\u00f0 fyrir hj\u00e1 \u00fe\u00e9r og leyf\u00f0u m\u00e9r a\u00f0 fara. \u00de\u00fa veist sj\u00e1lfur hversu lengi \u00e9g hef \u00fej\u00f3na\u00f0 \u00fe\u00e9r.\u201c<br \/>\n<a name=\"27\"><\/a><span class=\"versanumer_2007\">27<\/span> Laban svara\u00f0i: \u201eHafi \u00e9g fundi\u00f0 n\u00e1\u00f0 \u00ed augum \u00fe\u00ednum \u00fe\u00e1 hl\u00fdddu \u00e1 mig. Sp\u00e1d\u00f3mur hefur sannf\u00e6rt mig um a\u00f0 Drottinn hefur blessa\u00f0 mig fyrir \u00fe\u00ednar sakir. <a name=\"28\"><\/a><span class=\"versanumer_2007\">28<\/span> Settu sj\u00e1lfur upp kaup \u00feitt,\u201c b\u00e6tti hann vi\u00f0, \u201e\u00e9g skal grei\u00f0a \u00fea\u00f0.\u201c <a name=\"29\"><\/a><span class=\"versanumer_2007\">29<\/span> Jakob sag\u00f0i: \u201e\u00de\u00fa veist sj\u00e1lfur hversu lengi \u00e9g hef \u00fej\u00f3na\u00f0 \u00fe\u00e9r og hva\u00f0 f\u00e9na\u00f0ur \u00feinn er or\u00f0inn \u00ed minni umsj\u00e1. <a name=\"30\"><\/a><span class=\"versanumer_2007\">30<\/span> \u00dea\u00f0 litla sem \u00fe\u00fa \u00e1ttir \u00e1\u00f0ur en \u00e9g kom hefur margfaldast og Drottinn hefur blessa\u00f0 \u00feig vi\u00f0 hvert f\u00f3tm\u00e1l mitt. Hven\u00e6r \u00e1 \u00e9g a\u00f0 sj\u00e1 fyrir minni eigin fj\u00f6lskyldu?\u201c<br \/>\n<a name=\"31\"><\/a><span class=\"versanumer_2007\">31<\/span> \u00de\u00e1 spur\u00f0i Laban: \u201eHva\u00f0 \u00e1 \u00e9g gefa \u00fe\u00e9r?\u201c \u201e\u00de\u00fa \u00e1tt ekki a\u00f0 gefa m\u00e9r neitt,\u201c svara\u00f0i Jakob, \u201een viljir \u00fe\u00fa gera \u00fea\u00f0 sem \u00e9g bi\u00f0 \u00feig um \u00fe\u00e1 skal \u00e9g \u00e1fram halda hj\u00f6r\u00f0 \u00feinni til haga og g\u00e6ta hennar. <a name=\"32\"><\/a><span class=\"versanumer_2007\">32<\/span> \u00c9g \u00e6tla \u00ed dag a\u00f0 ganga inn \u00ed hj\u00f6r\u00f0 \u00fe\u00edna og skilja \u00far henni hverja flekk\u00f3tta og sprekl\u00f3tta kind, alla svarta sau\u00f0i og sprekl\u00f3ttar og flekk\u00f3ttar geitur. \u00deetta skulu vera laun m\u00edn. <a name=\"33\"><\/a><span class=\"versanumer_2007\">33<\/span> \u00c9g legg hei\u00f0ur minn a\u00f0 ve\u00f0i: \u00deegar \u00fe\u00fa kemur a\u00f0 sj\u00e1 hver laun m\u00edn hafa or\u00f0i\u00f0 \u00fe\u00e1 skal allt sem ekki er flekk\u00f3tt og sprekl\u00f3tt me\u00f0al geita minna og svart me\u00f0al sau\u00f0a minna teljast stoli\u00f0.\u201c <a name=\"34\"><\/a><span class=\"versanumer_2007\">34<\/span> Laban f\u00e9llst \u00e1 \u00feetta: \u201eSvo skal \u00fe\u00e1 vera sem \u00fe\u00fa hefur sagt.\u201c<br \/>\n<a name=\"35\"><\/a><span class=\"versanumer_2007\">35<\/span> \u00c1 \u00feeim degi skildi Laban fr\u00e1 alla r\u00edl\u00f3ttu og sprekl\u00f3ttu hafrana og allar flekk\u00f3ttu og sprekl\u00f3ttu geiturnar, allt \u00fea\u00f0 sem haf\u00f0i \u00e1 s\u00e9r einhvern hv\u00edtan d\u00edl og allt hi\u00f0 svarta me\u00f0al sau\u00f0anna og f\u00e9kk sonum s\u00ednum. <a name=\"36\"><\/a><span class=\"versanumer_2007\">36<\/span> Hann s\u00e1 til \u00feess a\u00f0 \u00ferj\u00e1r daglei\u00f0ir v\u00e6ru milli s\u00edn og Jakobs. En Jakob g\u00e6tti \u00feeirrar hjar\u00f0ar Labans sem eftir var\u00f0.<br \/>\n<a name=\"37\"><\/a><span class=\"versanumer_2007\">37<\/span> Jakob t\u00f3k s\u00e9r ferskar greinar af \u00f6sp, m\u00f6ndluvi\u00f0i og hlyni og sk\u00f3f utan af berkinum \u00feannig a\u00f0 hi\u00f0 hv\u00edta \u00e1 greinunum var\u00f0 s\u00fdnilegt. <a name=\"38\"><\/a><span class=\"versanumer_2007\">38<\/span> \u00deessar greinar sem hann haf\u00f0i skafi\u00f0 af setti hann s\u00ed\u00f0an \u00ed \u00fer\u00e6rnar, \u00ed vatnsrennurnar beint fyrir framan f\u00e9\u00f0 sem \u00feanga\u00f0 kom a\u00f0 drekka. En \u00e6rnar fengu er \u00fe\u00e6r komu a\u00f0 drekka. <a name=\"39\"><\/a><span class=\"versanumer_2007\">39<\/span> Af \u00fev\u00ed a\u00f0 \u00e6rnar fengu yfir greinunum \u00e1ttu \u00fe\u00e6r r\u00edl\u00f3tt, flekk\u00f3tt og sprekl\u00f3tt l\u00f6mb.<br \/>\n<a name=\"40\"><\/a><span class=\"versanumer_2007\">40<\/span> Jakob skildi l\u00f6mbin fr\u00e1 og l\u00e9t f\u00e9\u00f0 horfa \u00e1 allt r\u00edl\u00f3tta og svarta f\u00e9\u00f0 \u00ed hj\u00f6r\u00f0 Labans. \u00deannig kom hann s\u00e9r upp s\u00e9rst\u00f6kum fj\u00e1rh\u00f3pum og l\u00e9t \u00fe\u00e1 ekki blandast hj\u00f6r\u00f0 Labans. <a name=\"41\"><\/a><span class=\"versanumer_2007\">41<\/span> Og allan fengit\u00edma v\u00e6nu \u00e1nna lag\u00f0i Jakob greinarnar \u00ed \u00fer\u00e6rnar fyrir framan f\u00e9\u00f0 svo a\u00f0 \u00fe\u00e6r fengju yfir greinunum. <a name=\"42\"><\/a><span class=\"versanumer_2007\">42<\/span> En er r\u00fdru \u00e6rnar gengu lag\u00f0i hann ekki neinar greinar \u00fear. \u00deannig f\u00e9kk Laban r\u00fdra f\u00e9\u00f0 en Jakob hi\u00f0 v\u00e6na. <a name=\"43\"><\/a><span class=\"versanumer_2007\">43<\/span> Og Jakob var\u00f0 st\u00f3rau\u00f0ugur og eigna\u00f0ist miklar hjar\u00f0ir, amb\u00e1ttir og \u00fer\u00e6la, \u00falfalda og asna.<\/p>\n","protected":false},"excerpt":{"rendered":"<p>1 Af \u00fev\u00ed a\u00f0 Rakel haf\u00f0i ekki ali\u00f0 Jakobi b\u00f6rn var\u00f0 h\u00fan afbr\u00fd\u00f0is\u00f6m og sag\u00f0i vi\u00f0 Jakob: \u201eL\u00e1ttu mig eignast b\u00f6rn svo a\u00f0 \u00e9g deyi ekki.\u201c 2 Jakob reiddist \u00fe\u00e1 vi\u00f0 Rakel og sag\u00f0i: \u201eEr \u00e9g \u00fe\u00e1 Gu\u00f0? \u00dea\u00f0 er hann sem hefur synja\u00f0 \u00fe\u00e9r afkv\u00e6mis.\u201c 3 \u00de\u00e1 sag\u00f0i h\u00fan: \u201eSj\u00e1\u00f0u, \u00fearna er B\u00edla, amb\u00e1tt m\u00edn. Gakktu inn til hennar svo a\u00f0 h\u00fan geti ali\u00f0 barn fyrir mig. \u00deannig get \u00e9g eignast b\u00f6rn me\u00f0 hj\u00e1lp hennar.\u201c 4 Rakel gaf honum B\u00edlu, amb\u00e1tt s\u00edna, fyrir konu og Jakob gekk inn til hennar. 5 B\u00edla var\u00f0 \u00feungu\u00f0 og \u00f3l Jakobi son. 6 <a href=\"https:\/\/biblian.is\/biblian\/fyrsta-mosebok-30-kafli\/\"> [&#8230;]<\/a><\/p>\n","protected":false},"author":1,"featured_media":0,"parent":0,"menu_order":0,"comment_status":"open","ping_status":"open","template":"bibliukaflar_NT.php","meta":{"footnotes":""},"class_list":["post-1647","page","type-page","status-publish","hentry"],"_links":{"self":[{"href":"https:\/\/biblian.is\/biblian\/wp-json\/wp\/v2\/pages\/1647","targetHints":{"allow":["GET"]}}],"collection":[{"href":"https:\/\/biblian.is\/biblian\/wp-json\/wp\/v2\/pages"}],"about":[{"href":"https:\/\/biblian.is\/biblian\/wp-json\/wp\/v2\/types\/page"}],"author":[{"embeddable":true,"href":"https:\/\/biblian.is\/biblian\/wp-json\/wp\/v2\/users\/1"}],"replies":[{"embeddable":true,"href":"https:\/\/biblian.is\/biblian\/wp-json\/wp\/v2\/comments?post=1647"}],"version-history":[{"count":0,"href":"https:\/\/biblian.is\/biblian\/wp-json\/wp\/v2\/pages\/1647\/revisions"}],"wp:attachment":[{"href":"https:\/\/biblian.is\/biblian\/wp-json\/wp\/v2\/media?parent=1647"}],"curies":[{"name":"wp","href":"https:\/\/api.w.org\/{rel}","templated":true}]}}