{"id":1646,"date":"2017-12-30T20:59:50","date_gmt":"2017-12-30T20:59:50","guid":{"rendered":"http:\/\/biblian.is\/biblian\/fyrsta-m%c2%97seb%c2%97k-29-kafli\/"},"modified":"2022-12-16T13:42:55","modified_gmt":"2022-12-16T13:42:55","slug":"fyrsta-mosebok-29-kafli","status":"publish","type":"page","link":"https:\/\/biblian.is\/biblian\/fyrsta-mosebok-29-kafli\/","title":{"rendered":"Fyrsta M\u00f3seb\u00f3k 29. kafli"},"content":{"rendered":"<h3 class=\"millifyrirsogn_2007\">Jakob kemur til Labans<\/h3>\n<p><a name=\"1\"><\/a><span class=\"versanumer_2007\">1<\/span> Jakob h\u00e9lt \u00e1fram f\u00f6r sinni og kom til lands austanmanna. <a name=\"2\"><\/a><span class=\"versanumer_2007\">2<\/span> \u00dear kom hann skyndilega auga \u00e1 brunn \u00fati \u00e1 v\u00ed\u00f0avangi og l\u00e1gu \u00ferj\u00e1r sau\u00f0ahjar\u00f0ir vi\u00f0 brunninn. \u00dear voru menn vanir a\u00f0 brynna hj\u00f6r\u00f0unum. En st\u00f3r steinn l\u00e1 yfir opi brunnsins. <a name=\"3\"><\/a><span class=\"versanumer_2007\">3<\/span> \u00deegar \u00f6llum hj\u00f6r\u00f0unum haf\u00f0i veri\u00f0 safna\u00f0 \u00fear saman var steininum velt fr\u00e1 brunnopinu og f\u00e9nu brynnt. S\u00ed\u00f0an var steininum aftur komi\u00f0 fyrir \u00e1 s\u00ednum sta\u00f0 yfir opinu.<br \/>\n<a name=\"4\"><\/a><span class=\"versanumer_2007\">4<\/span> \u201eK\u00e6ru br\u00e6\u00f0ur, hva\u00f0an eru\u00f0 \u00fei\u00f0?\u201c spur\u00f0i Jakob hjar\u00f0mennina og \u00feeir sv\u00f6ru\u00f0u: \u201eVi\u00f0 erum fr\u00e1 Harran.\u201c <a name=\"5\"><\/a><span class=\"versanumer_2007\">5<\/span> \u00de\u00e1 spur\u00f0i hann: \u201e\u00deekki\u00f0 \u00fei\u00f0 Laban Nahorsson?\u201c \u00deeir j\u00e1tu\u00f0u \u00fev\u00ed. <a name=\"6\"><\/a><span class=\"versanumer_2007\">6<\/span> \u201eHvernig l\u00ed\u00f0ur honum?\u201c spur\u00f0i hann. \u201eHonum l\u00ed\u00f0ur vel,\u201c sv\u00f6ru\u00f0u \u00feeir, \u201eog \u00fearna kemur Rakel, d\u00f3ttir hans, me\u00f0 hj\u00f6r\u00f0ina.\u201c <a name=\"7\"><\/a><span class=\"versanumer_2007\">7<\/span> Jakob sag\u00f0i: \u201eEnn er ekki langt li\u00f0i\u00f0 \u00e1 daginn og ekki t\u00edmab\u00e6rt a\u00f0 safna f\u00e9nu saman. Brynni\u00f0 f\u00e9nu og reki\u00f0 \u00fea\u00f0 aftur \u00e1 beit.\u201c <a name=\"8\"><\/a><span class=\"versanumer_2007\">8<\/span> \u00deeir neitu\u00f0u \u00fev\u00ed og s\u00f6g\u00f0u: \u201eVi\u00f0 getum \u00fea\u00f0 ekki fyrr en \u00f6llum hj\u00f6r\u00f0unum hefur veri\u00f0 safna\u00f0 saman og steininum velt fr\u00e1 brunnopinu. \u00de\u00e1 skulum vi\u00f0 brynna f\u00e9nu.\u201c<br \/>\n<a name=\"9\"><\/a><span class=\"versanumer_2007\">9<\/span> Jakob var enn \u00e1 tali vi\u00f0 \u00fe\u00e1 er Rakel kom me\u00f0 hj\u00f6r\u00f0 f\u00f6\u00f0ur s\u00edns sem h\u00fan g\u00e6tti. <a name=\"10\"><\/a><span class=\"versanumer_2007\">10<\/span> \u00deegar Jakob s\u00e1 Rakel, d\u00f3ttur Labans m\u00f3\u00f0urbr\u00f3\u00f0ur s\u00edns, koma me\u00f0 f\u00e9 Labans gekk hann a\u00f0 brunninum, velti steininum fr\u00e1 og brynnti \u00fear f\u00e9 Labans m\u00f3\u00f0urbr\u00f3\u00f0ur s\u00edns. <a name=\"11\"><\/a><span class=\"versanumer_2007\">11<\/span> S\u00ed\u00f0an kyssti Jakob Rakel og brast \u00ed gr\u00e1t. <a name=\"12\"><\/a><span class=\"versanumer_2007\">12<\/span> Hann sag\u00f0ist vera fr\u00e6ndi f\u00f6\u00f0ur hennar og sonur Rebekku. H\u00fan hlj\u00f3p \u00fe\u00e1 af sta\u00f0 og sag\u00f0i f\u00f6\u00f0ur s\u00ednum \u00feetta. <a name=\"13\"><\/a><span class=\"versanumer_2007\">13<\/span> \u00deegar Laban heyr\u00f0i t\u00ed\u00f0indin af Jakobi, systursyni s\u00ednum, fl\u00fdtti hann s\u00e9r til hans, fa\u00f0ma\u00f0i hann og kyssti og bau\u00f0 honum heim me\u00f0 s\u00e9r. Jakob sk\u00fdr\u00f0i honum \u00fear fr\u00e1 \u00f6llu \u00fev\u00ed sem gerst haf\u00f0i <a name=\"14\"><\/a><span class=\"versanumer_2007\">14<\/span> og Laban svara\u00f0i: \u201eSannarlega ert \u00fe\u00fa hold mitt og bein.\u201c Jakob dvaldist s\u00ed\u00f0an hj\u00e1 honum einn m\u00e1nu\u00f0.<\/p>\n<h3 class=\"millifyrirsogn_2007\">Jakob kv\u00e6nist Leu og Rakel<\/h3>\n<p><a name=\"15\"><\/a><span class=\"versanumer_2007\">15<\/span> Eitt sinn sag\u00f0i Laban vi\u00f0 Jakob: \u201eEkki er \u00fe\u00e9r \u00e6tla\u00f0 a\u00f0 vinna fyrir mig kauplaust \u00fe\u00f3 a\u00f0 \u00fe\u00fa s\u00e9rt fr\u00e6ndi minn. Seg\u00f0u m\u00e9r hva\u00f0 \u00fe\u00fa vilt f\u00e1 \u00ed laun?\u201c <a name=\"16\"><\/a><span class=\"versanumer_2007\">16<\/span> En Laban \u00e1tti tv\u00e6r d\u00e6tur. H\u00e9t hin eldri Lea en s\u00fa yngri Rakel. <a name=\"17\"><\/a><span class=\"versanumer_2007\">17<\/span> Lea var daufeyg\u00f0 <span class=\"nedan_mal\" title=\" \u00d6nnur hugsanleg \u00fe\u00fd\u00f0ing: Lea haf\u00f0i falleg augu.\">[<\/span> en Rakel var b\u00e6\u00f0i vel vaxin og fr\u00ed\u00f0 s\u00fdnum. <a name=\"18\"><\/a><span class=\"versanumer_2007\">18<\/span> Jakob elska\u00f0i Rakel og \u00fev\u00ed sag\u00f0i hann: \u201e\u00c9g skal vinna fyrir \u00feig \u00ed sj\u00f6 \u00e1r til a\u00f0 eignast Rakel, yngri d\u00f3ttur \u00fe\u00edna.\u201c <a name=\"19\"><\/a><span class=\"versanumer_2007\">19<\/span> Laban svara\u00f0i: \u201e\u00dea\u00f0 er betra a\u00f0 \u00e9g gefi \u00fe\u00e9r hana en einhverjum \u00f6\u00f0rum manni. Vertu kyrr hj\u00e1 m\u00e9r.\u201c <a name=\"20\"><\/a><span class=\"versanumer_2007\">20<\/span> S\u00ed\u00f0an vann Jakob \u00ed sj\u00f6 \u00e1r til a\u00f0 eignast Rakel og fannst honum sem \u00fea\u00f0 v\u00e6ru a\u00f0eins f\u00e1einir dagar vegna \u00feess a\u00f0 hann elska\u00f0i hana.<br \/>\n<a name=\"21\"><\/a><span class=\"versanumer_2007\">21<\/span> Jakob sag\u00f0i vi\u00f0 Laban: \u201eGef\u00f0u m\u00e9r n\u00fa konu m\u00edna. T\u00edminn er li\u00f0inn, leyf\u00f0u m\u00e9r a\u00f0 ganga inn til hennar.\u201c <a name=\"22\"><\/a><span class=\"versanumer_2007\">22<\/span> Laban bau\u00f0 \u00fe\u00e1 til veislu \u00f6llum \u00feeim sem \u00e1 sta\u00f0num voru. <a name=\"23\"><\/a><span class=\"versanumer_2007\">23<\/span> En um kv\u00f6ldi\u00f0 t\u00f3k hann Leu, d\u00f3ttur s\u00edna, og leiddi hana inn til Jakobs sem lag\u00f0ist me\u00f0 henni. <a name=\"24\"><\/a><span class=\"versanumer_2007\">24<\/span> Og Laban gaf Leu, d\u00f3ttur sinni, Silpu, amb\u00e1tt s\u00edna, til a\u00f0 h\u00fan \u00fej\u00f3na\u00f0i henni. <a name=\"25\"><\/a><span class=\"versanumer_2007\">25<\/span> Um morguninn var\u00f0 Jakob \u00feess var a\u00f0 \u00feetta var Lea og hann sag\u00f0i vi\u00f0 Laban: \u201eHvers vegna ger\u00f0ir\u00f0u m\u00e9r \u00feetta? Hef \u00e9g ekki veri\u00f0 a\u00f0 vinna fyrir Rakel hj\u00e1 \u00fe\u00e9r? Hvers vegna hefur\u00f0u sviki\u00f0 mig?\u201c <a name=\"26\"><\/a><span class=\"versanumer_2007\">26<\/span> Laban svara\u00f0i: \u201e\u00dea\u00f0 er ekki venja h\u00e9r a\u00f0 gifta fyrr fr\u00e1 s\u00e9r yngri d\u00f3tturina en hina eldri. <a name=\"27\"><\/a><span class=\"versanumer_2007\">27<\/span> Haltu n\u00fa br\u00fa\u00f0kaupsvikuna \u00fat, \u00fe\u00e1 munum vi\u00f0 gefa \u00fe\u00e9r hina d\u00f3tturina l\u00edka fyrir \u00fe\u00e1 vinnu sem \u00fe\u00fa innir af hendi n\u00e6stu sj\u00f6 \u00e1rin.\u201c <a name=\"28\"><\/a><span class=\"versanumer_2007\">28<\/span> Jakob f\u00e9llst \u00e1 \u00feetta og h\u00e9lt \u00fat br\u00fa\u00f0kaupsvikuna me\u00f0 Leu. S\u00ed\u00f0an gaf Laban honum Rakel fyrir eiginkonu. <a name=\"29\"><\/a><span class=\"versanumer_2007\">29<\/span> Laban gaf Rakel, d\u00f3ttur sinni, B\u00edlu, amb\u00e1tt s\u00edna, til a\u00f0 h\u00fan \u00fej\u00f3na\u00f0i henni. <a name=\"30\"><\/a><span class=\"versanumer_2007\">30<\/span> Jakob lag\u00f0ist n\u00fa einnig me\u00f0 Rakel og hann elska\u00f0i hana meira en Leu. Hann vann s\u00ed\u00f0an \u00f6nnur sj\u00f6 \u00e1r hj\u00e1 Laban.<\/p>\n<h3 class=\"millifyrirsogn_2007\">B\u00f6rn Jakobs<\/h3>\n<p><a name=\"31\"><\/a><span class=\"versanumer_2007\">31<\/span> \u00deegar Drottinn s\u00e1 a\u00f0 Lea naut ekki \u00e1star \u00fe\u00e1 ger\u00f0i hann hana frj\u00f3sama <span class=\"nedan_mal\" title=\" Or\u00f0r\u00e9tt: opna\u00f0i hann m\u00f3\u00f0url\u00edf hennar.\">[<\/span> en Rakel var \u00f3frj\u00f3s\u00f6m. <a name=\"32\"><\/a><span class=\"versanumer_2007\">32<\/span> Og Lea var\u00f0 \u00feungu\u00f0 og f\u00e6ddi son sem h\u00fan nefndi R\u00faben \u00fev\u00ed a\u00f0 h\u00fan sag\u00f0i: \u201eDrottinn hefur s\u00e9\u00f0 ney\u00f0 m\u00edna og n\u00fa mun eiginma\u00f0ur minn elska mig.\u201c <a name=\"33\"><\/a><span class=\"versanumer_2007\">33<\/span> H\u00fan var\u00f0 \u00feungu\u00f0 \u00f6\u00f0ru sinni og f\u00e6ddi son. \u00de\u00e1 sag\u00f0i h\u00fan: \u201eDrottinn hefur heyrt a\u00f0 \u00e9g naut ekki \u00e1star. \u00deess vegna hefur hann einnig gefi\u00f0 m\u00e9r \u00feennan son.\u201c Og h\u00fan nefndi hann S\u00edmeon. <a name=\"34\"><\/a><span class=\"versanumer_2007\">34<\/span> Og enn var\u00f0 h\u00fan \u00feungu\u00f0 og \u00f3l son og sag\u00f0i: \u201eN\u00fa ver\u00f0ur eiginma\u00f0ur minn elskari a\u00f0 m\u00e9r \u00fev\u00ed a\u00f0 \u00e9g hef f\u00e6tt honum \u00ferj\u00e1 syni.\u201c \u00deess vegna nefndi h\u00fan hann Lev\u00ed. <a name=\"35\"><\/a><span class=\"versanumer_2007\">35<\/span> Enn \u00e1 n\u00fd var\u00f0 h\u00fan \u00feungu\u00f0 og \u00f3l son og sag\u00f0i: \u201eN\u00fa vil \u00e9g lofa Drottin.\u201c \u00deess vegna nefndi h\u00fan hann J\u00fada. Eftir \u00fea\u00f0 eigna\u00f0ist h\u00fan ekki fleiri b\u00f6rn.<\/p>\n","protected":false},"excerpt":{"rendered":"<p>Jakob kemur til Labans 1 Jakob h\u00e9lt \u00e1fram f\u00f6r sinni og kom til lands austanmanna. 2 \u00dear kom hann skyndilega auga \u00e1 brunn \u00fati \u00e1 v\u00ed\u00f0avangi og l\u00e1gu \u00ferj\u00e1r sau\u00f0ahjar\u00f0ir vi\u00f0 brunninn. \u00dear voru menn vanir a\u00f0 brynna hj\u00f6r\u00f0unum. En st\u00f3r steinn l\u00e1 yfir opi brunnsins. 3 \u00deegar \u00f6llum hj\u00f6r\u00f0unum haf\u00f0i veri\u00f0 safna\u00f0 \u00fear saman var steininum velt fr\u00e1 brunnopinu og f\u00e9nu brynnt. S\u00ed\u00f0an var steininum aftur komi\u00f0 fyrir \u00e1 s\u00ednum sta\u00f0 yfir opinu. 4 \u201eK\u00e6ru br\u00e6\u00f0ur, hva\u00f0an eru\u00f0 \u00fei\u00f0?\u201c spur\u00f0i Jakob hjar\u00f0mennina og \u00feeir sv\u00f6ru\u00f0u: \u201eVi\u00f0 erum fr\u00e1 Harran.\u201c 5 \u00de\u00e1 spur\u00f0i hann: \u201e\u00deekki\u00f0 \u00fei\u00f0 Laban Nahorsson?\u201c \u00deeir j\u00e1tu\u00f0u <a href=\"https:\/\/biblian.is\/biblian\/fyrsta-mosebok-29-kafli\/\"> [&#8230;]<\/a><\/p>\n","protected":false},"author":1,"featured_media":0,"parent":0,"menu_order":0,"comment_status":"open","ping_status":"open","template":"bibliukaflar_NT.php","meta":{"footnotes":""},"class_list":["post-1646","page","type-page","status-publish","hentry"],"_links":{"self":[{"href":"https:\/\/biblian.is\/biblian\/wp-json\/wp\/v2\/pages\/1646","targetHints":{"allow":["GET"]}}],"collection":[{"href":"https:\/\/biblian.is\/biblian\/wp-json\/wp\/v2\/pages"}],"about":[{"href":"https:\/\/biblian.is\/biblian\/wp-json\/wp\/v2\/types\/page"}],"author":[{"embeddable":true,"href":"https:\/\/biblian.is\/biblian\/wp-json\/wp\/v2\/users\/1"}],"replies":[{"embeddable":true,"href":"https:\/\/biblian.is\/biblian\/wp-json\/wp\/v2\/comments?post=1646"}],"version-history":[{"count":0,"href":"https:\/\/biblian.is\/biblian\/wp-json\/wp\/v2\/pages\/1646\/revisions"}],"wp:attachment":[{"href":"https:\/\/biblian.is\/biblian\/wp-json\/wp\/v2\/media?parent=1646"}],"curies":[{"name":"wp","href":"https:\/\/api.w.org\/{rel}","templated":true}]}}