{"id":1645,"date":"2017-12-30T20:59:50","date_gmt":"2017-12-30T20:59:50","guid":{"rendered":"http:\/\/biblian.is\/biblian\/fyrsta-m%c2%97seb%c2%97k-28-kafli\/"},"modified":"2022-12-16T13:42:54","modified_gmt":"2022-12-16T13:42:54","slug":"fyrsta-mosebok-28-kafli","status":"publish","type":"page","link":"https:\/\/biblian.is\/biblian\/fyrsta-mosebok-28-kafli\/","title":{"rendered":"Fyrsta M\u00f3seb\u00f3k 28. kafli"},"content":{"rendered":"<p><a name=\"1\"><\/a><span class=\"versanumer_2007\">1<\/span> \u00de\u00e1 kalla\u00f0i \u00cdsak Jakob til s\u00edn og blessa\u00f0i hann og bau\u00f0 honum og sag\u00f0i: \u201e\u00de\u00fa skalt ekki taka \u00fe\u00e9r konu af d\u00e6trum Kanverja. <a name=\"2\"><\/a><span class=\"versanumer_2007\">2<\/span> Taktu \u00feig upp og far\u00f0u til Mes\u00f3p\u00f3tam\u00edu, \u00ed h\u00fas Bet\u00faels, m\u00f3\u00f0urf\u00f6\u00f0ur \u00fe\u00edns. Taktu \u00fe\u00e9r konu \u00fea\u00f0an, af d\u00e6trum Labans, m\u00f3\u00f0urbr\u00f3\u00f0ur \u00fe\u00edns. <a name=\"3\"><\/a><span class=\"versanumer_2007\">3<\/span> Alvaldur Gu\u00f0 blessi \u00feig og geri \u00feig frj\u00f3saman og margfaldi \u00feig. Og \u00fe\u00fa munt ver\u00f0a a\u00f0 fj\u00f6lda \u00fej\u00f3\u00f0a. <a name=\"4\"><\/a><span class=\"versanumer_2007\">4<\/span> Hann mun veita \u00fe\u00e9r og ni\u00f0jum \u00fe\u00ednum blessun Abrahams og \u00fe\u00fa munt eignast landi\u00f0 \u00fear sem \u00fe\u00fa b\u00fdr\u00f0 n\u00fa sem landlaus \u00fatlendingur, landi\u00f0 sem Gu\u00f0 gaf Abraham.\u201c<br \/>\n<a name=\"5\"><\/a><span class=\"versanumer_2007\">5<\/span> Og \u00cdsak sendi Jakob af sta\u00f0 og hann f\u00f3r til Mes\u00f3p\u00f3tam\u00edu, til Labans Bet\u00faelssonar hins arame\u00edska, br\u00f3\u00f0ur Rebekku, m\u00f3\u00f0ur \u00feeirra Jakobs og Esa\u00fa.<br \/>\n<a name=\"6\"><\/a><span class=\"versanumer_2007\">6<\/span> N\u00fa s\u00e1 Esa\u00fa a\u00f0 \u00cdsak blessa\u00f0i Jakob og sendi hann af sta\u00f0 til Mes\u00f3p\u00f3tam\u00edu til \u00feess a\u00f0 taka s\u00e9r \u00fear konu. \u00cdsak blessa\u00f0i hann, bau\u00f0 honum og sag\u00f0i: \u201eTaktu \u00fe\u00e9r ekki konu af d\u00e6trum Kanverja.\u201c <a name=\"7\"><\/a><span class=\"versanumer_2007\">7<\/span> Hann s\u00e1 a\u00f0 Jakob hl\u00fd\u00f0na\u00f0ist f\u00f6\u00f0ur s\u00ednum og m\u00f3\u00f0ur og f\u00f3r til Mes\u00f3p\u00f3tam\u00edu. <a name=\"8\"><\/a><span class=\"versanumer_2007\">8<\/span> \u00de\u00e1 skildi Esa\u00fa a\u00f0 d\u00e6tur Kanverja voru andstygg\u00f0 \u00ed augum \u00cdsaks, f\u00f6\u00f0ur hans. <a name=\"9\"><\/a><span class=\"versanumer_2007\">9<\/span> Hann f\u00f3r \u00fev\u00ed til \u00cdsmaels og t\u00f3k s\u00e9r Mahalat, d\u00f3ttur \u00cdsmaels Abrahamssonar, systur Nebaj\u00f3ts, fyrir konu, auk \u00feeirra kvenna sem hann \u00e1tti fyrir.<\/p>\n<h3 class=\"millifyrirsogn_2007\">Draumur Jakobs<\/h3>\n<p><a name=\"10\"><\/a><span class=\"versanumer_2007\">10<\/span> N\u00fa f\u00f3r Jakob \u00e1 brott fr\u00e1 Beerseba og h\u00e9lt \u00e1lei\u00f0is til Harran. <a name=\"11\"><\/a><span class=\"versanumer_2007\">11<\/span> Kom hann \u00e1 sta\u00f0 nokkurn og var \u00fear um n\u00f3ttina \u00fev\u00ed a\u00f0 s\u00f3l var sest. Hann t\u00f3k stein er \u00fear var og setti undir h\u00f6fu\u00f0 s\u00e9r og lag\u00f0ist \u00fear til svefns. <a name=\"12\"><\/a><span class=\"versanumer_2007\">12<\/span> Og hann dreymdi draum. Honum \u00fe\u00f3tti stigi standa \u00e1 j\u00f6r\u00f0u og n\u00e1 til himins og englar Gu\u00f0s f\u00f3ru upp og ofan eftir stiganum.<br \/>\n<a name=\"13\"><\/a><span class=\"versanumer_2007\">13<\/span> \u00de\u00e1 st\u00f3\u00f0 Drottinn hj\u00e1 honum og m\u00e6lti: \u201e\u00c9g er Drottinn, Gu\u00f0 Abrahams, f\u00f6\u00f0ur \u00fe\u00edns, og Gu\u00f0 \u00cdsaks. \u00dea\u00f0 land, sem \u00fe\u00fa hv\u00edlist \u00e1, gef \u00e9g \u00fe\u00e9r og ni\u00f0jum \u00fe\u00ednum. <a name=\"14\"><\/a><span class=\"versanumer_2007\">14<\/span> \u00deeir munu ver\u00f0a fj\u00f6lmennir sem duft jar\u00f0ar og brei\u00f0ast \u00fat til vesturs, til austurs, til nor\u00f0urs og su\u00f0urs og allar \u00e6ttkv\u00edslir jar\u00f0arinnar munu blessun hlj\u00f3ta \u00ed ni\u00f0jum \u00fe\u00ednum. <a name=\"15\"><\/a><span class=\"versanumer_2007\">15<\/span> Og sj\u00e1, \u00e9g er me\u00f0 \u00fe\u00e9r og g\u00e6ti \u00fe\u00edn hvar sem \u00fe\u00fa fer\u00f0 og mun lei\u00f0a \u00feig aftur til \u00feessa lands \u00fev\u00ed a\u00f0 \u00e9g yfirgef \u00feig ekki fyrr en \u00e9g hef komi\u00f0 \u00fev\u00ed til lei\u00f0ar sem \u00e9g hef heiti\u00f0 \u00fe\u00e9r.\u201c<br \/>\n<a name=\"16\"><\/a><span class=\"versanumer_2007\">16<\/span> \u00de\u00e1 vakna\u00f0i Jakob af svefni s\u00ednum og m\u00e6lti: \u201eSannarlega er Drottinn \u00e1 \u00feessum sta\u00f0 og \u00e9g vissi \u00fea\u00f0 ekki.\u201c<br \/>\n<a name=\"17\"><\/a><span class=\"versanumer_2007\">17<\/span> Og hann var\u00f0 hr\u00e6ddur og sag\u00f0i: \u201eHversu \u00f3ttalegur er \u00feessi sta\u00f0ur. H\u00e9r er vissulega Gu\u00f0s h\u00fas og hli\u00f0 himins.\u201c<br \/>\n<a name=\"18\"><\/a><span class=\"versanumer_2007\">18<\/span> Jakob reis \u00e1rla um morguninn, t\u00f3k steininn sem hann haf\u00f0i haft a\u00f0 sv\u00e6fli, setti hann upp sem merkistein og hellti ilmol\u00edu yfir hann. <a name=\"19\"><\/a><span class=\"versanumer_2007\">19<\/span> Og hann kalla\u00f0i sta\u00f0inn Betel en \u00e1\u00f0ur h\u00e9t borgin L\u00fas. <a name=\"20\"><\/a><span class=\"versanumer_2007\">20<\/span> \u00de\u00e1 ger\u00f0i Jakob heit og m\u00e6lti: \u201eEf Gu\u00f0 ver\u00f0ur me\u00f0 m\u00e9r og g\u00e6tir m\u00edn \u00e1 vegfer\u00f0 minni og gefur m\u00e9r brau\u00f0 a\u00f0 eta og f\u00f6t a\u00f0 kl\u00e6\u00f0ast <a name=\"21\"><\/a><span class=\"versanumer_2007\">21<\/span> og komist \u00e9g heill \u00e1 h\u00fafi aftur \u00ed h\u00fas f\u00f6\u00f0ur m\u00edns, \u00fe\u00e1 skal Drottinn vera minn Gu\u00f0. <a name=\"22\"><\/a><span class=\"versanumer_2007\">22<\/span> Og steinn \u00feessi, sem \u00e9g hef sett sem merkistein, skal ver\u00f0a m\u00e9r Gu\u00f0s h\u00fas og \u00e9g skal gjalda \u00fe\u00e9r t\u00edund af \u00f6llu sem \u00fe\u00fa gefur m\u00e9r.\u201c<\/p>\n","protected":false},"excerpt":{"rendered":"<p>1 \u00de\u00e1 kalla\u00f0i \u00cdsak Jakob til s\u00edn og blessa\u00f0i hann og bau\u00f0 honum og sag\u00f0i: \u201e\u00de\u00fa skalt ekki taka \u00fe\u00e9r konu af d\u00e6trum Kanverja. 2 Taktu \u00feig upp og far\u00f0u til Mes\u00f3p\u00f3tam\u00edu, \u00ed h\u00fas Bet\u00faels, m\u00f3\u00f0urf\u00f6\u00f0ur \u00fe\u00edns. Taktu \u00fe\u00e9r konu \u00fea\u00f0an, af d\u00e6trum Labans, m\u00f3\u00f0urbr\u00f3\u00f0ur \u00fe\u00edns. 3 Alvaldur Gu\u00f0 blessi \u00feig og geri \u00feig frj\u00f3saman og margfaldi \u00feig. Og \u00fe\u00fa munt ver\u00f0a a\u00f0 fj\u00f6lda \u00fej\u00f3\u00f0a. 4 Hann mun veita \u00fe\u00e9r og ni\u00f0jum \u00fe\u00ednum blessun Abrahams og \u00fe\u00fa munt eignast landi\u00f0 \u00fear sem \u00fe\u00fa b\u00fdr\u00f0 n\u00fa sem landlaus \u00fatlendingur, landi\u00f0 sem Gu\u00f0 gaf Abraham.\u201c 5 Og \u00cdsak sendi Jakob af sta\u00f0 <a href=\"https:\/\/biblian.is\/biblian\/fyrsta-mosebok-28-kafli\/\"> [&#8230;]<\/a><\/p>\n","protected":false},"author":1,"featured_media":0,"parent":0,"menu_order":0,"comment_status":"open","ping_status":"open","template":"bibliukaflar_NT.php","meta":{"footnotes":""},"class_list":["post-1645","page","type-page","status-publish","hentry"],"_links":{"self":[{"href":"https:\/\/biblian.is\/biblian\/wp-json\/wp\/v2\/pages\/1645","targetHints":{"allow":["GET"]}}],"collection":[{"href":"https:\/\/biblian.is\/biblian\/wp-json\/wp\/v2\/pages"}],"about":[{"href":"https:\/\/biblian.is\/biblian\/wp-json\/wp\/v2\/types\/page"}],"author":[{"embeddable":true,"href":"https:\/\/biblian.is\/biblian\/wp-json\/wp\/v2\/users\/1"}],"replies":[{"embeddable":true,"href":"https:\/\/biblian.is\/biblian\/wp-json\/wp\/v2\/comments?post=1645"}],"version-history":[{"count":0,"href":"https:\/\/biblian.is\/biblian\/wp-json\/wp\/v2\/pages\/1645\/revisions"}],"wp:attachment":[{"href":"https:\/\/biblian.is\/biblian\/wp-json\/wp\/v2\/media?parent=1645"}],"curies":[{"name":"wp","href":"https:\/\/api.w.org\/{rel}","templated":true}]}}