{"id":1643,"date":"2017-12-30T20:59:50","date_gmt":"2017-12-30T20:59:50","guid":{"rendered":"http:\/\/biblian.is\/biblian\/fyrsta-m%c2%97seb%c2%97k-26-kafli\/"},"modified":"2022-12-16T13:42:53","modified_gmt":"2022-12-16T13:42:53","slug":"fyrsta-mosebok-26-kafli","status":"publish","type":"page","link":"https:\/\/biblian.is\/biblian\/fyrsta-mosebok-26-kafli\/","title":{"rendered":"Fyrsta M\u00f3seb\u00f3k 26. kafli"},"content":{"rendered":"<h3 class=\"millifyrirsogn_2007\">\u00cdsak og Ab\u00edmelek<\/h3>\n<p><a name=\"1\"><\/a><span class=\"versanumer_2007\">1<\/span> N\u00fa var\u00f0 hall\u00e6ri \u00ed landinu, anna\u00f0 en hi\u00f0 fyrra sem var\u00f0 \u00e1 d\u00f6gum Abrahams, og f\u00f3r \u00cdsak til Ab\u00edmeleks, konungs Filistea \u00ed Gerar.<br \/>\n<a name=\"2\"><\/a><span class=\"versanumer_2007\">2<\/span> Drottinn haf\u00f0i birst honum og sagt: \u201eFar \u00fe\u00fa ekki su\u00f0ur til Egyptalands. Dvel \u00fe\u00fa \u00ed landinu sem \u00e9g segi \u00fe\u00e9r. <a name=\"3\"><\/a><span class=\"versanumer_2007\">3<\/span> Dvel \u00fe\u00fa \u00fear sem a\u00f0komuma\u00f0ur og mun \u00e9g vera me\u00f0 \u00fe\u00e9r og blessa \u00feig \u00fev\u00ed a\u00f0 \u00fe\u00e9r og ni\u00f0jum \u00fe\u00ednum gef \u00e9g \u00f6ll \u00feessi l\u00f6nd og hef \u00feannig haldi\u00f0 ei\u00f0inn sem \u00e9g s\u00f3r Abraham, f\u00f6\u00f0ur \u00fe\u00ednum. <a name=\"4\"><\/a><span class=\"versanumer_2007\">4<\/span> \u00c9g geri ni\u00f0ja \u00fe\u00edna svo marga sem stj\u00f6rnur himins og gef \u00feeim \u00f6ll \u00feessi l\u00f6nd. Allar \u00fej\u00f3\u00f0ir heims munu blessun hlj\u00f3ta af afkv\u00e6mi \u00fe\u00ednu <a name=\"5\"><\/a><span class=\"versanumer_2007\">5<\/span> vegna \u00feess a\u00f0 Abraham hl\u00fdddi r\u00f6dd minni og g\u00e6tti tilskipana minna, fyrirm\u00e6la, bo\u00f0a og kenninga.\u201c<br \/>\n<a name=\"6\"><\/a><span class=\"versanumer_2007\">6<\/span> Og \u00cdsak var um kyrrt \u00ed Gerar.<br \/>\n<a name=\"7\"><\/a><span class=\"versanumer_2007\">7<\/span> \u00deegar menn spur\u00f0u hann um konu hans svara\u00f0i hann af \u00f3tta vi\u00f0 a\u00f0 kalla hana konu s\u00edna: \u201eH\u00fan er systir m\u00edn,\u201c og hugsa\u00f0i me\u00f0 s\u00e9r: \u201eAnnars myr\u00f0a \u00feeir mig vegna Rebekku \u00fev\u00ed a\u00f0 h\u00fan er f\u00f6gur s\u00fdnum.\u201c<br \/>\n<a name=\"8\"><\/a><span class=\"versanumer_2007\">8<\/span> N\u00fa bar svo vi\u00f0 \u00feegar hann haf\u00f0i dvalist \u00fear um allnokkurt skei\u00f0 a\u00f0 Ab\u00edmelek, konungi Filistea, var\u00f0 liti\u00f0 \u00fat um gluggann og s\u00e1 hann \u00fe\u00e1 hvar \u00cdsak l\u00e9t vel a\u00f0 Rebekku, konu sinni. <a name=\"9\"><\/a><span class=\"versanumer_2007\">9<\/span> Kalla\u00f0i Ab\u00edmelek \u00fe\u00e1 \u00cdsak fyrir sig og sag\u00f0i: \u201eSvo h\u00fan er \u00fe\u00e1 konan \u00fe\u00edn. Hv\u00ed sag\u00f0ir \u00fe\u00fa: H\u00fan er systir m\u00edn?\u201c<br \/>\n\u00cdsak svara\u00f0i honum: \u201eVegna \u00feess a\u00f0 \u00e9g hugsa\u00f0i me\u00f0 m\u00e9r: Annars l\u00e6t \u00e9g l\u00edfi\u00f0 hennar vegna.\u201c<br \/>\n<a name=\"10\"><\/a><span class=\"versanumer_2007\">10<\/span> Ab\u00edmelek m\u00e6lti: \u201eVeistu hva\u00f0 \u00fe\u00fa hefur gert okkur? H\u00e6glega hef\u00f0i einhver geta\u00f0 lagst me\u00f0 konu \u00feinni og \u00fe\u00e1 hef\u00f0ir \u00fe\u00fa leitt yfir okkur sekt.\u201c <a name=\"11\"><\/a><span class=\"versanumer_2007\">11<\/span> Og Ab\u00edmelek gaf f\u00f3lkinu svohlj\u00f3\u00f0andi fyrirm\u00e6li: \u201eHver s\u00e1 sem \u00e1reitir \u00feennan mann e\u00f0a konu hans skal tekinn af l\u00edfi.\u201c<br \/>\n<a name=\"12\"><\/a><span class=\"versanumer_2007\">12<\/span> \u00cdsak s\u00e1\u00f0i \u00ed \u00feessu landi og uppskar \u00e1 \u00fev\u00ed \u00e1ri hundra\u00f0falt. \u00deannig blessa\u00f0i Drottinn hann. <a name=\"13\"><\/a><span class=\"versanumer_2007\">13<\/span> Og hann efldist og au\u00f0ga\u00f0ist \u00e6 meir uns hann var or\u00f0inn vellau\u00f0ugur. <a name=\"14\"><\/a><span class=\"versanumer_2007\">14<\/span> Hann eigna\u00f0ist sau\u00f0ahjar\u00f0ir, nautahjar\u00f0ir og fj\u00f6lda hj\u00faa svo a\u00f0 Filistear t\u00f3ku a\u00f0 \u00f6funda hann. <a name=\"15\"><\/a><span class=\"versanumer_2007\">15<\/span> \u00de\u00e1 byrg\u00f0u Filistear alla \u00fe\u00e1 brunna sem h\u00faskarlar f\u00f6\u00f0ur \u00cdsaks h\u00f6f\u00f0u grafi\u00f0 \u00e1 d\u00f6gum Abrahams, f\u00f6\u00f0ur hans, og fylltu af mold.<br \/>\n<a name=\"16\"><\/a><span class=\"versanumer_2007\">16<\/span> Ab\u00edmelek sag\u00f0i vi\u00f0 \u00cdsak: \u201eFar\u00f0u fr\u00e1 okkur \u00fev\u00ed a\u00f0 \u00fe\u00fa ert or\u00f0inn miklu voldugri en vi\u00f0.\u201c<br \/>\n<a name=\"17\"><\/a><span class=\"versanumer_2007\">17<\/span> \u00cdsak f\u00f3r \u00fea\u00f0an og sl\u00f3 upp tj\u00f6ldum s\u00ednum \u00ed Gerardal og settist \u00fear a\u00f0. <a name=\"18\"><\/a><span class=\"versanumer_2007\">18<\/span> Hann l\u00e9t grafa \u00fe\u00e1 brunna a\u00f0 n\u00fdju sem grafnir h\u00f6f\u00f0u veri\u00f0 \u00e1 d\u00f6gum Abrahams, f\u00f6\u00f0ur hans, en Filistear h\u00f6f\u00f0u byrgt eftir dau\u00f0a Abrahams, og gaf brunnunum s\u00f6mu n\u00f6fn og fa\u00f0ir hans haf\u00f0i gefi\u00f0 \u00feeim.<br \/>\n<a name=\"19\"><\/a><span class=\"versanumer_2007\">19<\/span> En h\u00faskarlar \u00cdsaks fundu lind me\u00f0 fersku vatni \u00feegar \u00feeir gr\u00f3fu \u00ed dalnum. <a name=\"20\"><\/a><span class=\"versanumer_2007\">20<\/span> \u00de\u00e1 tr\u00f3\u00f0u hjar\u00f0mennirnir \u00ed Gerar illsakir vi\u00f0 hjar\u00f0menn \u00cdsaks og s\u00f6g\u00f0u: \u201eVi\u00f0 eigum \u00feetta vatn.\u201c \u00cdsak nefndi brunninn Esek af \u00fev\u00ed a\u00f0 \u00feeir h\u00f6f\u00f0u \u00fer\u00e1tta\u00f0 vi\u00f0 hann. <a name=\"21\"><\/a><span class=\"versanumer_2007\">21<\/span> \u00de\u00e1 gr\u00f3fu \u00feeir annan brunn en \u00fer\u00e1ttu\u00f0u einnig um hann. \u00dev\u00ed nefndi hann brunninn S\u00edtna. <a name=\"22\"><\/a><span class=\"versanumer_2007\">22<\/span> \u00deeir t\u00f3ku sig upp \u00fea\u00f0an og gr\u00f3fu annan brunn en \u00fer\u00e1ttu\u00f0u ekki um hann og nefndi \u00cdsak brunninn Reh\u00f3b\u00f3t, \u201e\u00fev\u00ed a\u00f0,\u201c sag\u00f0i hann, \u201eDrottinn hefur r\u00fdmka\u00f0 um okkur svo a\u00f0 n\u00fa getur okkur fj\u00f6lga\u00f0 \u00ed landinu\u201c.<\/p>\n<h3 class=\"millifyrirsogn_2007\">\u00cdsak \u00ed Beerseba<\/h3>\n<p><a name=\"23\"><\/a><span class=\"versanumer_2007\">23<\/span> \u00cdsak h\u00e9lt n\u00fa ofar \u00ed landi\u00f0, til Beerseba. <a name=\"24\"><\/a><span class=\"versanumer_2007\">24<\/span> \u00de\u00e1 birtist Drottinn honum \u00e1 \u00feeirri s\u00f6mu n\u00f3ttu og m\u00e6lti: \u201e\u00c9g er Gu\u00f0 Abrahams, f\u00f6\u00f0ur \u00fe\u00edns. \u00d3ttast \u00fe\u00fa ekki \u00fev\u00ed a\u00f0 \u00e9g er me\u00f0 \u00fe\u00e9r. \u00c9g mun blessa \u00feig og gera ni\u00f0ja \u00fe\u00edna fj\u00f6lmenna vegna Abrahams, \u00fej\u00f3ns m\u00edns.\u201c<br \/>\n<a name=\"25\"><\/a><span class=\"versanumer_2007\">25<\/span> \u00dear reisti \u00cdsak altari og \u00e1kalla\u00f0i nafn Drottins. Hann sl\u00f3 \u00fear upp tj\u00f6ldum s\u00ednum og h\u00faskarlar hans gr\u00f3fu \u00fear brunn. <a name=\"26\"><\/a><span class=\"versanumer_2007\">26<\/span> \u00de\u00e1 kom Ab\u00edmelek til hans fr\u00e1 Gerar \u00e1samt Ak\u00fasat, vini s\u00ednum, og P\u00edk\u00f3l, hersh\u00f6f\u00f0ingja s\u00ednum.<br \/>\n<a name=\"27\"><\/a><span class=\"versanumer_2007\">27<\/span> \u00cdsak m\u00e6lti til \u00feeirra: \u201eHv\u00ed komi\u00f0 \u00fei\u00f0 til m\u00edn? \u00dei\u00f0 hati\u00f0 mig og r\u00e1ku\u00f0 mig burt fr\u00e1 ykkur.\u201c<br \/>\n<a name=\"28\"><\/a><span class=\"versanumer_2007\">28<\/span> \u00deeir sv\u00f6ru\u00f0u: \u201eVi\u00f0 h\u00f6fum s\u00e9\u00f0 \u00feess \u00f3tv\u00edr\u00e6\u00f0 merki a\u00f0 Drottinn er me\u00f0 \u00fe\u00e9r og vi\u00f0 teljum a\u00f0 ei\u00f0svarinn s\u00e1ttm\u00e1li \u00feurfi a\u00f0 vera milli beggja, milli okkar og \u00fe\u00edn, og viljum \u00fev\u00ed gera vi\u00f0 \u00feig s\u00e1ttm\u00e1la. <a name=\"29\"><\/a><span class=\"versanumer_2007\">29<\/span> \u00de\u00fa skalt ekki gera okkur neitt mein, svo sem vi\u00f0 h\u00f6fum ekki beitt \u00feig neinu ofbeldi og svo sem vi\u00f0 h\u00f6fum ekki gert \u00fe\u00e9r nema gott eitt og leyft \u00fe\u00e9r a\u00f0 fara fr\u00e1 okkur \u00ed fri\u00f0i. \u00de\u00fa ert n\u00fa blessa\u00f0ur af Drottni.\u201c<br \/>\n<a name=\"30\"><\/a><span class=\"versanumer_2007\">30<\/span> Og \u00cdsak h\u00e9lt \u00feeim veislu og \u00feeir \u00e1tu og drukku. <a name=\"31\"><\/a><span class=\"versanumer_2007\">31<\/span> \u00c1rla morguninn eftir s\u00f3ru \u00feeir hver \u00f6\u00f0rum ei\u00f0a. \u00cdsak leyf\u00f0i \u00feeim a\u00f0 fara og h\u00e9ldu \u00feeir heim \u00ed fri\u00f0i.<br \/>\n<a name=\"32\"><\/a><span class=\"versanumer_2007\">32<\/span> Sama dag bar svo vi\u00f0 a\u00f0 h\u00faskarlar \u00cdsaks komu og sk\u00fdr\u00f0u honum fr\u00e1 brunninum sem \u00feeir h\u00f6f\u00f0u grafi\u00f0 og s\u00f6g\u00f0u: \u201eVi\u00f0 h\u00f6fum fundi\u00f0 vatn.\u201c <a name=\"33\"><\/a><span class=\"versanumer_2007\">33<\/span> Og hann nefndi brunninn Seba. \u00deess vegna er nafn borgarinnar Beerseba allt til \u00feessa dags. <a name=\"34\"><\/a><span class=\"versanumer_2007\">34<\/span> Esa\u00fa var or\u00f0inn fj\u00f6rut\u00edu \u00e1ra. Gekk hann \u00fe\u00e1 a\u00f0 eiga \u00fe\u00e6r J\u00fad\u00edt, d\u00f3ttur Het\u00edtans Beer\u00ed, og Basmat, d\u00f3ttur Het\u00edtans Elons, <a name=\"35\"><\/a><span class=\"versanumer_2007\">35<\/span> en \u00fe\u00e6r ur\u00f0u \u00feeim \u00cdsak og Rebekku hin s\u00e1rasta skapraun.<\/p>\n","protected":false},"excerpt":{"rendered":"<p>\u00cdsak og Ab\u00edmelek 1 N\u00fa var\u00f0 hall\u00e6ri \u00ed landinu, anna\u00f0 en hi\u00f0 fyrra sem var\u00f0 \u00e1 d\u00f6gum Abrahams, og f\u00f3r \u00cdsak til Ab\u00edmeleks, konungs Filistea \u00ed Gerar. 2 Drottinn haf\u00f0i birst honum og sagt: \u201eFar \u00fe\u00fa ekki su\u00f0ur til Egyptalands. Dvel \u00fe\u00fa \u00ed landinu sem \u00e9g segi \u00fe\u00e9r. 3 Dvel \u00fe\u00fa \u00fear sem a\u00f0komuma\u00f0ur og mun \u00e9g vera me\u00f0 \u00fe\u00e9r og blessa \u00feig \u00fev\u00ed a\u00f0 \u00fe\u00e9r og ni\u00f0jum \u00fe\u00ednum gef \u00e9g \u00f6ll \u00feessi l\u00f6nd og hef \u00feannig haldi\u00f0 ei\u00f0inn sem \u00e9g s\u00f3r Abraham, f\u00f6\u00f0ur \u00fe\u00ednum. 4 \u00c9g geri ni\u00f0ja \u00fe\u00edna svo marga sem stj\u00f6rnur himins og gef \u00feeim \u00f6ll \u00feessi <a href=\"https:\/\/biblian.is\/biblian\/fyrsta-mosebok-26-kafli\/\"> [&#8230;]<\/a><\/p>\n","protected":false},"author":1,"featured_media":0,"parent":0,"menu_order":0,"comment_status":"open","ping_status":"open","template":"bibliukaflar_NT.php","meta":{"footnotes":""},"class_list":["post-1643","page","type-page","status-publish","hentry"],"_links":{"self":[{"href":"https:\/\/biblian.is\/biblian\/wp-json\/wp\/v2\/pages\/1643","targetHints":{"allow":["GET"]}}],"collection":[{"href":"https:\/\/biblian.is\/biblian\/wp-json\/wp\/v2\/pages"}],"about":[{"href":"https:\/\/biblian.is\/biblian\/wp-json\/wp\/v2\/types\/page"}],"author":[{"embeddable":true,"href":"https:\/\/biblian.is\/biblian\/wp-json\/wp\/v2\/users\/1"}],"replies":[{"embeddable":true,"href":"https:\/\/biblian.is\/biblian\/wp-json\/wp\/v2\/comments?post=1643"}],"version-history":[{"count":0,"href":"https:\/\/biblian.is\/biblian\/wp-json\/wp\/v2\/pages\/1643\/revisions"}],"wp:attachment":[{"href":"https:\/\/biblian.is\/biblian\/wp-json\/wp\/v2\/media?parent=1643"}],"curies":[{"name":"wp","href":"https:\/\/api.w.org\/{rel}","templated":true}]}}