{"id":1641,"date":"2017-12-30T20:59:50","date_gmt":"2017-12-30T20:59:50","guid":{"rendered":"http:\/\/biblian.is\/biblian\/fyrsta-m%c2%97seb%c2%97k-24-kafli\/"},"modified":"2022-12-16T13:42:52","modified_gmt":"2022-12-16T13:42:52","slug":"fyrsta-mosebok-24-kafli","status":"publish","type":"page","link":"https:\/\/biblian.is\/biblian\/fyrsta-mosebok-24-kafli\/","title":{"rendered":"Fyrsta M\u00f3seb\u00f3k 24. kafli"},"content":{"rendered":"<h3 class=\"millifyrirsogn_2007\">\u00cdsak og Rebekka<\/h3>\n<p><a name=\"1\"><\/a><span class=\"versanumer_2007\">1<\/span> N\u00fa var Abraham or\u00f0inn gamall og hniginn a\u00f0 aldri og haf\u00f0i Drottinn blessa\u00f0 hann \u00ed \u00f6llu. <a name=\"2\"><\/a><span class=\"versanumer_2007\">2<\/span> \u00de\u00e1 sag\u00f0i Abraham vi\u00f0 elsta \u00fej\u00f3n sinn sem r\u00e9\u00f0 fyrir \u00f6llu sem hann \u00e1tti: \u201eSettu h\u00f6nd \u00fe\u00edna undir lend m\u00edna <a name=\"3\"><\/a><span class=\"versanumer_2007\">3<\/span> og vinn m\u00e9r ei\u00f0 a\u00f0 \u00fev\u00ed vi\u00f0 Drottin, Gu\u00f0 himnanna og Gu\u00f0 jar\u00f0arinnar, a\u00f0 \u00fe\u00fa munir ekki taka syni m\u00ednum konu af d\u00e6trum Kanverja, sem \u00e9g b\u00fd \u00e1 me\u00f0al, <a name=\"4\"><\/a><span class=\"versanumer_2007\">4<\/span> heldur skulir \u00fe\u00fa fara til f\u00f6\u00f0urlands m\u00edns, til \u00e6ttf\u00f3lks m\u00edns, og taka konu handa \u00cdsak, syni m\u00ednum.\u201c<br \/>\n<a name=\"5\"><\/a><span class=\"versanumer_2007\">5<\/span> \u00dej\u00f3nninn svara\u00f0i: \u201eEn ef konan vill n\u00fa ekki fylgja m\u00e9r til \u00feessa lands. \u00c1 \u00e9g \u00fe\u00e1 a\u00f0 fara me\u00f0 \u00cdsak til landsins \u00fea\u00f0an sem \u00fe\u00fa komst?\u201c<br \/>\n<a name=\"6\"><\/a><span class=\"versanumer_2007\">6<\/span> Abraham svara\u00f0i: \u201eG\u00e6ttu \u00feess a\u00f0 fara ekki \u00feanga\u00f0 me\u00f0 son minn. <a name=\"7\"><\/a><span class=\"versanumer_2007\">7<\/span> Drottinn, Gu\u00f0 himnanna, t\u00f3k mig \u00far h\u00fasi f\u00f6\u00f0ur m\u00edns, \u00far \u00e6ttlandi m\u00ednu, tala\u00f0i vi\u00f0 mig og s\u00f3r m\u00e9r svohlj\u00f3\u00f0andi ei\u00f0: Ni\u00f0jum \u00fe\u00ednum mun \u00e9g gefa \u00feetta land. Hann mun senda engil sinn \u00e1 undan \u00fe\u00e9r, a\u00f0 \u00fe\u00fa megir f\u00e1 syni m\u00ednum konu \u00fea\u00f0an. <a name=\"8\"><\/a><span class=\"versanumer_2007\">8<\/span> En vilji konan ekki fara me\u00f0 \u00fe\u00e9r \u00fe\u00e1 ertu laus undan ei\u00f0num. G\u00e6ttu \u00feess eins a\u00f0 fara ekki me\u00f0 son minn \u00feanga\u00f0.\u201c<br \/>\n<a name=\"9\"><\/a><span class=\"versanumer_2007\">9<\/span> \u00dej\u00f3nninn lag\u00f0i \u00fe\u00e1 h\u00f6nd s\u00edna undir lend Abrahams, h\u00fasb\u00f3nda s\u00edns, og vann honum ei\u00f0 a\u00f0 \u00feessu.<br \/>\n<a name=\"10\"><\/a><span class=\"versanumer_2007\">10<\/span> \u00dej\u00f3nninn t\u00f3k n\u00fa t\u00edu \u00falfalda af \u00falf\u00f6ldum h\u00fasb\u00f3nda s\u00edns og h\u00e9lt af sta\u00f0 og haf\u00f0i me\u00f0 s\u00e9r alls kyns d\u00fdrgripi h\u00fasb\u00f3nda s\u00edns. Hann t\u00f3k sig upp og h\u00e9lt til Mes\u00f3p\u00f3tam\u00edu, til Nahorsborgar. <a name=\"11\"><\/a><span class=\"versanumer_2007\">11<\/span> Er komi\u00f0 var kv\u00f6ld l\u00e9t hann \u00falfaldana leggjast vi\u00f0 vatnsbrunn nokkurn utan borgar \u00ed \u00feann mund er konur komu a\u00f0 s\u00e6kja vatn. <a name=\"12\"><\/a><span class=\"versanumer_2007\">12<\/span> Og hann ger\u00f0i b\u00e6n s\u00edna: \u201eDrottinn, Gu\u00f0 Abrahams, h\u00fasb\u00f3nda m\u00edns. Vertu me\u00f0 m\u00e9r \u00ed dag og au\u00f0s\u00fdndu Abraham, h\u00fasb\u00f3nda m\u00ednum, miskunn. <a name=\"13\"><\/a><span class=\"versanumer_2007\">13<\/span> Sj\u00e1 hvar \u00e9g stend vi\u00f0 vatnslindina og d\u00e6tur borgarmanna koma br\u00e1tt hinga\u00f0 a\u00f0 s\u00e6kja vatn. <a name=\"14\"><\/a><span class=\"versanumer_2007\">14<\/span> Gef \u00fe\u00fa a\u00f0 st\u00falkan sem \u00e9g segi vi\u00f0: Leyf m\u00e9r a\u00f0 drekka \u00far vatnskeri \u00fe\u00ednu, og svarar: F\u00e1\u00f0u \u00fe\u00e9r a\u00f0 drekka og \u00e9g skal einnig brynna \u00falf\u00f6ldum \u00fe\u00ednum, gef a\u00f0 \u00fea\u00f0 s\u00e9 h\u00fan sem \u00fe\u00fa hefur \u00e1kvar\u00f0a\u00f0 handa \u00cdsak, \u00fej\u00f3ni \u00fe\u00ednum. \u00dear me\u00f0 veit \u00e9g a\u00f0 \u00fe\u00fa hefur au\u00f0s\u00fdnt h\u00fasb\u00f3nda m\u00ednum miskunn.\u201c<br \/>\n<a name=\"15\"><\/a><span class=\"versanumer_2007\">15<\/span> \u00c1\u00f0ur en \u00fej\u00f3nninn haf\u00f0i sleppt or\u00f0inu birtist Rebekka en h\u00fan var d\u00f3ttir Bet\u00faels, sonar Milku, eiginkonu Nahors, br\u00f3\u00f0ur Abrahams, og bar h\u00fan vatnsker sitt \u00e1 \u00f6xlinni. <a name=\"16\"><\/a><span class=\"versanumer_2007\">16<\/span> St\u00falkan var forkunnarf\u00f6gur \u00e1 a\u00f0 l\u00edta. H\u00fan var mey, haf\u00f0i ekki karlmanns kennt. Gekk h\u00fan ni\u00f0ur a\u00f0 brunninum, fyllti vatnsker sitt og gekk upp fr\u00e1 lindinni. <a name=\"17\"><\/a><span class=\"versanumer_2007\">17<\/span> Hlj\u00f3p \u00fe\u00e1 \u00fej\u00f3nninn \u00e1 m\u00f3ti henni og m\u00e6lti: \u201eGef\u00f0u m\u00e9r sopa a\u00f0 drekka \u00far vatnskeri \u00fe\u00ednu.\u201c <a name=\"18\"><\/a><span class=\"versanumer_2007\">18<\/span> Og h\u00fan sag\u00f0i: \u201eDrekktu, herra minn.\u201c Og jafnskj\u00f3tt t\u00f3k h\u00fan vatnskeri\u00f0 af \u00f6xlinni annarri hendi og gaf honum a\u00f0 drekka. <a name=\"19\"><\/a><span class=\"versanumer_2007\">19<\/span> Er h\u00fan haf\u00f0i gefi\u00f0 honum a\u00f0 drekka m\u00e6lti h\u00fan: \u201e\u00c9g skal einnig ausa handa \u00falf\u00f6ldum \u00fe\u00ednum uns \u00feeir hafa drukki\u00f0 n\u00e6gju s\u00edna.\u201c<br \/>\n<a name=\"20\"><\/a><span class=\"versanumer_2007\">20<\/span> H\u00fan var ekki sein \u00e1 s\u00e9r og t\u00e6mdi vatnsker sitt \u00ed vatns\u00fer\u00f3na og hlj\u00f3p jafnskj\u00f3tt aftur a\u00f0 lindinni a\u00f0 ausa. Og h\u00fan j\u00f3s vatni handa \u00f6llum \u00falf\u00f6ldum hans.<br \/>\n<a name=\"21\"><\/a><span class=\"versanumer_2007\">21<\/span> \u00dej\u00f3nn Abrahams horf\u00f0i \u00fe\u00f6gull \u00e1 hana til a\u00f0 vita hvort Drottinn hef\u00f0i l\u00e1ti\u00f0 f\u00f6r hans heppnast e\u00f0a ekki.<br \/>\n<a name=\"22\"><\/a><span class=\"versanumer_2007\">22<\/span> \u00deegar \u00falfaldarnir h\u00f6f\u00f0u drukki\u00f0 fylli s\u00edna t\u00f3k ma\u00f0urinn fram nefhring \u00far gulli sem v\u00f3 h\u00e1lfan sikil og dr\u00f3 tv\u00f6 armb\u00f6nd \u00e1 hendur henni. \u00deau v\u00f3gu t\u00edu sikla gulls. <a name=\"23\"><\/a><span class=\"versanumer_2007\">23<\/span> \u00dev\u00ed n\u00e6st m\u00e6lti hann: \u201eSeg\u00f0u m\u00e9r hvers d\u00f3ttir \u00fe\u00fa ert. Er r\u00fam fyrir okkur \u00ed h\u00fasi f\u00f6\u00f0ur \u00fe\u00edns, a\u00f0 vi\u00f0 megum gista?\u201c<br \/>\n<a name=\"24\"><\/a><span class=\"versanumer_2007\">24<\/span> H\u00fan sag\u00f0i vi\u00f0 hann: \u201e\u00c9g er d\u00f3ttir Bet\u00faels, sonar Milku, sem h\u00fan \u00f3l Nahor.\u201c <a name=\"25\"><\/a><span class=\"versanumer_2007\">25<\/span> Og h\u00fan b\u00e6tti vi\u00f0: \u201eVi\u00f0 erum vel birg af h\u00e1lmi og heyjum og einnig er h\u00fasr\u00fam til gistingar.\u201c<br \/>\n<a name=\"26\"><\/a><span class=\"versanumer_2007\">26<\/span> \u00de\u00e1 varpa\u00f0i ma\u00f0urinn s\u00e9r til jar\u00f0ar og laut Drottni dj\u00fapt <a name=\"27\"><\/a><span class=\"versanumer_2007\">27<\/span> og sag\u00f0i: \u201eLofa\u00f0ur s\u00e9 Drottinn, Gu\u00f0 Abrahams, h\u00fasb\u00f3nda m\u00edns. Hann hefur ekki l\u00e1ti\u00f0 af miskunn sinni og tr\u00fafesti vi\u00f0 h\u00fasb\u00f3nda minn. Og mig hefur Drottinn leitt veginn til h\u00fass fr\u00e6nda h\u00fasb\u00f3nda m\u00edns.\u201c<br \/>\n<a name=\"28\"><\/a><span class=\"versanumer_2007\">28<\/span> Og st\u00falkan hlj\u00f3p heim \u00ed h\u00fas m\u00f3\u00f0ur sinnar og sag\u00f0i fr\u00e1 \u00f6llu \u00fev\u00ed sem vi\u00f0 haf\u00f0i bori\u00f0.<br \/>\n<a name=\"29\"><\/a><span class=\"versanumer_2007\">29<\/span> Rebekka \u00e1tti br\u00f3\u00f0ur. Hann h\u00e9t Laban. Hann skunda\u00f0i n\u00fa til mannsins vi\u00f0 lindina. <a name=\"30\"><\/a><span class=\"versanumer_2007\">30<\/span> \u00deegar hann haf\u00f0i s\u00e9\u00f0 nefhringinn og armb\u00f6ndin \u00e1 h\u00f6ndum systur sinnar og heyrt or\u00f0 Rebekku systur sinnar er h\u00fan sag\u00f0i: \u201e\u00deannig tala\u00f0i ma\u00f0urinn vi\u00f0 mig,\u201c \u00fe\u00e1 f\u00f3r hann til mannsins. Og \u00fear st\u00f3\u00f0 hann hj\u00e1 \u00falf\u00f6ldunum vi\u00f0 lindina. <a name=\"31\"><\/a><span class=\"versanumer_2007\">31<\/span> Laban m\u00e6lti: \u201eBlessa\u00f0ur s\u00e9rtu af Drottni. Komdu inn. Hv\u00ed stendur \u00fe\u00fa h\u00e9r \u00fati vi\u00f0? \u00c9g hef b\u00fai\u00f0 \u00fe\u00e9r r\u00fam og n\u00f3g r\u00fdmi er fyrir \u00falfalda \u00fe\u00edna.\u201c<br \/>\n<a name=\"32\"><\/a><span class=\"versanumer_2007\">32<\/span> Ma\u00f0urinn gekk \u00fe\u00e1 inn \u00ed h\u00fasi\u00f0 og Laban spretti af \u00falf\u00f6ldunum og gaf \u00feeim h\u00e1lm og hey og s\u00f3tti vatn handa \u00fej\u00f3ninum til a\u00f0 \u00fevo f\u00e6tur s\u00edna og f\u00e6tur mannanna sem me\u00f0 honum voru. <a name=\"33\"><\/a><span class=\"versanumer_2007\">33<\/span> S\u00ed\u00f0an var matur borinn fyrir hann en hann m\u00e6lti: \u201e\u00c9g neyti ekki matar fyrr en \u00e9g hef bori\u00f0 upp erindi mitt.\u201c<br \/>\nOg Laban sag\u00f0i: \u201eTala\u00f0u.\u201c<br \/>\n<a name=\"34\"><\/a><span class=\"versanumer_2007\">34<\/span> Og hann t\u00f3k til m\u00e1ls: \u201e\u00c9g er \u00fej\u00f3nn Abrahams. <a name=\"35\"><\/a><span class=\"versanumer_2007\">35<\/span> Drottinn hefur mikillega blessa\u00f0 h\u00fasb\u00f3nda minn og hann er or\u00f0inn st\u00f3rau\u00f0ugur. Hann hefur gefi\u00f0 honum sau\u00f0i og naut, silfur og gull, \u00fer\u00e6la og amb\u00e1ttir, \u00falfalda og asna. <a name=\"36\"><\/a><span class=\"versanumer_2007\">36<\/span> Og Sara, kona h\u00fasb\u00f3nda m\u00edns, hefur ali\u00f0 herra m\u00ednum son \u00ed elli sinni og honum hefur hann gefi\u00f0 allt sem hann \u00e1. <a name=\"37\"><\/a><span class=\"versanumer_2007\">37<\/span> H\u00fasb\u00f3ndi minn t\u00f3k af m\u00e9r ei\u00f0 og sag\u00f0i: \u00de\u00fa m\u00e1tt ekki taka syni m\u00ednum konu af d\u00e6trum Kanverja sem \u00e9g b\u00fd hj\u00e1 \u00ed landi \u00feeirra. <a name=\"38\"><\/a><span class=\"versanumer_2007\">38<\/span> \u00de\u00fa skalt fyrir alla muni fara til h\u00fass f\u00f6\u00f0ur m\u00edns, til \u00e6ttmenna minna, til a\u00f0 taka syni m\u00ednum konu. <a name=\"39\"><\/a><span class=\"versanumer_2007\">39<\/span> \u00de\u00e1 sag\u00f0i \u00e9g vi\u00f0 h\u00fasb\u00f3nda minn: Vera m\u00e1 a\u00f0 konan vilji ekki fara me\u00f0 m\u00e9r. <a name=\"40\"><\/a><span class=\"versanumer_2007\">40<\/span> \u00de\u00e1 sag\u00f0i hann vi\u00f0 mig: \u00c9g hef \u00e6t\u00ed\u00f0 gengi\u00f0 fyrir augliti Drottins. Hann mun senda engil sinn me\u00f0 \u00fe\u00e9r og hann mun grei\u00f0a g\u00f6tu \u00fe\u00edna, \u00fe\u00fa munt f\u00e1 konu handa syni m\u00ednum af \u00e6ttf\u00f3lki m\u00ednu og h\u00fasi f\u00f6\u00f0ur m\u00edns. <a name=\"41\"><\/a><span class=\"versanumer_2007\">41<\/span> \u00dev\u00ed a\u00f0eins skaltu vera laus vi\u00f0 \u00feann ei\u00f0 er \u00fe\u00fa sver\u00f0 m\u00e9r a\u00f0 \u00fe\u00fa farir til \u00e6ttf\u00f3lks m\u00edns en \u00feeir vilji ekki gefa \u00fe\u00e9r hana. \u00de\u00e1 ertu laus undan ei\u00f0num. <a name=\"42\"><\/a><span class=\"versanumer_2007\">42<\/span> \u00cd dag kom \u00e9g a\u00f0 brunninum og sag\u00f0i: Drottinn, Gu\u00f0 Abrahams, h\u00fasb\u00f3nda m\u00edns. \u00c6tlir \u00fe\u00fa a\u00f0 l\u00e1ta \u00feessa f\u00f6r m\u00edna l\u00e1nast <a name=\"43\"><\/a><span class=\"versanumer_2007\">43<\/span> \u00fe\u00e1 sj\u00e1 \u00fe\u00fa: \u00c9g stend h\u00e9r vi\u00f0 brunninn. \u00c9g mun segja vi\u00f0 \u00fe\u00e1 st\u00falku sem kemur a\u00f0 ausa vatni: Gef\u00f0u m\u00e9r sopa a\u00f0 drekka af vatnskeri \u00fe\u00ednu, <a name=\"44\"><\/a><span class=\"versanumer_2007\">44<\/span> og ef h\u00fan segir vi\u00f0 mig: B\u00e6\u00f0i skaltu sj\u00e1lfur drekka og einnig mun \u00e9g ausa vatni handa \u00falf\u00f6ldum \u00fe\u00ednum, gef \u00fe\u00fa a\u00f0 h\u00fan s\u00e9 s\u00fa kona sem Drottinn hefur \u00e1kvar\u00f0a\u00f0 handa syni h\u00fasb\u00f3nda m\u00edns. <a name=\"45\"><\/a><span class=\"versanumer_2007\">45<\/span> Varla haf\u00f0i \u00e9g sagt \u00feetta me\u00f0 sj\u00e1lfum m\u00e9r \u00feegar Rebekka kom me\u00f0 vatnskr\u00fas \u00e1 \u00f6xlinni, gekk ni\u00f0ur a\u00f0 brunninum og j\u00f3s vatni. \u00de\u00e1 sag\u00f0i \u00e9g vi\u00f0 hana: Gef\u00f0u m\u00e9r a\u00f0 drekka. <a name=\"46\"><\/a><span class=\"versanumer_2007\">46<\/span> \u00d3\u00f0ara setti h\u00fan vatnskr\u00fasina ni\u00f0ur og sag\u00f0i: Drekktu, og \u00e9g skal einnig brynna \u00falf\u00f6ldum \u00fe\u00ednum. \u00c9g drakk og h\u00fan brynnti \u00falf\u00f6ldunum l\u00edka. <a name=\"47\"><\/a><span class=\"versanumer_2007\">47<\/span> \u00de\u00e1 spur\u00f0i \u00e9g hana og sag\u00f0i: Hvers d\u00f3ttir ert \u00fe\u00fa? Og h\u00fan svara\u00f0i: \u00c9g er d\u00f3ttir Bet\u00faels, sonar Nahors, sem Milka \u00f3l honum. Setti \u00e9g \u00fe\u00e1 hring \u00ed nef hennar og armb\u00f6nd \u00e1 handleggi hennar. <a name=\"48\"><\/a><span class=\"versanumer_2007\">48<\/span> \u00c9g varpa\u00f0i m\u00e9r til jar\u00f0ar og laut Drottni og lofa\u00f0i Drottin, Gu\u00f0 Abrahams, h\u00fasb\u00f3nda m\u00edns, sem haf\u00f0i leitt mig hinn r\u00e9tta veg til a\u00f0 taka syni h\u00fasb\u00f3nda m\u00edns d\u00f3ttur br\u00f3\u00f0ursonar hans fyrir konu. <a name=\"49\"><\/a><span class=\"versanumer_2007\">49<\/span> En n\u00fa ver\u00f0i\u00f0 \u00fei\u00f0 a\u00f0 segja til um \u00fea\u00f0 hvort \u00fei\u00f0 vilji\u00f0 s\u00fdna h\u00fasb\u00f3nda m\u00ednum k\u00e6rleika og tr\u00fafesti. Ef ekki, segi\u00f0 \u00fe\u00e1 til svo a\u00f0 \u00e9g geti fari\u00f0 anna\u00f0.\u201c<br \/>\n<a name=\"50\"><\/a><span class=\"versanumer_2007\">50<\/span> \u00deeir Laban og Bet\u00fael sv\u00f6ru\u00f0u: \u201e\u00deetta er fr\u00e1 Drottni komi\u00f0. Vi\u00f0 getum ekkert sagt. <a name=\"51\"><\/a><span class=\"versanumer_2007\">51<\/span> \u00dearna er Rebekka frammi fyrir \u00fe\u00e9r. Taktu hana og far\u00f0u lei\u00f0ar \u00feinnar. H\u00fan ver\u00f0ur kona sonar h\u00fasb\u00f3nda \u00fe\u00edns eins og Drottinn hefur kve\u00f0i\u00f0 \u00e1 um.\u201c<br \/>\n<a name=\"52\"><\/a><span class=\"versanumer_2007\">52<\/span> \u00deegar \u00fej\u00f3nn Abrahams heyr\u00f0i sv\u00f6r \u00feeirra laut hann Drottni til jar\u00f0ar. <a name=\"53\"><\/a><span class=\"versanumer_2007\">53<\/span> Hann t\u00f3k fram skartgripi af silfri og gulli og kl\u00e6\u00f0na\u00f0i og gaf Rebekku. Og br\u00f3\u00f0ur hennar og m\u00f3\u00f0ur f\u00e6r\u00f0i hann gersemar. <a name=\"54\"><\/a><span class=\"versanumer_2007\">54<\/span> \u00deeir \u00e1tu og drukku, hann og \u00feeir sem me\u00f0 honum voru, og gistu um n\u00f3ttina. Um morguninn risu \u00feeir \u00far rekkju og hann sag\u00f0i: \u201eLeyfi\u00f0 m\u00e9r a\u00f0 fara heim til h\u00fasb\u00f3nda m\u00edns.\u201c<br \/>\n<a name=\"55\"><\/a><span class=\"versanumer_2007\">55<\/span> En br\u00f3\u00f0ir Rebekku og m\u00f3\u00f0ir sv\u00f6ru\u00f0u: \u201eLeyf\u00f0u st\u00falkunni a\u00f0 vera um kyrrt hj\u00e1 okkur \u00ed nokkra daga, svo sem t\u00edu daga, og \u00fe\u00e1 getur\u00f0u fari\u00f0.\u201c<br \/>\n<a name=\"56\"><\/a><span class=\"versanumer_2007\">56<\/span> \u00de\u00e1 sag\u00f0i hann vi\u00f0 \u00feau: \u201eTefji\u00f0 mig ekki. Drottinn hefur l\u00e1ti\u00f0 f\u00f6r m\u00edna heppnast, leyfi\u00f0 m\u00e9r a\u00f0 fara heim til h\u00fasb\u00f3nda m\u00edns.\u201c<br \/>\n<a name=\"57\"><\/a><span class=\"versanumer_2007\">57<\/span> \u00deau sv\u00f6ru\u00f0u: \u201eK\u00f6llum \u00e1 st\u00falkuna og spyrjum hana sj\u00e1lfa.\u201c<br \/>\n<a name=\"58\"><\/a><span class=\"versanumer_2007\">58<\/span> Og \u00feau k\u00f6llu\u00f0u \u00e1 Rebekku og spur\u00f0u hana: \u201eViltu fara me\u00f0 \u00feessum manni?\u201c<br \/>\n\u201eJ\u00e1,\u201c svara\u00f0i h\u00fan.<br \/>\n<a name=\"59\"><\/a><span class=\"versanumer_2007\">59<\/span> \u00de\u00e1 l\u00e9tu \u00feau Rebekku, systur s\u00edna, fara \u00e1samt f\u00f3stru hennar og \u00fej\u00f3ni Abrahams og m\u00f6nnum hans. <a name=\"60\"><\/a><span class=\"versanumer_2007\">60<\/span> Og \u00feau blessu\u00f0u Rebekku og m\u00e6ltu til hennar:<br \/>\n<span class=\"ljodatexti\"> Systir,<br \/>\nvaxi af \u00fe\u00e9r \u00fe\u00fasundir tug\u00fe\u00fasunda<br \/>\nog eignist ni\u00f0jar \u00fe\u00ednir<br \/>\nborgarhli\u00f0 fjandmanna sinna. <\/span><br \/>\n<a name=\"61\"><\/a><span class=\"versanumer_2007\">61<\/span> \u00de\u00e1 t\u00f3k Rebekka sig upp me\u00f0 \u00feernum s\u00ednum og stigu \u00fe\u00e6r \u00e1 bak \u00falf\u00f6ldunum og f\u00f3ru me\u00f0 manninum. Og \u00fej\u00f3nninn h\u00e9lt af sta\u00f0 og t\u00f3k Rebekku me\u00f0 s\u00e9r.<br \/>\n<a name=\"62\"><\/a><span class=\"versanumer_2007\">62<\/span> N\u00fa er a\u00f0 segja fr\u00e1 \u00cdsak. Hann var n\u00fdkominn fr\u00e1 brunninum Lahajro\u00ed \u00fev\u00ed a\u00f0 hann dvaldist \u00ed Negeb. <a name=\"63\"><\/a><span class=\"versanumer_2007\">63<\/span> Hann gekk \u00fat \u00e1 akurinn a\u00f0 kv\u00f6ldlagi til a\u00f0 gera b\u00e6n s\u00edna. Var\u00f0 honum liti\u00f0 upp og s\u00e1 \u00fe\u00e1 hvar \u00falfaldalest n\u00e1lga\u00f0ist. <a name=\"64\"><\/a><span class=\"versanumer_2007\">64<\/span> Rebekku var\u00f0 einnig liti\u00f0 upp og kom h\u00fan auga \u00e1 \u00cdsak. H\u00fan f\u00f3r af baki <a name=\"65\"><\/a><span class=\"versanumer_2007\">65<\/span> og spur\u00f0i \u00fej\u00f3ninn: \u201eHver er \u00feessi ma\u00f0ur sem gengur yfir akurinn til m\u00f3ts vi\u00f0 okkur?\u201c<br \/>\n\u201e\u00dea\u00f0 er h\u00fasb\u00f3ndi minn,\u201c svara\u00f0i \u00fej\u00f3nninn. T\u00f3k h\u00fan \u00fe\u00e1 bl\u00e6ju s\u00edna og huldi sig.<br \/>\n<a name=\"66\"><\/a><span class=\"versanumer_2007\">66<\/span> \u00dej\u00f3nninn sag\u00f0i n\u00fa \u00cdsak fr\u00e1 \u00f6llu sem hann haf\u00f0i gert. <a name=\"67\"><\/a><span class=\"versanumer_2007\">67<\/span> Og \u00cdsak leiddi Rebekku \u00ed tjald S\u00f6ru, m\u00f3\u00f0ur sinnar, og t\u00f3k Rebekku s\u00e9r til handa og var\u00f0 h\u00fan kona hans. \u00cdsak f\u00e9kk \u00e1st \u00e1 henni og l\u00e9t huggast eftir m\u00f3\u00f0urmissinn.<\/p>\n","protected":false},"excerpt":{"rendered":"<p>\u00cdsak og Rebekka 1 N\u00fa var Abraham or\u00f0inn gamall og hniginn a\u00f0 aldri og haf\u00f0i Drottinn blessa\u00f0 hann \u00ed \u00f6llu. 2 \u00de\u00e1 sag\u00f0i Abraham vi\u00f0 elsta \u00fej\u00f3n sinn sem r\u00e9\u00f0 fyrir \u00f6llu sem hann \u00e1tti: \u201eSettu h\u00f6nd \u00fe\u00edna undir lend m\u00edna 3 og vinn m\u00e9r ei\u00f0 a\u00f0 \u00fev\u00ed vi\u00f0 Drottin, Gu\u00f0 himnanna og Gu\u00f0 jar\u00f0arinnar, a\u00f0 \u00fe\u00fa munir ekki taka syni m\u00ednum konu af d\u00e6trum Kanverja, sem \u00e9g b\u00fd \u00e1 me\u00f0al, 4 heldur skulir \u00fe\u00fa fara til f\u00f6\u00f0urlands m\u00edns, til \u00e6ttf\u00f3lks m\u00edns, og taka konu handa \u00cdsak, syni m\u00ednum.\u201c 5 \u00dej\u00f3nninn svara\u00f0i: \u201eEn ef konan vill n\u00fa ekki fylgja m\u00e9r <a href=\"https:\/\/biblian.is\/biblian\/fyrsta-mosebok-24-kafli\/\"> [&#8230;]<\/a><\/p>\n","protected":false},"author":1,"featured_media":0,"parent":0,"menu_order":0,"comment_status":"open","ping_status":"open","template":"bibliukaflar_NT.php","meta":{"footnotes":""},"class_list":["post-1641","page","type-page","status-publish","hentry"],"_links":{"self":[{"href":"https:\/\/biblian.is\/biblian\/wp-json\/wp\/v2\/pages\/1641","targetHints":{"allow":["GET"]}}],"collection":[{"href":"https:\/\/biblian.is\/biblian\/wp-json\/wp\/v2\/pages"}],"about":[{"href":"https:\/\/biblian.is\/biblian\/wp-json\/wp\/v2\/types\/page"}],"author":[{"embeddable":true,"href":"https:\/\/biblian.is\/biblian\/wp-json\/wp\/v2\/users\/1"}],"replies":[{"embeddable":true,"href":"https:\/\/biblian.is\/biblian\/wp-json\/wp\/v2\/comments?post=1641"}],"version-history":[{"count":0,"href":"https:\/\/biblian.is\/biblian\/wp-json\/wp\/v2\/pages\/1641\/revisions"}],"wp:attachment":[{"href":"https:\/\/biblian.is\/biblian\/wp-json\/wp\/v2\/media?parent=1641"}],"curies":[{"name":"wp","href":"https:\/\/api.w.org\/{rel}","templated":true}]}}