{"id":1639,"date":"2017-12-30T20:59:50","date_gmt":"2017-12-30T20:59:50","guid":{"rendered":"http:\/\/biblian.is\/biblian\/fyrsta-m%c2%97seb%c2%97k-22-kafli\/"},"modified":"2022-12-16T13:42:52","modified_gmt":"2022-12-16T13:42:52","slug":"fyrsta-mosebok-22-kafli","status":"publish","type":"page","link":"https:\/\/biblian.is\/biblian\/fyrsta-mosebok-22-kafli\/","title":{"rendered":"Fyrsta M\u00f3seb\u00f3k 22. kafli"},"content":{"rendered":"<h3 class=\"millifyrirsogn_2007\">Gu\u00f0 reynir Abraham<\/h3>\n<p><a name=\"1\"><\/a><span class=\"versanumer_2007\">1<\/span> Eftir \u00feessa atbur\u00f0i reyndi Gu\u00f0 Abraham. Hann m\u00e6lti til hans: \u201eAbraham.\u201c<br \/>\nOg hann svara\u00f0i: \u201eH\u00e9r er \u00e9g.\u201c<br \/>\n<a name=\"2\"><\/a><span class=\"versanumer_2007\">2<\/span> Hann sag\u00f0i: \u201eTak \u00fe\u00fa son \u00feinn, einkason \u00feinn sem \u00fe\u00fa elskar, hann \u00cdsak, og far \u00fe\u00fa til M\u00f3r\u00edalands og f\u00f3rna honum sem brennif\u00f3rn \u00e1 \u00fev\u00ed fjalli sem \u00e9g mun v\u00edsa \u00fe\u00e9r \u00e1.\u201c<br \/>\n<a name=\"3\"><\/a><span class=\"versanumer_2007\">3<\/span> \u00c1rla morguns s\u00f6\u00f0la\u00f0i Abraham asna sinn, t\u00f3k me\u00f0 s\u00e9r tvo af sveinum s\u00ednum og \u00cdsak son sinn, klauf vi\u00f0 til brennif\u00f3rnar, lag\u00f0i s\u00ed\u00f0an af sta\u00f0 og h\u00e9lt til \u00feess sta\u00f0ar sem Gu\u00f0 haf\u00f0i sagt honum. <a name=\"4\"><\/a><span class=\"versanumer_2007\">4<\/span> \u00c1 \u00feri\u00f0ja degi h\u00f3f Abraham upp augu s\u00edn og s\u00e1 sta\u00f0inn \u00e1lengdar. <a name=\"5\"><\/a><span class=\"versanumer_2007\">5<\/span> Hann sag\u00f0i vi\u00f0 sveina s\u00edna: \u201eB\u00ed\u00f0i\u00f0 h\u00e9rna hj\u00e1 asnanum en vi\u00f0 drengurinn munum ganga \u00feanga\u00f0 upp eftir til a\u00f0 bi\u00f0jast fyrir og komum svo til ykkar aftur.\u201c<br \/>\n<a name=\"6\"><\/a><span class=\"versanumer_2007\">6<\/span> Abraham t\u00f3k n\u00fa brennif\u00f3rnarvi\u00f0inn og lag\u00f0i \u00cdsak syni s\u00ednum \u00e1 her\u00f0ar en eldinn og hn\u00edfinn t\u00f3k hann s\u00e9r \u00ed h\u00f6nd.<br \/>\nOg \u00feeir gengu b\u00e1\u00f0ir saman.<br \/>\n<a name=\"7\"><\/a><span class=\"versanumer_2007\">7<\/span> \u00de\u00e1 sag\u00f0i \u00cdsak vi\u00f0 Abraham f\u00f6\u00f0ur sinn: \u201eFa\u00f0ir minn.\u201c<br \/>\nOg hann svara\u00f0i: \u201eH\u00e9r er \u00e9g, sonur minn.\u201c<br \/>\n\u00cdsak m\u00e6lti: \u201eH\u00e9r er eldurinn og vi\u00f0urinn. En hvar er sau\u00f0urinn til brennif\u00f3rnarinnar?\u201c<br \/>\n<a name=\"8\"><\/a><span class=\"versanumer_2007\">8<\/span> Abraham svara\u00f0i: \u201eGu\u00f0 mun sj\u00e1 s\u00e9r fyrir sau\u00f0 til brennif\u00f3rnar, sonur minn.\u201c<br \/>\nOg \u00feeir gengu b\u00e1\u00f0ir saman.<br \/>\n<a name=\"9\"><\/a><span class=\"versanumer_2007\">9<\/span> N\u00fa komu \u00feeir \u00e1 sta\u00f0inn sem Gu\u00f0 haf\u00f0i tala\u00f0 um. \u00dear reisti Abraham altari, lag\u00f0i vi\u00f0inn \u00e1, batt \u00cdsak son sinn og lag\u00f0i hann \u00e1 altari\u00f0 ofan \u00e1 vi\u00f0inn. <a name=\"10\"><\/a><span class=\"versanumer_2007\">10<\/span> \u00de\u00e1 t\u00f3k Abraham hn\u00edfinn \u00ed h\u00f6nd s\u00e9r til \u00feess a\u00f0 sl\u00e1tra syni s\u00ednum. <a name=\"11\"><\/a><span class=\"versanumer_2007\">11<\/span> En engill Drottins kalla\u00f0i til hans af himni og m\u00e6lti: \u201eAbraham! Abraham!\u201c<br \/>\nOg hann svara\u00f0i: \u201eH\u00e9r er \u00e9g.\u201c<br \/>\n<a name=\"12\"><\/a><span class=\"versanumer_2007\">12<\/span> Engillinn sag\u00f0i: \u201eLegg\u00f0u ekki h\u00f6nd \u00e1 sveininn og ger\u00f0u honum ekkert \u00fev\u00ed a\u00f0 n\u00fa veit \u00e9g a\u00f0 \u00fe\u00fa \u00f3ttast Gu\u00f0. \u00de\u00fa hefur jafnvel ekki synja\u00f0 m\u00e9r um son \u00feinn, einkason \u00feinn.\u201c<br \/>\n<a name=\"13\"><\/a><span class=\"versanumer_2007\">13<\/span> \u00de\u00e1 h\u00f3f Abraham upp augu s\u00edn og s\u00e1 hvar hr\u00fatur var fastur \u00e1 hornunum \u00ed greina\u00feykkni. F\u00f3r hann \u00feanga\u00f0, t\u00f3k hr\u00fatinn og f\u00f3rna\u00f0i honum sem brennif\u00f3rn \u00ed sta\u00f0 sonar s\u00edns. <a name=\"14\"><\/a><span class=\"versanumer_2007\">14<\/span> Og Abraham nefndi sta\u00f0 \u00feennan \u201eDrottinn s\u00e9r\u201c og \u00fev\u00ed segja menn enn \u00ed dag: \u201e\u00c1 fjallinu birtist Drottinn.\u201c<br \/>\n<a name=\"15\"><\/a><span class=\"versanumer_2007\">15<\/span> Engill Drottins kalla\u00f0i \u00f6\u00f0ru sinni til Abrahams af himni <a name=\"16\"><\/a><span class=\"versanumer_2007\">16<\/span> og m\u00e6lti: \u201e\u00c9g sver vi\u00f0 sj\u00e1lfan mig, segir Drottinn: Af \u00fev\u00ed a\u00f0 \u00fe\u00fa ger\u00f0ir \u00feetta og synja\u00f0ir m\u00e9r ekki um einkason \u00feinn <a name=\"17\"><\/a><span class=\"versanumer_2007\">17<\/span> mun \u00e9g r\u00edkulega blessa \u00feig og margfalda kyn \u00feitt mikillega eins og stj\u00f6rnur \u00e1 himni, eins og sand \u00e1 sj\u00e1varstr\u00f6nd. Og ni\u00f0jar \u00fe\u00ednir skulu n\u00e1 borgarhli\u00f0um \u00f3vina sinna. <a name=\"18\"><\/a><span class=\"versanumer_2007\">18<\/span> Allar \u00fej\u00f3\u00f0ir heims munu blessun hlj\u00f3ta af ni\u00f0jum \u00fe\u00ednum vegna \u00feess a\u00f0 \u00fe\u00fa hl\u00fd\u00f0na\u00f0ist raust minni.\u201c<br \/>\n<a name=\"19\"><\/a><span class=\"versanumer_2007\">19<\/span> Abraham sneri n\u00fa aftur til sveina sinna og \u00feeir t\u00f3ku sig upp og gengu saman til Beerseba. Og Abraham bj\u00f3 \u00ed Beerseba.<\/p>\n<h3 class=\"millifyrirsogn_2007\">\u00c6tt Nahors, br\u00f3\u00f0ur Abrahams<\/h3>\n<p><a name=\"20\"><\/a><span class=\"versanumer_2007\">20<\/span> Svo bar vi\u00f0 eftir \u00feessa atbur\u00f0i a\u00f0 sagt var vi\u00f0 Abraham: \u201eMilka hefur einnig f\u00e6tt. H\u00fan hefur f\u00e6tt Nahor br\u00f3\u00f0ur \u00fe\u00ednum syni: <a name=\"21\"><\/a><span class=\"versanumer_2007\">21<\/span> \u00das, frumgetinn son hans, B\u00fas, br\u00f3\u00f0ur hans, Kem\u00fael, \u00e6ttf\u00f6\u00f0ur Aramea, <a name=\"22\"><\/a><span class=\"versanumer_2007\">22<\/span> Kesed, Kas\u00f3, P\u00edldas, J\u00eddlaf og Bet\u00fael.\u201c<br \/>\n<a name=\"23\"><\/a><span class=\"versanumer_2007\">23<\/span> En Bet\u00fael gat Rebekku. \u00deessa \u00e1tta syni f\u00e6ddi Milka Nahor, br\u00f3\u00f0ur Abrahams.<br \/>\n<a name=\"24\"><\/a><span class=\"versanumer_2007\">24<\/span> Hj\u00e1kona hans h\u00e9t Re\u00fama. H\u00fan f\u00e6ddi einnig syni: Tebak, Gaham, Tahas og Maaka.<\/p>\n","protected":false},"excerpt":{"rendered":"<p>Gu\u00f0 reynir Abraham 1 Eftir \u00feessa atbur\u00f0i reyndi Gu\u00f0 Abraham. Hann m\u00e6lti til hans: \u201eAbraham.\u201c Og hann svara\u00f0i: \u201eH\u00e9r er \u00e9g.\u201c 2 Hann sag\u00f0i: \u201eTak \u00fe\u00fa son \u00feinn, einkason \u00feinn sem \u00fe\u00fa elskar, hann \u00cdsak, og far \u00fe\u00fa til M\u00f3r\u00edalands og f\u00f3rna honum sem brennif\u00f3rn \u00e1 \u00fev\u00ed fjalli sem \u00e9g mun v\u00edsa \u00fe\u00e9r \u00e1.\u201c 3 \u00c1rla morguns s\u00f6\u00f0la\u00f0i Abraham asna sinn, t\u00f3k me\u00f0 s\u00e9r tvo af sveinum s\u00ednum og \u00cdsak son sinn, klauf vi\u00f0 til brennif\u00f3rnar, lag\u00f0i s\u00ed\u00f0an af sta\u00f0 og h\u00e9lt til \u00feess sta\u00f0ar sem Gu\u00f0 haf\u00f0i sagt honum. 4 \u00c1 \u00feri\u00f0ja degi h\u00f3f Abraham upp augu s\u00edn og <a href=\"https:\/\/biblian.is\/biblian\/fyrsta-mosebok-22-kafli\/\"> [&#8230;]<\/a><\/p>\n","protected":false},"author":1,"featured_media":0,"parent":0,"menu_order":0,"comment_status":"open","ping_status":"open","template":"bibliukaflar_NT.php","meta":{"footnotes":""},"class_list":["post-1639","page","type-page","status-publish","hentry"],"_links":{"self":[{"href":"https:\/\/biblian.is\/biblian\/wp-json\/wp\/v2\/pages\/1639","targetHints":{"allow":["GET"]}}],"collection":[{"href":"https:\/\/biblian.is\/biblian\/wp-json\/wp\/v2\/pages"}],"about":[{"href":"https:\/\/biblian.is\/biblian\/wp-json\/wp\/v2\/types\/page"}],"author":[{"embeddable":true,"href":"https:\/\/biblian.is\/biblian\/wp-json\/wp\/v2\/users\/1"}],"replies":[{"embeddable":true,"href":"https:\/\/biblian.is\/biblian\/wp-json\/wp\/v2\/comments?post=1639"}],"version-history":[{"count":0,"href":"https:\/\/biblian.is\/biblian\/wp-json\/wp\/v2\/pages\/1639\/revisions"}],"wp:attachment":[{"href":"https:\/\/biblian.is\/biblian\/wp-json\/wp\/v2\/media?parent=1639"}],"curies":[{"name":"wp","href":"https:\/\/api.w.org\/{rel}","templated":true}]}}