{"id":1638,"date":"2017-12-30T20:59:50","date_gmt":"2017-12-30T20:59:50","guid":{"rendered":"http:\/\/biblian.is\/biblian\/fyrsta-m%c2%97seb%c2%97k-21-kafli\/"},"modified":"2022-12-16T13:42:51","modified_gmt":"2022-12-16T13:42:51","slug":"fyrsta-mosebok-21-kafli","status":"publish","type":"page","link":"https:\/\/biblian.is\/biblian\/fyrsta-mosebok-21-kafli\/","title":{"rendered":"Fyrsta M\u00f3seb\u00f3k 21. kafli"},"content":{"rendered":"<h3 class=\"millifyrirsogn_2007\">F\u00e6\u00f0ing \u00cdsaks<\/h3>\n<p><a name=\"1\"><\/a><span class=\"versanumer_2007\">1<\/span> Drottinn vitja\u00f0i S\u00f6ru eins og hann haf\u00f0i heiti\u00f0 henni og ger\u00f0i vi\u00f0 hana eins og hann haf\u00f0i lofa\u00f0. <a name=\"2\"><\/a><span class=\"versanumer_2007\">2<\/span> Sara var\u00f0 \u00feungu\u00f0 og f\u00e6ddi Abraham son \u00ed elli hans um \u00fe\u00e6r mundir sem Gu\u00f0 haf\u00f0i heiti\u00f0 honum. <a name=\"3\"><\/a><span class=\"versanumer_2007\">3<\/span> Abraham nefndi soninn, sem Sara \u00f3l honum, \u00cdsak. <a name=\"4\"><\/a><span class=\"versanumer_2007\">4<\/span> Og hann umskar \u00cdsak, son sinn, \u00e1 \u00e1ttunda degi eins og Gu\u00f0 haf\u00f0i bo\u00f0i\u00f0 honum. <a name=\"5\"><\/a><span class=\"versanumer_2007\">5<\/span> Abraham var hundra\u00f0 \u00e1ra \u00feegar honum f\u00e6ddist \u00cdsak, sonur hans. <a name=\"6\"><\/a><span class=\"versanumer_2007\">6<\/span> Og Sara sag\u00f0i: \u201eGu\u00f0 hefur gefi\u00f0 m\u00e9r hl\u00e1tursefni. Hver sem heyrir \u00feetta mun hl\u00e6ja me\u00f0 m\u00e9r.\u201c <a name=\"7\"><\/a><span class=\"versanumer_2007\">7<\/span> Og h\u00fan b\u00e6tti vi\u00f0: \u201eHver hef\u00f0i sagt vi\u00f0 Abraham: Sara mun hafa barn \u00e1 brj\u00f3sti. Samt hef \u00e9g f\u00e6tt honum son \u00ed elli hans.\u201c<\/p>\n<h3 class=\"millifyrirsogn_2007\">Hagar og \u00cdsmael<\/h3>\n<p><a name=\"8\"><\/a><span class=\"versanumer_2007\">8<\/span> Sveinninn dafna\u00f0i og var vaninn af brj\u00f3sti. \u00deann dag, er \u00cdsak var vaninn af brj\u00f3sti, ger\u00f0i Abraham veislu mikla. <a name=\"9\"><\/a><span class=\"versanumer_2007\">9<\/span> S\u00e1 \u00fe\u00e1 Sara son Hagar hinnar egypsku, sem h\u00fan haf\u00f0i f\u00e6tt Abraham, a\u00f0 leik <a name=\"10\"><\/a><span class=\"versanumer_2007\">10<\/span> og sag\u00f0i vi\u00f0 Abraham: \u201eRektu burt amb\u00e1tt \u00feessa og son hennar \u00fev\u00ed a\u00f0 ekki skal amb\u00e1ttarsonurinn taka arf me\u00f0 \u00cdsak, syni m\u00ednum.\u201c<br \/>\n<a name=\"11\"><\/a><span class=\"versanumer_2007\">11<\/span> Abraham f\u00e9llu \u00feessi or\u00f0 mj\u00f6g \u00feungt vegna sonar s\u00edns. <a name=\"12\"><\/a><span class=\"versanumer_2007\">12<\/span> En Gu\u00f0 sag\u00f0i vi\u00f0 Abraham:<br \/>\n\u201eL\u00e1t \u00fe\u00e9r ekki falla \u00feetta \u00feungt vegna sveinsins og amb\u00e1ttar \u00feinnar. \u00d6llu sem Sara segir skaltu hl\u00fd\u00f0nast \u00fev\u00ed a\u00f0 afkomendur \u00fe\u00ednir munu kenndir ver\u00f0a vi\u00f0 \u00cdsak. <a name=\"13\"><\/a><span class=\"versanumer_2007\">13<\/span> En amb\u00e1ttarsoninn mun \u00e9g einnig gera a\u00f0 \u00fej\u00f3\u00f0 \u00fev\u00ed a\u00f0 hann er afkv\u00e6mi \u00feitt.\u201c<br \/>\n<a name=\"14\"><\/a><span class=\"versanumer_2007\">14<\/span> Snemma n\u00e6sta morgun t\u00f3k Abraham brau\u00f0 og vatnsbelg og f\u00e9kk Hagar, lyfti drengnum \u00e1 \u00f6xl henni og sendi hana \u00e1 braut. Reika\u00f0i h\u00fan um ey\u00f0im\u00f6rkina vi\u00f0 Beerseba.<br \/>\n<a name=\"15\"><\/a><span class=\"versanumer_2007\">15<\/span> Er vatni\u00f0 \u00feraut \u00far skinnbelgnum lag\u00f0i h\u00fan drenginn undir runna einn, <a name=\"16\"><\/a><span class=\"versanumer_2007\">16<\/span> gekk \u00fea\u00f0an og settist skammt undan eins og \u00ed \u00f6rskots fjarl\u00e6g\u00f0 \u00fev\u00ed a\u00f0 h\u00fan hugsa\u00f0i: \u201e\u00c9g vil ekki horfa \u00e1 drenginn deyja.\u201c Og h\u00fan t\u00f3k a\u00f0 gr\u00e1ta h\u00e1st\u00f6fum.<br \/>\n<a name=\"17\"><\/a><span class=\"versanumer_2007\">17<\/span> \u00de\u00e1 heyr\u00f0i Gu\u00f0 gr\u00e1t sveinsins og engill Gu\u00f0s kalla\u00f0i til Hagar af himni og sag\u00f0i:<br \/>\n\u201eHva\u00f0 amar a\u00f0 \u00fe\u00e9r, Hagar? \u00d3ttast \u00fe\u00fa ekki \u00fev\u00ed a\u00f0 Gu\u00f0 hefur heyrt gr\u00e1t sveinsins \u00fear sem hann liggur. <a name=\"18\"><\/a><span class=\"versanumer_2007\">18<\/span> Stattu upp, reistu drenginn \u00e1 f\u00e6tur og leiddu hann \u00fe\u00e9r vi\u00f0 h\u00f6nd \u00fev\u00ed a\u00f0 \u00e9g mun gera hann a\u00f0 mikilli \u00fej\u00f3\u00f0.\u201c<br \/>\n<a name=\"19\"><\/a><span class=\"versanumer_2007\">19<\/span> Og Gu\u00f0 lauk upp augum hennar svo a\u00f0 h\u00fan s\u00e1 vatnslind, f\u00f3r og fyllti vatnsbelginn og gaf drengnum a\u00f0 drekka.<br \/>\n<a name=\"20\"><\/a><span class=\"versanumer_2007\">20<\/span> Gu\u00f0 var me\u00f0 sveininum og hann \u00f3x og settist a\u00f0 \u00ed \u00f3bygg\u00f0unum og ger\u00f0ist bogma\u00f0ur. <a name=\"21\"><\/a><span class=\"versanumer_2007\">21<\/span> Hann haf\u00f0ist vi\u00f0 \u00ed Paran\u00f3bygg\u00f0unum og m\u00f3\u00f0ir hans t\u00f3k handa honum konu fr\u00e1 Egyptalandi.<\/p>\n<h3 class=\"millifyrirsogn_2007\">S\u00e1ttm\u00e1li Abrahams og Ab\u00edmeleks<\/h3>\n<p><a name=\"22\"><\/a><span class=\"versanumer_2007\">22<\/span> Um \u00feetta leyti bar svo vi\u00f0 a\u00f0 Ab\u00edmelek og P\u00edkol, hersh\u00f6f\u00f0ingi hans, s\u00f6g\u00f0u vi\u00f0 Abraham:<br \/>\n\u201eGu\u00f0 er me\u00f0 \u00fe\u00e9r \u00ed \u00f6llu sem \u00fe\u00fa gerir. <a name=\"23\"><\/a><span class=\"versanumer_2007\">23<\/span> \u00dev\u00ed skaltu n\u00fa sverja m\u00e9r \u00feess ei\u00f0 vi\u00f0 Gu\u00f0 a\u00f0 \u00fe\u00fa munir hvorki n\u00ed\u00f0ast \u00e1 m\u00e9r n\u00e9 afkomendum m\u00ednum heldur munir \u00fe\u00fa breyta gagnvart m\u00e9r og landinu, \u00fear sem \u00fe\u00fa dvelst n\u00fa, af s\u00f6mu trygg\u00f0 og \u00e9g hef au\u00f0s\u00fdnt \u00fe\u00e9r.\u201c<br \/>\n<a name=\"24\"><\/a><span class=\"versanumer_2007\">24<\/span> Og Abraham m\u00e6lti: \u201e\u00c9g vinn ei\u00f0 a\u00f0 \u00fev\u00ed.\u201c<br \/>\n<a name=\"25\"><\/a><span class=\"versanumer_2007\">25<\/span> \u00de\u00e1 \u00e1taldi Abraham Ab\u00edmelek vegna vatnsbrunnsins sem \u00fer\u00e6lar Ab\u00edmeleks h\u00f6f\u00f0u teki\u00f0 me\u00f0 ofr\u00edki <a name=\"26\"><\/a><span class=\"versanumer_2007\">26<\/span> en Ab\u00edmelek svara\u00f0i: \u201eEkki veit \u00e9g hverjir hafa gert \u00feetta. Hvorki hefur \u00fe\u00fa sagt m\u00e9r fr\u00e1 \u00fev\u00ed n\u00e9 hef \u00e9g heyrt \u00feetta fyrr en \u00ed dag.\u201c <a name=\"27\"><\/a><span class=\"versanumer_2007\">27<\/span> T\u00f3k \u00fe\u00e1 Abraham sau\u00f0f\u00e9 og naut og gaf Ab\u00edmelek og ger\u00f0u \u00feeir tveir s\u00e1ttm\u00e1la. <a name=\"28\"><\/a><span class=\"versanumer_2007\">28<\/span> \u00de\u00e1 t\u00f3k Abraham sj\u00f6 l\u00f6mb og l\u00e9t \u00feau til hli\u00f0ar. <a name=\"29\"><\/a><span class=\"versanumer_2007\">29<\/span> Spur\u00f0i \u00fe\u00e1 Ab\u00edmelek Abraham: \u201eTil hvers eru \u00feessi sj\u00f6 l\u00f6mb sem \u00fe\u00fa hefur l\u00e1ti\u00f0 til hli\u00f0ar?\u201c <a name=\"30\"><\/a><span class=\"versanumer_2007\">30<\/span> Og hann svara\u00f0i: \u201e\u00de\u00fa skalt taka vi\u00f0 \u00feessum sj\u00f6 l\u00f6mbum \u00far hendi minni og \u00fea\u00f0 s\u00e9 m\u00e9r vitni \u00feess a\u00f0 \u00e9g gr\u00f3f \u00feennan brunn.\u201c<br \/>\n<a name=\"31\"><\/a><span class=\"versanumer_2007\">31<\/span> Af \u00feessum s\u00f6kum heitir s\u00e1 sta\u00f0ur Beerseba af \u00fev\u00ed a\u00f0 \u00feeir s\u00f3ru \u00fear b\u00e1\u00f0ir.<br \/>\n<a name=\"32\"><\/a><span class=\"versanumer_2007\">32<\/span> \u00deeir ger\u00f0u s\u00e1ttm\u00e1la \u00ed Beerseba og t\u00f3k Ab\u00edmelek sig upp \u00e1samt P\u00edk\u00f3l, hersh\u00f6f\u00f0ingja s\u00ednum, og sneru \u00feeir aftur til lands Filistea. <a name=\"33\"><\/a><span class=\"versanumer_2007\">33<\/span> En Abraham gr\u00f3\u00f0ursetti tamarisk-runn \u00ed Beerseba og \u00fear \u00e1kalla\u00f0i hann nafn Drottins, Hins eil\u00edfa Gu\u00f0s. <a name=\"34\"><\/a><span class=\"versanumer_2007\">34<\/span> Dvaldist Abraham lengi \u00ed landi Filistea sem a\u00f0komuma\u00f0ur.<\/p>\n","protected":false},"excerpt":{"rendered":"<p>F\u00e6\u00f0ing \u00cdsaks 1 Drottinn vitja\u00f0i S\u00f6ru eins og hann haf\u00f0i heiti\u00f0 henni og ger\u00f0i vi\u00f0 hana eins og hann haf\u00f0i lofa\u00f0. 2 Sara var\u00f0 \u00feungu\u00f0 og f\u00e6ddi Abraham son \u00ed elli hans um \u00fe\u00e6r mundir sem Gu\u00f0 haf\u00f0i heiti\u00f0 honum. 3 Abraham nefndi soninn, sem Sara \u00f3l honum, \u00cdsak. 4 Og hann umskar \u00cdsak, son sinn, \u00e1 \u00e1ttunda degi eins og Gu\u00f0 haf\u00f0i bo\u00f0i\u00f0 honum. 5 Abraham var hundra\u00f0 \u00e1ra \u00feegar honum f\u00e6ddist \u00cdsak, sonur hans. 6 Og Sara sag\u00f0i: \u201eGu\u00f0 hefur gefi\u00f0 m\u00e9r hl\u00e1tursefni. Hver sem heyrir \u00feetta mun hl\u00e6ja me\u00f0 m\u00e9r.\u201c 7 Og h\u00fan b\u00e6tti vi\u00f0: \u201eHver hef\u00f0i <a href=\"https:\/\/biblian.is\/biblian\/fyrsta-mosebok-21-kafli\/\"> [&#8230;]<\/a><\/p>\n","protected":false},"author":1,"featured_media":0,"parent":0,"menu_order":0,"comment_status":"open","ping_status":"open","template":"bibliukaflar_NT.php","meta":{"footnotes":""},"class_list":["post-1638","page","type-page","status-publish","hentry"],"_links":{"self":[{"href":"https:\/\/biblian.is\/biblian\/wp-json\/wp\/v2\/pages\/1638","targetHints":{"allow":["GET"]}}],"collection":[{"href":"https:\/\/biblian.is\/biblian\/wp-json\/wp\/v2\/pages"}],"about":[{"href":"https:\/\/biblian.is\/biblian\/wp-json\/wp\/v2\/types\/page"}],"author":[{"embeddable":true,"href":"https:\/\/biblian.is\/biblian\/wp-json\/wp\/v2\/users\/1"}],"replies":[{"embeddable":true,"href":"https:\/\/biblian.is\/biblian\/wp-json\/wp\/v2\/comments?post=1638"}],"version-history":[{"count":0,"href":"https:\/\/biblian.is\/biblian\/wp-json\/wp\/v2\/pages\/1638\/revisions"}],"wp:attachment":[{"href":"https:\/\/biblian.is\/biblian\/wp-json\/wp\/v2\/media?parent=1638"}],"curies":[{"name":"wp","href":"https:\/\/api.w.org\/{rel}","templated":true}]}}