{"id":1636,"date":"2017-12-30T20:59:45","date_gmt":"2017-12-30T20:59:45","guid":{"rendered":"http:\/\/biblian.is\/biblian\/fyrsta-m%c2%97seb%c2%97k-19-kafli\/"},"modified":"2022-12-16T13:42:50","modified_gmt":"2022-12-16T13:42:50","slug":"fyrsta-mosebok-19-kafli","status":"publish","type":"page","link":"https:\/\/biblian.is\/biblian\/fyrsta-mosebok-19-kafli\/","title":{"rendered":"Fyrsta M\u00f3seb\u00f3k 19. kafli"},"content":{"rendered":"<h3 class=\"millifyrirsogn_2007\">Ey\u00f0ing S\u00f3d\u00f3mu og G\u00f3morru<\/h3>\n<p><a name=\"1\"><\/a><span class=\"versanumer_2007\">1<\/span> Englarnir tveir komu til S\u00f3d\u00f3mu um kv\u00f6ldi\u00f0 og sat \u00fe\u00e1 Lot \u00ed borgarhli\u00f0inu. Og er hann s\u00e1 \u00fe\u00e1 st\u00f3\u00f0 hann upp til \u00feess a\u00f0 heilsa \u00feeim og hneig\u00f0i \u00e1sj\u00f3nu s\u00edna til jar\u00f0ar <a name=\"2\"><\/a><span class=\"versanumer_2007\">2<\/span> og sag\u00f0i: \u201eS\u00fdni\u00f0 \u00fea\u00f0 l\u00edtill\u00e6ti, herrar m\u00ednir, a\u00f0 koma inn \u00ed h\u00fas \u00fej\u00f3ns ykkar og \u00feiggja n\u00e6turgistingu og \u00fevo f\u00e6tur ykkar. \u00de\u00e1 geti\u00f0 \u00fei\u00f0 risi\u00f0 \u00e1rla \u00e1 morgun og haldi\u00f0 fer\u00f0 ykkar \u00e1fram.\u201c<br \/>\nEn \u00feeir sv\u00f6ru\u00f0u: \u201eNei, vi\u00f0 \u00e6tlum a\u00f0 sofa \u00e1 torginu.\u201c<br \/>\n<a name=\"3\"><\/a><span class=\"versanumer_2007\">3<\/span> En Lot lag\u00f0i svo hart a\u00f0 \u00feeim a\u00f0 \u00feeir l\u00e9tu til lei\u00f0ast a\u00f0 ganga inn \u00ed h\u00fas hans. Bj\u00f3 hann \u00feeim m\u00e1lt\u00ed\u00f0 og baka\u00f0i \u00f3s\u00fdrt brau\u00f0 og \u00feeir neyttu.<br \/>\n<a name=\"4\"><\/a><span class=\"versanumer_2007\">4<\/span> \u00deeir h\u00f6f\u00f0u ekki enn gengi\u00f0 til hv\u00edldar \u00feegar borgarmenn, menn S\u00f3d\u00f3mu, sl\u00f3gu hring um h\u00fasi\u00f0, b\u00e6\u00f0i ungir og gamlir, allur m\u00fagurinn til s\u00ed\u00f0asta manns, <a name=\"5\"><\/a><span class=\"versanumer_2007\">5<\/span> og k\u00f6llu\u00f0u til Lots:<br \/>\n\u201eHvar eru mennirnir sem komu til \u00fe\u00edn \u00ed kv\u00f6ld? Leiddu \u00fe\u00e1 \u00fat til okkar a\u00f0 vi\u00f0 megum kenna \u00feeirra.\u201c<br \/>\n<a name=\"6\"><\/a><span class=\"versanumer_2007\">6<\/span> Lot gekk \u00fat um dyrnar til \u00feeirra, loka\u00f0i \u00e1 eftir s\u00e9r <a name=\"7\"><\/a><span class=\"versanumer_2007\">7<\/span> og sag\u00f0i: \u201eBr\u00e6\u00f0ur m\u00ednir, fremji\u00f0 ekki \u00f3h\u00e6fu. <a name=\"8\"><\/a><span class=\"versanumer_2007\">8<\/span> Sj\u00e1i\u00f0 til, \u00e9g \u00e1 tv\u00e6r d\u00e6tur sem ekki hafa karlmanns kennt. \u00c9g skal lei\u00f0a \u00fe\u00e6r \u00fat til ykkar og \u00fei\u00f0 geti\u00f0 gert vi\u00f0 \u00fe\u00e6r sem ykkur lystir. A\u00f0eins a\u00f0 \u00fei\u00f0 geri\u00f0 ekkert m\u00f6nnum \u00feessum \u00fev\u00ed a\u00f0 \u00feeir eru komnir undir skugga \u00feaks m\u00edns.\u201c<br \/>\n<a name=\"9\"><\/a><span class=\"versanumer_2007\">9<\/span> \u00deeir \u00e6ptu: \u201eBurt me\u00f0 \u00feig!\u201c og s\u00f6g\u00f0u: \u201e\u00deessi n\u00e1ungi er hinga\u00f0 kominn sem \u00fatlendingur og n\u00fa \u00e6tlar hann a\u00f0 setjast \u00ed d\u00f3maras\u00e6ti yfir okkur. Vi\u00f0 munum fara verr me\u00f0 \u00feig en \u00fe\u00e1.\u201c<br \/>\nOg \u00feeir ger\u00f0u a\u00f0s\u00fag a\u00f0 Lot og voru a\u00f0 \u00fev\u00ed komnir a\u00f0 brj\u00f3ta upp hur\u00f0ina. <a name=\"10\"><\/a><span class=\"versanumer_2007\">10<\/span> \u00de\u00e1 seildust mennirnir \u00fat og kipptu Lot inn fyrir og l\u00e6stu dyrunum. <a name=\"11\"><\/a><span class=\"versanumer_2007\">11<\/span> En \u00fe\u00e1 sem \u00fati st\u00f3\u00f0u sl\u00f3gu \u00feeir blindu, b\u00e6\u00f0i st\u00f3ra og sm\u00e1a, og g\u00e1fust \u00feeir upp vi\u00f0 a\u00f0 finna dyrnar.<br \/>\n<a name=\"12\"><\/a><span class=\"versanumer_2007\">12<\/span> Mennirnir spur\u00f0u Lot: \u201eHverja a\u00f0ra \u00e1tt \u00fe\u00fa \u00fe\u00e9r n\u00e1komna h\u00e9r? Tengdasyni, syni, d\u00e6tur e\u00f0a a\u00f0ra sem \u00fe\u00fa \u00e1tt a\u00f0 \u00ed borginni skaltu hafa \u00e1 burt h\u00e9\u00f0an. <a name=\"13\"><\/a><span class=\"versanumer_2007\">13<\/span> Vi\u00f0 munum tort\u00edma \u00feessum sta\u00f0 vegna \u00feess a\u00f0 ney\u00f0ar\u00f3p f\u00f3lks, sem borist hafa til Drottins, eru svo mikil a\u00f0 hann sendi okkur til \u00feess a\u00f0 tort\u00edma borginni.\u201c<br \/>\n<a name=\"14\"><\/a><span class=\"versanumer_2007\">14<\/span> \u00de\u00e1 f\u00f3r Lot \u00fat og tala\u00f0i vi\u00f0 tengdasyni s\u00edna sem \u00e6tlu\u00f0u a\u00f0 eiga d\u00e6tur hans og m\u00e6lti:<br \/>\n\u201eTaki\u00f0 ykkur upp og fari\u00f0 \u00far \u00feessum sta\u00f0. Drottinn hefur ofurselt borgina tort\u00edmingu.\u201c<br \/>\nEn tengdasynirnir h\u00e9ldu a\u00f0 hann v\u00e6ri a\u00f0 gera a\u00f0 gamni s\u00ednu.<br \/>\n<a name=\"15\"><\/a><span class=\"versanumer_2007\">15<\/span> \u00deegar daga\u00f0i r\u00e1ku englarnir \u00e1 eftir Lot og s\u00f6g\u00f0u: \u201eTaktu \u00feig upp og haf\u00f0u konu \u00fe\u00edna og d\u00e6tur \u00fe\u00ednar tv\u00e6r, sem hj\u00e1 \u00fe\u00e9r eru, me\u00f0 \u00fe\u00e9r, a\u00f0 \u00fe\u00e6r tort\u00edmist ekki vegna syndar borgarinnar.\u201c<br \/>\n<a name=\"16\"><\/a><span class=\"versanumer_2007\">16<\/span> En Lot f\u00f3r h\u00e6gt a\u00f0 \u00f6llu svo a\u00f0 mennirnir t\u00f3ku \u00ed h\u00f6nd honum og \u00ed h\u00f6nd konu hans og d\u00e6tranna beggja, fyrir miskunn Drottins vi\u00f0 \u00feau, og leiddu \u00feau \u00ed \u00f6ruggt skj\u00f3l utan borgar.<br \/>\n<a name=\"17\"><\/a><span class=\"versanumer_2007\">17<\/span> \u00deegar \u00feeir h\u00f6f\u00f0u leitt \u00feau \u00fat s\u00f6g\u00f0u \u00feeir: \u201eFor\u00f0i\u00f0 ykkur. L\u00edf ykkar liggur vi\u00f0. L\u00edti\u00f0 ekki um \u00f6xl, nemi\u00f0 hvergi sta\u00f0ar \u00e1 sl\u00e9ttunni, fl\u00fdi\u00f0 til fjalla svo a\u00f0 \u00fei\u00f0 tort\u00edmist ekki.\u201c<br \/>\n<a name=\"18\"><\/a><span class=\"versanumer_2007\">18<\/span> En Lot sag\u00f0i vi\u00f0 \u00fe\u00e1: \u201eNei, herra minn. <a name=\"19\"><\/a><span class=\"versanumer_2007\">19<\/span> \u00dej\u00f3nn \u00feinn hefur fundi\u00f0 n\u00e1\u00f0 fyrir augum \u00fe\u00ednum og \u00fe\u00fa hefur s\u00fdnt m\u00e9r mikla miskunnsemi a\u00f0 l\u00e1ta mig halda l\u00edfi en \u00e9g get ekki fl\u00fai\u00f0 til fjalla. \u00dear mun \u00f3g\u00e6fa koma yfir mig og \u00e9g mun deyja. <a name=\"20\"><\/a><span class=\"versanumer_2007\">20<\/span> Sj\u00e1i\u00f0, \u00fearna er l\u00edti\u00f0 \u00feorp r\u00e9tt hj\u00e1 okkur a\u00f0 fl\u00fdja til. \u00dea\u00f0 er svo l\u00edti\u00f0. Fl\u00fdjum \u00feanga\u00f0. Er \u00fea\u00f0 ekki l\u00edti\u00f0? \u00dear get \u00e9g haldi\u00f0 l\u00edfi.\u201c<br \/>\n<a name=\"21\"><\/a><span class=\"versanumer_2007\">21<\/span> Engillinn svara\u00f0i: \u201e\u00deessa b\u00e6n mun \u00e9g einnig veita \u00fe\u00e9r. \u00c9g mun ekki ey\u00f0a \u00feorpinu sem \u00fe\u00fa tala\u00f0ir um. <a name=\"22\"><\/a><span class=\"versanumer_2007\">22<\/span> Fl\u00fdttu \u00fe\u00e9r. For\u00f0a\u00f0u \u00fe\u00e9r. \u00c9g get ekkert a\u00f0hafst fyrr en \u00fe\u00fa ert kominn \u00feanga\u00f0.\u201c<br \/>\nVegna \u00feessa nefna menn borgina S\u00f3ar. <a name=\"23\"><\/a><span class=\"versanumer_2007\">23<\/span> S\u00f3lin var risin \u00feegar Lot kom til S\u00f3ar. <a name=\"24\"><\/a><span class=\"versanumer_2007\">24<\/span> \u00de\u00e1 l\u00e9t Drottinn rigna yfir S\u00f3d\u00f3mu og G\u00f3morru eldi og brennisteini fr\u00e1 Drottni af himni. <a name=\"25\"><\/a><span class=\"versanumer_2007\">25<\/span> Eyddi hann borgirnar og allt sl\u00e9ttlendi\u00f0, \u00e1samt \u00feeim sem bjuggu \u00ed borgunum, og gr\u00f3\u00f0ur jar\u00f0ar. <a name=\"26\"><\/a><span class=\"versanumer_2007\">26<\/span> En kona Lots leit um \u00f6xl og var\u00f0 a\u00f0 saltst\u00f3lpa.<br \/>\n<a name=\"27\"><\/a><span class=\"versanumer_2007\">27<\/span> Snemma morguns var\u00f0 Abraham gengi\u00f0 \u00feanga\u00f0 sem hann haf\u00f0i sta\u00f0i\u00f0 frammi fyrir Drottni <a name=\"28\"><\/a><span class=\"versanumer_2007\">28<\/span> og hann horf\u00f0i \u00ed \u00e1tt til S\u00f3d\u00f3mu og G\u00f3morru og yfir allt sl\u00e9ttlendi\u00f0. S\u00e1 hann \u00fe\u00e1 hvar reykur steig upp af j\u00f6r\u00f0inni, l\u00edkt og reykur \u00far br\u00e6\u00f0sluofni.<br \/>\n<a name=\"29\"><\/a><span class=\"versanumer_2007\">29<\/span> Gu\u00f0 minntist Abrahams er hann eyddi borgirnar \u00e1 sl\u00e9ttlendinu og hann leiddi Lot \u00far ey\u00f0ingunni \u00feegar hann eyddi borgirnar sem Lot haf\u00f0i b\u00fai\u00f0 \u00ed.<\/p>\n<h3 class=\"millifyrirsogn_2007\">D\u00e6tur Lots<\/h3>\n<p><a name=\"30\"><\/a><span class=\"versanumer_2007\">30<\/span> Lot f\u00f3r fr\u00e1 S\u00f3ar upp \u00ed fj\u00f6llin og settist \u00fear a\u00f0 \u00e1samt d\u00e6trum s\u00ednum tveimur \u00fev\u00ed a\u00f0 hann \u00f3tta\u00f0ist a\u00f0 vera \u00ed S\u00f3ar. Hann settist a\u00f0 \u00ed helli einum \u00e1samt b\u00e1\u00f0um d\u00e6trum s\u00ednum.<br \/>\n<a name=\"31\"><\/a><span class=\"versanumer_2007\">31<\/span> \u00de\u00e1 sag\u00f0i s\u00fa eldri vi\u00f0 \u00fe\u00e1 yngri: \u201eFa\u00f0ir okkar er gamall or\u00f0inn og enginn karlma\u00f0ur er eftir \u00e1 j\u00f6r\u00f0inni sem getur haft samfarir vi\u00f0 okkur eins og si\u00f0ur er \u00ed \u00f6llum heimi. <a name=\"32\"><\/a><span class=\"versanumer_2007\">32<\/span> Komdu n\u00fa, vi\u00f0 skulum gefa f\u00f6\u00f0ur okkar v\u00edn a\u00f0 drekka og leggjumst s\u00ed\u00f0an hj\u00e1 honum. \u00de\u00e1 munum vi\u00f0 kveikja kyn af f\u00f6\u00f0ur okkar.\u201c<br \/>\n<a name=\"33\"><\/a><span class=\"versanumer_2007\">33<\/span> Um kv\u00f6ldi\u00f0 g\u00e1fu \u00fe\u00e6r f\u00f6\u00f0ur s\u00ednum v\u00edn a\u00f0 drekka og hin eldri lag\u00f0ist hj\u00e1 honum. En hann var\u00f0 hvorki var vi\u00f0 er h\u00fan lag\u00f0ist n\u00e9 a\u00f0 h\u00fan st\u00f3\u00f0 upp.<br \/>\n<a name=\"34\"><\/a><span class=\"versanumer_2007\">34<\/span> Um morguninn sag\u00f0i s\u00fa eldri vi\u00f0 \u00fe\u00e1 yngri: \u201e\u00c9g svaf hj\u00e1 f\u00f6\u00f0ur m\u00ednum \u00ed n\u00f3tt. Gefum honum aftur v\u00edn a\u00f0 drekka \u00ed kv\u00f6ld og far\u00f0u og leggstu me\u00f0 honum, og munum vi\u00f0 \u00fe\u00e1 geta barn me\u00f0 f\u00f6\u00f0ur okkar.\u201c<br \/>\n<a name=\"35\"><\/a><span class=\"versanumer_2007\">35<\/span> Einnig \u00fe\u00e1 n\u00f3tt g\u00e1fu \u00fe\u00e6r f\u00f6\u00f0ur s\u00ednum v\u00edn a\u00f0 drekka og s\u00fa yngri t\u00f3k sig til og lag\u00f0ist hj\u00e1 honum og hann var\u00f0 hvorki var vi\u00f0 er h\u00fan lag\u00f0ist n\u00e9 a\u00f0 h\u00fan st\u00f3\u00f0 upp.<br \/>\n<a name=\"36\"><\/a><span class=\"versanumer_2007\">36<\/span> \u00deannig ur\u00f0u b\u00e1\u00f0ar d\u00e6tur Lots \u00feunga\u00f0ar af v\u00f6ldum f\u00f6\u00f0ur s\u00edns. <a name=\"37\"><\/a><span class=\"versanumer_2007\">37<\/span> S\u00fa eldri \u00f3l son og nefndi hann M\u00f3ab. Hann var\u00f0 fa\u00f0ir M\u00f3ab\u00edta sem enn kallast svo. <a name=\"38\"><\/a><span class=\"versanumer_2007\">38<\/span> S\u00fa yngri f\u00e6ddi einnig son og nefndi hann Ben-Amm\u00ed. Hann er \u00e6ttfa\u00f0ir Amm\u00f3n\u00edta sem enn kallast svo.<\/p>\n","protected":false},"excerpt":{"rendered":"<p>Ey\u00f0ing S\u00f3d\u00f3mu og G\u00f3morru 1 Englarnir tveir komu til S\u00f3d\u00f3mu um kv\u00f6ldi\u00f0 og sat \u00fe\u00e1 Lot \u00ed borgarhli\u00f0inu. Og er hann s\u00e1 \u00fe\u00e1 st\u00f3\u00f0 hann upp til \u00feess a\u00f0 heilsa \u00feeim og hneig\u00f0i \u00e1sj\u00f3nu s\u00edna til jar\u00f0ar 2 og sag\u00f0i: \u201eS\u00fdni\u00f0 \u00fea\u00f0 l\u00edtill\u00e6ti, herrar m\u00ednir, a\u00f0 koma inn \u00ed h\u00fas \u00fej\u00f3ns ykkar og \u00feiggja n\u00e6turgistingu og \u00fevo f\u00e6tur ykkar. \u00de\u00e1 geti\u00f0 \u00fei\u00f0 risi\u00f0 \u00e1rla \u00e1 morgun og haldi\u00f0 fer\u00f0 ykkar \u00e1fram.\u201c En \u00feeir sv\u00f6ru\u00f0u: \u201eNei, vi\u00f0 \u00e6tlum a\u00f0 sofa \u00e1 torginu.\u201c 3 En Lot lag\u00f0i svo hart a\u00f0 \u00feeim a\u00f0 \u00feeir l\u00e9tu til lei\u00f0ast a\u00f0 ganga inn \u00ed h\u00fas hans. <a href=\"https:\/\/biblian.is\/biblian\/fyrsta-mosebok-19-kafli\/\"> [&#8230;]<\/a><\/p>\n","protected":false},"author":1,"featured_media":0,"parent":0,"menu_order":0,"comment_status":"open","ping_status":"open","template":"bibliukaflar_NT.php","meta":{"footnotes":""},"class_list":["post-1636","page","type-page","status-publish","hentry"],"_links":{"self":[{"href":"https:\/\/biblian.is\/biblian\/wp-json\/wp\/v2\/pages\/1636","targetHints":{"allow":["GET"]}}],"collection":[{"href":"https:\/\/biblian.is\/biblian\/wp-json\/wp\/v2\/pages"}],"about":[{"href":"https:\/\/biblian.is\/biblian\/wp-json\/wp\/v2\/types\/page"}],"author":[{"embeddable":true,"href":"https:\/\/biblian.is\/biblian\/wp-json\/wp\/v2\/users\/1"}],"replies":[{"embeddable":true,"href":"https:\/\/biblian.is\/biblian\/wp-json\/wp\/v2\/comments?post=1636"}],"version-history":[{"count":0,"href":"https:\/\/biblian.is\/biblian\/wp-json\/wp\/v2\/pages\/1636\/revisions"}],"wp:attachment":[{"href":"https:\/\/biblian.is\/biblian\/wp-json\/wp\/v2\/media?parent=1636"}],"curies":[{"name":"wp","href":"https:\/\/api.w.org\/{rel}","templated":true}]}}