{"id":1635,"date":"2017-12-30T20:59:45","date_gmt":"2017-12-30T20:59:45","guid":{"rendered":"http:\/\/biblian.is\/biblian\/fyrsta-m%c2%97seb%c2%97k-18-kafli\/"},"modified":"2022-12-16T13:42:49","modified_gmt":"2022-12-16T13:42:49","slug":"fyrsta-mosebok-18-kafli","status":"publish","type":"page","link":"https:\/\/biblian.is\/biblian\/fyrsta-mosebok-18-kafli\/","title":{"rendered":"Fyrsta M\u00f3seb\u00f3k 18. kafli"},"content":{"rendered":"<h3 class=\"millifyrirsogn_2007\">Englar vitja Abrahams<\/h3>\n<p><a name=\"1\"><\/a><span class=\"versanumer_2007\">1<\/span> Abraham sat \u00ed tjalddyrum s\u00ednum \u00ed mi\u00f0degishitanum \u00ed Mamrelundi er Drottinn birtist honum. <a name=\"2\"><\/a><span class=\"versanumer_2007\">2<\/span> Honum var\u00f0 liti\u00f0 upp og st\u00f3\u00f0u \u00fe\u00e1 \u00fer\u00edr menn frammi fyrir honum. Er hann s\u00e1 \u00fe\u00e1 hlj\u00f3p hann til m\u00f3ts vi\u00f0 \u00fe\u00e1 \u00far tjalddyrunum, laut til jar\u00f0ar <a name=\"3\"><\/a><span class=\"versanumer_2007\">3<\/span> og m\u00e6lti:<br \/>\n\u201eHerra minn, hafi \u00e9g fundi\u00f0 n\u00e1\u00f0 fyrir augum \u00fe\u00ednum \u00fe\u00e1 gakk ekki fram hj\u00e1 \u00fej\u00f3ni \u00fe\u00ednum. <a name=\"4\"><\/a><span class=\"versanumer_2007\">4<\/span> M\u00e6ttum vi\u00f0 s\u00e6kja svol\u00edti\u00f0 vatn a\u00f0 \u00fei\u00f0 geti\u00f0 \u00fevegi\u00f0 f\u00e6tur ykkar og hv\u00edlst undir tr\u00e9nu? <a name=\"5\"><\/a><span class=\"versanumer_2007\">5<\/span> \u00c9g \u00e6tla a\u00f0 n\u00e1 \u00ed matarbita svo a\u00f0 \u00fei\u00f0 geti\u00f0 styrkt ykkur \u00e1\u00f0ur en \u00fei\u00f0 haldi\u00f0 lengra \u00far \u00fev\u00ed a\u00f0 \u00fei\u00f0 f\u00f3ru\u00f0 um hj\u00e1 \u00fej\u00f3ni ykkar.\u201c<br \/>\n\u00deeir sv\u00f6ru\u00f0u: \u201eGott og vel, ger\u00f0u eins og \u00fe\u00fa hefur sagt.\u201c<br \/>\n<a name=\"6\"><\/a><span class=\"versanumer_2007\">6<\/span> Abraham fl\u00fdtti s\u00e9r inn \u00ed tjaldi\u00f0 til S\u00f6ru og sag\u00f0i: \u201eS\u00e6ktu n\u00fa sem skj\u00f3tast \u00ferj\u00e1 m\u00e6la af f\u00ednu mj\u00f6li. Hno\u00f0a\u00f0u \u00fea\u00f0 og baka\u00f0u flatk\u00f6kur.\u201c<br \/>\n<a name=\"7\"><\/a><span class=\"versanumer_2007\">7<\/span> Hann hlj\u00f3p til nautanna og t\u00f3k ungan og v\u00e6nan k\u00e1lf og f\u00e9kk vikapiltinum sem matbj\u00f3 hann \u00ed skyndi. <a name=\"8\"><\/a><span class=\"versanumer_2007\">8<\/span> Hann t\u00f3k skyr og mj\u00f3lk og k\u00e1lfinn sem var matb\u00fainn og setti fyrir gestina. \u00deeir t\u00f3ku til matar s\u00edns en sj\u00e1lfur st\u00f3\u00f0 hann undir tr\u00e9nu andsp\u00e6nis \u00feeim.<br \/>\n<a name=\"9\"><\/a><span class=\"versanumer_2007\">9<\/span> \u00deeir s\u00f6g\u00f0u vi\u00f0 hann: \u201eHvar er Sara, kona \u00fe\u00edn?\u201c<br \/>\nAbraham svara\u00f0i: \u201eH\u00fan er inni \u00ed tjaldi.\u201c<br \/>\n<a name=\"10\"><\/a><span class=\"versanumer_2007\">10<\/span> Einn \u00feeirra sag\u00f0i: \u201e\u00dea\u00f0 mun ekki breg\u00f0ast a\u00f0 \u00e9g kem til \u00fe\u00edn um sama leyti a\u00f0 \u00e1ri og mun \u00fe\u00e1 Sara kona \u00fe\u00edn hafa eignast son.\u201c<br \/>\n\u00deetta heyr\u00f0i Sara sem st\u00f3\u00f0 \u00ed tjalddyrunum a\u00f0 baki hans. <a name=\"11\"><\/a><span class=\"versanumer_2007\">11<\/span> Abraham og Sara voru or\u00f0in g\u00f6mul og komin til \u00e1ra sinna og kvenlegir e\u00f0lish\u00e6ttir horfnir S\u00f6ru. <a name=\"12\"><\/a><span class=\"versanumer_2007\">12<\/span> H\u00fan hl\u00f3 me\u00f0 sj\u00e1lfri s\u00e9r og hugsa\u00f0i: \u201eSkyldi \u00e9g nj\u00f3ta \u00e1sta sem or\u00f0in er \u00fatslitin og b\u00f3ndi minn gamall?\u201c<br \/>\n<a name=\"13\"><\/a><span class=\"versanumer_2007\">13<\/span> Drottinn sag\u00f0i vi\u00f0 Abraham: \u201eHv\u00ed hl\u00f3 Sara og spur\u00f0i: Hvernig m\u00e1 \u00fea\u00f0 vera a\u00f0 \u00e9g ali barn svo g\u00f6mul? <a name=\"14\"><\/a><span class=\"versanumer_2007\">14<\/span> Er Drottni nokku\u00f0 \u00f3m\u00e1ttugt? \u00c9g mun koma til \u00fe\u00edn aftur \u00e1 sama misseri a\u00f0 \u00e1ri og Sara hefur \u00fe\u00e1 eignast son.\u201c<br \/>\n<a name=\"15\"><\/a><span class=\"versanumer_2007\">15<\/span> \u201e\u00c9g hl\u00f3 ekki,\u201c skr\u00f6kva\u00f0i Sara \u00fev\u00ed a\u00f0 h\u00fan var hr\u00e6dd.<br \/>\nDrottinn m\u00e6lti: \u201eV\u00edst hl\u00f3stu.\u201c<\/p>\n<h3 class=\"millifyrirsogn_2007\">Abraham bi\u00f0ur fyrir S\u00f3d\u00f3mu<\/h3>\n<p><a name=\"16\"><\/a><span class=\"versanumer_2007\">16<\/span> Mennirnir t\u00f3ku sig n\u00fa upp \u00fea\u00f0an og horf\u00f0u \u00ed \u00e1tt til S\u00f3d\u00f3mu. Abraham \u00e6tla\u00f0i a\u00f0 fylgja \u00feeim \u00e1lei\u00f0is.<br \/>\n<a name=\"17\"><\/a><span class=\"versanumer_2007\">17<\/span> \u00de\u00e1 m\u00e6lti Drottinn: \u201eHv\u00ed \u00e6tti \u00e9g a\u00f0 dylja Abraham \u00feess sem \u00e9g hef \u00ed hyggju <a name=\"18\"><\/a><span class=\"versanumer_2007\">18<\/span> \u00fear sem hann mun ver\u00f0a a\u00f0 mikilli og voldugri \u00fej\u00f3\u00f0 og allir l\u00fd\u00f0ir heims munu af honum blessun hlj\u00f3ta? <a name=\"19\"><\/a><span class=\"versanumer_2007\">19<\/span> \u00c9g hef kj\u00f6ri\u00f0 hann til \u00feess a\u00f0 bj\u00f3\u00f0a b\u00f6rnum s\u00ednum og ni\u00f0jum eftir sig a\u00f0 gefa g\u00e6tur a\u00f0 vegi Drottins og i\u00f0ka r\u00e9tt og r\u00e9ttl\u00e6ti. Mun \u00fe\u00e1 Drottinn l\u00e1ta koma fram vi\u00f0 Abraham \u00fea\u00f0 sem hann hefur heiti\u00f0 honum.\u201c<br \/>\n<a name=\"20\"><\/a><span class=\"versanumer_2007\">20<\/span> Drottinn sag\u00f0i: \u201eNey\u00f0ar\u00f3pin fr\u00e1 S\u00f3d\u00f3mu og G\u00f3morru eru mikil og synd \u00feeirra mj\u00f6g \u00feung. <a name=\"21\"><\/a><span class=\"versanumer_2007\">21<\/span> \u00c9g \u00e6tla a\u00f0 st\u00edga ni\u00f0ur og g\u00e6ta a\u00f0 hvort \u00feeir hafa a\u00f0hafst allt sem ney\u00f0ar\u00f3pin, sem borist hafa til m\u00edn, benda til. Ef ekki vil \u00e9g vita \u00fea\u00f0.\u201c<br \/>\n<a name=\"22\"><\/a><span class=\"versanumer_2007\">22<\/span> Mennirnir sneru n\u00fa \u00fea\u00f0an og h\u00e9ldu til S\u00f3d\u00f3mu en Abraham st\u00f3\u00f0 enn frammi fyrir Drottni. <a name=\"23\"><\/a><span class=\"versanumer_2007\">23<\/span> Hann gekk fram og m\u00e6lti: \u201e\u00c6tlar\u00f0u a\u00f0 tort\u00edma hinum r\u00e9ttl\u00e1ta me\u00f0 hinum \u00f3gu\u00f0lega? <a name=\"24\"><\/a><span class=\"versanumer_2007\">24<\/span> Vera m\u00e1 a\u00f0 fimmt\u00edu r\u00e9ttl\u00e1tir s\u00e9u \u00ed borginni. \u00c6tlar\u00f0u \u00fe\u00e1 a\u00f0 tort\u00edma \u00feeim og \u00feyrma ekki borginni vegna hinna fimmt\u00edu r\u00e9ttl\u00e1tu sem \u00fear eru? <a name=\"25\"><\/a><span class=\"versanumer_2007\">25<\/span> Fjarri \u00fe\u00e9r s\u00e9 a\u00f0 gera sl\u00edkt, a\u00f0 dey\u00f0a hinn r\u00e9ttl\u00e1ta me\u00f0 hinum gu\u00f0lausa. Fer \u00fe\u00e1 hinum r\u00e9ttl\u00e1ta eins og hinum gu\u00f0lausa. Fjarri s\u00e9 \u00fea\u00f0 \u00fe\u00e9r. Mun d\u00f3mari allrar jar\u00f0arinnar ekki gera r\u00e9tt?\u201c<br \/>\n<a name=\"26\"><\/a><span class=\"versanumer_2007\">26<\/span> Drottinn svara\u00f0i: \u201eFinni \u00e9g fimmt\u00edu r\u00e9ttl\u00e1ta \u00ed S\u00f3d\u00f3mu \u00fe\u00e1 \u00feyrmi \u00e9g borginni allri \u00feeirra vegna.\u201c<br \/>\n<a name=\"27\"><\/a><span class=\"versanumer_2007\">27<\/span> \u00de\u00e1 sag\u00f0i Abraham: \u201e\u00c9g hef dirfst a\u00f0 eiga or\u00f0asta\u00f0 vi\u00f0 sj\u00e1lfan Drottin \u00fe\u00f3tt \u00e9g s\u00e9 duft eitt og aska. <a name=\"28\"><\/a><span class=\"versanumer_2007\">28<\/span> N\u00fa kann fimm a\u00f0 skorta \u00e1 t\u00f6lu fimmt\u00edu r\u00e9ttl\u00e1tra. \u00c6tlar\u00f0u \u00fe\u00e1 a\u00f0 tort\u00edma allri borginni vegna \u00feeirra fimm?\u201c<br \/>\nHann svara\u00f0i: \u201e\u00c9g mun ekki tort\u00edma borginni ef \u00e9g finn \u00fear fj\u00f6rut\u00edu og fimm.\u201c<br \/>\n<a name=\"29\"><\/a><span class=\"versanumer_2007\">29<\/span> Og enn sag\u00f0i Abraham vi\u00f0 hann: \u201eVera m\u00e1 a\u00f0 \u00fear finnist ekki nema fj\u00f6rut\u00edu.\u201c<br \/>\nHann svara\u00f0i: \u201eVegna hinna fj\u00f6rut\u00edu mun \u00e9g ekkert a\u00f0hafast.\u201c<br \/>\n<a name=\"30\"><\/a><span class=\"versanumer_2007\">30<\/span> \u00de\u00e1 sag\u00f0i Abraham: \u201eN\u00fa m\u00e1 Drottinn ekki rei\u00f0ast m\u00e9r, a\u00f0 \u00e9g tek aftur til m\u00e1ls. Vera m\u00e1 a\u00f0 \u00fear finnist ekki nema \u00ferj\u00e1t\u00edu.\u201c<br \/>\nHann svara\u00f0i: \u201eEf \u00e9g finn \u00fear \u00ferj\u00e1t\u00edu a\u00f0hefst \u00e9g ekkert.\u201c<br \/>\n<a name=\"31\"><\/a><span class=\"versanumer_2007\">31<\/span> \u00de\u00e1 sag\u00f0i Abraham: \u201eEnn gerist \u00e9g svo djarfur a\u00f0 \u00e1varpa Drottin. Vera m\u00e1 a\u00f0 \u00fear finnist ekki nema tuttugu.\u201c<br \/>\nHann svara\u00f0i: \u201eVegna hinna tuttugu tort\u00edmi \u00e9g ekki borginni.\u201c<br \/>\n<a name=\"32\"><\/a><span class=\"versanumer_2007\">32<\/span> Abraham m\u00e6lti: \u201eN\u00fa m\u00e1 Drottinn ekki rei\u00f0ast m\u00e9r \u00fe\u00f3tt \u00e9g taki til m\u00e1ls a\u00f0eins \u00ed \u00feetta eina skipti. Vera m\u00e1 a\u00f0 \u00fear finnist ekki nema t\u00edu.\u201c<br \/>\nHann svara\u00f0i: \u201eVegna hinna t\u00edu tort\u00edmi \u00e9g ekki borginni.\u201c<br \/>\n<a name=\"33\"><\/a><span class=\"versanumer_2007\">33<\/span> Og Drottinn f\u00f3r er hann haf\u00f0i loki\u00f0 a\u00f0 tala vi\u00f0 Abraham en Abraham hvarf aftur heimlei\u00f0is.<\/p>\n","protected":false},"excerpt":{"rendered":"<p>Englar vitja Abrahams 1 Abraham sat \u00ed tjalddyrum s\u00ednum \u00ed mi\u00f0degishitanum \u00ed Mamrelundi er Drottinn birtist honum. 2 Honum var\u00f0 liti\u00f0 upp og st\u00f3\u00f0u \u00fe\u00e1 \u00fer\u00edr menn frammi fyrir honum. Er hann s\u00e1 \u00fe\u00e1 hlj\u00f3p hann til m\u00f3ts vi\u00f0 \u00fe\u00e1 \u00far tjalddyrunum, laut til jar\u00f0ar 3 og m\u00e6lti: \u201eHerra minn, hafi \u00e9g fundi\u00f0 n\u00e1\u00f0 fyrir augum \u00fe\u00ednum \u00fe\u00e1 gakk ekki fram hj\u00e1 \u00fej\u00f3ni \u00fe\u00ednum. 4 M\u00e6ttum vi\u00f0 s\u00e6kja svol\u00edti\u00f0 vatn a\u00f0 \u00fei\u00f0 geti\u00f0 \u00fevegi\u00f0 f\u00e6tur ykkar og hv\u00edlst undir tr\u00e9nu? 5 \u00c9g \u00e6tla a\u00f0 n\u00e1 \u00ed matarbita svo a\u00f0 \u00fei\u00f0 geti\u00f0 styrkt ykkur \u00e1\u00f0ur en \u00fei\u00f0 haldi\u00f0 lengra \u00far \u00fev\u00ed <a href=\"https:\/\/biblian.is\/biblian\/fyrsta-mosebok-18-kafli\/\"> [&#8230;]<\/a><\/p>\n","protected":false},"author":1,"featured_media":0,"parent":0,"menu_order":0,"comment_status":"open","ping_status":"open","template":"bibliukaflar_NT.php","meta":{"footnotes":""},"class_list":["post-1635","page","type-page","status-publish","hentry"],"_links":{"self":[{"href":"https:\/\/biblian.is\/biblian\/wp-json\/wp\/v2\/pages\/1635","targetHints":{"allow":["GET"]}}],"collection":[{"href":"https:\/\/biblian.is\/biblian\/wp-json\/wp\/v2\/pages"}],"about":[{"href":"https:\/\/biblian.is\/biblian\/wp-json\/wp\/v2\/types\/page"}],"author":[{"embeddable":true,"href":"https:\/\/biblian.is\/biblian\/wp-json\/wp\/v2\/users\/1"}],"replies":[{"embeddable":true,"href":"https:\/\/biblian.is\/biblian\/wp-json\/wp\/v2\/comments?post=1635"}],"version-history":[{"count":0,"href":"https:\/\/biblian.is\/biblian\/wp-json\/wp\/v2\/pages\/1635\/revisions"}],"wp:attachment":[{"href":"https:\/\/biblian.is\/biblian\/wp-json\/wp\/v2\/media?parent=1635"}],"curies":[{"name":"wp","href":"https:\/\/api.w.org\/{rel}","templated":true}]}}