{"id":1634,"date":"2017-12-30T20:59:45","date_gmt":"2017-12-30T20:59:45","guid":{"rendered":"http:\/\/biblian.is\/biblian\/fyrsta-m%c2%97seb%c2%97k-17-kafli\/"},"modified":"2022-12-16T13:42:49","modified_gmt":"2022-12-16T13:42:49","slug":"fyrsta-mosebok-17-kafli","status":"publish","type":"page","link":"https:\/\/biblian.is\/biblian\/fyrsta-mosebok-17-kafli\/","title":{"rendered":"Fyrsta M\u00f3seb\u00f3k 17. kafli"},"content":{"rendered":"<h3 class=\"millifyrirsogn_2007\">Abram nefndur Abraham<\/h3>\n<p><a name=\"1\"><\/a><span class=\"versanumer_2007\">1<\/span> \u00deegar Abram var n\u00edut\u00edu og n\u00edu \u00e1ra birtist Drottinn honum og sag\u00f0i vi\u00f0 hann:<br \/>\n\u201e\u00c9g er Alm\u00e1ttugur Gu\u00f0. Gakk fyrir m\u00ednu augliti og ver heill. <a name=\"2\"><\/a><span class=\"versanumer_2007\">2<\/span> \u00c9g mun setja s\u00e1ttm\u00e1la milli m\u00edn og \u00fe\u00edn og margfalda \u00feig mikillega.\u201c <a name=\"3\"><\/a><span class=\"versanumer_2007\">3<\/span> F\u00e9ll \u00fe\u00e1 Abram fram \u00e1 \u00e1sj\u00f3nu s\u00edna og Gu\u00f0 sag\u00f0i vi\u00f0 hann: <a name=\"4\"><\/a><span class=\"versanumer_2007\">4<\/span> \u201e\u00deessi er s\u00e1ttm\u00e1li minn vi\u00f0 \u00feig: \u00de\u00fa munt ver\u00f0a \u00e6ttfa\u00f0ir fj\u00f6lda \u00fej\u00f3\u00f0a. <a name=\"5\"><\/a><span class=\"versanumer_2007\">5<\/span> Eigi skalt \u00fe\u00fa lengur nefnast Abram heldur skalt \u00fe\u00fa Abraham heita \u00fev\u00ed a\u00f0 \u00e9g geri \u00feig a\u00f0 \u00e6ttf\u00f6\u00f0ur fj\u00f6lda \u00fej\u00f3\u00f0a. <a name=\"6\"><\/a><span class=\"versanumer_2007\">6<\/span> \u00c9g mun gera \u00feig mj\u00f6g frj\u00f3saman og l\u00e1ta af \u00fe\u00e9r koma margar \u00fej\u00f3\u00f0ir og \u00fat af \u00fe\u00e9r skulu konungar koma. <a name=\"7\"><\/a><span class=\"versanumer_2007\">7<\/span> \u00c9g set s\u00e1ttm\u00e1la minn milli m\u00edn og \u00fe\u00edn og \u00feinna ni\u00f0ja eftir \u00feig, kynsl\u00f3\u00f0 eftir kynsl\u00f3\u00f0, eil\u00edfan s\u00e1ttm\u00e1la. \u00c9g mun vera \u00feinn Gu\u00f0 og \u00feinna ni\u00f0ja eftir \u00feig. <a name=\"8\"><\/a><span class=\"versanumer_2007\">8<\/span> Landi\u00f0 \u00fear sem \u00fe\u00fa n\u00fa b\u00fdr\u00f0 landlaus, allt Kanaansland, gef \u00e9g \u00fe\u00e9r og ni\u00f0jum \u00fe\u00ednum eftir \u00feig til \u00e6vinlegrar eignar. Og \u00e9g vil vera \u00feeirra Gu\u00f0.\u201c<\/p>\n<h3 class=\"millifyrirsogn_2007\">S\u00e1ttm\u00e1li umskurnarinnar<\/h3>\n<p><a name=\"9\"><\/a><span class=\"versanumer_2007\">9<\/span> Og Gu\u00f0 sag\u00f0i vi\u00f0 Abraham: \u201e\u00de\u00fa skalt halda s\u00e1ttm\u00e1la minn, \u00fe\u00fa og ni\u00f0jar \u00fe\u00ednir eftir \u00feig, kynsl\u00f3\u00f0 eftir kynsl\u00f3\u00f0. <a name=\"10\"><\/a><span class=\"versanumer_2007\">10<\/span> \u00deessi er s\u00e1ttm\u00e1linn milli m\u00edn og ykkar og ni\u00f0ja \u00feinna eftir \u00feig, sem \u00fei\u00f0 skulu\u00f0 halda: Allt karlkyn me\u00f0al ykkar skal umskera. <a name=\"11\"><\/a><span class=\"versanumer_2007\">11<\/span> \u00dei\u00f0 skulu\u00f0 umskera hold forh\u00fa\u00f0ar ykkar. \u00dea\u00f0 s\u00e9 t\u00e1kn s\u00e1ttm\u00e1lans milli m\u00edn og ykkar. <a name=\"12\"><\/a><span class=\"versanumer_2007\">12<\/span> Hvert \u00e1tta daga sveinbarn skal umskera me\u00f0al ykkar, kynsl\u00f3\u00f0 eftir kynsl\u00f3\u00f0, \u00feau sem heima eru f\u00e6dd og l\u00edka hin sem keypt eru af \u00fatlendingi sem eigi er af \u00fe\u00ednum \u00e6ttlegg. <a name=\"13\"><\/a><span class=\"versanumer_2007\">13<\/span> \u00deau skal umskera, b\u00e6\u00f0i \u00feau sem heima eru f\u00e6dd og \u00feau sem keypt hafa veri\u00f0. S\u00e1ttm\u00e1li minn \u00e1 holdi ykkar skal vera eil\u00edfur s\u00e1ttm\u00e1li. <a name=\"14\"><\/a><span class=\"versanumer_2007\">14<\/span> \u00d3umskorinn karlma\u00f0ur, sem hefur ekki l\u00e1ti\u00f0 umskerast \u00e1 holdi forh\u00fa\u00f0ar sinnar, hefur rofi\u00f0 s\u00e1ttm\u00e1la minn og skal uppr\u00e6ttur ver\u00f0a \u00far \u00fej\u00f3\u00f0 sinni.\u201c<\/p>\n<h3 class=\"millifyrirsogn_2007\">Sara\u00ed nefnd Sara. \u00cdsak og \u00cdsmael<\/h3>\n<p><a name=\"15\"><\/a><span class=\"versanumer_2007\">15<\/span> Enn tala\u00f0i Gu\u00f0 til Abrahams: \u201eSara\u00ed kona \u00fe\u00edn skal ekki lengur heita Sara\u00ed, h\u00fan skal heita Sara. \u00c9g mun blessa hana og \u00e9g mun einnig gefa \u00fe\u00e9r son me\u00f0 henni. <a name=\"16\"><\/a><span class=\"versanumer_2007\">16<\/span> \u00c9g mun blessa hana og h\u00fan skal ver\u00f0a \u00e6ttm\u00f3\u00f0ir \u00fej\u00f3\u00f0a. \u00dej\u00f3\u00f0konungar munu af henni koma.\u201c<br \/>\n<a name=\"17\"><\/a><span class=\"versanumer_2007\">17<\/span> \u00de\u00e1 f\u00e9ll Abraham fram \u00e1 \u00e1sj\u00f3nu s\u00edna og hl\u00f3. <span class=\"nedan_mal\" title=\" ... og hl\u00f3: or\u00f0aleikur hebresku sagnarinnar a\u00f0 hl\u00e6ja og nafns \u00cdsaks.\">[<\/span> Hann hugsa\u00f0i me\u00f0 sj\u00e1lfum s\u00e9r: \u201eGetur hundra\u00f0 \u00e1ra ma\u00f0ur eignast b\u00f6rn og getur Sara n\u00edr\u00e6\u00f0 ali\u00f0 barn?\u201c <a name=\"18\"><\/a><span class=\"versanumer_2007\">18<\/span> Og Abraham sag\u00f0i vi\u00f0 Gu\u00f0: \u201eM\u00e6tti \u00cdsmael lifa frammi fyrir \u00fe\u00ednu augliti.\u201c<br \/>\n<a name=\"19\"><\/a><span class=\"versanumer_2007\">19<\/span> En Gu\u00f0 sag\u00f0i: \u201eNei. Sara, kona \u00fe\u00edn, mun f\u00e6\u00f0a \u00fe\u00e9r son og \u00fe\u00fa skalt nefna hann \u00cdsak og \u00e9g mun setja honum s\u00e1ttm\u00e1la minn, eil\u00edfan s\u00e1ttm\u00e1la vi\u00f0 ni\u00f0ja hans eftir hann. <a name=\"20\"><\/a><span class=\"versanumer_2007\">20<\/span> En um \u00cdsmael hef \u00e9g b\u00e6nheyrt <span class=\"nedan_mal\" title=\" Or\u00f0aleikur sagnarinnar a\u00f0 b\u00e6nheyra vi\u00f0 nafn \u00cdsmaels.\">[<\/span> \u00feig. \u00c9g mun blessa hann, gera hann frj\u00f3saman og margfalda hann mikillega. Hann mun ver\u00f0a \u00e6ttfa\u00f0ir t\u00f3lf \u00fej\u00f3\u00f0h\u00f6f\u00f0ingja og \u00e9g mun gera hann a\u00f0 mikilli \u00fej\u00f3\u00f0. <a name=\"21\"><\/a><span class=\"versanumer_2007\">21<\/span> En s\u00e1ttm\u00e1la minn set \u00e9g \u00cdsak sem Sara mun f\u00e6\u00f0a \u00fe\u00e9r um \u00feessar mundir a\u00f0 \u00e1ri.\u201c<br \/>\n<a name=\"22\"><\/a><span class=\"versanumer_2007\">22<\/span> Er Gu\u00f0 haf\u00f0i enda\u00f0 tal sitt vi\u00f0 Abraham st\u00e9 hann upp fr\u00e1 honum.<br \/>\n<a name=\"23\"><\/a><span class=\"versanumer_2007\">23<\/span> Abraham t\u00f3k \u00fe\u00e1 \u00cdsmael, son sinn, og alla sem f\u00e6ddir voru \u00ed h\u00fasi hans og alla sem keyptir h\u00f6f\u00f0u veri\u00f0, alla karlmenn \u00ed h\u00fasi s\u00ednu, og umskar \u00fe\u00e1 \u00e1 holdi yfirh\u00fa\u00f0ar \u00feeirra \u00e1 \u00feeim sama degi og Gu\u00f0 haf\u00f0i bo\u00f0i\u00f0 honum. <a name=\"24\"><\/a><span class=\"versanumer_2007\">24<\/span> Abraham var n\u00edut\u00edu og n\u00edu \u00e1ra er hann var umskorinn \u00e1 holdi yfirh\u00fa\u00f0ar sinnar. <a name=\"25\"><\/a><span class=\"versanumer_2007\">25<\/span> \u00cdsmael, sonur hans, var \u00ferett\u00e1n \u00e1ra er hann var umskorinn \u00e1 holdi yfirh\u00fa\u00f0ar sinnar. <a name=\"26\"><\/a><span class=\"versanumer_2007\">26<\/span> \u00c1 \u00feessum sama degi voru \u00feeir umskornir, Abraham og \u00cdsmael, sonur hans. <a name=\"27\"><\/a><span class=\"versanumer_2007\">27<\/span> Og allir karlmenn, jafnt \u00feeir sem f\u00e6ddir voru \u00ed h\u00fasi hans og hinir sem keyptir h\u00f6f\u00f0u veri\u00f0 af \u00fatlendingum, voru umskornir me\u00f0 honum.<\/p>\n","protected":false},"excerpt":{"rendered":"<p>Abram nefndur Abraham 1 \u00deegar Abram var n\u00edut\u00edu og n\u00edu \u00e1ra birtist Drottinn honum og sag\u00f0i vi\u00f0 hann: \u201e\u00c9g er Alm\u00e1ttugur Gu\u00f0. Gakk fyrir m\u00ednu augliti og ver heill. 2 \u00c9g mun setja s\u00e1ttm\u00e1la milli m\u00edn og \u00fe\u00edn og margfalda \u00feig mikillega.\u201c 3 F\u00e9ll \u00fe\u00e1 Abram fram \u00e1 \u00e1sj\u00f3nu s\u00edna og Gu\u00f0 sag\u00f0i vi\u00f0 hann: 4 \u201e\u00deessi er s\u00e1ttm\u00e1li minn vi\u00f0 \u00feig: \u00de\u00fa munt ver\u00f0a \u00e6ttfa\u00f0ir fj\u00f6lda \u00fej\u00f3\u00f0a. 5 Eigi skalt \u00fe\u00fa lengur nefnast Abram heldur skalt \u00fe\u00fa Abraham heita \u00fev\u00ed a\u00f0 \u00e9g geri \u00feig a\u00f0 \u00e6ttf\u00f6\u00f0ur fj\u00f6lda \u00fej\u00f3\u00f0a. 6 \u00c9g mun gera \u00feig mj\u00f6g frj\u00f3saman og l\u00e1ta af \u00fe\u00e9r <a href=\"https:\/\/biblian.is\/biblian\/fyrsta-mosebok-17-kafli\/\"> [&#8230;]<\/a><\/p>\n","protected":false},"author":1,"featured_media":0,"parent":0,"menu_order":0,"comment_status":"open","ping_status":"open","template":"bibliukaflar_NT.php","meta":{"footnotes":""},"class_list":["post-1634","page","type-page","status-publish","hentry"],"_links":{"self":[{"href":"https:\/\/biblian.is\/biblian\/wp-json\/wp\/v2\/pages\/1634","targetHints":{"allow":["GET"]}}],"collection":[{"href":"https:\/\/biblian.is\/biblian\/wp-json\/wp\/v2\/pages"}],"about":[{"href":"https:\/\/biblian.is\/biblian\/wp-json\/wp\/v2\/types\/page"}],"author":[{"embeddable":true,"href":"https:\/\/biblian.is\/biblian\/wp-json\/wp\/v2\/users\/1"}],"replies":[{"embeddable":true,"href":"https:\/\/biblian.is\/biblian\/wp-json\/wp\/v2\/comments?post=1634"}],"version-history":[{"count":0,"href":"https:\/\/biblian.is\/biblian\/wp-json\/wp\/v2\/pages\/1634\/revisions"}],"wp:attachment":[{"href":"https:\/\/biblian.is\/biblian\/wp-json\/wp\/v2\/media?parent=1634"}],"curies":[{"name":"wp","href":"https:\/\/api.w.org\/{rel}","templated":true}]}}