{"id":1633,"date":"2017-12-30T20:59:45","date_gmt":"2017-12-30T20:59:45","guid":{"rendered":"http:\/\/biblian.is\/biblian\/fyrsta-m%c2%97seb%c2%97k-16-kafli\/"},"modified":"2022-12-16T13:42:49","modified_gmt":"2022-12-16T13:42:49","slug":"fyrsta-mosebok-16-kafli","status":"publish","type":"page","link":"https:\/\/biblian.is\/biblian\/fyrsta-mosebok-16-kafli\/","title":{"rendered":"Fyrsta M\u00f3seb\u00f3k 16. kafli"},"content":{"rendered":"<h3 class=\"millifyrirsogn_2007\">Hagar og \u00cdsmael<\/h3>\n<p><a name=\"1\"><\/a><span class=\"versanumer_2007\">1<\/span> Sara\u00ed, kona Abrams, \u00f3l honum ekki b\u00f6rn. H\u00fan \u00e1tti egypska amb\u00e1tt sem Hagar h\u00e9t. <a name=\"2\"><\/a><span class=\"versanumer_2007\">2<\/span> Eitt sinn sag\u00f0i Sara\u00ed vi\u00f0 Abram: \u201eSj\u00e1, Drottinn hefur meina\u00f0 m\u00e9r a\u00f0 eignast barn. Leggstu n\u00fa me\u00f0 amb\u00e1tt minni, vera m\u00e1 a\u00f0 h\u00fan ali m\u00e9r son.\u201c<br \/>\nOg Abram f\u00f3r a\u00f0 or\u00f0um Sara\u00ed.<br \/>\n<a name=\"3\"><\/a><span class=\"versanumer_2007\">3<\/span> \u00de\u00e1 t\u00f3k Sara\u00ed, kona Abrams, Hagar hina egypsku, amb\u00e1tt s\u00edna &#8211; en Abram haf\u00f0i \u00fe\u00e1 b\u00fai\u00f0 t\u00edu \u00e1r \u00ed Kanaanslandi &#8211; og gaf hana Abram manni s\u00ednum fyrir konu. <a name=\"4\"><\/a><span class=\"versanumer_2007\">4<\/span> Abram lag\u00f0ist me\u00f0 Hagar og var\u00f0 h\u00fan \u00feungu\u00f0.<br \/>\nEr h\u00fan vissi a\u00f0 h\u00fan var me\u00f0 barni fyrirleit h\u00fan h\u00fasm\u00f3\u00f0ur s\u00edna. <a name=\"5\"><\/a><span class=\"versanumer_2007\">5<\/span> \u00de\u00e1 sag\u00f0i Sara\u00ed vi\u00f0 Abram:<br \/>\n\u201eS\u00e1 \u00f3r\u00e9ttur, sem \u00e9g er beitt, komi ni\u00f0ur \u00e1 \u00fe\u00e9r. \u00c9g gaf amb\u00e1tt m\u00edna \u00fe\u00e9r \u00ed fa\u00f0m en \u00feegar h\u00fan vissi a\u00f0 h\u00fan var \u00feungu\u00f0 t\u00f3k h\u00fan a\u00f0 fyrirl\u00edta mig. Drottinn d\u00e6mi milli m\u00edn og \u00fe\u00edn.\u201c<br \/>\n<a name=\"6\"><\/a><span class=\"versanumer_2007\">6<\/span> Abram svara\u00f0i Sara\u00ed: \u201eAmb\u00e1tt \u00fe\u00edn er \u00e1 \u00fe\u00ednu valdi. Ger\u00f0u vi\u00f0 hana \u00fea\u00f0 sem \u00fe\u00e9r \u00fe\u00f3knast.\u201c<br \/>\n\u00de\u00e1 \u00fej\u00e1\u00f0i Sara\u00ed Hagar svo a\u00f0 h\u00fan fl\u00fd\u00f0i fr\u00e1 henni.<br \/>\n<a name=\"7\"><\/a><span class=\"versanumer_2007\">7<\/span> Engill Drottins fann Hagar hj\u00e1 lind \u00ed ey\u00f0im\u00f6rkinni, lindinni \u00e1 veginum til S\u00far. <a name=\"8\"><\/a><span class=\"versanumer_2007\">8<\/span> Hann m\u00e6lti: \u201eHagar, amb\u00e1tt Sara\u00ed, hva\u00f0an kemur\u00f0u og hvert fer\u00f0u?\u201c<br \/>\nH\u00fan svara\u00f0i: \u201e\u00c9g er \u00e1 fl\u00f3tta fr\u00e1 Sara\u00ed, h\u00fasm\u00f3\u00f0ur minni.\u201c<br \/>\n<a name=\"9\"><\/a><span class=\"versanumer_2007\">9<\/span> \u00de\u00e1 sag\u00f0i engill Drottins vi\u00f0 hana: \u201eSn\u00fa\u00f0u aftur til h\u00fasm\u00f3\u00f0ur \u00feinnar og s\u00e6ttu \u00feig vi\u00f0 me\u00f0fer\u00f0 hennar.\u201c<br \/>\n<a name=\"10\"><\/a><span class=\"versanumer_2007\">10<\/span> Og engill Drottins sag\u00f0i: \u201e\u00c9g mun fj\u00f6lga ni\u00f0jum \u00fe\u00ednum svo a\u00f0 t\u00f6lu ver\u00f0i ekki \u00e1 \u00fe\u00e1 komi\u00f0.\u201c<br \/>\n<a name=\"11\"><\/a><span class=\"versanumer_2007\">11<\/span> Engill Drottins sag\u00f0i einnig vi\u00f0 hana:<br \/>\n<span class=\"ljodatexti\"> \u00de\u00fa ert \u00feungu\u00f0<br \/>\nog munt ala son.<br \/>\n\u00de\u00fa skalt l\u00e1ta hann heita \u00cdsmael <span class=\"nedan_mal\" title=\" \u00cdsmael er forfa\u00f0ir Araba. Nafni\u00f0 merkir \u201eGu\u00f0 hefur heyrt\u201c.\">[<\/span><br \/>\n\u00fev\u00ed a\u00f0 Drottinn hefur heyrt kveinstafi \u00fe\u00edna.<br \/>\n<\/span> <span class=\"ljodatexti\"> <a name=\"12\"><\/a><span class=\"versanumer_ljod\">12<\/span>Hann ver\u00f0ur ma\u00f0ur \u00f3lmur sem villiasni.<br \/>\nH\u00f6nd hans skal vera uppi \u00e1 m\u00f3ti \u00f6llum<br \/>\nog hvers manns h\u00f6nd \u00e1 m\u00f3ti honum.<br \/>\nHann ver\u00f0ur andsn\u00fainn \u00f6llum br\u00e6\u00f0rum s\u00ednum. <\/span><br \/>\n<a name=\"13\"><\/a><span class=\"versanumer_2007\">13<\/span> \u00de\u00e1 nefndi Hagar Drottin sem tala\u00f0i vi\u00f0 hana: \u201e\u00de\u00fa ert alsj\u00e1andi Gu\u00f0,\u201c en h\u00fan hugsa\u00f0i me\u00f0 s\u00e9r: \u201eN\u00fa hef \u00e9g s\u00e9\u00f0 hann sem s\u00e1 mig.\u201c <a name=\"14\"><\/a><span class=\"versanumer_2007\">14<\/span> Af \u00feessum s\u00f6kum er brunnurinn nefndur Brunnur hins lifandi sem s\u00e9r mig. Hann er \u00e1 milli Kades og Bered.<br \/>\n<a name=\"15\"><\/a><span class=\"versanumer_2007\">15<\/span> Hagar f\u00e6ddi Abram son og Abram nefndi soninn, sem h\u00fan haf\u00f0i f\u00e6tt honum, \u00cdsmael. <a name=\"16\"><\/a><span class=\"versanumer_2007\">16<\/span> En Abram var \u00e1ttat\u00edu og sex \u00e1ra \u00feegar Hagar \u00f3l honum \u00cdsmael.<\/p>\n","protected":false},"excerpt":{"rendered":"<p>Hagar og \u00cdsmael 1 Sara\u00ed, kona Abrams, \u00f3l honum ekki b\u00f6rn. H\u00fan \u00e1tti egypska amb\u00e1tt sem Hagar h\u00e9t. 2 Eitt sinn sag\u00f0i Sara\u00ed vi\u00f0 Abram: \u201eSj\u00e1, Drottinn hefur meina\u00f0 m\u00e9r a\u00f0 eignast barn. Leggstu n\u00fa me\u00f0 amb\u00e1tt minni, vera m\u00e1 a\u00f0 h\u00fan ali m\u00e9r son.\u201c Og Abram f\u00f3r a\u00f0 or\u00f0um Sara\u00ed. 3 \u00de\u00e1 t\u00f3k Sara\u00ed, kona Abrams, Hagar hina egypsku, amb\u00e1tt s\u00edna &#8211; en Abram haf\u00f0i \u00fe\u00e1 b\u00fai\u00f0 t\u00edu \u00e1r \u00ed Kanaanslandi &#8211; og gaf hana Abram manni s\u00ednum fyrir konu. 4 Abram lag\u00f0ist me\u00f0 Hagar og var\u00f0 h\u00fan \u00feungu\u00f0. Er h\u00fan vissi a\u00f0 h\u00fan var me\u00f0 barni fyrirleit h\u00fan <a href=\"https:\/\/biblian.is\/biblian\/fyrsta-mosebok-16-kafli\/\"> [&#8230;]<\/a><\/p>\n","protected":false},"author":1,"featured_media":0,"parent":0,"menu_order":0,"comment_status":"open","ping_status":"open","template":"bibliukaflar_NT.php","meta":{"footnotes":""},"class_list":["post-1633","page","type-page","status-publish","hentry"],"_links":{"self":[{"href":"https:\/\/biblian.is\/biblian\/wp-json\/wp\/v2\/pages\/1633","targetHints":{"allow":["GET"]}}],"collection":[{"href":"https:\/\/biblian.is\/biblian\/wp-json\/wp\/v2\/pages"}],"about":[{"href":"https:\/\/biblian.is\/biblian\/wp-json\/wp\/v2\/types\/page"}],"author":[{"embeddable":true,"href":"https:\/\/biblian.is\/biblian\/wp-json\/wp\/v2\/users\/1"}],"replies":[{"embeddable":true,"href":"https:\/\/biblian.is\/biblian\/wp-json\/wp\/v2\/comments?post=1633"}],"version-history":[{"count":0,"href":"https:\/\/biblian.is\/biblian\/wp-json\/wp\/v2\/pages\/1633\/revisions"}],"wp:attachment":[{"href":"https:\/\/biblian.is\/biblian\/wp-json\/wp\/v2\/media?parent=1633"}],"curies":[{"name":"wp","href":"https:\/\/api.w.org\/{rel}","templated":true}]}}