{"id":1631,"date":"2017-12-30T20:59:45","date_gmt":"2017-12-30T20:59:45","guid":{"rendered":"http:\/\/biblian.is\/biblian\/fyrsta-m%c2%97seb%c2%97k-14-kafli\/"},"modified":"2022-12-16T13:42:48","modified_gmt":"2022-12-16T13:42:48","slug":"fyrsta-mosebok-14-kafli","status":"publish","type":"page","link":"https:\/\/biblian.is\/biblian\/fyrsta-mosebok-14-kafli\/","title":{"rendered":"Fyrsta M\u00f3seb\u00f3k 14. kafli"},"content":{"rendered":"<h3 class=\"millifyrirsogn_2007\">Abram fer \u00ed str\u00ed\u00f0<\/h3>\n<p><a name=\"1\"><\/a><span class=\"versanumer_2007\">1<\/span> \u00deegar Amrafel var konungur \u00ed S\u00ednear, Ar\u00edok konungur \u00ed Ellasar, Kedorla\u00f3mer konungur \u00ed Elam og T\u00eddal konungur \u00ed Goj\u00edm <a name=\"2\"><\/a><span class=\"versanumer_2007\">2<\/span> herju\u00f0u \u00feeir \u00e1 Bera, konung \u00ed S\u00f3d\u00f3mu, Birsa, konung \u00ed G\u00f3morru, S\u00ednab, konung \u00ed Adma, Semeber, konung \u00ed Seb\u00f3\u00edm, og konunginn \u00ed Bela, \u00fea\u00f0 er S\u00f3ar. <a name=\"3\"><\/a><span class=\"versanumer_2007\">3<\/span> \u00deeir bjuggust til varnar \u00ed Sidd\u00edmdalnum en \u00fear er n\u00fa Saltisj\u00f3r. <span class=\"nedan_mal\" title=\" N\u00fa nefnt Dau\u00f0ahafi\u00f0.\">[<\/span> <a name=\"4\"><\/a><span class=\"versanumer_2007\">4<\/span> \u00cd t\u00f3lf \u00e1r h\u00f6f\u00f0u \u00feeir veri\u00f0 l\u00fd\u00f0skyldir Kedorla\u00f3mer, \u00e1 hinu \u00ferett\u00e1nda h\u00f6f\u00f0u \u00feeir gert uppreisn <a name=\"5\"><\/a><span class=\"versanumer_2007\">5<\/span> og \u00e1 fj\u00f3rt\u00e1nda \u00e1ri kom Kedorla\u00f3mer og \u00feeir konungar sem me\u00f0 honum voru og sigru\u00f0u Refa\u00edta \u00ed Aster\u00f3t-Karna\u00edm, S\u00fas\u00edta \u00ed Ham, Em\u00edta \u00e1 Kirjata\u00edmv\u00f6llum <a name=\"6\"><\/a><span class=\"versanumer_2007\">6<\/span> og H\u00f3r\u00edta \u00e1 fjalllendi \u00feeirra \u00ed Se\u00edr, allt til El-Paran sem er vi\u00f0 ey\u00f0im\u00f6rkina. <a name=\"7\"><\/a><span class=\"versanumer_2007\">7<\/span> \u00dea\u00f0an sneru \u00feeir til En-Mispat, \u00fea\u00f0 er Kades, og gereyddu land Amalek\u00edta og Amor\u00edta sem bjuggu \u00ed Hasason-Tamar.<br \/>\n<a name=\"8\"><\/a><span class=\"versanumer_2007\">8<\/span> \u00de\u00e1 l\u00f6g\u00f0u \u00feeir af sta\u00f0, konungurinn \u00ed S\u00f3d\u00f3mu, konungurinn \u00ed G\u00f3morru, konungurinn \u00ed Adma, konungurinn \u00ed Seb\u00f3\u00edm og konungurinn \u00ed Bela, \u00fea\u00f0 er S\u00f3ar, og bjuggust til bardaga \u00e1 Sidd\u00edmv\u00f6llum <a name=\"9\"><\/a><span class=\"versanumer_2007\">9<\/span> gegn Kedorla\u00f3mer, konungi \u00ed Elam, T\u00eddal, konungi \u00ed Goj\u00edm, Amrafel, konungi \u00ed S\u00ednear, og Ar\u00edok, konungi \u00ed Ellasar, fj\u00f3rir konungar m\u00f3ti fimm.<br \/>\n<a name=\"10\"><\/a><span class=\"versanumer_2007\">10<\/span> Svo h\u00e1tta\u00f0i \u00ed Sidd\u00edmdal a\u00f0 \u00fear var hver jar\u00f0biksgr\u00f6fin vi\u00f0 a\u00f0ra. Konungarnir \u00ed S\u00f3d\u00f3mu og G\u00f3morru l\u00f6g\u00f0u n\u00fa \u00e1 fl\u00f3tta og f\u00e9llu ofan \u00ed \u00fe\u00e6r en hinir fl\u00fd\u00f0u til fjalla. <a name=\"11\"><\/a><span class=\"versanumer_2007\">11<\/span> Konungarnir fj\u00f3rir t\u00f3ku allan au\u00f0 S\u00f3d\u00f3mu og G\u00f3morru og allar vistir \u00feeirra og f\u00f3ru s\u00ed\u00f0an. <a name=\"12\"><\/a><span class=\"versanumer_2007\">12<\/span> \u00deeir t\u00f3ku einnig Lot, fr\u00e6nda Abrams, og eignir hans og f\u00f3ru s\u00ed\u00f0an, en hann \u00e1tti heima \u00ed S\u00f3d\u00f3mu.<br \/>\n<a name=\"13\"><\/a><span class=\"versanumer_2007\">13<\/span> N\u00fa kom ma\u00f0ur af fl\u00f3ttanum og sag\u00f0i Hebreanum Abram t\u00ed\u00f0indin. Hann bj\u00f3 \u00fe\u00e1 \u00ed eikilundi Amor\u00edtans Mamre, \u00e6ttmanns Eskols og Aners, en \u00feeir voru ei\u00f0svarnir bandamenn Abrams. <a name=\"14\"><\/a><span class=\"versanumer_2007\">14<\/span> Er Abram fr\u00e9tti a\u00f0 fr\u00e6ndi hans var hertekinn bau\u00f0 hann \u00fat \u00ferj\u00fa hundru\u00f0 og \u00e1tj\u00e1n v\u00f6ldum m\u00f6nnum s\u00ednum sem allir voru f\u00e6ddir \u00ed h\u00fasi hans og h\u00f3f eftirf\u00f6r allt til Dan. <a name=\"15\"><\/a><span class=\"versanumer_2007\">15<\/span> Hann og menn hans skiptu li\u00f0i a\u00f0 n\u00e6tur\u00feeli og sigru\u00f0u \u00fe\u00e1 og r\u00e1ku fl\u00f3ttann allt til H\u00f3ba fyrir nor\u00f0an Damaskus. <a name=\"16\"><\/a><span class=\"versanumer_2007\">16<\/span> Hann sneri vi\u00f0 svo b\u00fai\u00f0 heim aftur me\u00f0 allar eigurnar og Lot fr\u00e6nda sinn og fj\u00e1rmuni hans, konur og vinnuf\u00f3lk.<\/p>\n<h3 class=\"millifyrirsogn_2007\">Melk\u00edsedek \u00ed Salem (Jer\u00fasalem)<\/h3>\n<p><a name=\"17\"><\/a><span class=\"versanumer_2007\">17<\/span> Er Abram sneri heim aftur eftir sigurinn \u00e1 Kedorla\u00f3mer konungi og konungum \u00feeim er me\u00f0 honum voru gekk konungurinn \u00ed S\u00f3d\u00f3mu \u00fat \u00e1 m\u00f3ti honum \u00ed Savedal, \u00fe.e. K\u00f3ngsdal. <a name=\"18\"><\/a><span class=\"versanumer_2007\">18<\/span> Og Melk\u00edsedek, konungur \u00ed Salem, bar fram brau\u00f0 og v\u00edn. Var hann prestur Hins h\u00e6sta Gu\u00f0s. <a name=\"19\"><\/a><span class=\"versanumer_2007\">19<\/span> Hann blessa\u00f0i Abram og sag\u00f0i:<br \/>\n<span class=\"ljodatexti\"> Blessa\u00f0ur s\u00e9 Abram af Hinum h\u00e6sta Gu\u00f0i,<br \/>\nskapara himins og jar\u00f0ar.<br \/>\n<\/span> <span class=\"ljodatexti\"> <a name=\"20\"><\/a><span class=\"versanumer_ljod\">20<\/span>Og lofa\u00f0ur s\u00e9 Hinn h\u00e6sti Gu\u00f0<br \/>\nsem gaf \u00f3vini \u00fe\u00edna \u00fe\u00e9r \u00ed hendur. <\/span><br \/>\nOg Abram gaf honum t\u00edund af \u00f6llu.<br \/>\n<a name=\"21\"><\/a><span class=\"versanumer_2007\">21<\/span> \u00de\u00e1 sag\u00f0i konungurinn \u00ed S\u00f3d\u00f3mu vi\u00f0 Abram: \u201eL\u00e1ttu mig halda f\u00f3lkinu en taktu eigurnar.\u201c<br \/>\n<a name=\"22\"><\/a><span class=\"versanumer_2007\">22<\/span> Abram m\u00e6lti vi\u00f0 konunginn \u00ed S\u00f3d\u00f3mu: \u201e\u00c9g sver \u00feess ei\u00f0 vi\u00f0 Drottin, Hinn h\u00e6sta Gu\u00f0, skapara himins og jar\u00f0ar, <a name=\"23\"><\/a><span class=\"versanumer_2007\">23<\/span> a\u00f0 \u00e9g tek hvorki \u00fer\u00e1\u00f0 n\u00e9 sk\u00f3\u00feveng af \u00f6llu sem \u00fe\u00fa \u00e1tt svo a\u00f0 \u00fe\u00fa skulir ekki segja: \u00c9g hef gert Abram r\u00edkan.<br \/>\n<a name=\"24\"><\/a><span class=\"versanumer_2007\">24<\/span> Sj\u00e1lfur tek \u00e9g ekkert nema \u00fea\u00f0 sem menn m\u00ednir hafa neytt og hlut \u00feeirra manna sem me\u00f0 m\u00e9r f\u00f3ru. \u00deeir Aner, Eskol og Mamre skulu taka sinn hlut.\u201c<\/p>\n","protected":false},"excerpt":{"rendered":"<p>Abram fer \u00ed str\u00ed\u00f0 1 \u00deegar Amrafel var konungur \u00ed S\u00ednear, Ar\u00edok konungur \u00ed Ellasar, Kedorla\u00f3mer konungur \u00ed Elam og T\u00eddal konungur \u00ed Goj\u00edm 2 herju\u00f0u \u00feeir \u00e1 Bera, konung \u00ed S\u00f3d\u00f3mu, Birsa, konung \u00ed G\u00f3morru, S\u00ednab, konung \u00ed Adma, Semeber, konung \u00ed Seb\u00f3\u00edm, og konunginn \u00ed Bela, \u00fea\u00f0 er S\u00f3ar. 3 \u00deeir bjuggust til varnar \u00ed Sidd\u00edmdalnum en \u00fear er n\u00fa Saltisj\u00f3r. [ 4 \u00cd t\u00f3lf \u00e1r h\u00f6f\u00f0u \u00feeir veri\u00f0 l\u00fd\u00f0skyldir Kedorla\u00f3mer, \u00e1 hinu \u00ferett\u00e1nda h\u00f6f\u00f0u \u00feeir gert uppreisn 5 og \u00e1 fj\u00f3rt\u00e1nda \u00e1ri kom Kedorla\u00f3mer og \u00feeir konungar sem me\u00f0 honum voru og sigru\u00f0u Refa\u00edta \u00ed Aster\u00f3t-Karna\u00edm, S\u00fas\u00edta <a href=\"https:\/\/biblian.is\/biblian\/fyrsta-mosebok-14-kafli\/\"> [&#8230;]<\/a><\/p>\n","protected":false},"author":1,"featured_media":0,"parent":0,"menu_order":0,"comment_status":"open","ping_status":"open","template":"bibliukaflar_NT.php","meta":{"footnotes":""},"class_list":["post-1631","page","type-page","status-publish","hentry"],"_links":{"self":[{"href":"https:\/\/biblian.is\/biblian\/wp-json\/wp\/v2\/pages\/1631","targetHints":{"allow":["GET"]}}],"collection":[{"href":"https:\/\/biblian.is\/biblian\/wp-json\/wp\/v2\/pages"}],"about":[{"href":"https:\/\/biblian.is\/biblian\/wp-json\/wp\/v2\/types\/page"}],"author":[{"embeddable":true,"href":"https:\/\/biblian.is\/biblian\/wp-json\/wp\/v2\/users\/1"}],"replies":[{"embeddable":true,"href":"https:\/\/biblian.is\/biblian\/wp-json\/wp\/v2\/comments?post=1631"}],"version-history":[{"count":0,"href":"https:\/\/biblian.is\/biblian\/wp-json\/wp\/v2\/pages\/1631\/revisions"}],"wp:attachment":[{"href":"https:\/\/biblian.is\/biblian\/wp-json\/wp\/v2\/media?parent=1631"}],"curies":[{"name":"wp","href":"https:\/\/api.w.org\/{rel}","templated":true}]}}