{"id":1630,"date":"2017-12-30T20:59:45","date_gmt":"2017-12-30T20:59:45","guid":{"rendered":"http:\/\/biblian.is\/biblian\/fyrsta-m%c2%97seb%c2%97k-13-kafli\/"},"modified":"2022-12-16T13:42:48","modified_gmt":"2022-12-16T13:42:48","slug":"fyrsta-mosebok-13-kafli","status":"publish","type":"page","link":"https:\/\/biblian.is\/biblian\/fyrsta-mosebok-13-kafli\/","title":{"rendered":"Fyrsta M\u00f3seb\u00f3k 13. kafli"},"content":{"rendered":"<h3 class=\"millifyrirsogn_2007\">Abram og Lot skilja<\/h3>\n<p><a name=\"1\"><\/a><span class=\"versanumer_2007\">1<\/span> Abram f\u00f3r n\u00fa fr\u00e1 Egyptalandi til Su\u00f0urlandsins me\u00f0 konu s\u00edna og allt sem hann \u00e1tti og Lot f\u00f3r me\u00f0 honum. <a name=\"2\"><\/a><span class=\"versanumer_2007\">2<\/span> Var Abram st\u00f3rau\u00f0ugur a\u00f0 kvikf\u00e9, silfri og gulli. <a name=\"3\"><\/a><span class=\"versanumer_2007\">3<\/span> Hann flutti sig \u00ed \u00e1f\u00f6ngum fr\u00e1 Su\u00f0urlandinu og allt til Betel, sta\u00f0arins \u00fear sem tjald hans haf\u00f0i \u00e1\u00f0ur veri\u00f0, milli Betel og A\u00ed, <a name=\"4\"><\/a><span class=\"versanumer_2007\">4<\/span> \u00fear sem hann haf\u00f0i \u00e1\u00f0ur reist altari\u00f0. \u00dear \u00e1kalla\u00f0i Abram nafn Drottins.<br \/>\n<a name=\"5\"><\/a><span class=\"versanumer_2007\">5<\/span> Lot, sem f\u00f3r me\u00f0 Abram, \u00e1tti einnig sau\u00f0i, naut og tj\u00f6ld. <a name=\"6\"><\/a><span class=\"versanumer_2007\">6<\/span> En landi\u00f0 gat ekki framfleytt \u00feeim b\u00e1\u00f0um, byggju \u00feeir saman, \u00fev\u00ed a\u00f0 eign \u00feeirra var mikil. G\u00e1tu \u00feeir \u00fev\u00ed ekki saman veri\u00f0. <a name=\"7\"><\/a><span class=\"versanumer_2007\">7<\/span> \u00de\u00e1 reis deila milli hjar\u00f0manna Abrams og hjar\u00f0manna Lots. &#8211; Kanverjar og Peres\u00edtar bjuggu \u00fe\u00e1 \u00ed landinu. &#8211; <a name=\"8\"><\/a><span class=\"versanumer_2007\">8<\/span> Abram m\u00e6lti \u00fe\u00e1 vi\u00f0 Lot: \u201eEngin miskl\u00ed\u00f0 skal vera milli m\u00edn og \u00fe\u00edn og milli minna hjar\u00f0manna og \u00feinna \u00fev\u00ed a\u00f0 vi\u00f0 erum fr\u00e6ndur. <a name=\"9\"><\/a><span class=\"versanumer_2007\">9<\/span> Liggur ekki allt landi\u00f0 opi\u00f0 fyrir \u00fe\u00e9r? Skildu heldur vi\u00f0 mig. Farir \u00fe\u00fa til vinstri fer \u00e9g til h\u00e6gri og ef \u00fe\u00fa fer\u00f0 til h\u00e6gri fer \u00e9g til vinstri.\u201c<br \/>\n<a name=\"10\"><\/a><span class=\"versanumer_2007\">10<\/span> \u00de\u00e1 h\u00f3f Lot upp augu s\u00edn og s\u00e1 allt J\u00f3rdanarsl\u00e9ttlendi\u00f0, hversu vatnsr\u00edkt \u00fea\u00f0 var alla lei\u00f0 til S\u00f3ar eins og aldingar\u00f0ur Drottins, eins og Egyptaland. \u00deetta var \u00e1\u00f0ur en Drottinn eyddi S\u00f3d\u00f3mu og G\u00f3morru. <a name=\"11\"><\/a><span class=\"versanumer_2007\">11<\/span> Kaus Lot s\u00e9r allt J\u00f3rdanarsl\u00e9ttlendi\u00f0 og flutti sig austur eftir og \u00feannig skildu \u00feeir. <a name=\"12\"><\/a><span class=\"versanumer_2007\">12<\/span> Abram bj\u00f3 \u00ed Kanaanslandi en Lot bj\u00f3 \u00ed borgunum \u00e1 sl\u00e9ttlendinu og sl\u00f3 upp tj\u00f6ldum s\u00ednum \u00ed grennd vi\u00f0 S\u00f3d\u00f3mu. <a name=\"13\"><\/a><span class=\"versanumer_2007\">13<\/span> En \u00edb\u00faar S\u00f3d\u00f3mu voru illir og syndgu\u00f0u mj\u00f6g gegn Drottni.<br \/>\n<a name=\"14\"><\/a><span class=\"versanumer_2007\">14<\/span> Er Lot haf\u00f0i skili\u00f0 vi\u00f0 Abram sag\u00f0i Drottinn vi\u00f0 Abram: \u201eHef upp augu \u00fe\u00edn fr\u00e1 \u00feeim sta\u00f0 \u00fear sem \u00fe\u00fa b\u00fdr\u00f0 og horf\u00f0u til nor\u00f0urs, su\u00f0urs, austurs og vesturs. <a name=\"15\"><\/a><span class=\"versanumer_2007\">15<\/span> Allt landi\u00f0, sem \u00fe\u00fa s\u00e9r\u00f0, mun \u00e9g gefa \u00fe\u00e9r og ni\u00f0jum \u00fe\u00ednum a\u00f0 eil\u00edfu. <a name=\"16\"><\/a><span class=\"versanumer_2007\">16<\/span> \u00c9g mun gera ni\u00f0ja \u00fe\u00edna sem duft jar\u00f0ar. Geti nokkur tali\u00f0 duftkorn jar\u00f0ar \u00fe\u00e1 m\u00e1 einnig koma t\u00f6lu \u00e1 ni\u00f0ja \u00fe\u00edna. <a name=\"17\"><\/a><span class=\"versanumer_2007\">17<\/span> Tak \u00feig upp og far um landi\u00f0 \u00fevert og endilangt \u00fev\u00ed a\u00f0 \u00fe\u00e9r gef \u00e9g \u00fea\u00f0.\u201c<br \/>\n<a name=\"18\"><\/a><span class=\"versanumer_2007\">18<\/span> Og Abram f\u00e6r\u00f0i sig me\u00f0 tj\u00f6ld s\u00edn og kom til Mamrelundar \u00ed Hebron og settist \u00fear a\u00f0. Og \u00fear reisti hann Drottni altari.<\/p>\n","protected":false},"excerpt":{"rendered":"<p>Abram og Lot skilja 1 Abram f\u00f3r n\u00fa fr\u00e1 Egyptalandi til Su\u00f0urlandsins me\u00f0 konu s\u00edna og allt sem hann \u00e1tti og Lot f\u00f3r me\u00f0 honum. 2 Var Abram st\u00f3rau\u00f0ugur a\u00f0 kvikf\u00e9, silfri og gulli. 3 Hann flutti sig \u00ed \u00e1f\u00f6ngum fr\u00e1 Su\u00f0urlandinu og allt til Betel, sta\u00f0arins \u00fear sem tjald hans haf\u00f0i \u00e1\u00f0ur veri\u00f0, milli Betel og A\u00ed, 4 \u00fear sem hann haf\u00f0i \u00e1\u00f0ur reist altari\u00f0. \u00dear \u00e1kalla\u00f0i Abram nafn Drottins. 5 Lot, sem f\u00f3r me\u00f0 Abram, \u00e1tti einnig sau\u00f0i, naut og tj\u00f6ld. 6 En landi\u00f0 gat ekki framfleytt \u00feeim b\u00e1\u00f0um, byggju \u00feeir saman, \u00fev\u00ed a\u00f0 eign \u00feeirra var mikil. <a href=\"https:\/\/biblian.is\/biblian\/fyrsta-mosebok-13-kafli\/\"> [&#8230;]<\/a><\/p>\n","protected":false},"author":1,"featured_media":0,"parent":0,"menu_order":0,"comment_status":"open","ping_status":"open","template":"bibliukaflar_NT.php","meta":{"footnotes":""},"class_list":["post-1630","page","type-page","status-publish","hentry"],"_links":{"self":[{"href":"https:\/\/biblian.is\/biblian\/wp-json\/wp\/v2\/pages\/1630","targetHints":{"allow":["GET"]}}],"collection":[{"href":"https:\/\/biblian.is\/biblian\/wp-json\/wp\/v2\/pages"}],"about":[{"href":"https:\/\/biblian.is\/biblian\/wp-json\/wp\/v2\/types\/page"}],"author":[{"embeddable":true,"href":"https:\/\/biblian.is\/biblian\/wp-json\/wp\/v2\/users\/1"}],"replies":[{"embeddable":true,"href":"https:\/\/biblian.is\/biblian\/wp-json\/wp\/v2\/comments?post=1630"}],"version-history":[{"count":0,"href":"https:\/\/biblian.is\/biblian\/wp-json\/wp\/v2\/pages\/1630\/revisions"}],"wp:attachment":[{"href":"https:\/\/biblian.is\/biblian\/wp-json\/wp\/v2\/media?parent=1630"}],"curies":[{"name":"wp","href":"https:\/\/api.w.org\/{rel}","templated":true}]}}