{"id":1629,"date":"2017-12-30T20:59:45","date_gmt":"2017-12-30T20:59:45","guid":{"rendered":"http:\/\/biblian.is\/biblian\/fyrsta-m%c2%97seb%c2%97k-12-kafli\/"},"modified":"2022-12-16T13:42:47","modified_gmt":"2022-12-16T13:42:47","slug":"fyrsta-mosebok-12-kafli","status":"publish","type":"page","link":"https:\/\/biblian.is\/biblian\/fyrsta-mosebok-12-kafli\/","title":{"rendered":"Fyrsta M\u00f3seb\u00f3k 12. kafli"},"content":{"rendered":"<h2 class=\"millifyrirsogn_2007\">Abraham, \u00cdsak og Jakob<\/h2>\n<h3 class=\"millifyrirsogn_2007\">Abram fer til fyrirheitna landsins<\/h3>\n<p><a name=\"1\"><\/a><span class=\"versanumer_2007\">1<\/span> Drottinn sag\u00f0i vi\u00f0 Abram: <span class=\"nedan_mal\" title=\" \u00c6ttfa\u00f0irinn er h\u00e9r nefndur Abram, s\u00ed\u00f0ar Abraham.\">[<\/span> \u201eFar \u00fe\u00fa burt \u00far landi \u00fe\u00ednu, fr\u00e1 \u00e6ttf\u00f3lki \u00fe\u00ednu og \u00far h\u00fasi f\u00f6\u00f0ur \u00fe\u00edns til landsins sem \u00e9g mun v\u00edsa \u00fe\u00e9r \u00e1. <a name=\"2\"><\/a><span class=\"versanumer_2007\">2<\/span> \u00c9g mun gera \u00feig a\u00f0 mikilli \u00fej\u00f3\u00f0 og blessa \u00feig og gera nafn \u00feitt miki\u00f0. Blessun skalt \u00fe\u00fa vera. <a name=\"3\"><\/a><span class=\"versanumer_2007\">3<\/span> \u00c9g mun lei\u00f0a blessun yfir \u00fe\u00e1 sem blessa \u00feig og b\u00f6lvun yfir \u00feann sem form\u00e6lir \u00fe\u00e9r. Allar \u00e6ttkv\u00edslir jar\u00f0arinnar munu af \u00fe\u00e9r blessun hlj\u00f3ta.\u201c<br \/>\n<a name=\"4\"><\/a><span class=\"versanumer_2007\">4<\/span> \u00de\u00e1 lag\u00f0i Abram af sta\u00f0 eins og Drottinn haf\u00f0i sagt honum og Lot f\u00f3r me\u00f0 honum. Abram var sj\u00f6t\u00edu og fimm \u00e1ra a\u00f0 aldri er hann f\u00f3r fr\u00e1 Harran.<\/p>\n<h3 class=\"millifyrirsogn_2007\">Abram fer um Kanaan og til Egyptalands<\/h3>\n<p><a name=\"5\"><\/a><span class=\"versanumer_2007\">5<\/span> Abram t\u00f3k Sara\u00ed, <span class=\"nedan_mal\" title=\" Sara\u00ed, sj\u00e1 17.15.\">[<\/span> konu s\u00edna, og Lot, br\u00f3\u00f0urson sinn, me\u00f0 s\u00e9r og allan kvikf\u00e9na\u00f0 sem \u00feau h\u00f6f\u00f0u eignast og allt \u00fea\u00f0 vinnuf\u00f3lk er \u00feau h\u00f6f\u00f0u afla\u00f0 s\u00e9r \u00ed Harran og lag\u00f0i af sta\u00f0 og h\u00e9lt til Kanaanslands. Og \u00feau komu til Kanaanslands.<br \/>\n<a name=\"6\"><\/a><span class=\"versanumer_2007\">6<\/span> Abram f\u00f3r n\u00fa um landi\u00f0 allt \u00fear til komi\u00f0 var til S\u00edkem, a\u00f0 M\u00f3reeikinni. En \u00fe\u00e1 voru Kanverjar \u00ed landinu. <a name=\"7\"><\/a><span class=\"versanumer_2007\">7<\/span> \u00de\u00e1 birtist Drottinn Abram og sag\u00f0i vi\u00f0 hann: \u201eNi\u00f0jum \u00fe\u00ednum vil \u00e9g gefa \u00feetta land.\u201c<br \/>\n\u00de\u00e1 reisti Abram Drottni altari \u00fear sem hann haf\u00f0i birst honum.<br \/>\n<a name=\"8\"><\/a><span class=\"versanumer_2007\">8<\/span> Hann h\u00e9lt \u00fea\u00f0an til fjallanna fyrir austan Betel og sl\u00f3 upp tjaldi s\u00ednu. Var Betel \u00ed vestur og A\u00ed \u00ed austur. \u00dear reisti hann Drottni altari og \u00e1kalla\u00f0i nafn Drottins. <a name=\"9\"><\/a><span class=\"versanumer_2007\">9<\/span> Abram f\u00e6r\u00f0i sig n\u00fa sm\u00e1m saman \u00ed \u00e1tt til Su\u00f0urlandsins. <span class=\"nedan_mal\" title=\" \u00de.e. Negeb-\u00f3bygg\u00f0a.\">[<\/span><\/p>\n<h3 class=\"millifyrirsogn_2007\">Abram og Sara\u00ed \u00ed Egyptalandi<\/h3>\n<p><a name=\"10\"><\/a><span class=\"versanumer_2007\">10<\/span> N\u00fa var\u00f0 hall\u00e6ri \u00ed landinu og f\u00f3r Abram \u00fe\u00e1 su\u00f0ur til Egyptalands til \u00feess a\u00f0 dveljast \u00fear sem \u00fatlendingur \u00fev\u00ed a\u00f0 hall\u00e6ri\u00f0 \u00ed landinu var mj\u00f6g miki\u00f0. <a name=\"11\"><\/a><span class=\"versanumer_2007\">11<\/span> Og svo bar vi\u00f0 er hann n\u00e1lga\u00f0ist Egyptaland a\u00f0 hann sag\u00f0i vi\u00f0 Sara\u00ed, konu s\u00edna: \u201e\u00c9g veit hversu f\u00f6gur \u00fe\u00fa ert. <a name=\"12\"><\/a><span class=\"versanumer_2007\">12<\/span> \u00deegar Egyptar sj\u00e1 \u00feig munu \u00feeir segja: \u201eH\u00fan er kona hans,\u201c og \u00feeir munu drepa mig en l\u00e1ta \u00feig halda l\u00edfi. <a name=\"13\"><\/a><span class=\"versanumer_2007\">13<\/span> Seg\u00f0u \u00fev\u00ed a\u00f0 \u00fe\u00fa s\u00e9rt systir m\u00edn til \u00feess a\u00f0 m\u00e9r farnist vel \u00fe\u00edn vegna og \u00e9g megi halda l\u00edfi sakir \u00fe\u00edn.\u201c<br \/>\n<a name=\"14\"><\/a><span class=\"versanumer_2007\">14<\/span> \u00deegar Abram kom til Egyptalands s\u00e1u Egyptar a\u00f0 konan var mj\u00f6g f\u00f6gur. <a name=\"15\"><\/a><span class=\"versanumer_2007\">15<\/span> H\u00f6f\u00f0ingjar fara\u00f3s s\u00e1u hana og lofu\u00f0u hana vi\u00f0 fara\u00f3, og var fari\u00f0 me\u00f0 konuna inn \u00ed h\u00f6ll fara\u00f3s. <a name=\"16\"><\/a><span class=\"versanumer_2007\">16<\/span> En Abram farna\u00f0ist vel hennar vegna og hann eigna\u00f0ist sau\u00f0i og nautgripi, asna og \u00fer\u00e6la, amb\u00e1ttir, \u00f6snur og \u00falfalda.<br \/>\n<a name=\"17\"><\/a><span class=\"versanumer_2007\">17<\/span> \u00de\u00e1 laust Drottinn fara\u00f3 og hir\u00f0 hans miklum pl\u00e1gum vegna Sara\u00ed, konu Abrams. <a name=\"18\"><\/a><span class=\"versanumer_2007\">18<\/span> Fara\u00f3 l\u00e9t kalla Abram fyrir sig og sag\u00f0i: \u201eHva\u00f0 hefur \u00fe\u00fa gert m\u00e9r? Hv\u00ed sag\u00f0ir \u00fe\u00fa m\u00e9r ekki a\u00f0 h\u00fan v\u00e6ri kona \u00fe\u00edn? <a name=\"19\"><\/a><span class=\"versanumer_2007\">19<\/span> Hv\u00ed sag\u00f0ir \u00fe\u00fa: \u201eH\u00fan er systir m\u00edn,\u201c svo a\u00f0 \u00e9g t\u00f3k hana m\u00e9r fyrir konu? \u00dearna er konan \u00fe\u00edn, taktu hana og far\u00f0u burt.\u201c <a name=\"20\"><\/a><span class=\"versanumer_2007\">20<\/span> Og fara\u00f3 gaf m\u00f6nnum s\u00ednum fyrirm\u00e6li og \u00feeir fylgdu Abram \u00e1 braut og konu hans og \u00f6llu sem hann \u00e1tti.<\/p>\n","protected":false},"excerpt":{"rendered":"<p>Abraham, \u00cdsak og Jakob Abram fer til fyrirheitna landsins 1 Drottinn sag\u00f0i vi\u00f0 Abram: [ \u201eFar \u00fe\u00fa burt \u00far landi \u00fe\u00ednu, fr\u00e1 \u00e6ttf\u00f3lki \u00fe\u00ednu og \u00far h\u00fasi f\u00f6\u00f0ur \u00fe\u00edns til landsins sem \u00e9g mun v\u00edsa \u00fe\u00e9r \u00e1. 2 \u00c9g mun gera \u00feig a\u00f0 mikilli \u00fej\u00f3\u00f0 og blessa \u00feig og gera nafn \u00feitt miki\u00f0. Blessun skalt \u00fe\u00fa vera. 3 \u00c9g mun lei\u00f0a blessun yfir \u00fe\u00e1 sem blessa \u00feig og b\u00f6lvun yfir \u00feann sem form\u00e6lir \u00fe\u00e9r. Allar \u00e6ttkv\u00edslir jar\u00f0arinnar munu af \u00fe\u00e9r blessun hlj\u00f3ta.\u201c 4 \u00de\u00e1 lag\u00f0i Abram af sta\u00f0 eins og Drottinn haf\u00f0i sagt honum og Lot f\u00f3r me\u00f0 honum. Abram <a href=\"https:\/\/biblian.is\/biblian\/fyrsta-mosebok-12-kafli\/\"> [&#8230;]<\/a><\/p>\n","protected":false},"author":1,"featured_media":0,"parent":0,"menu_order":0,"comment_status":"open","ping_status":"open","template":"bibliukaflar_NT.php","meta":{"footnotes":""},"class_list":["post-1629","page","type-page","status-publish","hentry"],"_links":{"self":[{"href":"https:\/\/biblian.is\/biblian\/wp-json\/wp\/v2\/pages\/1629","targetHints":{"allow":["GET"]}}],"collection":[{"href":"https:\/\/biblian.is\/biblian\/wp-json\/wp\/v2\/pages"}],"about":[{"href":"https:\/\/biblian.is\/biblian\/wp-json\/wp\/v2\/types\/page"}],"author":[{"embeddable":true,"href":"https:\/\/biblian.is\/biblian\/wp-json\/wp\/v2\/users\/1"}],"replies":[{"embeddable":true,"href":"https:\/\/biblian.is\/biblian\/wp-json\/wp\/v2\/comments?post=1629"}],"version-history":[{"count":0,"href":"https:\/\/biblian.is\/biblian\/wp-json\/wp\/v2\/pages\/1629\/revisions"}],"wp:attachment":[{"href":"https:\/\/biblian.is\/biblian\/wp-json\/wp\/v2\/media?parent=1629"}],"curies":[{"name":"wp","href":"https:\/\/api.w.org\/{rel}","templated":true}]}}