{"id":1628,"date":"2017-12-30T20:59:45","date_gmt":"2017-12-30T20:59:45","guid":{"rendered":"http:\/\/biblian.is\/biblian\/fyrsta-m%c2%97seb%c2%97k-11-kafli\/"},"modified":"2022-12-16T13:42:47","modified_gmt":"2022-12-16T13:42:47","slug":"fyrsta-mosebok-11-kafli","status":"publish","type":"page","link":"https:\/\/biblian.is\/biblian\/fyrsta-mosebok-11-kafli\/","title":{"rendered":"Fyrsta M\u00f3seb\u00f3k 11. kafli"},"content":{"rendered":"<h3 class=\"millifyrirsogn_2007\">Babelsturn<\/h3>\n<p><a name=\"1\"><\/a><span class=\"versanumer_2007\">1<\/span> Allir jar\u00f0arb\u00faar t\u00f6lu\u00f0u s\u00f6mu tungu og notu\u00f0u s\u00f6mu or\u00f0. <a name=\"2\"><\/a><span class=\"versanumer_2007\">2<\/span> Svo bar vi\u00f0 er \u00feeir fluttust a\u00f0 austan a\u00f0 \u00feeir fundu l\u00e1gsl\u00e9ttu \u00ed S\u00ednearlandi og settust \u00fear a\u00f0. <a name=\"3\"><\/a><span class=\"versanumer_2007\">3<\/span> \u00de\u00e1 s\u00f6g\u00f0u \u00feeir hver vi\u00f0 annan: \u201eKomum n\u00fa og b\u00faum til t\u00edgulsteina og brennum \u00fe\u00e1 \u00ed eldi.\u201c \u00deeir notu\u00f0u t\u00edgulsteina \u00ed sta\u00f0 grj\u00f3ts og bik \u00ed sta\u00f0 steinl\u00edms.<br \/>\n<a name=\"4\"><\/a><span class=\"versanumer_2007\">4<\/span> Og \u00feeir s\u00f6g\u00f0u: \u201eKomum n\u00fa, byggjum okkur borg og turn sem n\u00e1i til himins. \u00dear me\u00f0 ver\u00f0um vi\u00f0 fr\u00e6gir en tv\u00edstrumst ekki um alla j\u00f6r\u00f0ina.\u201c<br \/>\n<a name=\"5\"><\/a><span class=\"versanumer_2007\">5<\/span> \u00de\u00e1 steig Drottinn ni\u00f0ur til \u00feess a\u00f0 sj\u00e1 borgina og turninn sem mennirnir h\u00f6f\u00f0u byggt.<br \/>\n<a name=\"6\"><\/a><span class=\"versanumer_2007\">6<\/span> Og Drottinn sag\u00f0i: \u201eN\u00fa eru \u00feeir ein \u00fej\u00f3\u00f0 og tala s\u00f6mu tungu. \u00deetta er a\u00f0eins upphaf \u00feess sem \u00feeir munu taka s\u00e9r fyrir hendur. H\u00e9r eftir mun ekkert ver\u00f0a \u00feeim um megn sem \u00feeir \u00e6tla s\u00e9r. <a name=\"7\"><\/a><span class=\"versanumer_2007\">7<\/span> St\u00edgum n\u00fa ni\u00f0ur og ruglum tungum\u00e1l \u00feeirra svo a\u00f0 enginn skilji annars m\u00e1l.\u201c<br \/>\n<a name=\"8\"><\/a><span class=\"versanumer_2007\">8<\/span> Og Drottinn tv\u00edstra\u00f0i \u00feeim \u00fea\u00f0an um alla j\u00f6r\u00f0ina og \u00feeir h\u00e6ttu vi\u00f0 a\u00f0 byggja borgina. <a name=\"9\"><\/a><span class=\"versanumer_2007\">9<\/span> Af \u00feeim s\u00f6kum heitir h\u00fan Babel <span class=\"nedan_mal\" title=\" Babel merkir ruglingur.\">[<\/span> a\u00f0 \u00fear rugla\u00f0i Drottinn tungum\u00e1l allrar jar\u00f0arinnar og \u00fea\u00f0an tv\u00edstra\u00f0i hann \u00feeim um alla j\u00f6r\u00f0ina.<\/p>\n<h3 class=\"millifyrirsogn_2007\">Ni\u00f0jar Sems<\/h3>\n<p><a name=\"10\"><\/a><span class=\"versanumer_2007\">10<\/span> \u00deetta er \u00e6ttartala Sems. Sem var hundra\u00f0 \u00e1ra er hann gat Arpaksad, tveimur \u00e1rum eftir fl\u00f3\u00f0i\u00f0. <a name=\"11\"><\/a><span class=\"versanumer_2007\">11<\/span> Eftir f\u00e6\u00f0ingu Arpaksads lif\u00f0i Sem \u00ed fimm hundru\u00f0 \u00e1r og gat syni og d\u00e6tur.<br \/>\n<a name=\"12\"><\/a><span class=\"versanumer_2007\">12<\/span> Arpaksad var \u00ferj\u00e1t\u00edu og fimm \u00e1ra er hann gat Sela. <a name=\"13\"><\/a><span class=\"versanumer_2007\">13<\/span> Eftir f\u00e6\u00f0ingu Sela lif\u00f0i Arpaksad \u00ed fj\u00f6gur hundru\u00f0 og \u00ferj\u00fa \u00e1r og gat syni og d\u00e6tur.<br \/>\n<a name=\"14\"><\/a><span class=\"versanumer_2007\">14<\/span> Sela var \u00ferj\u00e1t\u00edu \u00e1ra er hann gat Eber. <a name=\"15\"><\/a><span class=\"versanumer_2007\">15<\/span> Eftir f\u00e6\u00f0ingu Ebers lif\u00f0i Sela \u00ed fj\u00f6gur hundru\u00f0 og \u00ferj\u00fa \u00e1r og gat syni og d\u00e6tur.<br \/>\n<a name=\"16\"><\/a><span class=\"versanumer_2007\">16<\/span> Eber var \u00ferj\u00e1t\u00edu og fj\u00f6gurra \u00e1ra er hann gat Peleg. <a name=\"17\"><\/a><span class=\"versanumer_2007\">17<\/span> Eftir f\u00e6\u00f0ingu Pelegs lif\u00f0i Eber \u00ed fj\u00f6gur hundru\u00f0 og \u00ferj\u00e1t\u00edu \u00e1r og gat syni og d\u00e6tur.<br \/>\n<a name=\"18\"><\/a><span class=\"versanumer_2007\">18<\/span> Peleg var \u00ferj\u00e1t\u00edu \u00e1ra er hann gat Re\u00fa. <a name=\"19\"><\/a><span class=\"versanumer_2007\">19<\/span> Eftir f\u00e6\u00f0ingu Re\u00fa lif\u00f0i Peleg \u00ed tv\u00f6 hundru\u00f0 og n\u00edu \u00e1r og gat syni og d\u00e6tur.<br \/>\n<a name=\"20\"><\/a><span class=\"versanumer_2007\">20<\/span> Re\u00fa var \u00ferj\u00e1t\u00edu og tveggja \u00e1ra er hann gat Ser\u00fag. <a name=\"21\"><\/a><span class=\"versanumer_2007\">21<\/span> Eftir f\u00e6\u00f0ingu Ser\u00fags lif\u00f0i Re\u00fa \u00ed tv\u00f6 hundru\u00f0 og sj\u00f6 \u00e1r og gat syni og d\u00e6tur.<br \/>\n<a name=\"22\"><\/a><span class=\"versanumer_2007\">22<\/span> Ser\u00fag var \u00ferj\u00e1t\u00edu \u00e1ra er hann gat Nahor. <a name=\"23\"><\/a><span class=\"versanumer_2007\">23<\/span> Eftir f\u00e6\u00f0ingu Nahors lif\u00f0i Ser\u00fag \u00ed tv\u00f6 hundru\u00f0 \u00e1r og gat syni og d\u00e6tur.<br \/>\n<a name=\"24\"><\/a><span class=\"versanumer_2007\">24<\/span> Nahor var tuttugu og n\u00edu \u00e1ra er hann gat Tera. <a name=\"25\"><\/a><span class=\"versanumer_2007\">25<\/span> Eftir f\u00e6\u00f0ingu Tera lif\u00f0i Nahor \u00ed hundra\u00f0 og n\u00edtj\u00e1n \u00e1r og gat syni og d\u00e6tur.<br \/>\n<a name=\"26\"><\/a><span class=\"versanumer_2007\">26<\/span> Tera var sj\u00f6t\u00edu \u00e1ra er hann gat Abram, Nahor og Haran.<\/p>\n<h3 class=\"millifyrirsogn_2007\">Ni\u00f0jar Tera<\/h3>\n<p><a name=\"27\"><\/a><span class=\"versanumer_2007\">27<\/span> \u00deetta er \u00e6ttartala Tera:<br \/>\nTera gat Abram, Nahor og Haran. Og Haran gat Lot. <a name=\"28\"><\/a><span class=\"versanumer_2007\">28<\/span> Haran d\u00f3 \u00e1 undan Tera, f\u00f6\u00f0ur s\u00ednum, \u00ed landi \u00dar \u00ed Kaldeu \u00fear sem hann f\u00e6ddist.<br \/>\n<a name=\"29\"><\/a><span class=\"versanumer_2007\">29<\/span> \u00deeir Abram og Nahor t\u00f3ku s\u00e9r konur. Kona Abrams h\u00e9t Sara\u00ed en kona Nahors Milka. Var h\u00fan d\u00f3ttir Harans, f\u00f6\u00f0ur Milku og \u00cdsku. <a name=\"30\"><\/a><span class=\"versanumer_2007\">30<\/span> En Sara\u00ed var \u00f3byrja. H\u00fan \u00e1tti ekki barn.<br \/>\n<a name=\"31\"><\/a><span class=\"versanumer_2007\">31<\/span> N\u00fa t\u00f3k Tera Abram, son sinn, og Lot, sonarson sinn, son Harans, og Sara\u00ed, tengdad\u00f3ttur s\u00edna, konu Abrams, sonar s\u00edns, og \u00feau l\u00f6g\u00f0u af sta\u00f0 fr\u00e1 \u00dar \u00ed Kaldeu \u00e1lei\u00f0is til Kanaanslands. \u00deau komu til Harran og settust \u00fear a\u00f0.<br \/>\n<a name=\"32\"><\/a><span class=\"versanumer_2007\">32<\/span> \u00c6vidagar Tera ur\u00f0u tv\u00f6 hundru\u00f0 og fimm \u00e1r. \u00de\u00e1 anda\u00f0ist Tera \u00ed Harran.<\/p>\n","protected":false},"excerpt":{"rendered":"<p>Babelsturn 1 Allir jar\u00f0arb\u00faar t\u00f6lu\u00f0u s\u00f6mu tungu og notu\u00f0u s\u00f6mu or\u00f0. 2 Svo bar vi\u00f0 er \u00feeir fluttust a\u00f0 austan a\u00f0 \u00feeir fundu l\u00e1gsl\u00e9ttu \u00ed S\u00ednearlandi og settust \u00fear a\u00f0. 3 \u00de\u00e1 s\u00f6g\u00f0u \u00feeir hver vi\u00f0 annan: \u201eKomum n\u00fa og b\u00faum til t\u00edgulsteina og brennum \u00fe\u00e1 \u00ed eldi.\u201c \u00deeir notu\u00f0u t\u00edgulsteina \u00ed sta\u00f0 grj\u00f3ts og bik \u00ed sta\u00f0 steinl\u00edms. 4 Og \u00feeir s\u00f6g\u00f0u: \u201eKomum n\u00fa, byggjum okkur borg og turn sem n\u00e1i til himins. \u00dear me\u00f0 ver\u00f0um vi\u00f0 fr\u00e6gir en tv\u00edstrumst ekki um alla j\u00f6r\u00f0ina.\u201c 5 \u00de\u00e1 steig Drottinn ni\u00f0ur til \u00feess a\u00f0 sj\u00e1 borgina og turninn sem mennirnir h\u00f6f\u00f0u <a href=\"https:\/\/biblian.is\/biblian\/fyrsta-mosebok-11-kafli\/\"> [&#8230;]<\/a><\/p>\n","protected":false},"author":1,"featured_media":0,"parent":0,"menu_order":0,"comment_status":"open","ping_status":"open","template":"bibliukaflar_NT.php","meta":{"footnotes":""},"class_list":["post-1628","page","type-page","status-publish","hentry"],"_links":{"self":[{"href":"https:\/\/biblian.is\/biblian\/wp-json\/wp\/v2\/pages\/1628","targetHints":{"allow":["GET"]}}],"collection":[{"href":"https:\/\/biblian.is\/biblian\/wp-json\/wp\/v2\/pages"}],"about":[{"href":"https:\/\/biblian.is\/biblian\/wp-json\/wp\/v2\/types\/page"}],"author":[{"embeddable":true,"href":"https:\/\/biblian.is\/biblian\/wp-json\/wp\/v2\/users\/1"}],"replies":[{"embeddable":true,"href":"https:\/\/biblian.is\/biblian\/wp-json\/wp\/v2\/comments?post=1628"}],"version-history":[{"count":0,"href":"https:\/\/biblian.is\/biblian\/wp-json\/wp\/v2\/pages\/1628\/revisions"}],"wp:attachment":[{"href":"https:\/\/biblian.is\/biblian\/wp-json\/wp\/v2\/media?parent=1628"}],"curies":[{"name":"wp","href":"https:\/\/api.w.org\/{rel}","templated":true}]}}