{"id":1627,"date":"2017-12-30T20:59:45","date_gmt":"2017-12-30T20:59:45","guid":{"rendered":"http:\/\/biblian.is\/biblian\/fyrsta-m%c2%97seb%c2%97k-10-kafli\/"},"modified":"2022-12-16T13:42:47","modified_gmt":"2022-12-16T13:42:47","slug":"fyrsta-mosebok-10-kafli","status":"publish","type":"page","link":"https:\/\/biblian.is\/biblian\/fyrsta-mosebok-10-kafli\/","title":{"rendered":"Fyrsta M\u00f3seb\u00f3k 10. kafli"},"content":{"rendered":"<h3 class=\"millifyrirsogn_2007\">\u00dej\u00f3\u00f0ir heims<\/h3>\n<p><a name=\"1\"><\/a><span class=\"versanumer_2007\">1<\/span> \u00deetta er \u00e6ttartala sona N\u00f3a, Sems, Kams og Jafets. \u00deeim f\u00e6ddust synir eftir fl\u00f3\u00f0i\u00f0.<br \/>\n<a name=\"2\"><\/a><span class=\"versanumer_2007\">2<\/span> Synir Jafets voru G\u00f3mer, Magog, Mada\u00ed, Javan, T\u00fabal, Mesek og T\u00edras.<br \/>\n<a name=\"3\"><\/a><span class=\"versanumer_2007\">3<\/span> Synir G\u00f3mers voru Askenas, R\u00edfat og T\u00f3garma.<br \/>\n<a name=\"4\"><\/a><span class=\"versanumer_2007\">4<\/span> Synir Javans voru El\u00edsa, Tarsis, Kitt\u00edm og R\u00f3dan\u00edm.<br \/>\n<a name=\"5\"><\/a><span class=\"versanumer_2007\">5<\/span> \u00dat fr\u00e1 ni\u00f0jum Jafets kv\u00edslu\u00f0ust ey\u00fej\u00f3\u00f0irnar \u00ed l\u00f6ndum s\u00ednum, s\u00e9rhver eftir tungu sinni, eftir \u00e6tt sinni og \u00fej\u00f3\u00f0erni.<br \/>\n<a name=\"6\"><\/a><span class=\"versanumer_2007\">6<\/span> Synir Kams voru K\u00fas, Misra\u00edm, P\u00fat og Kanaan.<br \/>\n<a name=\"7\"><\/a><span class=\"versanumer_2007\">7<\/span> Synir K\u00fass voru Seba, Hav\u00edla, Sabta, Ragma og Sabteka.<br \/>\nSynir Ragma voru Saba og Dedan.<br \/>\n<a name=\"8\"><\/a><span class=\"versanumer_2007\">8<\/span> K\u00fas gat Nimrod. Hann var fyrsti valdsma\u00f0urinn \u00e1 j\u00f6r\u00f0inni. <a name=\"9\"><\/a><span class=\"versanumer_2007\">9<\/span> Hann var mikill vei\u00f0ima\u00f0ur fyrir Drottni. \u00dev\u00ed er m\u00e1lt\u00e6ki\u00f0: \u201eMikill vei\u00f0ima\u00f0ur fyrir Drottni eins og Nimrod.\u201c <a name=\"10\"><\/a><span class=\"versanumer_2007\">10<\/span> Babel, Erek, Akkad og Kalne \u00ed S\u00ednearlandi voru stofninn \u00ed r\u00edki hans. <a name=\"11\"><\/a><span class=\"versanumer_2007\">11<\/span> Fr\u00e1 \u00fev\u00ed landi f\u00f3r hann til Ass\u00fdr\u00edu og bygg\u00f0i N\u00edn\u00edve, Reh\u00f3b\u00f3t-\u00cdr, Kala <a name=\"12\"><\/a><span class=\"versanumer_2007\">12<\/span> og einnig Resen, hina miklu borg milli N\u00edn\u00edve og Kala.<br \/>\n<a name=\"13\"><\/a><span class=\"versanumer_2007\">13<\/span> Misra\u00edm gat L\u00fad\u00edta, Anam\u00edta, Lehab\u00edta, Naft\u00fah\u00edta, <a name=\"14\"><\/a><span class=\"versanumer_2007\">14<\/span> Patr\u00fas\u00edta, Kasl\u00fak\u00edta og Kaft\u00f3r\u00edta en fr\u00e1 \u00feeim eru Filistear komnir.<br \/>\n<a name=\"15\"><\/a><span class=\"versanumer_2007\">15<\/span> Kanaan gat S\u00eddon, frumgetinn son sinn, og Het <a name=\"16\"><\/a><span class=\"versanumer_2007\">16<\/span> og einnig Jeb\u00fas\u00edta, Amor\u00edta og G\u00edrgas\u00edta, <a name=\"17\"><\/a><span class=\"versanumer_2007\">17<\/span> Hev\u00edta, Ark\u00edta, S\u00edn\u00edta, <a name=\"18\"><\/a><span class=\"versanumer_2007\">18<\/span> Arvad\u00edta, Semar\u00edta og Hamat\u00edta. Og s\u00ed\u00f0an breiddust \u00e6ttflokkar Kanverja \u00fat. <a name=\"19\"><\/a><span class=\"versanumer_2007\">19<\/span> Landamerki Kanverja eru fr\u00e1 S\u00eddon um Gerar og allt til Gasa. \u00de\u00e1 er stefnan um S\u00f3d\u00f3mu og G\u00f3morru og Adma og Seboj\u00edm, allt til Lasa.<br \/>\n<a name=\"20\"><\/a><span class=\"versanumer_2007\">20<\/span> \u00deessir voru synir Kams eftir \u00e6tt \u00feeirra, tungu, l\u00f6ndum og \u00fej\u00f3\u00f0erni.<br \/>\n<a name=\"21\"><\/a><span class=\"versanumer_2007\">21<\/span> Sem f\u00e6ddust einnig synir. Hann var \u00e6ttfa\u00f0ir allra Eberssona og eldri br\u00f3\u00f0ir Jafets.<br \/>\n<a name=\"22\"><\/a><span class=\"versanumer_2007\">22<\/span> Synir Sems voru Elam, Ass\u00far, Arpaksad, L\u00fad og Aram.<br \/>\n<a name=\"23\"><\/a><span class=\"versanumer_2007\">23<\/span> Synir Arams voru \u00das, H\u00fal, Geter og Mas.<br \/>\n<a name=\"24\"><\/a><span class=\"versanumer_2007\">24<\/span> Arpaksad gat Sela og Sela gat Eber.<br \/>\n<a name=\"25\"><\/a><span class=\"versanumer_2007\">25<\/span> Eber f\u00e6ddust tveir synir. H\u00e9t annar Peleg, \u00fev\u00ed a\u00f0 \u00e1 hans d\u00f6gum greindist f\u00f3lki\u00f0 \u00e1 j\u00f6r\u00f0inni, en br\u00f3\u00f0ir hans h\u00e9t Joktan.<br \/>\n<a name=\"26\"><\/a><span class=\"versanumer_2007\">26<\/span> Joktan gat Alm\u00f3dad, Selef, Hasarmavet, Jara, <a name=\"27\"><\/a><span class=\"versanumer_2007\">27<\/span> Had\u00f3ram, \u00dasal, Dikla, <a name=\"28\"><\/a><span class=\"versanumer_2007\">28<\/span> \u00d3bal, Ab\u00edmael, Seba, <a name=\"29\"><\/a><span class=\"versanumer_2007\">29<\/span> \u00d3f\u00edr, Hav\u00edla og J\u00f3bab. Allir \u00feessir voru synir Joktans. <a name=\"30\"><\/a><span class=\"versanumer_2007\">30<\/span> Heimkynni \u00feeirra voru fr\u00e1 Mesa um Sefar og allt til austurfjallanna.<br \/>\n<a name=\"31\"><\/a><span class=\"versanumer_2007\">31<\/span> \u00deessir voru synir Sems eftir \u00e6tt \u00feeirra, tungu, l\u00f6ndum \u00feeirra og \u00fej\u00f3\u00f0erni.<br \/>\n<a name=\"32\"><\/a><span class=\"versanumer_2007\">32<\/span> \u00deessar voru \u00e6ttir sona N\u00f3a eftir uppruna \u00feeirra og \u00fej\u00f3\u00f0erni. Og fr\u00e1 \u00feeim kv\u00edslu\u00f0ust \u00fej\u00f3\u00f0irnar \u00fat um j\u00f6r\u00f0ina eftir fl\u00f3\u00f0i\u00f0.<\/p>\n","protected":false},"excerpt":{"rendered":"<p>\u00dej\u00f3\u00f0ir heims 1 \u00deetta er \u00e6ttartala sona N\u00f3a, Sems, Kams og Jafets. \u00deeim f\u00e6ddust synir eftir fl\u00f3\u00f0i\u00f0. 2 Synir Jafets voru G\u00f3mer, Magog, Mada\u00ed, Javan, T\u00fabal, Mesek og T\u00edras. 3 Synir G\u00f3mers voru Askenas, R\u00edfat og T\u00f3garma. 4 Synir Javans voru El\u00edsa, Tarsis, Kitt\u00edm og R\u00f3dan\u00edm. 5 \u00dat fr\u00e1 ni\u00f0jum Jafets kv\u00edslu\u00f0ust ey\u00fej\u00f3\u00f0irnar \u00ed l\u00f6ndum s\u00ednum, s\u00e9rhver eftir tungu sinni, eftir \u00e6tt sinni og \u00fej\u00f3\u00f0erni. 6 Synir Kams voru K\u00fas, Misra\u00edm, P\u00fat og Kanaan. 7 Synir K\u00fass voru Seba, Hav\u00edla, Sabta, Ragma og Sabteka. Synir Ragma voru Saba og Dedan. 8 K\u00fas gat Nimrod. Hann var fyrsti valdsma\u00f0urinn \u00e1 j\u00f6r\u00f0inni. <a href=\"https:\/\/biblian.is\/biblian\/fyrsta-mosebok-10-kafli\/\"> [&#8230;]<\/a><\/p>\n","protected":false},"author":1,"featured_media":0,"parent":0,"menu_order":0,"comment_status":"open","ping_status":"open","template":"bibliukaflar_NT.php","meta":{"footnotes":""},"class_list":["post-1627","page","type-page","status-publish","hentry"],"_links":{"self":[{"href":"https:\/\/biblian.is\/biblian\/wp-json\/wp\/v2\/pages\/1627","targetHints":{"allow":["GET"]}}],"collection":[{"href":"https:\/\/biblian.is\/biblian\/wp-json\/wp\/v2\/pages"}],"about":[{"href":"https:\/\/biblian.is\/biblian\/wp-json\/wp\/v2\/types\/page"}],"author":[{"embeddable":true,"href":"https:\/\/biblian.is\/biblian\/wp-json\/wp\/v2\/users\/1"}],"replies":[{"embeddable":true,"href":"https:\/\/biblian.is\/biblian\/wp-json\/wp\/v2\/comments?post=1627"}],"version-history":[{"count":0,"href":"https:\/\/biblian.is\/biblian\/wp-json\/wp\/v2\/pages\/1627\/revisions"}],"wp:attachment":[{"href":"https:\/\/biblian.is\/biblian\/wp-json\/wp\/v2\/media?parent=1627"}],"curies":[{"name":"wp","href":"https:\/\/api.w.org\/{rel}","templated":true}]}}