{"id":1626,"date":"2017-12-30T20:59:45","date_gmt":"2017-12-30T20:59:45","guid":{"rendered":"http:\/\/biblian.is\/biblian\/fyrsta-m%c2%97seb%c2%97k-9-kafli\/"},"modified":"2022-12-16T13:43:06","modified_gmt":"2022-12-16T13:43:06","slug":"fyrsta-mosebok-9-kafli","status":"publish","type":"page","link":"https:\/\/biblian.is\/biblian\/fyrsta-mosebok-9-kafli\/","title":{"rendered":"Fyrsta M\u00f3seb\u00f3k 9. kafli"},"content":{"rendered":"<h3 class=\"millifyrirsogn_2007\">S\u00e1ttm\u00e1li Gu\u00f0s vi\u00f0 N\u00f3a<\/h3>\n<p><a name=\"1\"><\/a><span class=\"versanumer_2007\">1<\/span> Gu\u00f0 blessa\u00f0i N\u00f3a og syni hans og sag\u00f0i vi\u00f0 \u00fe\u00e1: \u201eVeri\u00f0 frj\u00f3samir, fj\u00f6lgi\u00f0 ykkur og fylli\u00f0 j\u00f6r\u00f0ina. <a name=\"2\"><\/a><span class=\"versanumer_2007\">2<\/span> \u00d6ll d\u00fdr jar\u00f0arinnar, allir fuglar loftsins, allt kvikt \u00e1 j\u00f6r\u00f0inni og allir fiskar sj\u00e1varins skulu \u00f3ttast ykkur og hr\u00e6\u00f0ast. \u00c1 ykkar vald er \u00feetta gefi\u00f0. <a name=\"3\"><\/a><span class=\"versanumer_2007\">3<\/span> Allt sem hr\u00e6rist og lifir skal vera ykkur til f\u00e6\u00f0u eins og var um gr\u00e6nu gr\u00f6sin en n\u00fa gef \u00e9g ykkur allt. <a name=\"4\"><\/a><span class=\"versanumer_2007\">4<\/span> En kj\u00f6ts sem l\u00edf er enn \u00ed, \u00fea\u00f0 er bl\u00f3\u00f0i\u00f0, skulu\u00f0 \u00fei\u00f0 ekki neyta. <a name=\"5\"><\/a><span class=\"versanumer_2007\">5<\/span> \u00c9g mun krefjast reikningsskapar fyrir bl\u00f3\u00f0 ykkar, l\u00edf ykkar, \u00e9g mun krefjast \u00feess af s\u00e9rhverri skepnu. \u00dar hendi manns mun \u00e9g krefjast reikningsskapar fyrir l\u00edf mannsins, af hverjum manni fyrir l\u00edf br\u00f3\u00f0ur hans.<br \/>\n<span class=\"ljodatexti\"> <a name=\"6\"><\/a><span class=\"versanumer_ljod\">6<\/span>Hver sem \u00fathellir bl\u00f3\u00f0i manns,<br \/>\nhans bl\u00f3\u00f0i skal og \u00fathellt ver\u00f0a af manni,<br \/>\n\u00fev\u00ed a\u00f0 \u00ed mynd sinni<br \/>\nskapa\u00f0i Gu\u00f0 manninn. <\/span><br \/>\n<a name=\"7\"><\/a><span class=\"versanumer_2007\">7<\/span> Veri\u00f0 frj\u00f3s\u00f6m, fj\u00f6lgi\u00f0 ykkur, veri\u00f0 fj\u00f6lmenn \u00e1 j\u00f6r\u00f0inni og margfaldist \u00e1 henni.\u201c<br \/>\n<a name=\"8\"><\/a><span class=\"versanumer_2007\">8<\/span> Gu\u00f0 sag\u00f0i vi\u00f0 N\u00f3a og syni hans sem me\u00f0 honum voru: <a name=\"9\"><\/a><span class=\"versanumer_2007\">9<\/span> \u201e\u00c9g stofna n\u00fa til s\u00e1ttm\u00e1la vi\u00f0 ykkur og ni\u00f0ja ykkar <a name=\"10\"><\/a><span class=\"versanumer_2007\">10<\/span> og allar lifandi skepnur sem me\u00f0 ykkur eru, b\u00e6\u00f0i vi\u00f0 fugla, b\u00faf\u00e9 og \u00f6ll d\u00fdr merkurinnar me\u00f0 ykkur, vi\u00f0 allt sem \u00fat \u00far \u00f6rkinni gekk, \u00fea\u00f0 er \u00f6ll d\u00fdr merkurinnar. <a name=\"11\"><\/a><span class=\"versanumer_2007\">11<\/span> \u00c9g stofna til s\u00e1ttm\u00e1la vi\u00f0 ykkur: Aldrei framar skal allt hold tort\u00edmast \u00ed vatnsfl\u00f3\u00f0i. Aldrei framar mun fl\u00f3\u00f0 koma og ey\u00f0a j\u00f6r\u00f0ina.\u201c<br \/>\n<a name=\"12\"><\/a><span class=\"versanumer_2007\">12<\/span> Og Gu\u00f0 sag\u00f0i: \u201e\u00deetta er t\u00e1kn s\u00e1ttm\u00e1lans fyrir allar \u00f3komnar aldir sem \u00e9g stofna til milli m\u00edn og ykkar og allra lifandi skepna sem hj\u00e1 ykkur eru. <a name=\"13\"><\/a><span class=\"versanumer_2007\">13<\/span> Boga minn hef \u00e9g sett \u00ed sk\u00fdin. Hann skal vera t\u00e1kn s\u00e1ttm\u00e1lans milli m\u00edn og jar\u00f0arinnar. <a name=\"14\"><\/a><span class=\"versanumer_2007\">14<\/span> \u00deegar \u00e9g f\u00e6ri sk\u00fd yfir j\u00f6r\u00f0ina og boginn s\u00e9st \u00ed sk\u00fdjunum <a name=\"15\"><\/a><span class=\"versanumer_2007\">15<\/span> mun \u00e9g minnast s\u00e1ttm\u00e1lans milli m\u00edn og ykkar og allra lifandi skepna, alls holds, og aldrei framar skal vatni\u00f0 ver\u00f0a a\u00f0 fl\u00f3\u00f0i sem tort\u00edmir \u00f6llu l\u00edfi. <a name=\"16\"><\/a><span class=\"versanumer_2007\">16<\/span> Hverju sinni sem boginn stendur \u00ed sk\u00fdjunum mun \u00e9g sj\u00e1 hann og minnast hins eil\u00edfa s\u00e1ttm\u00e1la milli Gu\u00f0s og allra lifandi vera, alls sem lifir \u00e1 j\u00f6r\u00f0inni.\u201c<br \/>\n<a name=\"17\"><\/a><span class=\"versanumer_2007\">17<\/span> Og Gu\u00f0 sag\u00f0i vi\u00f0 N\u00f3a: \u201e\u00deetta er t\u00e1kn s\u00e1ttm\u00e1lans sem \u00e9g hef stofna\u00f0 til milli m\u00edn og alls sem lifir \u00e1 j\u00f6r\u00f0inni.\u201c<\/p>\n<h3 class=\"millifyrirsogn_2007\">Synir N\u00f3a<\/h3>\n<p><a name=\"18\"><\/a><span class=\"versanumer_2007\">18<\/span> Synir N\u00f3a, er gengu \u00far \u00f6rkinni, voru Sem, Kam og Jafet, en Kam var fa\u00f0ir Kanaans. <a name=\"19\"><\/a><span class=\"versanumer_2007\">19<\/span> \u00deessir voru \u00fer\u00edr synir N\u00f3a og fr\u00e1 \u00feeim bygg\u00f0ist \u00f6ll j\u00f6r\u00f0in.<br \/>\n<a name=\"20\"><\/a><span class=\"versanumer_2007\">20<\/span> N\u00f3i var akuryrkjuma\u00f0ur og fyrstur til a\u00f0 planta v\u00edngar\u00f0. <a name=\"21\"><\/a><span class=\"versanumer_2007\">21<\/span> Drakk hann af v\u00edninu og var\u00f0 drukkinn og l\u00e1 nakinn \u00ed tjaldi s\u00ednu. <a name=\"22\"><\/a><span class=\"versanumer_2007\">22<\/span> Kam, fa\u00f0ir Kanaans, s\u00e1 nekt f\u00f6\u00f0ur s\u00edns og sag\u00f0i b\u00e1\u00f0um br\u00e6\u00f0rum s\u00ednum fr\u00e1 sem \u00fati voru. <a name=\"23\"><\/a><span class=\"versanumer_2007\">23<\/span> \u00de\u00e1 t\u00f3ku \u00feeir Sem og Jafet skikkju, l\u00f6g\u00f0u \u00e1 her\u00f0ar s\u00e9r og gengu aftur \u00e1 bak og huldu nekt f\u00f6\u00f0ur s\u00edns. \u00deeir sneru s\u00e9r undan og s\u00e1u ekki nekt hans.<br \/>\n<a name=\"24\"><\/a><span class=\"versanumer_2007\">24<\/span> N\u00f3i vakna\u00f0i af v\u00edmunni og var\u00f0 \u00feess \u00e1skynja hva\u00f0 yngsti sonur hans haf\u00f0i gert honum. <a name=\"25\"><\/a><span class=\"versanumer_2007\">25<\/span> Hann m\u00e6lti:<br \/>\n<span class=\"ljodatexti\"> B\u00f6lvun hv\u00edli \u00e1 Kanaan.<br \/>\nAuvir\u00f0ilegur \u00fer\u00e6ll br\u00e6\u00f0ra sinna s\u00e9 hann. <\/span><br \/>\n<a name=\"26\"><\/a><span class=\"versanumer_2007\">26<\/span> Og hann m\u00e6lti:<br \/>\n<span class=\"ljodatexti\"> Lofa\u00f0ur s\u00e9 Drottinn,<br \/>\nGu\u00f0 Sems.<br \/>\nKanaan s\u00e9 \u00fer\u00e6ll Sems.<br \/>\n<\/span> <span class=\"ljodatexti\"> <a name=\"27\"><\/a><span class=\"versanumer_ljod\">27<\/span> Gu\u00f0 gefi Jafet miki\u00f0 landr\u00fdmi<br \/>\nog l\u00e1ti hann b\u00faa \u00ed tjaldb\u00fa\u00f0um Sems<br \/>\nen Kanaan s\u00e9 \u00fer\u00e6ll \u00feeirra. <\/span><br \/>\n<a name=\"28\"><\/a><span class=\"versanumer_2007\">28<\/span> N\u00f3i lif\u00f0i \u00ferj\u00fa hundru\u00f0 og fimmt\u00edu \u00e1r eftir fl\u00f3\u00f0i\u00f0. <a name=\"29\"><\/a><span class=\"versanumer_2007\">29<\/span> Alls ur\u00f0u dagar N\u00f3a n\u00edu hundru\u00f0 og fimmt\u00edu \u00e1r. \u00de\u00e1 anda\u00f0ist hann.<\/p>\n","protected":false},"excerpt":{"rendered":"<p>S\u00e1ttm\u00e1li Gu\u00f0s vi\u00f0 N\u00f3a 1 Gu\u00f0 blessa\u00f0i N\u00f3a og syni hans og sag\u00f0i vi\u00f0 \u00fe\u00e1: \u201eVeri\u00f0 frj\u00f3samir, fj\u00f6lgi\u00f0 ykkur og fylli\u00f0 j\u00f6r\u00f0ina. 2 \u00d6ll d\u00fdr jar\u00f0arinnar, allir fuglar loftsins, allt kvikt \u00e1 j\u00f6r\u00f0inni og allir fiskar sj\u00e1varins skulu \u00f3ttast ykkur og hr\u00e6\u00f0ast. \u00c1 ykkar vald er \u00feetta gefi\u00f0. 3 Allt sem hr\u00e6rist og lifir skal vera ykkur til f\u00e6\u00f0u eins og var um gr\u00e6nu gr\u00f6sin en n\u00fa gef \u00e9g ykkur allt. 4 En kj\u00f6ts sem l\u00edf er enn \u00ed, \u00fea\u00f0 er bl\u00f3\u00f0i\u00f0, skulu\u00f0 \u00fei\u00f0 ekki neyta. 5 \u00c9g mun krefjast reikningsskapar fyrir bl\u00f3\u00f0 ykkar, l\u00edf ykkar, \u00e9g mun krefjast \u00feess <a href=\"https:\/\/biblian.is\/biblian\/fyrsta-mosebok-9-kafli\/\"> [&#8230;]<\/a><\/p>\n","protected":false},"author":1,"featured_media":0,"parent":0,"menu_order":0,"comment_status":"open","ping_status":"open","template":"bibliukaflar_NT.php","meta":{"footnotes":""},"class_list":["post-1626","page","type-page","status-publish","hentry"],"_links":{"self":[{"href":"https:\/\/biblian.is\/biblian\/wp-json\/wp\/v2\/pages\/1626","targetHints":{"allow":["GET"]}}],"collection":[{"href":"https:\/\/biblian.is\/biblian\/wp-json\/wp\/v2\/pages"}],"about":[{"href":"https:\/\/biblian.is\/biblian\/wp-json\/wp\/v2\/types\/page"}],"author":[{"embeddable":true,"href":"https:\/\/biblian.is\/biblian\/wp-json\/wp\/v2\/users\/1"}],"replies":[{"embeddable":true,"href":"https:\/\/biblian.is\/biblian\/wp-json\/wp\/v2\/comments?post=1626"}],"version-history":[{"count":0,"href":"https:\/\/biblian.is\/biblian\/wp-json\/wp\/v2\/pages\/1626\/revisions"}],"wp:attachment":[{"href":"https:\/\/biblian.is\/biblian\/wp-json\/wp\/v2\/media?parent=1626"}],"curies":[{"name":"wp","href":"https:\/\/api.w.org\/{rel}","templated":true}]}}