{"id":1625,"date":"2017-12-30T20:59:45","date_gmt":"2017-12-30T20:59:45","guid":{"rendered":"http:\/\/biblian.is\/biblian\/fyrsta-m%c2%97seb%c2%97k-8-kafli\/"},"modified":"2022-12-16T13:43:06","modified_gmt":"2022-12-16T13:43:06","slug":"fyrsta-mosebok-8-kafli","status":"publish","type":"page","link":"https:\/\/biblian.is\/biblian\/fyrsta-mosebok-8-kafli\/","title":{"rendered":"Fyrsta M\u00f3seb\u00f3k 8. kafli"},"content":{"rendered":"<h3 class=\"millifyrirsogn_2007\">Fl\u00f3\u00f0inu linnir<\/h3>\n<p><a name=\"1\"><\/a><span class=\"versanumer_2007\">1<\/span> \u00de\u00e1 minntist Gu\u00f0 N\u00f3a og allra d\u00fdranna og alls b\u00fafj\u00e1rins sem me\u00f0 honum var \u00ed \u00f6rkinni. Gu\u00f0 l\u00e9t vind bl\u00e1sa yfir j\u00f6r\u00f0ina og sjatna\u00f0i \u00fe\u00e1 vatni\u00f0. <a name=\"2\"><\/a><span class=\"versanumer_2007\">2<\/span> Uppsprettur hins mikla dj\u00faps og fl\u00f3\u00f0g\u00e1ttir himinsins lukust aftur og steypiregninu af himnum linnti. <a name=\"3\"><\/a><span class=\"versanumer_2007\">3<\/span> Vatni\u00f0 r\u00e9na\u00f0i sm\u00e1m saman \u00e1 j\u00f6r\u00f0inni. A\u00f0 hundra\u00f0 og fimmt\u00edu d\u00f6gum li\u00f0num \u00fevarr \u00fea\u00f0 <a name=\"4\"><\/a><span class=\"versanumer_2007\">4<\/span> og \u00f6rkin kenndi grunns \u00e1 Araratsfj\u00f6llum \u00ed sj\u00f6unda m\u00e1nu\u00f0inum, \u00e1 sautj\u00e1nda degi m\u00e1na\u00f0arins. <a name=\"5\"><\/a><span class=\"versanumer_2007\">5<\/span> Vatni\u00f0 var a\u00f0 r\u00e9na allt til t\u00edunda m\u00e1na\u00f0ar. \u00c1 fyrsta degi hins t\u00edunda m\u00e1na\u00f0ar s\u00e1ust fjallatindarnir.<br \/>\n<a name=\"6\"><\/a><span class=\"versanumer_2007\">6<\/span> A\u00f0 li\u00f0num fj\u00f6rut\u00edu d\u00f6gum lauk N\u00f3i upp glugga arkarinnar sem hann haf\u00f0i gert <a name=\"7\"><\/a><span class=\"versanumer_2007\">7<\/span> og sendi \u00fat hrafn. Hann flaug fram og aftur uns vatni\u00f0 \u00feorna\u00f0i \u00e1 j\u00f6r\u00f0inni. <a name=\"8\"><\/a><span class=\"versanumer_2007\">8<\/span> \u00de\u00e1 sendi hann fr\u00e1 s\u00e9r d\u00fafu til a\u00f0 g\u00e6ta a\u00f0 \u00fev\u00ed hvort vatni\u00f0 v\u00e6ri \u00feorri\u00f0 \u00e1 j\u00f6r\u00f0inni. <a name=\"9\"><\/a><span class=\"versanumer_2007\">9<\/span> En d\u00fafan gat hvergi tyllt s\u00e9r og hvarf aftur til hans \u00ed \u00f6rkina \u00fev\u00ed a\u00f0 vatn var enn yfir j\u00f6r\u00f0inni allri. Hann r\u00e9tti \u00fat h\u00f6nd s\u00edna og t\u00f3k d\u00fafuna til s\u00edn \u00ed \u00f6rkina. <a name=\"10\"><\/a><span class=\"versanumer_2007\">10<\/span> Enn bei\u00f0 hann \u00ed sj\u00f6 daga en sendi \u00fe\u00e1 d\u00fafuna \u00f6\u00f0ru sinni \u00far \u00f6rkinni. <a name=\"11\"><\/a><span class=\"versanumer_2007\">11<\/span> D\u00fafan kom aftur til hans undir kv\u00f6ld og var \u00fe\u00e1 me\u00f0 gr\u00e6nt \u00f3l\u00edfuvi\u00f0arbla\u00f0 \u00ed nefinu. \u00de\u00e1 vissi N\u00f3i a\u00f0 vatni\u00f0 var \u00feorri\u00f0 af j\u00f6r\u00f0inni. <a name=\"12\"><\/a><span class=\"versanumer_2007\">12<\/span> Enn bei\u00f0 hann sj\u00f6 daga og l\u00e9t \u00fe\u00e1 d\u00fafuna \u00fat en h\u00fan sneri ekki aftur til hans.<br \/>\n<a name=\"13\"><\/a><span class=\"versanumer_2007\">13<\/span> \u00c1 sex hundra\u00f0asta og fyrsta \u00e6vi\u00e1ri N\u00f3a, \u00ed fyrsta m\u00e1nu\u00f0inum, \u00e1 fyrsta degi m\u00e1na\u00f0arins, var vatni\u00f0 \u00feorna\u00f0 \u00e1 j\u00f6r\u00f0inni. Og \u00feegar N\u00f3i t\u00f3k ofan \u00feekjuna af \u00f6rkinni s\u00e1 hann a\u00f0 yfirbor\u00f0 jar\u00f0arinnar var or\u00f0i\u00f0 \u00feurrt. <a name=\"14\"><\/a><span class=\"versanumer_2007\">14<\/span> \u00cd \u00f6\u00f0rum m\u00e1nu\u00f0inum, \u00e1 tuttugasta og sj\u00f6unda degi m\u00e1na\u00f0arins, var j\u00f6r\u00f0in al\u00feurr. <a name=\"15\"><\/a><span class=\"versanumer_2007\">15<\/span> Og Gu\u00f0 m\u00e6lti til N\u00f3a: <a name=\"16\"><\/a><span class=\"versanumer_2007\">16<\/span> \u201eGakk \u00fe\u00fa \u00far \u00f6rkinni, \u00fe\u00fa og kona \u00fe\u00edn og synir \u00fe\u00ednir og tengdad\u00e6tur \u00fe\u00ednar me\u00f0 \u00fe\u00e9r, <a name=\"17\"><\/a><span class=\"versanumer_2007\">17<\/span> og lei\u00f0 \u00fe\u00fa \u00fat \u00f6ll d\u00fdr sem me\u00f0 \u00fe\u00e9r eru, af \u00f6llum tegundum, af fugli, af b\u00faf\u00e9 og \u00f6llum skri\u00f0d\u00fdrum sem skr\u00ed\u00f0a \u00e1 j\u00f6r\u00f0inni, og \u00feau skulu margfaldast, ver\u00f0a frj\u00f3s\u00f6m og fj\u00f6lga s\u00e9r \u00e1 j\u00f6r\u00f0inni.\u201c<br \/>\n<a name=\"18\"><\/a><span class=\"versanumer_2007\">18<\/span> \u00de\u00e1 gekk N\u00f3i \u00fat og synir hans og kona hans og tengdad\u00e6tur hans me\u00f0 honum. <a name=\"19\"><\/a><span class=\"versanumer_2007\">19<\/span> \u00d6ll d\u00fdr, \u00f6ll skri\u00f0d\u00fdr og allir fuglar, allt sem j\u00f6r\u00f0in er kvik af kom \u00fat \u00far \u00f6rkinni eftir \u00e6ttum s\u00ednum.<br \/>\n<a name=\"20\"><\/a><span class=\"versanumer_2007\">20<\/span> \u00de\u00e1 reisti N\u00f3i Drottni altari, t\u00f3k af \u00f6llum hreinum d\u00fdrum og af \u00f6llum hreinum fuglum og f\u00e6r\u00f0i brennif\u00f3rn \u00e1 altarinu. <a name=\"21\"><\/a><span class=\"versanumer_2007\">21<\/span> Og Drottinn fann s\u00e6tan ilm og sag\u00f0i \u00ed hjarta s\u00ednu: \u201eEigi mun \u00e9g framar lei\u00f0a b\u00f6lvun yfir j\u00f6r\u00f0ina vegna mannsins \u00fe\u00f3tt hneig\u00f0ir mannsins s\u00e9u illar, allt fr\u00e1 \u00e6sku hans, og upp fr\u00e1 \u00feessu mun \u00e9g ekki framar gerey\u00f0a \u00fev\u00ed sem lifir eins og \u00e9g hef gert.<br \/>\n<span class=\"ljodatexti\"> <a name=\"22\"><\/a><span class=\"versanumer_ljod\">22<\/span> Svo lengi sem j\u00f6r\u00f0in stendur<br \/>\nskal hvorki linna s\u00e1ningu n\u00e9 uppskeru,<br \/>\nfrosti n\u00e9 hita,<br \/>\nsumri n\u00e9 vetri,<br \/>\ndegi n\u00e9 n\u00f3ttu.\u201c <\/span><\/p>\n","protected":false},"excerpt":{"rendered":"<p>Fl\u00f3\u00f0inu linnir 1 \u00de\u00e1 minntist Gu\u00f0 N\u00f3a og allra d\u00fdranna og alls b\u00fafj\u00e1rins sem me\u00f0 honum var \u00ed \u00f6rkinni. Gu\u00f0 l\u00e9t vind bl\u00e1sa yfir j\u00f6r\u00f0ina og sjatna\u00f0i \u00fe\u00e1 vatni\u00f0. 2 Uppsprettur hins mikla dj\u00faps og fl\u00f3\u00f0g\u00e1ttir himinsins lukust aftur og steypiregninu af himnum linnti. 3 Vatni\u00f0 r\u00e9na\u00f0i sm\u00e1m saman \u00e1 j\u00f6r\u00f0inni. A\u00f0 hundra\u00f0 og fimmt\u00edu d\u00f6gum li\u00f0num \u00fevarr \u00fea\u00f0 4 og \u00f6rkin kenndi grunns \u00e1 Araratsfj\u00f6llum \u00ed sj\u00f6unda m\u00e1nu\u00f0inum, \u00e1 sautj\u00e1nda degi m\u00e1na\u00f0arins. 5 Vatni\u00f0 var a\u00f0 r\u00e9na allt til t\u00edunda m\u00e1na\u00f0ar. \u00c1 fyrsta degi hins t\u00edunda m\u00e1na\u00f0ar s\u00e1ust fjallatindarnir. 6 A\u00f0 li\u00f0num fj\u00f6rut\u00edu d\u00f6gum lauk N\u00f3i upp glugga arkarinnar <a href=\"https:\/\/biblian.is\/biblian\/fyrsta-mosebok-8-kafli\/\"> [&#8230;]<\/a><\/p>\n","protected":false},"author":1,"featured_media":0,"parent":0,"menu_order":0,"comment_status":"open","ping_status":"open","template":"bibliukaflar_NT.php","meta":{"footnotes":""},"class_list":["post-1625","page","type-page","status-publish","hentry"],"_links":{"self":[{"href":"https:\/\/biblian.is\/biblian\/wp-json\/wp\/v2\/pages\/1625","targetHints":{"allow":["GET"]}}],"collection":[{"href":"https:\/\/biblian.is\/biblian\/wp-json\/wp\/v2\/pages"}],"about":[{"href":"https:\/\/biblian.is\/biblian\/wp-json\/wp\/v2\/types\/page"}],"author":[{"embeddable":true,"href":"https:\/\/biblian.is\/biblian\/wp-json\/wp\/v2\/users\/1"}],"replies":[{"embeddable":true,"href":"https:\/\/biblian.is\/biblian\/wp-json\/wp\/v2\/comments?post=1625"}],"version-history":[{"count":0,"href":"https:\/\/biblian.is\/biblian\/wp-json\/wp\/v2\/pages\/1625\/revisions"}],"wp:attachment":[{"href":"https:\/\/biblian.is\/biblian\/wp-json\/wp\/v2\/media?parent=1625"}],"curies":[{"name":"wp","href":"https:\/\/api.w.org\/{rel}","templated":true}]}}