{"id":1624,"date":"2017-12-30T20:59:45","date_gmt":"2017-12-30T20:59:45","guid":{"rendered":"http:\/\/biblian.is\/biblian\/fyrsta-m%c2%97seb%c2%97k-7-kafli\/"},"modified":"2022-12-16T13:43:06","modified_gmt":"2022-12-16T13:43:06","slug":"fyrsta-mosebok-7-kafli","status":"publish","type":"page","link":"https:\/\/biblian.is\/biblian\/fyrsta-mosebok-7-kafli\/","title":{"rendered":"Fyrsta M\u00f3seb\u00f3k 7. kafli"},"content":{"rendered":"<h3 class=\"millifyrirsogn_2007\">N\u00f3i gengur \u00ed \u00f6rkina<\/h3>\n<p><a name=\"1\"><\/a><span class=\"versanumer_2007\">1<\/span> Drottinn sag\u00f0i vi\u00f0 N\u00f3a: \u201eGakktu inn \u00ed \u00f6rkina og allt \u00feitt f\u00f3lk \u00fev\u00ed a\u00f0 \u00ed m\u00ednum augum ert \u00fe\u00fa eini r\u00e9ttl\u00e1ti ma\u00f0urinn af \u00feessari kynsl\u00f3\u00f0. <a name=\"2\"><\/a><span class=\"versanumer_2007\">2<\/span> Taktu til \u00fe\u00edn sj\u00f6 og sj\u00f6, karld\u00fdr og kvend\u00fdr, af \u00f6llum hreinum d\u00fdrum en tv\u00f6 og tv\u00f6 af \u00feeim sem ekki eru hrein, karld\u00fdr og kvend\u00fdr, <a name=\"3\"><\/a><span class=\"versanumer_2007\">3<\/span> og einnig sj\u00f6 og sj\u00f6, karlkyns og kvenkyns, af fuglum himins til \u00feess a\u00f0 vi\u00f0halda l\u00edfsstofni \u00e1 allri j\u00f6r\u00f0inni. <a name=\"4\"><\/a><span class=\"versanumer_2007\">4<\/span> A\u00f0 sj\u00f6 d\u00f6gum li\u00f0num mun \u00e9g l\u00e1ta rigna \u00e1 j\u00f6r\u00f0ina \u00ed fj\u00f6rut\u00edu daga og fj\u00f6rut\u00edu n\u00e6tur og afm\u00e1 af j\u00f6r\u00f0inni s\u00e9rhverja lifandi veru sem \u00e9g hef skapa\u00f0.\u201c<br \/>\n<a name=\"5\"><\/a><span class=\"versanumer_2007\">5<\/span> Og N\u00f3i ger\u00f0i allt eins og Drottinn bau\u00f0 honum.<br \/>\n<a name=\"6\"><\/a><span class=\"versanumer_2007\">6<\/span> N\u00f3i var sex hundru\u00f0 \u00e1ra \u00feegar vatnsfl\u00f3\u00f0i\u00f0 steyptist yfir j\u00f6r\u00f0ina.<br \/>\n<a name=\"7\"><\/a><span class=\"versanumer_2007\">7<\/span> N\u00fa gengu N\u00f3i, synir hans, kona hans og tengdad\u00e6tur me\u00f0 honum inn \u00ed \u00f6rkina undan vatnsfl\u00f3\u00f0inu. <a name=\"8\"><\/a><span class=\"versanumer_2007\">8<\/span>\/<a name=\"9\"><\/a><span class=\"versanumer_2007\">9<\/span> Tvennt og tvennt, karlkyns og kvenkyns, af hreinum og \u00f3hreinum d\u00fdrum, fuglum og \u00f6llum skri\u00f0d\u00fdrum jar\u00f0ar gekk \u00ed \u00f6rkina til N\u00f3a eins og Gu\u00f0 haf\u00f0i bo\u00f0i\u00f0 honum. <a name=\"10\"><\/a><span class=\"versanumer_2007\">10<\/span> Og a\u00f0 li\u00f0num sj\u00f6 d\u00f6gum steyptist vatnsfl\u00f3\u00f0i\u00f0 yfir j\u00f6r\u00f0ina.<\/p>\n<h3 class=\"millifyrirsogn_2007\">Vatnsfl\u00f3\u00f0i\u00f0 skellur \u00e1<\/h3>\n<p><a name=\"11\"><\/a><span class=\"versanumer_2007\">11<\/span> \u00c1 sautj\u00e1nda degi annars m\u00e1na\u00f0ar \u00e1 sex hundra\u00f0asta aldurs\u00e1ri N\u00f3a, \u00feann dag brutust fram allar uppsprettur hins mikla dj\u00faps og fl\u00f3\u00f0g\u00e1ttir himinsins opnu\u00f0ust. <a name=\"12\"><\/a><span class=\"versanumer_2007\">12<\/span> \u00dea\u00f0 rigndi \u00e1 j\u00f6r\u00f0ina \u00ed fj\u00f6rut\u00edu daga og fj\u00f6rut\u00edu n\u00e6tur. <a name=\"13\"><\/a><span class=\"versanumer_2007\">13<\/span> Einmitt \u00feann dag gengu N\u00f3i, Sem, Kam og Jafet, synir N\u00f3a, og kona N\u00f3a \u00e1samt \u00feremur tengdad\u00e6trum hans \u00ed \u00f6rkina, <a name=\"14\"><\/a><span class=\"versanumer_2007\">14<\/span> \u00feau og \u00f6ll d\u00fdr merkurinnar eftir s\u00ednum tegundum, allur b\u00faf\u00e9na\u00f0ur eftir s\u00ednum tegundum og \u00f6ll skri\u00f0d\u00fdr jar\u00f0ar eftir s\u00ednum tegundum, allir fuglar eftir s\u00ednum tegundum og allt \u00fea\u00f0 sem flogi\u00f0 gat og v\u00e6ngi haf\u00f0i. <a name=\"15\"><\/a><span class=\"versanumer_2007\">15<\/span> \u00deau komu \u00ed \u00f6rkina til N\u00f3a tv\u00f6 og tv\u00f6, \u00f6ll d\u00fdr sem l\u00edfsanda dr\u00f3gu. <a name=\"16\"><\/a><span class=\"versanumer_2007\">16<\/span> \u00deau sem inn gengu voru karlkyns og kvenkyns af \u00f6llum d\u00fdrum eins og Gu\u00f0 haf\u00f0i bo\u00f0i\u00f0 N\u00f3a.<br \/>\nOg Drottinn loka\u00f0i \u00e1 eftir honum.<br \/>\n<a name=\"17\"><\/a><span class=\"versanumer_2007\">17<\/span> Fl\u00f3\u00f0i\u00f0 st\u00f3\u00f0 \u00ed fj\u00f6rut\u00edu daga \u00e1 j\u00f6r\u00f0inni og v\u00f6tnin jukust og lyftu \u00f6rkinni svo h\u00fan h\u00f3fst h\u00e1tt yfir j\u00f6r\u00f0ina. <a name=\"18\"><\/a><span class=\"versanumer_2007\">18<\/span> V\u00f6tnin m\u00f6gnu\u00f0ust og jukust st\u00f3rum \u00e1 j\u00f6r\u00f0inni en \u00f6rkin flaut \u00e1 vatninu. <a name=\"19\"><\/a><span class=\"versanumer_2007\">19<\/span> V\u00f6tnin uxu enn \u00e1 j\u00f6r\u00f0inni og huldu \u00f6ll hin h\u00e1u fj\u00f6ll sem eru undir himninum. <a name=\"20\"><\/a><span class=\"versanumer_2007\">20<\/span> V\u00f6tnin stigu enn um fimmt\u00e1n \u00e1lnir og huldu \u00f6ll fj\u00f6ll. <a name=\"21\"><\/a><span class=\"versanumer_2007\">21<\/span> \u00de\u00e1 f\u00f3rust \u00f6ll d\u00fdr sem hreyfast \u00e1 j\u00f6r\u00f0inni, fuglar, b\u00faf\u00e9na\u00f0ur, d\u00fdr merkurinnar og allt sem j\u00f6r\u00f0in er kvik af og mannkyn allt. <a name=\"22\"><\/a><span class=\"versanumer_2007\">22<\/span> Allt sem l\u00edfsanda dr\u00f3, allt sem var \u00e1 \u00feurru landi, d\u00f3. <a name=\"23\"><\/a><span class=\"versanumer_2007\">23<\/span> Allt l\u00edf \u00e1 j\u00f6r\u00f0inni var afm\u00e1\u00f0, b\u00e6\u00f0i menn og d\u00fdr, skri\u00f0d\u00fdr og fuglar himins. \u00deau voru m\u00e1\u00f0 af j\u00f6r\u00f0inni. En N\u00f3i var\u00f0 einn eftir og \u00feau sem me\u00f0 honum voru \u00ed \u00f6rkinni.<br \/>\n<a name=\"24\"><\/a><span class=\"versanumer_2007\">24<\/span> V\u00f6tnin m\u00f6gnu\u00f0ust \u00e1 j\u00f6r\u00f0inni \u00ed hundra\u00f0 og fimmt\u00edu daga.<\/p>\n","protected":false},"excerpt":{"rendered":"<p>N\u00f3i gengur \u00ed \u00f6rkina 1 Drottinn sag\u00f0i vi\u00f0 N\u00f3a: \u201eGakktu inn \u00ed \u00f6rkina og allt \u00feitt f\u00f3lk \u00fev\u00ed a\u00f0 \u00ed m\u00ednum augum ert \u00fe\u00fa eini r\u00e9ttl\u00e1ti ma\u00f0urinn af \u00feessari kynsl\u00f3\u00f0. 2 Taktu til \u00fe\u00edn sj\u00f6 og sj\u00f6, karld\u00fdr og kvend\u00fdr, af \u00f6llum hreinum d\u00fdrum en tv\u00f6 og tv\u00f6 af \u00feeim sem ekki eru hrein, karld\u00fdr og kvend\u00fdr, 3 og einnig sj\u00f6 og sj\u00f6, karlkyns og kvenkyns, af fuglum himins til \u00feess a\u00f0 vi\u00f0halda l\u00edfsstofni \u00e1 allri j\u00f6r\u00f0inni. 4 A\u00f0 sj\u00f6 d\u00f6gum li\u00f0num mun \u00e9g l\u00e1ta rigna \u00e1 j\u00f6r\u00f0ina \u00ed fj\u00f6rut\u00edu daga og fj\u00f6rut\u00edu n\u00e6tur og afm\u00e1 af j\u00f6r\u00f0inni s\u00e9rhverja lifandi <a href=\"https:\/\/biblian.is\/biblian\/fyrsta-mosebok-7-kafli\/\"> [&#8230;]<\/a><\/p>\n","protected":false},"author":1,"featured_media":0,"parent":0,"menu_order":0,"comment_status":"open","ping_status":"open","template":"bibliukaflar_NT.php","meta":{"footnotes":""},"class_list":["post-1624","page","type-page","status-publish","hentry"],"_links":{"self":[{"href":"https:\/\/biblian.is\/biblian\/wp-json\/wp\/v2\/pages\/1624","targetHints":{"allow":["GET"]}}],"collection":[{"href":"https:\/\/biblian.is\/biblian\/wp-json\/wp\/v2\/pages"}],"about":[{"href":"https:\/\/biblian.is\/biblian\/wp-json\/wp\/v2\/types\/page"}],"author":[{"embeddable":true,"href":"https:\/\/biblian.is\/biblian\/wp-json\/wp\/v2\/users\/1"}],"replies":[{"embeddable":true,"href":"https:\/\/biblian.is\/biblian\/wp-json\/wp\/v2\/comments?post=1624"}],"version-history":[{"count":0,"href":"https:\/\/biblian.is\/biblian\/wp-json\/wp\/v2\/pages\/1624\/revisions"}],"wp:attachment":[{"href":"https:\/\/biblian.is\/biblian\/wp-json\/wp\/v2\/media?parent=1624"}],"curies":[{"name":"wp","href":"https:\/\/api.w.org\/{rel}","templated":true}]}}