{"id":1623,"date":"2017-12-30T20:59:45","date_gmt":"2017-12-30T20:59:45","guid":{"rendered":"http:\/\/biblian.is\/biblian\/fyrsta-m%c2%97seb%c2%97k-6-kafli\/"},"modified":"2022-12-16T13:43:05","modified_gmt":"2022-12-16T13:43:05","slug":"fyrsta-mosebok-6-kafli","status":"publish","type":"page","link":"https:\/\/biblian.is\/biblian\/fyrsta-mosebok-6-kafli\/","title":{"rendered":"Fyrsta M\u00f3seb\u00f3k 6. kafli"},"content":{"rendered":"<h3 class=\"millifyrirsogn_2007\">Hetjurnar for\u00f0um daga<\/h3>\n<p><a name=\"1\"><\/a><span class=\"versanumer_2007\">1<\/span> N\u00fa t\u00f3k m\u00f6nnunum a\u00f0 fj\u00f6lga \u00e1 j\u00f6r\u00f0inni og \u00feeim f\u00e6ddust d\u00e6tur. <a name=\"2\"><\/a><span class=\"versanumer_2007\">2<\/span> \u00de\u00e1 s\u00e1u synir Gu\u00f0s <span class=\"nedan_mal\" title=\" E\u00f0a: gu\u00f0asynirnir.\">[<\/span> hve d\u00e6tur mannanna voru fagrar. \u00deeir t\u00f3ku s\u00e9r \u00fe\u00e6r konur sem \u00feeir l\u00f6g\u00f0u hug \u00e1.<br \/>\n<a name=\"3\"><\/a><span class=\"versanumer_2007\">3<\/span> \u00de\u00e1 sag\u00f0i Drottinn: \u201eAndi minn skal ekki b\u00faa \u00ed manninum a\u00f0 eil\u00edfu \u00fev\u00ed a\u00f0 hann er dau\u00f0legur. \u00c6vidagar hans skulu vera hundra\u00f0 og tuttugu \u00e1r.\u201c<br \/>\n<a name=\"4\"><\/a><span class=\"versanumer_2007\">4<\/span> \u00c1 \u00feeim t\u00edmum voru risarnir \u00e1 j\u00f6r\u00f0inni og einnig s\u00ed\u00f0ar er synir Gu\u00f0s h\u00f6f\u00f0u samfarir vi\u00f0 d\u00e6tur mannanna og eignu\u00f0ust me\u00f0 \u00feeim b\u00f6rn. \u00dea\u00f0 voru hetjurnar sem \u00ed fyrndinni voru v\u00ed\u00f0fr\u00e6gar.<\/p>\n<h3 class=\"millifyrirsogn_2007\">Illska mannanna<\/h3>\n<p><a name=\"5\"><\/a><span class=\"versanumer_2007\">5<\/span> Drottinn s\u00e1 n\u00fa a\u00f0 illska mannanna var mikil or\u00f0in \u00e1 j\u00f6r\u00f0inni og a\u00f0 allar hneig\u00f0ir \u00feeirra og langanir snerust \u00e6t\u00ed\u00f0 til ills. <a name=\"6\"><\/a><span class=\"versanumer_2007\">6<\/span> \u00de\u00e1 i\u00f0ra\u00f0ist hann \u00feess a\u00f0 hafa skapa\u00f0 mennina \u00e1 j\u00f6r\u00f0inni og hann hrygg\u00f0ist \u00ed hjarta s\u00ednu <a name=\"7\"><\/a><span class=\"versanumer_2007\">7<\/span> og sag\u00f0i: \u201e\u00c9g vil afm\u00e1 mennina, sem \u00e9g skapa\u00f0i, af j\u00f6r\u00f0inni, b\u00e6\u00f0i menn og kvikf\u00e9, skri\u00f0d\u00fdr og fugla himins, \u00fev\u00ed a\u00f0 mig i\u00f0rar \u00feess a\u00f0 hafa gert \u00fe\u00e1.\u201c<br \/>\n<a name=\"8\"><\/a><span class=\"versanumer_2007\">8<\/span> En N\u00f3i fann n\u00e1\u00f0 fyrir augum Drottins.<\/p>\n<h3 class=\"millifyrirsogn_2007\">N\u00f3i og \u00f6rkin<\/h3>\n<p><a name=\"9\"><\/a><span class=\"versanumer_2007\">9<\/span> \u00deetta er saga N\u00f3a:<br \/>\nN\u00f3i var r\u00e9ttl\u00e1tur og vanda\u00f0ur ma\u00f0ur \u00e1 sinni t\u00ed\u00f0. Hann gekk me\u00f0 Gu\u00f0i.<br \/>\n<a name=\"10\"><\/a><span class=\"versanumer_2007\">10<\/span> N\u00f3a f\u00e6ddust \u00fer\u00edr synir, Sem, Kam og Jafet.<br \/>\n<a name=\"11\"><\/a><span class=\"versanumer_2007\">11<\/span> J\u00f6r\u00f0in var spillt \u00ed augum Gu\u00f0s og full rangl\u00e6tis. <a name=\"12\"><\/a><span class=\"versanumer_2007\">12<\/span> Og Gu\u00f0 s\u00e1 a\u00f0 h\u00fan var spillt \u00fev\u00ed a\u00f0 allir menn \u00e1 j\u00f6r\u00f0inni h\u00f6f\u00f0u spillt l\u00edferni s\u00ednu.<br \/>\n<a name=\"13\"><\/a><span class=\"versanumer_2007\">13<\/span> Og Gu\u00f0 sag\u00f0i vi\u00f0 N\u00f3a: \u201e\u00c9g hef \u00e1kve\u00f0i\u00f0 endalok allra manna \u00e1 j\u00f6r\u00f0inni \u00fev\u00ed a\u00f0 j\u00f6r\u00f0in er full or\u00f0in af rangl\u00e6ti \u00feeirra vegna. N\u00fa ey\u00f0i \u00e9g \u00feeim \u00e1samt j\u00f6r\u00f0inni. <a name=\"14\"><\/a><span class=\"versanumer_2007\">14<\/span> En \u00fe\u00fa skalt gera \u00fe\u00e9r \u00f6rk af g\u00f3fervi\u00f0i. Haf\u00f0u vistarverur \u00ed \u00f6rkinni og bika\u00f0u hana utan og innan. <a name=\"15\"><\/a><span class=\"versanumer_2007\">15<\/span> \u00deannig skaltu sm\u00ed\u00f0a hana: Lengd arkarinnar s\u00e9 \u00ferj\u00fa hundru\u00f0 \u00e1lnir, breidd hennar fimmt\u00edu \u00e1lnir og h\u00e6\u00f0 hennar \u00ferj\u00e1t\u00edu \u00e1lnir. <a name=\"16\"><\/a><span class=\"versanumer_2007\">16<\/span> Settu \u00feekju \u00e1 \u00f6rkina og haf\u00f0u alin milli hennar og hli\u00f0a arkarinnar. \u00de\u00fa skalt setja dyrnar \u00e1 hli\u00f0 hennar og hafa \u00ferj\u00fa \u00feilf\u00f6r, ne\u00f0st, \u00ed mi\u00f0ju og efst. <a name=\"17\"><\/a><span class=\"versanumer_2007\">17<\/span> En \u00e9g l\u00e6t vatnsfl\u00f3\u00f0 steypast yfir j\u00f6r\u00f0ina til a\u00f0 tort\u00edma \u00f6llu holdi sem l\u00edfsanda dregur undir himninum. Allt sem \u00e1 j\u00f6r\u00f0inni er skal farast. <a name=\"18\"><\/a><span class=\"versanumer_2007\">18<\/span> En \u00e9g mun stofna til s\u00e1ttm\u00e1la vi\u00f0 \u00feig. \u00de\u00fa skalt ganga \u00ed \u00f6rkina, \u00fe\u00fa og synir \u00fe\u00ednir, kona \u00fe\u00edn og tengdad\u00e6tur \u00fe\u00ednar me\u00f0 \u00fe\u00e9r. <a name=\"19\"><\/a><span class=\"versanumer_2007\">19<\/span> L\u00e1ttu ganga me\u00f0 \u00fe\u00e9r \u00ed \u00f6rkina tvennt af hverju, karlkyns og kvenkyns, af \u00f6llum l\u00edfverum til \u00feess a\u00f0 \u00fe\u00e6r haldi l\u00edfi me\u00f0 \u00fe\u00e9r. <a name=\"20\"><\/a><span class=\"versanumer_2007\">20<\/span> Til \u00fe\u00edn skulu \u00feau ganga, af fuglunum eftir \u00feeirra tegundum, af b\u00faf\u00e9nu eftir \u00feeirra tegundum og af skri\u00f0d\u00fdrum jar\u00f0arinnar eftir \u00feeirra tegundum, tvennt af \u00f6llu, til \u00feess a\u00f0 \u00feau megi l\u00edfi halda. <a name=\"21\"><\/a><span class=\"versanumer_2007\">21<\/span> En \u00fe\u00fa skalt taka af \u00f6llu sem eti\u00f0 er og safna \u00fev\u00ed a\u00f0 \u00fe\u00e9r og \u00fea\u00f0 skal vera ykkur til vi\u00f0urv\u00e6ris.\u201c<br \/>\n<a name=\"22\"><\/a><span class=\"versanumer_2007\">22<\/span> Og N\u00f3i ger\u00f0i allt eins og Gu\u00f0 bau\u00f0 honum.<\/p>\n","protected":false},"excerpt":{"rendered":"<p>Hetjurnar for\u00f0um daga 1 N\u00fa t\u00f3k m\u00f6nnunum a\u00f0 fj\u00f6lga \u00e1 j\u00f6r\u00f0inni og \u00feeim f\u00e6ddust d\u00e6tur. 2 \u00de\u00e1 s\u00e1u synir Gu\u00f0s [ hve d\u00e6tur mannanna voru fagrar. \u00deeir t\u00f3ku s\u00e9r \u00fe\u00e6r konur sem \u00feeir l\u00f6g\u00f0u hug \u00e1. 3 \u00de\u00e1 sag\u00f0i Drottinn: \u201eAndi minn skal ekki b\u00faa \u00ed manninum a\u00f0 eil\u00edfu \u00fev\u00ed a\u00f0 hann er dau\u00f0legur. \u00c6vidagar hans skulu vera hundra\u00f0 og tuttugu \u00e1r.\u201c 4 \u00c1 \u00feeim t\u00edmum voru risarnir \u00e1 j\u00f6r\u00f0inni og einnig s\u00ed\u00f0ar er synir Gu\u00f0s h\u00f6f\u00f0u samfarir vi\u00f0 d\u00e6tur mannanna og eignu\u00f0ust me\u00f0 \u00feeim b\u00f6rn. \u00dea\u00f0 voru hetjurnar sem \u00ed fyrndinni voru v\u00ed\u00f0fr\u00e6gar. Illska mannanna 5 Drottinn s\u00e1 n\u00fa <a href=\"https:\/\/biblian.is\/biblian\/fyrsta-mosebok-6-kafli\/\"> [&#8230;]<\/a><\/p>\n","protected":false},"author":1,"featured_media":0,"parent":0,"menu_order":0,"comment_status":"open","ping_status":"open","template":"bibliukaflar_NT.php","meta":{"footnotes":""},"class_list":["post-1623","page","type-page","status-publish","hentry"],"_links":{"self":[{"href":"https:\/\/biblian.is\/biblian\/wp-json\/wp\/v2\/pages\/1623","targetHints":{"allow":["GET"]}}],"collection":[{"href":"https:\/\/biblian.is\/biblian\/wp-json\/wp\/v2\/pages"}],"about":[{"href":"https:\/\/biblian.is\/biblian\/wp-json\/wp\/v2\/types\/page"}],"author":[{"embeddable":true,"href":"https:\/\/biblian.is\/biblian\/wp-json\/wp\/v2\/users\/1"}],"replies":[{"embeddable":true,"href":"https:\/\/biblian.is\/biblian\/wp-json\/wp\/v2\/comments?post=1623"}],"version-history":[{"count":0,"href":"https:\/\/biblian.is\/biblian\/wp-json\/wp\/v2\/pages\/1623\/revisions"}],"wp:attachment":[{"href":"https:\/\/biblian.is\/biblian\/wp-json\/wp\/v2\/media?parent=1623"}],"curies":[{"name":"wp","href":"https:\/\/api.w.org\/{rel}","templated":true}]}}