{"id":1622,"date":"2017-12-30T20:59:45","date_gmt":"2017-12-30T20:59:45","guid":{"rendered":"http:\/\/biblian.is\/biblian\/fyrsta-m%c2%97seb%c2%97k-5-kafli\/"},"modified":"2022-12-16T13:43:05","modified_gmt":"2022-12-16T13:43:05","slug":"fyrsta-mosebok-5-kafli","status":"publish","type":"page","link":"https:\/\/biblian.is\/biblian\/fyrsta-mosebok-5-kafli\/","title":{"rendered":"Fyrsta M\u00f3seb\u00f3k 5. kafli"},"content":{"rendered":"<h2 class=\"millifyrirsogn_2007\">\u00c6ttartala fr\u00e1 Adam til N\u00f3a<\/h2>\n<h3 class=\"millifyrirsogn_2007\">\u00deetta er \u00e6ttartala Adams.<\/h3>\n<p><a name=\"1\"><\/a><span class=\"versanumer_2007\">1<\/span> \u00deegar Gu\u00f0 skapa\u00f0i manninn ger\u00f0i Gu\u00f0 hann \u00ed l\u00edkingu sinni. <a name=\"2\"><\/a><span class=\"versanumer_2007\">2<\/span> Hann skapa\u00f0i \u00feau karl og konu. Hann blessa\u00f0i \u00feau og kalla\u00f0i \u00feau menn er \u00feau voru sk\u00f6pu\u00f0.<br \/>\n<a name=\"3\"><\/a><span class=\"versanumer_2007\">3<\/span> Adam var hundra\u00f0 og \u00ferj\u00e1t\u00edu \u00e1ra er hann gat son l\u00edkan s\u00e9r, eftir sinni mynd, og nefndi hann Set. <a name=\"4\"><\/a><span class=\"versanumer_2007\">4<\/span> Eftir f\u00e6\u00f0ingu Sets lif\u00f0i Adam \u00ed \u00e1tta hundru\u00f0 \u00e1r og gat syni og d\u00e6tur. <a name=\"5\"><\/a><span class=\"versanumer_2007\">5<\/span> Allir \u00e6vidagar Adams ur\u00f0u n\u00edu hundru\u00f0 og \u00ferj\u00e1t\u00edu \u00e1r. \u00de\u00e1 d\u00f3 hann.<br \/>\n<a name=\"6\"><\/a><span class=\"versanumer_2007\">6<\/span> Set var hundra\u00f0 og fimm \u00e1ra er hann gat Enos. <a name=\"7\"><\/a><span class=\"versanumer_2007\">7<\/span> Eftir f\u00e6\u00f0ingu Enosar lif\u00f0i Set \u00ed \u00e1tta hundru\u00f0 og sj\u00f6 \u00e1r og gat syni og d\u00e6tur. <a name=\"8\"><\/a><span class=\"versanumer_2007\">8<\/span> \u00c6vidagar Sets ur\u00f0u n\u00edu hundru\u00f0 og t\u00f3lf \u00e1r. \u00de\u00e1 d\u00f3 hann.<br \/>\n<a name=\"9\"><\/a><span class=\"versanumer_2007\">9<\/span> Enos var n\u00edut\u00edu \u00e1ra er hann gat Kenan. <a name=\"10\"><\/a><span class=\"versanumer_2007\">10<\/span> Eftir f\u00e6\u00f0ingu Kenans lif\u00f0i Enos \u00ed \u00e1tta hundru\u00f0 og fimmt\u00e1n \u00e1r og gat syni og d\u00e6tur. <a name=\"11\"><\/a><span class=\"versanumer_2007\">11<\/span> Allir dagar Enosar ur\u00f0u n\u00edu hundru\u00f0 og fimm \u00e1r. \u00de\u00e1 d\u00f3 hann.<br \/>\n<a name=\"12\"><\/a><span class=\"versanumer_2007\">12<\/span> Kenan var sj\u00f6t\u00edu \u00e1ra er hann gat Mahalalel. <a name=\"13\"><\/a><span class=\"versanumer_2007\">13<\/span> Eftir f\u00e6\u00f0ingu Mahalalels lif\u00f0i Kenan \u00ed \u00e1tta hundru\u00f0 og fj\u00f6rut\u00edu \u00e1r og gat syni og d\u00e6tur. <a name=\"14\"><\/a><span class=\"versanumer_2007\">14<\/span> Allir dagar Kenans ur\u00f0u n\u00edu hundru\u00f0 og t\u00edu \u00e1r. \u00de\u00e1 d\u00f3 hann.<br \/>\n<a name=\"15\"><\/a><span class=\"versanumer_2007\">15<\/span> Mahalalel var sext\u00edu og fimm \u00e1ra er hann gat Jared. <a name=\"16\"><\/a><span class=\"versanumer_2007\">16<\/span> Eftir f\u00e6\u00f0ingu Jareds lif\u00f0i Mahalalel \u00ed \u00e1tta hundru\u00f0 og \u00ferj\u00e1t\u00edu \u00e1r og gat syni og d\u00e6tur. <a name=\"17\"><\/a><span class=\"versanumer_2007\">17<\/span> \u00c6vidagar Mahalalels ur\u00f0u \u00e1tta hundru\u00f0 n\u00edut\u00edu og fimm \u00e1r. \u00de\u00e1 d\u00f3 hann.<br \/>\n<a name=\"18\"><\/a><span class=\"versanumer_2007\">18<\/span> Jared var hundra\u00f0 sext\u00edu og tveggja \u00e1ra er hann gat Enok. <a name=\"19\"><\/a><span class=\"versanumer_2007\">19<\/span> Eftir f\u00e6\u00f0ingu Enoks lif\u00f0i Jared \u00ed \u00e1tta hundru\u00f0 \u00e1r og gat syni og d\u00e6tur. <a name=\"20\"><\/a><span class=\"versanumer_2007\">20<\/span> Allir dagar Jareds ur\u00f0u n\u00edu hundru\u00f0 sext\u00edu og tv\u00f6 \u00e1r. \u00de\u00e1 d\u00f3 hann.<br \/>\n<a name=\"21\"><\/a><span class=\"versanumer_2007\">21<\/span> Enok var sext\u00edu og fimm \u00e1ra er hann gat Met\u00fasala. <a name=\"22\"><\/a><span class=\"versanumer_2007\">22<\/span> Eftir f\u00e6\u00f0ingu Met\u00fasala gekk Enok me\u00f0 Gu\u00f0i \u00ed \u00ferj\u00fa hundru\u00f0 \u00e1r og gat syni og d\u00e6tur. <a name=\"23\"><\/a><span class=\"versanumer_2007\">23<\/span> \u00c6vidagar Enoks ur\u00f0u \u00ferj\u00fa hundru\u00f0 sext\u00edu og fimm \u00e1r. <a name=\"24\"><\/a><span class=\"versanumer_2007\">24<\/span> Enok gekk me\u00f0 Gu\u00f0i, \u00fe\u00e1 hvarf hann \u00fev\u00ed a\u00f0 Gu\u00f0 t\u00f3k hann.<br \/>\n<a name=\"25\"><\/a><span class=\"versanumer_2007\">25<\/span> Met\u00fasala var hundra\u00f0 \u00e1ttat\u00edu og sj\u00f6 \u00e1ra er hann gat Lamek. <a name=\"26\"><\/a><span class=\"versanumer_2007\">26<\/span> Eftir f\u00e6\u00f0ingu Lameks lif\u00f0i Met\u00fasala \u00ed sj\u00f6 hundru\u00f0 \u00e1ttat\u00edu og tv\u00f6 \u00e1r og gat syni og d\u00e6tur. <a name=\"27\"><\/a><span class=\"versanumer_2007\">27<\/span> \u00c6vidagar Met\u00fasala ur\u00f0u n\u00edu hundru\u00f0 sext\u00edu og n\u00edu \u00e1r. \u00de\u00e1 d\u00f3 hann.<br \/>\n<a name=\"28\"><\/a><span class=\"versanumer_2007\">28<\/span> Lamek var hundra\u00f0 \u00e1ttat\u00edu og tveggja \u00e1ra er hann gat son. <a name=\"29\"><\/a><span class=\"versanumer_2007\">29<\/span> Hann nefndi hann N\u00f3a og m\u00e6lti: \u201eHann mun veita okkur styrk \u00ed erfi\u00f0i og striti handa okkar \u00e1 j\u00f6r\u00f0inni sem Drottinn l\u00fdsti b\u00f6lvun yfir.\u201c <a name=\"30\"><\/a><span class=\"versanumer_2007\">30<\/span> Eftir f\u00e6\u00f0ingu N\u00f3a lif\u00f0i Lamek \u00ed fimm hundru\u00f0 n\u00edut\u00edu og fimm \u00e1r og gat syni og d\u00e6tur. <a name=\"31\"><\/a><span class=\"versanumer_2007\">31<\/span> \u00c6vidagar Lameks ur\u00f0u sj\u00f6 hundru\u00f0 sj\u00f6t\u00edu og sj\u00f6 \u00e1r. \u00de\u00e1 d\u00f3 hann.<br \/>\n<a name=\"32\"><\/a><span class=\"versanumer_2007\">32<\/span> N\u00f3i var fimm hundru\u00f0 \u00e1ra er hann gat Sem, Kam og Jafet.<\/p>\n","protected":false},"excerpt":{"rendered":"<p>\u00c6ttartala fr\u00e1 Adam til N\u00f3a \u00deetta er \u00e6ttartala Adams. 1 \u00deegar Gu\u00f0 skapa\u00f0i manninn ger\u00f0i Gu\u00f0 hann \u00ed l\u00edkingu sinni. 2 Hann skapa\u00f0i \u00feau karl og konu. Hann blessa\u00f0i \u00feau og kalla\u00f0i \u00feau menn er \u00feau voru sk\u00f6pu\u00f0. 3 Adam var hundra\u00f0 og \u00ferj\u00e1t\u00edu \u00e1ra er hann gat son l\u00edkan s\u00e9r, eftir sinni mynd, og nefndi hann Set. 4 Eftir f\u00e6\u00f0ingu Sets lif\u00f0i Adam \u00ed \u00e1tta hundru\u00f0 \u00e1r og gat syni og d\u00e6tur. 5 Allir \u00e6vidagar Adams ur\u00f0u n\u00edu hundru\u00f0 og \u00ferj\u00e1t\u00edu \u00e1r. \u00de\u00e1 d\u00f3 hann. 6 Set var hundra\u00f0 og fimm \u00e1ra er hann gat Enos. 7 Eftir f\u00e6\u00f0ingu <a href=\"https:\/\/biblian.is\/biblian\/fyrsta-mosebok-5-kafli\/\"> [&#8230;]<\/a><\/p>\n","protected":false},"author":1,"featured_media":0,"parent":0,"menu_order":0,"comment_status":"open","ping_status":"open","template":"bibliukaflar_NT.php","meta":{"footnotes":""},"class_list":["post-1622","page","type-page","status-publish","hentry"],"_links":{"self":[{"href":"https:\/\/biblian.is\/biblian\/wp-json\/wp\/v2\/pages\/1622","targetHints":{"allow":["GET"]}}],"collection":[{"href":"https:\/\/biblian.is\/biblian\/wp-json\/wp\/v2\/pages"}],"about":[{"href":"https:\/\/biblian.is\/biblian\/wp-json\/wp\/v2\/types\/page"}],"author":[{"embeddable":true,"href":"https:\/\/biblian.is\/biblian\/wp-json\/wp\/v2\/users\/1"}],"replies":[{"embeddable":true,"href":"https:\/\/biblian.is\/biblian\/wp-json\/wp\/v2\/comments?post=1622"}],"version-history":[{"count":0,"href":"https:\/\/biblian.is\/biblian\/wp-json\/wp\/v2\/pages\/1622\/revisions"}],"wp:attachment":[{"href":"https:\/\/biblian.is\/biblian\/wp-json\/wp\/v2\/media?parent=1622"}],"curies":[{"name":"wp","href":"https:\/\/api.w.org\/{rel}","templated":true}]}}