{"id":1621,"date":"2017-12-30T20:59:45","date_gmt":"2017-12-30T20:59:45","guid":{"rendered":"http:\/\/biblian.is\/biblian\/fyrsta-m%c2%97seb%c2%97k-4-kafli\/"},"modified":"2022-12-16T13:43:00","modified_gmt":"2022-12-16T13:43:00","slug":"fyrsta-mosebok-4-kafli","status":"publish","type":"page","link":"https:\/\/biblian.is\/biblian\/fyrsta-mosebok-4-kafli\/","title":{"rendered":"Fyrsta M\u00f3seb\u00f3k 4. kafli"},"content":{"rendered":"<h3 class=\"millifyrirsogn_2007\">Kain og Abel<\/h3>\n<p><a name=\"1\"><\/a><span class=\"versanumer_2007\">1<\/span> Adam kenndi Evu, konu sinnar. H\u00fan var\u00f0 \u00feungu\u00f0 og f\u00e6ddi Kain og m\u00e6lti: \u201e\u00c9g hef eignast sveinbarn <span class=\"nedan_mal\" title=\" H\u00e9r er or\u00f0aleikur \u00e1 milli sagnarinnar a\u00f0 eignast og nafnsins Kain.\">[<\/span> me\u00f0 hj\u00e1lp Drottins.\u201c<br \/>\n<a name=\"2\"><\/a><span class=\"versanumer_2007\">2<\/span> S\u00ed\u00f0ar f\u00e6ddi h\u00fan Abel, br\u00f3\u00f0ur hans. Abel var\u00f0 hjar\u00f0ma\u00f0ur en Kain akuryrkjuma\u00f0ur.<br \/>\n<a name=\"3\"><\/a><span class=\"versanumer_2007\">3<\/span> Einhverju sinni f\u00e6r\u00f0i Kain Drottni f\u00f3rn af \u00e1vexti jar\u00f0arinnar. <a name=\"4\"><\/a><span class=\"versanumer_2007\">4<\/span> Abel f\u00e6r\u00f0i einnig f\u00f3rn af frumbur\u00f0um hjar\u00f0ar sinnar og feiti \u00feeirra. Drottinn gaf gaum a\u00f0 Abel og f\u00f3rn hans <a name=\"5\"><\/a><span class=\"versanumer_2007\">5<\/span> en leit ekki vi\u00f0 Kain og f\u00f3rn hans. \u00de\u00e1 reiddist Kain mj\u00f6g og var\u00f0 \u00feungur \u00e1 br\u00fan. <a name=\"6\"><\/a><span class=\"versanumer_2007\">6<\/span> Drottinn sag\u00f0i vi\u00f0 Kain: \u201eHv\u00ed rei\u00f0ist \u00fe\u00fa og ert \u00feungur \u00e1 br\u00fan? <a name=\"7\"><\/a><span class=\"versanumer_2007\">7<\/span> Er ekki svo a\u00f0 \u00fe\u00fa getur veri\u00f0 upplitsdjarfur ef \u00fe\u00fa gerir r\u00e9tt, en gerir \u00fe\u00fa rangt \u00fe\u00e1 liggur syndin vi\u00f0 dyrnar? H\u00fan girnist \u00feig en \u00fe\u00fa getur sigrast \u00e1 henni.\u201c <span class=\"nedan_mal\" title=\" \u00d6nnur hugsanleg \u00fe\u00fd\u00f0ing: \u2026 en \u00fe\u00fa skalt sigrast \u00e1 henni.\">[<\/span><br \/>\n<a name=\"8\"><\/a><span class=\"versanumer_2007\">8<\/span> \u00de\u00e1 sag\u00f0i Kain vi\u00f0 Abel, br\u00f3\u00f0ur sinn: \u201eG\u00f6ngum \u00fat \u00e1 akurinn.\u201c <span class=\"nedan_mal\" title=\" \u00deessi or\u00f0 vantar \u00ed hebreska frumtextann. H\u00e9r er fylgt gr\u00edsku sj\u00f6t\u00edumanna\u00fe\u00fd\u00f0ingunni.\">[<\/span> Og er \u00feeir voru \u00e1 akrinum r\u00e9\u00f0st Kain \u00e1 Abel, br\u00f3\u00f0ur sinn, og drap hann. <a name=\"9\"><\/a><span class=\"versanumer_2007\">9<\/span> \u00de\u00e1 sag\u00f0i Drottinn vi\u00f0 Kain: \u201eHvar er Abel, br\u00f3\u00f0ir \u00feinn?\u201c Kain svara\u00f0i: \u201e\u00dea\u00f0 veit \u00e9g ekki. \u00c1 \u00e9g a\u00f0 g\u00e6ta br\u00f3\u00f0ur m\u00edns?\u201c <a name=\"10\"><\/a><span class=\"versanumer_2007\">10<\/span> Drottinn sag\u00f0i: \u201eHva\u00f0 hefur\u00f0u gert? Bl\u00f3\u00f0 Abels, br\u00f3\u00f0ur \u00fe\u00edns, hr\u00f3par til m\u00edn af j\u00f6r\u00f0inni. <a name=\"11\"><\/a><span class=\"versanumer_2007\">11<\/span> \u00deess vegna skaltu vera b\u00f6lva\u00f0ur og burtrekinn af j\u00f6r\u00f0inni sem opna\u00f0 hefur munn sinn og teki\u00f0 \u00e1 m\u00f3ti bl\u00f3\u00f0i br\u00f3\u00f0ur \u00fe\u00edns er \u00fe\u00fa \u00fathelltir. <a name=\"12\"><\/a><span class=\"versanumer_2007\">12<\/span> \u00deegar \u00fe\u00fa yrkir j\u00f6r\u00f0ina skal h\u00fan ekki framar gefa \u00fe\u00e9r uppskeru s\u00edna. Landfl\u00f3tta og flakkandi skaltu vera \u00e1 j\u00f6r\u00f0inni.\u201c<br \/>\n<a name=\"13\"><\/a><span class=\"versanumer_2007\">13<\/span> Kain sag\u00f0i vi\u00f0 Drottin: \u201eSekt m\u00edn er meiri en svo a\u00f0 \u00e9g f\u00e1i bori\u00f0 hana. <a name=\"14\"><\/a><span class=\"versanumer_2007\">14<\/span> N\u00fa hefur \u00fe\u00fa reki\u00f0 mig burt af landinu. \u00c9g ver\u00f0 a\u00f0 fela mig fyrir augliti \u00fe\u00ednu, landfl\u00f3tta og flakkandi um j\u00f6r\u00f0ina. \u00de\u00e1 getur hver sem finnur mig drepi\u00f0 mig.\u201c <a name=\"15\"><\/a><span class=\"versanumer_2007\">15<\/span> Drottinn sag\u00f0i vi\u00f0 Kain: \u201eSvo skal ekki ver\u00f0a. Hver sem drepur Kain skal s\u00e6ta sj\u00f6faldri hefnd.\u201c<br \/>\nOg Drottinn setti merki \u00e1 Kain til \u00feess a\u00f0 enginn sem r\u00e6kist \u00e1 hann dr\u00e6pi hann. <a name=\"16\"><\/a><span class=\"versanumer_2007\">16<\/span> Og Kain gekk burt fr\u00e1 augliti Drottins og settist a\u00f0 \u00ed landinu N\u00f3d, fyrir austan Eden.<\/p>\n<h3 class=\"millifyrirsogn_2007\">\u00c6ttartala Kainsni\u00f0ja<\/h3>\n<p><a name=\"17\"><\/a><span class=\"versanumer_2007\">17<\/span> Kain kenndi konu sinnar og h\u00fan var\u00f0 \u00feungu\u00f0 og f\u00e6ddi Enok. Kain bygg\u00f0i borg og nefndi hana \u00ed h\u00f6fu\u00f0i\u00f0 \u00e1 Enok, syni s\u00ednum. <a name=\"18\"><\/a><span class=\"versanumer_2007\">18<\/span> Enok f\u00e6ddist \u00cdrad. \u00cdrad gat Meh\u00fajael. Meh\u00fajael gat Met\u00fasael. Met\u00fasael gat Lamek. <a name=\"19\"><\/a><span class=\"versanumer_2007\">19<\/span> Lamek t\u00f3k s\u00e9r tv\u00e6r konur. H\u00e9t \u00f6nnur Ada en hin Silla.<br \/>\n<a name=\"20\"><\/a><span class=\"versanumer_2007\">20<\/span> Ada \u00f3l Jabal. Hann var\u00f0 \u00e6ttfa\u00f0ir \u00feeirra sem b\u00faa \u00ed tj\u00f6ldum og eiga b\u00faf\u00e9. <a name=\"21\"><\/a><span class=\"versanumer_2007\">21<\/span> J\u00fabal h\u00e9t br\u00f3\u00f0ir Jabals. Hann var\u00f0 \u00e6ttfa\u00f0ir \u00feeirra sem leika \u00e1 strengjahlj\u00f3\u00f0f\u00e6ri og flautur.<br \/>\n<a name=\"22\"><\/a><span class=\"versanumer_2007\">22<\/span> Silla \u00f3l einnig son, T\u00fabal-Kain, sem sm\u00ed\u00f0a\u00f0i hvers kyns verkf\u00e6ri \u00far eir og j\u00e1rni. Systir T\u00fabal-Kains h\u00e9t Naama.<br \/>\n<a name=\"23\"><\/a><span class=\"versanumer_2007\">23<\/span> Lamek sag\u00f0i vi\u00f0 konur s\u00ednar:<br \/>\n<span class=\"ljodatexti\"> Ada og Silla, hl\u00fd\u00f0i\u00f0 \u00e1 or\u00f0 m\u00edn.<br \/>\nKonur Lameks, gefi\u00f0 gaum a\u00f0 r\u00e6\u00f0u minni.<br \/>\n\u00c9g drep mann fyrir hvert s\u00e1r sem \u00e9g hl\u00fdt<br \/>\nog ungmenni fyrir hverja skeinu.<br \/>\n<\/span> <span class=\"ljodatexti\"> <a name=\"24\"><\/a><span class=\"versanumer_ljod\">24<\/span> Ver\u00f0i Kains hefnt sj\u00f6 sinnum<br \/>\n\u00fe\u00e1 skal Lameks ver\u00f0a hefnt sj\u00f6t\u00edu og sj\u00f6 sinnum. <\/span><br \/>\n<a name=\"25\"><\/a><span class=\"versanumer_2007\">25<\/span> Adam kenndi enn konu sinnar og h\u00fan \u00f3l son og kalla\u00f0i hann Set, \u201e\u00fev\u00ed a\u00f0,\u201c sag\u00f0i h\u00fan, \u201en\u00fa hefur Gu\u00f0 gefi\u00f0 m\u00e9r anna\u00f0 afkv\u00e6mi \u00ed sta\u00f0 Abels sem Kain drap.\u201c<br \/>\n<a name=\"26\"><\/a><span class=\"versanumer_2007\">26<\/span> Set f\u00e6ddist sonur og hann nefndi hann Enos.<br \/>\n\u00de\u00e1 h\u00f3fu menn a\u00f0 \u00e1kalla nafn Drottins.<\/p>\n","protected":false},"excerpt":{"rendered":"<p>Kain og Abel 1 Adam kenndi Evu, konu sinnar. H\u00fan var\u00f0 \u00feungu\u00f0 og f\u00e6ddi Kain og m\u00e6lti: \u201e\u00c9g hef eignast sveinbarn [ me\u00f0 hj\u00e1lp Drottins.\u201c 2 S\u00ed\u00f0ar f\u00e6ddi h\u00fan Abel, br\u00f3\u00f0ur hans. Abel var\u00f0 hjar\u00f0ma\u00f0ur en Kain akuryrkjuma\u00f0ur. 3 Einhverju sinni f\u00e6r\u00f0i Kain Drottni f\u00f3rn af \u00e1vexti jar\u00f0arinnar. 4 Abel f\u00e6r\u00f0i einnig f\u00f3rn af frumbur\u00f0um hjar\u00f0ar sinnar og feiti \u00feeirra. Drottinn gaf gaum a\u00f0 Abel og f\u00f3rn hans 5 en leit ekki vi\u00f0 Kain og f\u00f3rn hans. \u00de\u00e1 reiddist Kain mj\u00f6g og var\u00f0 \u00feungur \u00e1 br\u00fan. 6 Drottinn sag\u00f0i vi\u00f0 Kain: \u201eHv\u00ed rei\u00f0ist \u00fe\u00fa og ert \u00feungur \u00e1 br\u00fan? 7 <a href=\"https:\/\/biblian.is\/biblian\/fyrsta-mosebok-4-kafli\/\"> [&#8230;]<\/a><\/p>\n","protected":false},"author":1,"featured_media":0,"parent":0,"menu_order":0,"comment_status":"open","ping_status":"open","template":"bibliukaflar_NT.php","meta":{"footnotes":""},"class_list":["post-1621","page","type-page","status-publish","hentry"],"_links":{"self":[{"href":"https:\/\/biblian.is\/biblian\/wp-json\/wp\/v2\/pages\/1621","targetHints":{"allow":["GET"]}}],"collection":[{"href":"https:\/\/biblian.is\/biblian\/wp-json\/wp\/v2\/pages"}],"about":[{"href":"https:\/\/biblian.is\/biblian\/wp-json\/wp\/v2\/types\/page"}],"author":[{"embeddable":true,"href":"https:\/\/biblian.is\/biblian\/wp-json\/wp\/v2\/users\/1"}],"replies":[{"embeddable":true,"href":"https:\/\/biblian.is\/biblian\/wp-json\/wp\/v2\/comments?post=1621"}],"version-history":[{"count":0,"href":"https:\/\/biblian.is\/biblian\/wp-json\/wp\/v2\/pages\/1621\/revisions"}],"wp:attachment":[{"href":"https:\/\/biblian.is\/biblian\/wp-json\/wp\/v2\/media?parent=1621"}],"curies":[{"name":"wp","href":"https:\/\/api.w.org\/{rel}","templated":true}]}}