{"id":1620,"date":"2017-12-30T20:59:45","date_gmt":"2017-12-30T20:59:45","guid":{"rendered":"http:\/\/biblian.is\/biblian\/fyrsta-m%c2%97seb%c2%97k-3-kafli\/"},"modified":"2022-12-16T13:42:55","modified_gmt":"2022-12-16T13:42:55","slug":"fyrsta-mosebok-3-kafli","status":"publish","type":"page","link":"https:\/\/biblian.is\/biblian\/fyrsta-mosebok-3-kafli\/","title":{"rendered":"Fyrsta M\u00f3seb\u00f3k 3. kafli"},"content":{"rendered":"<h3 class=\"millifyrirsogn_2007\">\u00d3hl\u00fd\u00f0ni mannsins<\/h3>\n<p><a name=\"1\"><\/a><span class=\"versanumer_2007\">1<\/span> H\u00f6ggormurinn var sl\u00f3ttugri en \u00f6ll d\u00fdr merkurinnar sem Drottinn Gu\u00f0 haf\u00f0i gert. Hann sag\u00f0i vi\u00f0 konuna: \u201eEr \u00fea\u00f0 satt a\u00f0 Gu\u00f0 hafi sagt: \u00dei\u00f0 megi\u00f0 ekki eta af neinu tr\u00e9 \u00ed aldingar\u00f0inum?\u201c<br \/>\n<a name=\"2\"><\/a><span class=\"versanumer_2007\">2<\/span> Konan svara\u00f0i h\u00f6ggorminum: \u201eVi\u00f0 megum eta af \u00e1v\u00f6xtum trj\u00e1nna \u00ed aldingar\u00f0inum <a name=\"3\"><\/a><span class=\"versanumer_2007\">3<\/span> en um \u00e1v\u00f6xt tr\u00e9sins, sem stendur \u00ed mi\u00f0jum aldingar\u00f0inum, sag\u00f0i Gu\u00f0: Af honum megi\u00f0 \u00fei\u00f0 ekki eta og ekki snerta hann, ella munu\u00f0 \u00fei\u00f0 deyja.\u201c <a name=\"4\"><\/a><span class=\"versanumer_2007\">4<\/span> \u00de\u00e1 sag\u00f0i h\u00f6ggormurinn vi\u00f0 konuna: \u201eSanni\u00f0 til, \u00fei\u00f0 munu\u00f0 ekki deyja. <a name=\"5\"><\/a><span class=\"versanumer_2007\">5<\/span> En Gu\u00f0 veit a\u00f0 um lei\u00f0 og \u00fei\u00f0 eti\u00f0 af honum lj\u00fakast augu ykkar upp og \u00fei\u00f0 ver\u00f0i\u00f0 eins og Gu\u00f0 og skynji\u00f0 gott og illt.\u201c<br \/>\n<a name=\"6\"><\/a><span class=\"versanumer_2007\">6<\/span> \u00de\u00e1 s\u00e1 konan a\u00f0 tr\u00e9\u00f0 var gott af a\u00f0 eta, fagurt \u00e1 a\u00f0 l\u00edta og girnilegt til fr\u00f3\u00f0leiks. H\u00fan t\u00f3k af \u00e1vexti \u00feess og \u00e1t og gaf einnig manni s\u00ednum, sem me\u00f0 henni var, og hann \u00e1t. <a name=\"7\"><\/a><span class=\"versanumer_2007\">7<\/span> \u00de\u00e1 lukust upp augu \u00feeirra beggja og \u00feeim var\u00f0 lj\u00f3st a\u00f0 \u00feau voru nakin. \u00deau saumu\u00f0u \u00fev\u00ed saman f\u00edkjuvi\u00f0arbl\u00f6\u00f0 og ger\u00f0u s\u00e9r mittissk\u00fdlur.<br \/>\n<a name=\"8\"><\/a><span class=\"versanumer_2007\">8<\/span> \u00de\u00e1 heyr\u00f0u \u00feau til Drottins Gu\u00f0s sem gekk um \u00ed aldingar\u00f0inum \u00ed kv\u00f6ldsvalanum og ma\u00f0urinn og kona hans f\u00f6ldu sig fyrir augliti Drottins milli trj\u00e1nna \u00ed aldingar\u00f0inum. <a name=\"9\"><\/a><span class=\"versanumer_2007\">9<\/span> Drottinn Gu\u00f0 kalla\u00f0i \u00e1 manninn og sag\u00f0i vi\u00f0 hann: \u201eHvar ertu?\u201c <a name=\"10\"><\/a><span class=\"versanumer_2007\">10<\/span> Og hann svara\u00f0i: \u201e\u00c9g heyr\u00f0i til \u00fe\u00edn \u00ed aldingar\u00f0inum og var\u00f0 hr\u00e6ddur \u00fev\u00ed a\u00f0 \u00e9g er nakinn, og \u00e9g faldi mig.\u201c <a name=\"11\"><\/a><span class=\"versanumer_2007\">11<\/span> Hann sag\u00f0i: \u201eHver sag\u00f0i \u00fe\u00e9r a\u00f0 \u00fe\u00fa v\u00e6rir nakinn? Hefur \u00fe\u00fa eti\u00f0 af tr\u00e9nu sem \u00e9g banna\u00f0i \u00fe\u00e9r a\u00f0 eta af?\u201c <a name=\"12\"><\/a><span class=\"versanumer_2007\">12<\/span> Ma\u00f0urinn m\u00e6lti: \u201eKonan sem \u00fe\u00fa hefur sett m\u00e9r vi\u00f0 hli\u00f0, h\u00fan gaf m\u00e9r af tr\u00e9nu og \u00e9g \u00e1t.\u201c <a name=\"13\"><\/a><span class=\"versanumer_2007\">13<\/span> \u00de\u00e1 sag\u00f0i Drottinn Gu\u00f0 vi\u00f0 konuna: \u201eHva\u00f0 hefur\u00f0u gert?\u201c Konan svara\u00f0i: \u201eH\u00f6ggormurinn t\u00e6ldi mig og \u00e9g \u00e1t.\u201c<br \/>\n<a name=\"14\"><\/a><span class=\"versanumer_2007\">14<\/span> \u00de\u00e1 sag\u00f0i Drottinn Gu\u00f0 vi\u00f0 h\u00f6ggorminn:<br \/>\n<span class=\"ljodatexti\"> Af \u00fev\u00ed a\u00f0 \u00fe\u00fa ger\u00f0ir \u00feetta<br \/>\nskaltu vera b\u00f6lva\u00f0ur<br \/>\nme\u00f0al alls f\u00e9na\u00f0arins<br \/>\nog me\u00f0al allra d\u00fdra merkurinnar.<br \/>\n\u00c1 kvi\u00f0i \u00fe\u00ednum skaltu skr\u00ed\u00f0a<br \/>\nog mold eta<br \/>\nalla \u00fe\u00edna \u00e6vidaga.<br \/>\n<\/span><span class=\"ljodatexti\"><a name=\"15\"><\/a><span class=\"versanumer_ljod\">15<\/span>\u00c9g set fjandskap<br \/>\nmilli \u00fe\u00edn og konunnar<br \/>\nog milli \u00fe\u00edns ni\u00f0ja og hennar ni\u00f0ja.<br \/>\nHann skal merja h\u00f6fu\u00f0 \u00feitt<br \/>\nog \u00fe\u00fa skalt h\u00f6ggva hann \u00ed h\u00e6linn.<br \/>\n<\/span> <a name=\"16\"><\/a><span class=\"versanumer_2007\">16<\/span> Vi\u00f0 konuna sag\u00f0i hann:<br \/>\n<span class=\"ljodatexti\"> Mikla mun \u00e9g gera \u00fej\u00e1ningu \u00fe\u00edna<br \/>\ner \u00fe\u00fa ver\u00f0ur barnshafandi.<br \/>\nMe\u00f0 \u00feraut skaltu b\u00f6rn f\u00e6\u00f0a,<br \/>\nsamt skaltu hafa l\u00f6ngun til manns \u00fe\u00edns<br \/>\nen hann skal drottna yfir \u00fe\u00e9r.<br \/>\n<\/span> <a name=\"17\"><\/a><span class=\"versanumer_2007\">17<\/span> Vi\u00f0 Adam sag\u00f0i hann:<br \/>\n<span class=\"ljodatexti\"> Vegna \u00feess a\u00f0 \u00fe\u00fa hl\u00fdddir r\u00f6ddu konu \u00feinnar<br \/>\nog \u00e1st af tr\u00e9nu sem \u00e9g banna\u00f0i \u00fe\u00e9r a\u00f0 eta af,<br \/>\n\u00fe\u00e1 s\u00e9 akurlendi\u00f0 b\u00f6lva\u00f0 \u00fe\u00edn vegna.<br \/>\nMe\u00f0 erfi\u00f0i skaltu hafa vi\u00f0urv\u00e6ri af \u00fev\u00ed<br \/>\nalla \u00fe\u00edna \u00e6vidaga.<br \/>\n<\/span><span class=\"ljodatexti\"> <a name=\"18\"><\/a><span class=\"versanumer_ljod\">18<\/span>\u00deyrna og \u00feistla skal landi\u00f0 gefa af s\u00e9r<br \/>\nog \u00fe\u00fa skalt lifa \u00e1 gr\u00f6sum merkurinnar.<br \/>\n<\/span><span class=\"ljodatexti\"> <a name=\"19\"><\/a><span class=\"versanumer_ljod\">19<\/span>\u00cd sveita \u00fe\u00edns andlitis skaltu brau\u00f0s \u00fe\u00edns neyta<br \/>\n\u00fear til \u00fe\u00fa hverfur aftur til jar\u00f0arinnar<br \/>\n\u00fev\u00ed af henni ertu tekinn.<br \/>\n\u00dev\u00ed a\u00f0 mold ert \u00fe\u00fa<br \/>\nog til moldar skaltu aftur hverfa. <\/span><br \/>\n<a name=\"20\"><\/a><span class=\"versanumer_2007\">20<\/span> Adam nefndi konu s\u00edna Evu \u00fev\u00ed a\u00f0 h\u00fan var\u00f0 m\u00f3\u00f0ir allra sem lifa.<span class=\"nedan_mal\" title=\"Eva merkir l\u00edf.\">[<\/span> <a name=\"21\"><\/a><span class=\"versanumer_2007\">21<\/span> Og Drottinn Gu\u00f0 ger\u00f0i skinnkyrtla handa Adam og konu hans og l\u00e9t \u00feau kl\u00e6\u00f0ast \u00feeim.<br \/>\n<a name=\"22\"><\/a><span class=\"versanumer_2007\">22<\/span> Og Drottinn Gu\u00f0 sag\u00f0i: \u201eN\u00fa er ma\u00f0urinn or\u00f0inn sem einn af oss fyrst hann ber skyn \u00e1 gott og illt. Bara a\u00f0 hann r\u00e9tti n\u00fa ekki \u00fat h\u00f6nd s\u00edna, taki einnig af l\u00edfsins tr\u00e9 og eti og lifi eil\u00edflega.\u201c<br \/>\n<a name=\"23\"><\/a><span class=\"versanumer_2007\">23<\/span> Og Drottinn Gu\u00f0 l\u00e9t manninn fara \u00far aldingar\u00f0inum Eden til \u00feess a\u00f0 yrkja j\u00f6r\u00f0ina sem hann var tekinn af. <a name=\"24\"><\/a><span class=\"versanumer_2007\">24<\/span> Og hann rak manninn burt og setti ker\u00fabana fyrir austan Eden og loga hins sveipanda sver\u00f0s til \u00feess a\u00f0 g\u00e6ta vegarins a\u00f0 l\u00edfsins tr\u00e9.<\/p>\n","protected":false},"excerpt":{"rendered":"<p>\u00d3hl\u00fd\u00f0ni mannsins 1 H\u00f6ggormurinn var sl\u00f3ttugri en \u00f6ll d\u00fdr merkurinnar sem Drottinn Gu\u00f0 haf\u00f0i gert. Hann sag\u00f0i vi\u00f0 konuna: \u201eEr \u00fea\u00f0 satt a\u00f0 Gu\u00f0 hafi sagt: \u00dei\u00f0 megi\u00f0 ekki eta af neinu tr\u00e9 \u00ed aldingar\u00f0inum?\u201c 2 Konan svara\u00f0i h\u00f6ggorminum: \u201eVi\u00f0 megum eta af \u00e1v\u00f6xtum trj\u00e1nna \u00ed aldingar\u00f0inum 3 en um \u00e1v\u00f6xt tr\u00e9sins, sem stendur \u00ed mi\u00f0jum aldingar\u00f0inum, sag\u00f0i Gu\u00f0: Af honum megi\u00f0 \u00fei\u00f0 ekki eta og ekki snerta hann, ella munu\u00f0 \u00fei\u00f0 deyja.\u201c 4 \u00de\u00e1 sag\u00f0i h\u00f6ggormurinn vi\u00f0 konuna: \u201eSanni\u00f0 til, \u00fei\u00f0 munu\u00f0 ekki deyja. 5 En Gu\u00f0 veit a\u00f0 um lei\u00f0 og \u00fei\u00f0 eti\u00f0 af honum lj\u00fakast augu ykkar <a href=\"https:\/\/biblian.is\/biblian\/fyrsta-mosebok-3-kafli\/\"> [&#8230;]<\/a><\/p>\n","protected":false},"author":1,"featured_media":0,"parent":0,"menu_order":0,"comment_status":"open","ping_status":"open","template":"bibliukaflar_NT.php","meta":{"footnotes":""},"class_list":["post-1620","page","type-page","status-publish","hentry"],"_links":{"self":[{"href":"https:\/\/biblian.is\/biblian\/wp-json\/wp\/v2\/pages\/1620","targetHints":{"allow":["GET"]}}],"collection":[{"href":"https:\/\/biblian.is\/biblian\/wp-json\/wp\/v2\/pages"}],"about":[{"href":"https:\/\/biblian.is\/biblian\/wp-json\/wp\/v2\/types\/page"}],"author":[{"embeddable":true,"href":"https:\/\/biblian.is\/biblian\/wp-json\/wp\/v2\/users\/1"}],"replies":[{"embeddable":true,"href":"https:\/\/biblian.is\/biblian\/wp-json\/wp\/v2\/comments?post=1620"}],"version-history":[{"count":0,"href":"https:\/\/biblian.is\/biblian\/wp-json\/wp\/v2\/pages\/1620\/revisions"}],"wp:attachment":[{"href":"https:\/\/biblian.is\/biblian\/wp-json\/wp\/v2\/media?parent=1620"}],"curies":[{"name":"wp","href":"https:\/\/api.w.org\/{rel}","templated":true}]}}