{"id":1619,"date":"2017-12-30T20:59:45","date_gmt":"2017-12-30T20:59:45","guid":{"rendered":"http:\/\/biblian.is\/biblian\/fyrsta-m%c2%97seb%c2%97k-2-kafli\/"},"modified":"2022-12-16T13:42:50","modified_gmt":"2022-12-16T13:42:50","slug":"fyrsta-mosebok-2-kafli","status":"publish","type":"page","link":"https:\/\/biblian.is\/biblian\/fyrsta-mosebok-2-kafli\/","title":{"rendered":"Fyrsta M\u00f3seb\u00f3k 2. kafli"},"content":{"rendered":"<p><a name=\"1\"><\/a><span class=\"versanumer_2007\">1<\/span> Himinn og j\u00f6r\u00f0 voru n\u00fa fullger\u00f0 og \u00f6ll \u00feeirra pr\u00fd\u00f0i.<br \/>\n<a name=\"2\"><\/a><span class=\"versanumer_2007\">2<\/span> \u00c1 sj\u00f6unda degi lauk Gu\u00f0 verki s\u00ednu og hv\u00edldist hinn sj\u00f6unda dag fr\u00e1 \u00f6llu \u00fev\u00ed er hann haf\u00f0i unni\u00f0.<br \/>\n<a name=\"3\"><\/a><span class=\"versanumer_2007\">3<\/span> Og Gu\u00f0 blessa\u00f0i sj\u00f6unda daginn og helga\u00f0i hann \u00fev\u00ed a\u00f0 \u00feann dag hv\u00edldist Gu\u00f0 fr\u00e1 \u00f6llu sk\u00f6punarverki s\u00ednu sem hann haf\u00f0i unni\u00f0 a\u00f0.<br \/>\n<a name=\"4\"><\/a><span class=\"versanumer_2007\">4<\/span> \u00deetta er sagan um uppruna himins og jar\u00f0ar.<\/p>\n<h3 class=\"millifyrirsogn_2007\">Eden<\/h3>\n<p>\u00c1 \u00feeim degi er Drottinn Gu\u00f0 ger\u00f0i himin og j\u00f6r\u00f0 <a name=\"5\"><\/a><span class=\"versanumer_2007\">5<\/span> var enginn runni merkurinnar til \u00e1 j\u00f6r\u00f0inni og engar jurtir spruttu \u00fev\u00ed a\u00f0 Drottinn Gu\u00f0 haf\u00f0i ekki enn l\u00e1ti\u00f0 rigna \u00e1 j\u00f6r\u00f0ina. Og \u00fear var enginn ma\u00f0ur til \u00feess a\u00f0 yrkja landi\u00f0. <a name=\"6\"><\/a><span class=\"versanumer_2007\">6<\/span> En m\u00f3\u00f0u lag\u00f0i upp af j\u00f6r\u00f0inni sem v\u00f6kva\u00f0i allt landi\u00f0.<br \/>\n<a name=\"7\"><\/a><span class=\"versanumer_2007\">7<\/span> \u00de\u00e1 m\u00f3ta\u00f0i Drottinn Gu\u00f0 manninn <span class=\"nedan_mal\" title=\" Hebreska \u201eadam\u201c, or\u00f0aleikur vi\u00f0 \u201eadamah\u201c, j\u00f6r\u00f0, akurlendi.\">[<\/span> af moldu jar\u00f0ar og bl\u00e9s l\u00edfsanda \u00ed nasir hans. \u00deannig var\u00f0 ma\u00f0urinn lifandi vera.<br \/>\n<a name=\"8\"><\/a><span class=\"versanumer_2007\">8<\/span> \u00de\u00e1 planta\u00f0i Drottinn Gu\u00f0 aldingar\u00f0 \u00ed Eden, \u00ed austri, og setti \u00fear manninn sem hann haf\u00f0i m\u00f3ta\u00f0. <a name=\"9\"><\/a><span class=\"versanumer_2007\">9<\/span> Og Drottinn Gu\u00f0 l\u00e9t spretta af j\u00f6r\u00f0inni alls konar tr\u00e9, girnileg \u00e1 a\u00f0 l\u00edta og g\u00f3\u00f0 af a\u00f0 eta, \u00e1samt l\u00edfsins tr\u00e9 \u00ed mi\u00f0jum gar\u00f0inum og skilningstr\u00e9 g\u00f3\u00f0s og ills.<br \/>\n<a name=\"10\"><\/a><span class=\"versanumer_2007\">10<\/span> Flj\u00f3t rennur fr\u00e1 Eden og v\u00f6kvar gar\u00f0inn. \u00dea\u00f0an kv\u00edslast \u00fea\u00f0 og ver\u00f0ur a\u00f0 fj\u00f3rum st\u00f3r\u00e1m. <a name=\"11\"><\/a><span class=\"versanumer_2007\">11<\/span> Hin fyrsta heitir P\u00edson. H\u00fan fellur um allt landi\u00f0 Hav\u00edla \u00fear sem gulli\u00f0 f\u00e6st. <a name=\"12\"><\/a><span class=\"versanumer_2007\">12<\/span> Gull \u00feess lands er hreint. \u00dear er bed\u00f3lat og \u00f3nyxsteinn. <a name=\"13\"><\/a><span class=\"versanumer_2007\">13<\/span> \u00d6nnur st\u00f3r\u00e1in heitir G\u00edhon. H\u00fan fellur um allt K\u00fasland. <a name=\"14\"><\/a><span class=\"versanumer_2007\">14<\/span> \u00deri\u00f0ja st\u00f3r\u00e1in heitir T\u00edgris. H\u00fan fellur fyrir austan Ass\u00fdr\u00edu. Fj\u00f3r\u00f0a st\u00f3r\u00e1in er Efrat.<br \/>\n<a name=\"15\"><\/a><span class=\"versanumer_2007\">15<\/span> \u00de\u00e1 t\u00f3k Drottinn Gu\u00f0 manninn og setti hann \u00ed aldingar\u00f0inn Eden til a\u00f0 yrkja hann og g\u00e6ta hans.<br \/>\n<a name=\"16\"><\/a><span class=\"versanumer_2007\">16<\/span> Drottinn Gu\u00f0 bau\u00f0 manninum og sag\u00f0i: \u201eAf \u00f6llum trj\u00e1m \u00ed aldingar\u00f0inum m\u00e1ttu eta a\u00f0 vild. <a name=\"17\"><\/a><span class=\"versanumer_2007\">17<\/span> En af skilningstr\u00e9 g\u00f3\u00f0s og ills m\u00e1ttu ekki eta. Jafnskj\u00f3tt og \u00fe\u00fa etur af \u00fev\u00ed muntu deyja.\u201c<br \/>\n<a name=\"18\"><\/a><span class=\"versanumer_2007\">18<\/span> Og Drottinn Gu\u00f0 sag\u00f0i: \u201eEigi er \u00fea\u00f0 gott a\u00f0 ma\u00f0urinn s\u00e9 einn. \u00c9g vil gera honum me\u00f0hj\u00e1lp vi\u00f0 hans h\u00e6fi.\u201c<br \/>\n<a name=\"19\"><\/a><span class=\"versanumer_2007\">19<\/span> Drottinn Gu\u00f0 m\u00f3ta\u00f0i n\u00fa \u00f6ll d\u00fdr merkurinnar og alla fugla himinsins af moldu og l\u00e9t \u00feau koma fram fyrir manninn til \u00feess a\u00f0 sj\u00e1 hva\u00f0 hann nefndi \u00feau. Og hvert \u00fea\u00f0 heiti, sem ma\u00f0urinn g\u00e6fi hinum lifandi skepnum, skyldu \u00fe\u00e6r bera. <a name=\"20\"><\/a><span class=\"versanumer_2007\">20<\/span> Og ma\u00f0urinn gaf \u00f6llu b\u00faf\u00e9nu nafn \u00e1samt fuglum loftsins og d\u00fdrum merkurinnar. En hann fann manninum enga me\u00f0hj\u00e1lp vi\u00f0 h\u00e6fi.<br \/>\n<a name=\"21\"><\/a><span class=\"versanumer_2007\">21<\/span> \u00de\u00e1 l\u00e9t Drottinn Gu\u00f0 dj\u00fapan svefn falla \u00e1 manninn. Og er hann var sofna\u00f0ur t\u00f3k hann eitt af rifjum hans og setti hold \u00ed \u00feess sta\u00f0. <a name=\"22\"><\/a><span class=\"versanumer_2007\">22<\/span> Og Drottinn Gu\u00f0 mynda\u00f0i konu af rifinu sem hann haf\u00f0i teki\u00f0 \u00far manninum og leiddi hana til mannsins.<br \/>\n<a name=\"23\"><\/a><span class=\"versanumer_2007\">23<\/span> \u00de\u00e1 sag\u00f0i ma\u00f0urinn:<br \/>\n<span class=\"ljodatexti\"> Loks er h\u00e9r bein af m\u00ednum beinum<br \/>\nog hold af m\u00ednu holdi.<br \/>\nH\u00fan skal kvenma\u00f0ur<span class=\"nedan_mal\" title=\" Kvenma\u00f0ur, \u00e1 hebresku \u201eishah\u201c. Karlma\u00f0ur, \u00e1 hebresku \u201eish\u201c.\">[<\/span> kallast<br \/>\naf \u00fev\u00ed a\u00f0 h\u00fan er af karlmanni tekin. <\/span><br \/>\n<a name=\"24\"><\/a><span class=\"versanumer_2007\">24<\/span> Af \u00feessum s\u00f6kum yfirgefur ma\u00f0ur f\u00f6\u00f0ur sinn og m\u00f3\u00f0ur s\u00edna og b\u00fdr me\u00f0 eiginkonu sinni, og \u00feau ver\u00f0a eitt. <span class=\"nedan_mal\" title=\" Or\u00f0r\u00e9tt: eitt hold.\">[<\/span><br \/>\n<a name=\"25\"><\/a><span class=\"versanumer_2007\">25<\/span> \u00deau voru b\u00e6\u00f0i nakin, karlinn og kona hans, en blyg\u00f0u\u00f0ust s\u00edn ekki.<\/p>\n","protected":false},"excerpt":{"rendered":"<p>1 Himinn og j\u00f6r\u00f0 voru n\u00fa fullger\u00f0 og \u00f6ll \u00feeirra pr\u00fd\u00f0i. 2 \u00c1 sj\u00f6unda degi lauk Gu\u00f0 verki s\u00ednu og hv\u00edldist hinn sj\u00f6unda dag fr\u00e1 \u00f6llu \u00fev\u00ed er hann haf\u00f0i unni\u00f0. 3 Og Gu\u00f0 blessa\u00f0i sj\u00f6unda daginn og helga\u00f0i hann \u00fev\u00ed a\u00f0 \u00feann dag hv\u00edldist Gu\u00f0 fr\u00e1 \u00f6llu sk\u00f6punarverki s\u00ednu sem hann haf\u00f0i unni\u00f0 a\u00f0. 4 \u00deetta er sagan um uppruna himins og jar\u00f0ar. Eden \u00c1 \u00feeim degi er Drottinn Gu\u00f0 ger\u00f0i himin og j\u00f6r\u00f0 5 var enginn runni merkurinnar til \u00e1 j\u00f6r\u00f0inni og engar jurtir spruttu \u00fev\u00ed a\u00f0 Drottinn Gu\u00f0 haf\u00f0i ekki enn l\u00e1ti\u00f0 rigna \u00e1 j\u00f6r\u00f0ina. Og \u00fear <a href=\"https:\/\/biblian.is\/biblian\/fyrsta-mosebok-2-kafli\/\"> [&#8230;]<\/a><\/p>\n","protected":false},"author":1,"featured_media":0,"parent":0,"menu_order":0,"comment_status":"open","ping_status":"open","template":"bibliukaflar_NT.php","meta":{"footnotes":""},"class_list":["post-1619","page","type-page","status-publish","hentry"],"_links":{"self":[{"href":"https:\/\/biblian.is\/biblian\/wp-json\/wp\/v2\/pages\/1619","targetHints":{"allow":["GET"]}}],"collection":[{"href":"https:\/\/biblian.is\/biblian\/wp-json\/wp\/v2\/pages"}],"about":[{"href":"https:\/\/biblian.is\/biblian\/wp-json\/wp\/v2\/types\/page"}],"author":[{"embeddable":true,"href":"https:\/\/biblian.is\/biblian\/wp-json\/wp\/v2\/users\/1"}],"replies":[{"embeddable":true,"href":"https:\/\/biblian.is\/biblian\/wp-json\/wp\/v2\/comments?post=1619"}],"version-history":[{"count":0,"href":"https:\/\/biblian.is\/biblian\/wp-json\/wp\/v2\/pages\/1619\/revisions"}],"wp:attachment":[{"href":"https:\/\/biblian.is\/biblian\/wp-json\/wp\/v2\/media?parent=1619"}],"curies":[{"name":"wp","href":"https:\/\/api.w.org\/{rel}","templated":true}]}}