{"id":1618,"date":"2017-12-30T20:59:45","date_gmt":"2017-12-30T20:59:45","guid":{"rendered":"http:\/\/biblian.is\/biblian\/fyrsta-m%c2%97seb%c2%97k-1-kafli\/"},"modified":"2022-12-16T13:42:47","modified_gmt":"2022-12-16T13:42:47","slug":"fyrsta-mosebok-1-kafli","status":"publish","type":"page","link":"https:\/\/biblian.is\/biblian\/fyrsta-mosebok-1-kafli\/","title":{"rendered":"Fyrsta M\u00f3seb\u00f3k 1. kafli"},"content":{"rendered":"<h3 class=\"millifyrirsogn_2007\">Sk\u00f6punarsagan<\/h3>\n<p><a name=\"1\"><\/a><span class=\"versanumer_2007\">1<\/span> \u00cd upphafi skapa\u00f0i Gu\u00f0 himin og j\u00f6r\u00f0. <a name=\"2\"><\/a><span class=\"versanumer_2007\">2<\/span> J\u00f6r\u00f0in var \u00fe\u00e1 au\u00f0 og t\u00f3m. Myrkur gr\u00faf\u00f0i yfir dj\u00fapinu en andi Gu\u00f0s sveif yfir v\u00f6tnunum.<br \/>\n<a name=\"3\"><\/a><span class=\"versanumer_2007\">3<\/span> \u00de\u00e1 sag\u00f0i Gu\u00f0: \u201eVer\u00f0i lj\u00f3s.\u201c<br \/>\nOg \u00fea\u00f0 var\u00f0 lj\u00f3s.<br \/>\n<a name=\"4\"><\/a><span class=\"versanumer_2007\">4<\/span> Gu\u00f0 s\u00e1 a\u00f0 lj\u00f3si\u00f0 var gott og Gu\u00f0 greindi lj\u00f3si\u00f0 fr\u00e1 myrkrinu. <a name=\"5\"><\/a><span class=\"versanumer_2007\">5<\/span> Gu\u00f0 nefndi lj\u00f3si\u00f0 dag en myrkri\u00f0 n\u00f3tt.<br \/>\n\u00dea\u00f0 var\u00f0 kv\u00f6ld og \u00fea\u00f0 var\u00f0 morgunn, hinn fyrsti dagur.<br \/>\n<a name=\"6\"><\/a><span class=\"versanumer_2007\">6<\/span> \u00de\u00e1 sag\u00f0i Gu\u00f0: \u201eVer\u00f0i festing milli vatnanna og h\u00fan greini v\u00f6tn fr\u00e1 v\u00f6tnum.\u201c<br \/>\n<a name=\"7\"><\/a><span class=\"versanumer_2007\">7<\/span> \u00de\u00e1 ger\u00f0i Gu\u00f0 festinguna. Skildi h\u00fan milli vatnanna sem voru undir festingunni og vatnanna sem voru yfir festingunni. Og \u00fea\u00f0 var\u00f0 svo.<br \/>\n<a name=\"8\"><\/a><span class=\"versanumer_2007\">8<\/span> Og Gu\u00f0 nefndi festinguna himin. <span class=\"nedan_mal\" title=\" \u00cd gr\u00edsku sj\u00f6t\u00edumanna\u00fe\u00fd\u00f0ingunni stendur h\u00e9r: Og Gu\u00f0 s\u00e1 a\u00f0 \u00fea\u00f0 var gott.\">[<\/span> \u00dea\u00f0 var\u00f0 kv\u00f6ld og \u00fea\u00f0 var\u00f0 morgunn, hinn annar dagur.<br \/>\n<a name=\"9\"><\/a><span class=\"versanumer_2007\">9<\/span> \u00de\u00e1 sag\u00f0i Gu\u00f0: \u201eV\u00f6tnin undir himninum safnist saman \u00ed einn sta\u00f0 og \u00feurrlendi\u00f0 komi \u00ed lj\u00f3s.\u201c Og \u00fea\u00f0 var\u00f0 svo.<br \/>\n<a name=\"10\"><\/a><span class=\"versanumer_2007\">10<\/span> Gu\u00f0 nefndi \u00feurrlendi\u00f0 j\u00f6r\u00f0 og safn vatnanna nefndi hann haf. Og Gu\u00f0 s\u00e1 a\u00f0 \u00fea\u00f0 var gott.<br \/>\n<a name=\"11\"><\/a><span class=\"versanumer_2007\">11<\/span> \u00de\u00e1 sag\u00f0i Gu\u00f0: \u201eJ\u00f6r\u00f0in l\u00e1ti gr\u00f3\u00f0ur af s\u00e9r spretta, s\u00e1\u00f0jurtir og aldintr\u00e9 af \u00f6llum tegundum jar\u00f0ar sem bera \u00e1v\u00f6xt me\u00f0 s\u00e6\u00f0i.\u201c Og \u00fea\u00f0 var\u00f0 svo.<br \/>\n<a name=\"12\"><\/a><span class=\"versanumer_2007\">12<\/span> J\u00f6r\u00f0in l\u00e9t gr\u00f3\u00f0ur af s\u00e9r spretta, alls kyns s\u00e1\u00f0jurtir og aldintr\u00e9 af \u00f6llum tegundum sem bera \u00e1v\u00f6xt me\u00f0 fr\u00e6i.<br \/>\nOg Gu\u00f0 s\u00e1 a\u00f0 \u00fea\u00f0 var gott.<br \/>\n<a name=\"13\"><\/a><span class=\"versanumer_2007\">13<\/span> \u00dea\u00f0 var\u00f0 kv\u00f6ld og \u00fea\u00f0 var\u00f0 morgunn, hinn \u00feri\u00f0ji dagur.<br \/>\n<a name=\"14\"><\/a><span class=\"versanumer_2007\">14<\/span> \u00de\u00e1 sag\u00f0i Gu\u00f0: \u201eVer\u00f0i lj\u00f3s \u00e1 hvelfingu himins til \u00feess a\u00f0 greina dag fr\u00e1 n\u00f3ttu. \u00deau skulu vera t\u00e1kn til \u00feess a\u00f0 marka t\u00ed\u00f0ir, daga og \u00e1r <a name=\"15\"><\/a><span class=\"versanumer_2007\">15<\/span> og \u00feau skulu vera lj\u00f3sgjafar \u00e1 festingu himins til \u00feess a\u00f0 bera j\u00f6r\u00f0inni birtu.\u201c Og \u00fea\u00f0 var\u00f0 svo.<br \/>\n<a name=\"16\"><\/a><span class=\"versanumer_2007\">16<\/span> Gu\u00f0 ger\u00f0i tv\u00f6 st\u00f3ru lj\u00f3sin, st\u00e6rra lj\u00f3si\u00f0 til a\u00f0 r\u00e1\u00f0a degi og minna lj\u00f3si\u00f0 til a\u00f0 r\u00e1\u00f0a n\u00f3ttu, og einnig stj\u00f6rnurnar. <a name=\"17\"><\/a><span class=\"versanumer_2007\">17<\/span> Og Gu\u00f0 setti \u00feau \u00e1 festingu himinsins til \u00feess a\u00f0 bera j\u00f6r\u00f0inni birtu <a name=\"18\"><\/a><span class=\"versanumer_2007\">18<\/span> og r\u00e1\u00f0a degi og n\u00f3ttu og til a\u00f0 greina lj\u00f3s fr\u00e1 myrkri. Og Gu\u00f0 s\u00e1 a\u00f0 \u00fea\u00f0 var gott.<br \/>\n<a name=\"19\"><\/a><span class=\"versanumer_2007\">19<\/span> \u00dea\u00f0 var\u00f0 kv\u00f6ld og \u00fea\u00f0 var\u00f0 morgunn, hinn fj\u00f3r\u00f0i dagur.<br \/>\n<a name=\"20\"><\/a><span class=\"versanumer_2007\">20<\/span> \u00de\u00e1 sag\u00f0i Gu\u00f0: \u201eV\u00f6tnin ver\u00f0i kvik af l\u00edfverum og fuglar flj\u00fagi yfir j\u00f6r\u00f0inni undir hvelfingu himins.\u201c<br \/>\n<a name=\"21\"><\/a><span class=\"versanumer_2007\">21<\/span> Og Gu\u00f0 skapa\u00f0i hin st\u00f3ru sj\u00e1vard\u00fdr og alls kyns skepnur, sem lifa og hr\u00e6rast og v\u00f6tnin eru kvik af, og alla fleyga fugla eftir \u00feeirra tegundum.<br \/>\nOg Gu\u00f0 s\u00e1 a\u00f0 \u00fea\u00f0 var gott.<br \/>\n<a name=\"22\"><\/a><span class=\"versanumer_2007\">22<\/span> Gu\u00f0 blessa\u00f0i \u00feau og sag\u00f0i: \u201eFrj\u00f3vgist og fj\u00f6lgi\u00f0 ykkur og fylli\u00f0 v\u00f6tn sj\u00e1varins og fuglum fj\u00f6lgi \u00e1 j\u00f6r\u00f0inni.\u201c<br \/>\n<a name=\"23\"><\/a><span class=\"versanumer_2007\">23<\/span> \u00dea\u00f0 var\u00f0 kv\u00f6ld og \u00fea\u00f0 var\u00f0 morgunn, hinn fimmti dagur.<br \/>\n<a name=\"24\"><\/a><span class=\"versanumer_2007\">24<\/span> \u00de\u00e1 sag\u00f0i Gu\u00f0: \u201eJ\u00f6r\u00f0in lei\u00f0i fram lifandi skepnur, hverja eftir sinni tegund, b\u00faf\u00e9, skri\u00f0d\u00fdr og villid\u00fdr, hvert eftir sinni tegund.\u201c Og \u00fea\u00f0 var\u00f0 svo.<br \/>\n<a name=\"25\"><\/a><span class=\"versanumer_2007\">25<\/span> Gu\u00f0 ger\u00f0i villid\u00fdrin, hvert eftir sinni tegund, b\u00faf\u00e9 eftir sinni tegund og hvers konar skri\u00f0d\u00fdr jar\u00f0arinnar eftir sinni tegund. Og Gu\u00f0 s\u00e1 a\u00f0 \u00fea\u00f0 var gott.<br \/>\n<a name=\"26\"><\/a><span class=\"versanumer_2007\">26<\/span> \u00de\u00e1 sag\u00f0i Gu\u00f0: \u201eV\u00e9r viljum gera manninn eftir vorri mynd, l\u00edkan oss. Hann skal drottna yfir fiskum sj\u00e1varins, fuglum loftsins, b\u00faf\u00e9nu, villid\u00fdrunum og allri j\u00f6r\u00f0inni og \u00f6llum skri\u00f0d\u00fdrum sem skr\u00ed\u00f0a \u00e1 j\u00f6r\u00f0inni.\u201c<br \/>\n<a name=\"27\"><\/a><span class=\"versanumer_2007\">27<\/span> Og Gu\u00f0 skapa\u00f0i manninn eftir sinni mynd. Hann skapa\u00f0i hann eftir Gu\u00f0s mynd. Hann skapa\u00f0i \u00feau karl og konu.<br \/>\n<a name=\"28\"><\/a><span class=\"versanumer_2007\">28<\/span> Gu\u00f0 blessa\u00f0i \u00feau. Og Gu\u00f0 sag\u00f0i vi\u00f0 \u00feau: \u201eVeri\u00f0 frj\u00f3s\u00f6m, fj\u00f6lgi\u00f0 ykkur og fylli\u00f0 j\u00f6r\u00f0ina, geri\u00f0 ykkur hana undirgefna og r\u00edki\u00f0 yfir fiskum sj\u00e1varins og fuglum himinsins og \u00f6llum d\u00fdrum sem hr\u00e6rast \u00e1 j\u00f6r\u00f0inni.\u201c<br \/>\n<a name=\"29\"><\/a><span class=\"versanumer_2007\">29<\/span> Og Gu\u00f0 sag\u00f0i: \u201eN\u00fa gef \u00e9g ykkur allar s\u00e1\u00f0jurtir jar\u00f0arinnar og \u00f6ll aldintr\u00e9 sem bera \u00e1v\u00f6xt me\u00f0 fr\u00e6i. \u00deau skulu vera ykkur til f\u00e6\u00f0u. <a name=\"30\"><\/a><span class=\"versanumer_2007\">30<\/span> Og \u00f6llum d\u00fdrum jar\u00f0arinnar, \u00f6llum fuglum himinsins, \u00f6llum skri\u00f0d\u00fdrum jar\u00f0arinnar, \u00f6llu sem hefur l\u00edfsanda \u00ed s\u00e9r, gef \u00e9g \u00f6ll gr\u00f6s og jurtir til f\u00e6\u00f0u.\u201c Og \u00fea\u00f0 var\u00f0 svo.<br \/>\n<a name=\"31\"><\/a><span class=\"versanumer_2007\">31<\/span> Og Gu\u00f0 leit allt sem hann haf\u00f0i gert, og sj\u00e1, \u00fea\u00f0 var harla gott.<br \/>\nOg \u00fea\u00f0 var\u00f0 kv\u00f6ld og \u00fea\u00f0 var\u00f0 morgunn, hinn sj\u00f6tti dagur.<\/p>\n","protected":false},"excerpt":{"rendered":"<p>Sk\u00f6punarsagan 1 \u00cd upphafi skapa\u00f0i Gu\u00f0 himin og j\u00f6r\u00f0. 2 J\u00f6r\u00f0in var \u00fe\u00e1 au\u00f0 og t\u00f3m. Myrkur gr\u00faf\u00f0i yfir dj\u00fapinu en andi Gu\u00f0s sveif yfir v\u00f6tnunum. 3 \u00de\u00e1 sag\u00f0i Gu\u00f0: \u201eVer\u00f0i lj\u00f3s.\u201c Og \u00fea\u00f0 var\u00f0 lj\u00f3s. 4 Gu\u00f0 s\u00e1 a\u00f0 lj\u00f3si\u00f0 var gott og Gu\u00f0 greindi lj\u00f3si\u00f0 fr\u00e1 myrkrinu. 5 Gu\u00f0 nefndi lj\u00f3si\u00f0 dag en myrkri\u00f0 n\u00f3tt. \u00dea\u00f0 var\u00f0 kv\u00f6ld og \u00fea\u00f0 var\u00f0 morgunn, hinn fyrsti dagur. 6 \u00de\u00e1 sag\u00f0i Gu\u00f0: \u201eVer\u00f0i festing milli vatnanna og h\u00fan greini v\u00f6tn fr\u00e1 v\u00f6tnum.\u201c 7 \u00de\u00e1 ger\u00f0i Gu\u00f0 festinguna. Skildi h\u00fan milli vatnanna sem voru undir festingunni og vatnanna sem voru yfir festingunni. <a href=\"https:\/\/biblian.is\/biblian\/fyrsta-mosebok-1-kafli\/\"> [&#8230;]<\/a><\/p>\n","protected":false},"author":1,"featured_media":0,"parent":0,"menu_order":0,"comment_status":"open","ping_status":"open","template":"bibliukaflar_NT.php","meta":{"footnotes":""},"class_list":["post-1618","page","type-page","status-publish","hentry"],"_links":{"self":[{"href":"https:\/\/biblian.is\/biblian\/wp-json\/wp\/v2\/pages\/1618","targetHints":{"allow":["GET"]}}],"collection":[{"href":"https:\/\/biblian.is\/biblian\/wp-json\/wp\/v2\/pages"}],"about":[{"href":"https:\/\/biblian.is\/biblian\/wp-json\/wp\/v2\/types\/page"}],"author":[{"embeddable":true,"href":"https:\/\/biblian.is\/biblian\/wp-json\/wp\/v2\/users\/1"}],"replies":[{"embeddable":true,"href":"https:\/\/biblian.is\/biblian\/wp-json\/wp\/v2\/comments?post=1618"}],"version-history":[{"count":0,"href":"https:\/\/biblian.is\/biblian\/wp-json\/wp\/v2\/pages\/1618\/revisions"}],"wp:attachment":[{"href":"https:\/\/biblian.is\/biblian\/wp-json\/wp\/v2\/media?parent=1618"}],"curies":[{"name":"wp","href":"https:\/\/api.w.org\/{rel}","templated":true}]}}