{"id":15,"date":"2017-12-15T17:42:17","date_gmt":"2017-12-15T17:42:17","guid":{"rendered":"http:\/\/biblian.is\/biblian\/?page_id=15"},"modified":"2024-07-03T22:09:47","modified_gmt":"2024-07-03T22:09:47","slug":"biblia-21-aldarinnar","status":"publish","type":"page","link":"https:\/\/biblian.is\/biblian\/","title":{"rendered":"Bibl\u00eda 21. aldar"},"content":{"rendered":"<p><div class=\"fusion-fullwidth fullwidth-box fusion-builder-row-1 nonhundred-percent-fullwidth non-hundred-percent-height-scrolling\" style=\"--awb-border-radius-top-left:0px;--awb-border-radius-top-right:0px;--awb-border-radius-bottom-right:0px;--awb-border-radius-bottom-left:0px;--awb-flex-wrap:wrap;\" ><div class=\"fusion-builder-row fusion-row\"><div class=\"fusion-layout-column fusion_builder_column fusion-builder-column-0 fusion_builder_column_3_5 3_5 fusion-three-fifth fusion-column-first\" style=\"--awb-bg-size:cover;width:60%;width:calc(60% - ( ( 4% ) * 0.6 ) );margin-right: 4%;\"><div class=\"fusion-column-wrapper fusion-flex-column-wrapper-legacy\"><div class=\"fusion-widget-area awb-widget-area-element fusion-widget-area-1 fusion-content-widget-area\" style=\"--awb-title-size:15px;--awb-title-color:#000000;--awb-padding:0px 0px 0px 0px;\"><div id=\"search-5\" class=\"widget widget_search\">\t\t<form role=\"search\" class=\"searchform fusion-search-form  fusion-search-form-clean\" method=\"get\" action=\"https:\/\/biblian.is\/biblian\/\">\n\t\t\t<div class=\"fusion-search-form-content\">\n\n\t\t\t\t\n\t\t\t\t<div class=\"fusion-search-field search-field\">\n\t\t\t\t\t<label><span class=\"screen-reader-text\">Leita eftir:<\/span>\n\t\t\t\t\t\t\t\t\t\t\t\t\t<input type=\"search\" value=\"\" name=\"s\" class=\"s\" placeholder=\"Leit\u2026\" required aria-required=\"true\" aria-label=\"Leit\u2026\"\/>\n\t\t\t\t\t\t\t\t\t\t\t<\/label>\n\t\t\t\t<\/div>\n\t\t\t\t<div class=\"fusion-search-button search-button\">\n\t\t\t\t\t<input type=\"submit\" class=\"fusion-search-submit searchsubmit\" aria-label=\"Leit\" value=\"&#xf002;\" \/>\n\t\t\t\t\t\t\t\t\t<\/div>\n\n\t\t\t\t\n\t\t\t<\/div>\n\n\n\t\t\t\n\t\t<\/form>\n\t\t<\/div><div class=\"fusion-additional-widget-content\"><\/div><\/div><div class=\"accordian fusion-accordian\" style=\"--awb-border-size:1px;--awb-icon-size:18px;--awb-content-font-size:15px;--awb-icon-alignment:left;--awb-hover-color:#f8f8f8;--awb-border-color:#f8f8f8;--awb-background-color:#ffffff;--awb-divider-color:#e0dede;--awb-divider-hover-color:#e0dede;--awb-icon-color:#f8f8f8;--awb-title-color:#5f4b8b;--awb-content-color:#301800;--awb-icon-box-color:#301800;--awb-toggle-hover-accent-color:#301800;--awb-title-font-family:&quot;Lato&quot;;--awb-title-font-weight:900;--awb-title-font-style:normal;--awb-title-font-size:18px;--awb-content-font-family:Arial, Helvetica, sans-serif;--awb-content-font-style:normal;--awb-content-font-weight:400;\"><div class=\"panel-group fusion-toggle-icon-boxed\" id=\"accordion-15-1\"><div class=\"fusion-panel panel-default panel-827d3f3ac5f06d064 fusion-toggle-no-divider fusion-toggle-boxed-mode\" style=\"--awb-title-color:#5f4b8b;--awb-content-color:#301800;\"><div class=\"panel-heading\"><h4 class=\"panel-title toggle\" id=\"toggle_827d3f3ac5f06d064\"><a aria-expanded=\"false\" aria-controls=\"827d3f3ac5f06d064\" role=\"button\" data-toggle=\"collapse\" data-parent=\"#accordion-15-1\" data-target=\"#827d3f3ac5f06d064\" href=\"#827d3f3ac5f06d064\"><span class=\"fusion-toggle-icon-wrapper\" aria-hidden=\"true\"><i class=\"fa-fusion-box active-icon awb-icon-minus\" aria-hidden=\"true\"><\/i><i class=\"fa-fusion-box inactive-icon awb-icon-plus\" aria-hidden=\"true\"><\/i><\/span><span class=\"fusion-toggle-heading\">Gamla testamenti\u00f0<\/span><\/a><\/h4><\/div><div id=\"827d3f3ac5f06d064\" class=\"panel-collapse collapse \" aria-labelledby=\"toggle_827d3f3ac5f06d064\"><div class=\"panel-body toggle-content fusion-clearfix\">\n<div class=\"dalkar_rit\">\n<p><a href=\"https:\/\/biblian.is\/biblian\/fyrsta-mosebok-1-kafli\/\">Fyrsta M\u00f3seb\u00f3k <i class=\"fas fa-headphones-alt\"><\/i><\/a><\/p>\n<p><a href=\"https:\/\/biblian.is\/biblian\/onnur-mosebok-1-kafli\/\">\u00d6nnur M\u00f3seb\u00f3k <i class=\"fas fa-headphones-alt\"><\/i><\/a><\/p>\n<p><a href=\"https:\/\/biblian.is\/biblian\/thridja-mosebok-1-kafli\/\">\u00deri\u00f0ja M\u00f3seb\u00f3k <i class=\"fas fa-headphones-alt\"><\/i><\/a><\/p>\n<p><a href=\"https:\/\/biblian.is\/biblian\/fjorda-mosebok-1-kafli\/\">Fj\u00f3r\u00f0a M\u00f3seb\u00f3k <i class=\"fas fa-headphones-alt\"><\/i><\/a><\/p>\n<p><a href=\"https:\/\/biblian.is\/biblian\/fimmta-mosebok-1-kafli\/\">Fimmta M\u00f3seb\u00f3k <i class=\"fas fa-headphones-alt\"><\/i><\/a><\/p>\n<p><a href=\"https:\/\/biblian.is\/biblian\/josuabok-1-kafli\/\">J\u00f3s\u00faab\u00f3k <i class=\"fas fa-headphones-alt\"><\/i><\/a><\/p>\n<p><a href=\"https:\/\/biblian.is\/biblian\/domarabokin-1-kafli\/\">D\u00f3marab\u00f3kin <i class=\"fas fa-headphones-alt\"><\/i><\/a><\/p>\n<p><a href=\"https:\/\/biblian.is\/biblian\/rutarbok-1-kafli\/\">Rutarb\u00f3k <i class=\"fas fa-headphones-alt\"><\/i><\/a><\/p>\n<p><a href=\"https:\/\/biblian.is\/biblian\/fyrri-samuelsbok-1-kafli\/\">Fyrri Sam\u00faelsb\u00f3k <i class=\"fas fa-headphones-alt\"><\/i><\/a><\/p>\n<p><a href=\"https:\/\/biblian.is\/biblian\/sidari-samuelsbok-1-kafli\/\">S\u00ed\u00f0ari Sam\u00faelsb\u00f3k <i class=\"fas fa-headphones-alt\"><\/i><\/a><\/p>\n<p><a href=\"https:\/\/biblian.is\/biblian\/fyrri-konungabok-1-kafli\/\">Fyrri konungab\u00f3k <i class=\"fas fa-headphones-alt\"><\/i><\/a><\/p>\n<p><a href=\"https:\/\/biblian.is\/biblian\/sidari-konungabok-1-kafli\/\">S\u00ed\u00f0ari konungab\u00f3k <i class=\"fas fa-headphones-alt\"><\/i><\/a><\/p>\n<p><a href=\"https:\/\/biblian.is\/biblian\/fyrri-kronikubok-1-kafli\/\">Fyrri kron\u00edkub\u00f3k <i class=\"fas fa-headphones-alt\"><\/i><\/a><\/p>\n<p><a href=\"https:\/\/biblian.is\/biblian\/sidari-kronikubok-1-kafli\/\">S\u00ed\u00f0ari kron\u00edkub\u00f3k <i class=\"fas fa-headphones-alt\"><\/i><\/a><\/p>\n<p><a href=\"https:\/\/biblian.is\/biblian\/esrabok-1-kafli\/\">Esrab\u00f3k <i class=\"fas fa-headphones-alt\"><\/i><\/a><\/p>\n<p><a href=\"https:\/\/biblian.is\/biblian\/nehemiabok-1-kafli\/\">Nehem\u00edab\u00f3k <i class=\"fas fa-headphones-alt\"><\/i><\/a><\/p>\n<p><a href=\"https:\/\/biblian.is\/biblian\/esterarbok-1-kafli\/\">Esterarb\u00f3k <i class=\"fas fa-headphones-alt\"><\/i><\/a><\/p>\n<p><a href=\"https:\/\/biblian.is\/biblian\/jobsbok-1-kafli\/\">Jobsb\u00f3k <i class=\"fas fa-headphones-alt\"><\/i><\/a><\/p>\n<p><a href=\"https:\/\/biblian.is\/biblian\/salmarnir-1-kafli\/\">S\u00e1lmarnir <i class=\"fas fa-headphones-alt\"><\/i><\/a><\/p>\n<p><a href=\"https:\/\/biblian.is\/biblian\/ordskvidirnir-1-kafli\/\">Or\u00f0skvi\u00f0irnir <i class=\"fas fa-headphones-alt\"><\/i><\/a><\/p>\n<p><a href=\"https:\/\/biblian.is\/biblian\/predikarinn-1-kafli\/\">Pr\u00e9dikarinn <i class=\"fas fa-headphones-alt\"><\/i><\/a><\/p>\n<p><a href=\"https:\/\/biblian.is\/biblian\/ljodaljodin-1-kafli\/\">Lj\u00f3\u00f0alj\u00f3\u00f0in <i class=\"fas fa-headphones-alt\"><\/i><\/a><\/p>\n<p><a href=\"https:\/\/biblian.is\/biblian\/jesaja-1-kafli\/\">Jesaja <i class=\"fas fa-headphones-alt\"><\/i><\/a><\/p>\n<p><a href=\"https:\/\/biblian.is\/biblian\/jeremia-1-kafli\/\">Jerem\u00eda <i class=\"fas fa-headphones-alt\"><\/i><\/a><\/p>\n<p><a href=\"https:\/\/biblian.is\/biblian\/harmljodin-1-kafli\/\">Harmlj\u00f3\u00f0in <i class=\"fas fa-headphones-alt\"><\/i><\/a><\/p>\n<p><a href=\"https:\/\/biblian.is\/biblian\/esekiel-1-kafli\/\">Esek\u00edel <i class=\"fas fa-headphones-alt\"><\/i><\/a><\/p>\n<p><a href=\"https:\/\/biblian.is\/biblian\/daniel-1-kafli\/\">Dan\u00edel <i class=\"fas fa-headphones-alt\"><\/i><\/a><\/p>\n<p><a href=\"https:\/\/biblian.is\/biblian\/hosea-1-kafli\/\">H\u00f3sea <i class=\"fas fa-headphones-alt\"><\/i><\/a><\/p>\n<p><a href=\"https:\/\/biblian.is\/biblian\/joel-1-kafli\/\">J\u00f3el <i class=\"fas fa-headphones-alt\"><\/i><\/a><\/p>\n<p><a href=\"https:\/\/biblian.is\/biblian\/amos-1-kafli\/\">Amos <i class=\"fas fa-headphones-alt\"><\/i><\/a><\/p>\n<p><a href=\"https:\/\/biblian.is\/biblian\/obadia-1-kafli\/\">\u00d3bad\u00eda <i class=\"fas fa-headphones-alt\"><\/i><\/a><\/p>\n<p><a href=\"https:\/\/biblian.is\/biblian\/jonas-1-kafli\/\">J\u00f3nas <i class=\"fas fa-headphones-alt\"><\/i><\/a><\/p>\n<p><a href=\"https:\/\/biblian.is\/biblian\/mika-1-kafli\/\">M\u00edka <i class=\"fas fa-headphones-alt\"><\/i><\/a><\/p>\n<p><a href=\"https:\/\/biblian.is\/biblian\/nahum-1-kafli\/\">Nah\u00fam <i class=\"fas fa-headphones-alt\"><\/i><\/a><\/p>\n<p><a href=\"https:\/\/biblian.is\/biblian\/habakkuk-1-kafli\/\">Habakkuk <i class=\"fas fa-headphones-alt\"><\/i><\/a><\/p>\n<p><a href=\"https:\/\/biblian.is\/biblian\/sefania-1-kafli\/\">Sefan\u00eda <i class=\"fas fa-headphones-alt\"><\/i><\/a><\/p>\n<p><a href=\"https:\/\/biblian.is\/biblian\/haggai-1-kafli\/\">Hagga\u00ed <i class=\"fas fa-headphones-alt\"><\/i><\/a><\/p>\n<p><a href=\"https:\/\/biblian.is\/biblian\/sakaria-1-kafli\/\">Sakar\u00eda <i class=\"fas fa-headphones-alt\"><\/i><\/a><\/p>\n<p><a href=\"https:\/\/biblian.is\/biblian\/malaki-1-kafli\/\">Malak\u00ed <i class=\"fas fa-headphones-alt\"><\/i><\/a><\/p>\n<\/div>\n<\/div><\/div><\/div><div class=\"fusion-panel panel-default panel-a1c7c9cb2c6f1a0da fusion-toggle-no-divider fusion-toggle-boxed-mode\"><div class=\"panel-heading\"><h4 class=\"panel-title toggle\" id=\"toggle_a1c7c9cb2c6f1a0da\"><a aria-expanded=\"false\" aria-controls=\"a1c7c9cb2c6f1a0da\" role=\"button\" data-toggle=\"collapse\" data-parent=\"#accordion-15-1\" data-target=\"#a1c7c9cb2c6f1a0da\" href=\"#a1c7c9cb2c6f1a0da\"><span class=\"fusion-toggle-icon-wrapper\" aria-hidden=\"true\"><i class=\"fa-fusion-box active-icon awb-icon-minus\" aria-hidden=\"true\"><\/i><i class=\"fa-fusion-box inactive-icon awb-icon-plus\" aria-hidden=\"true\"><\/i><\/span><span class=\"fusion-toggle-heading\">Ap\u00f3kr\u00fdfar<\/span><\/a><\/h4><\/div><div id=\"a1c7c9cb2c6f1a0da\" class=\"panel-collapse collapse \" aria-labelledby=\"toggle_a1c7c9cb2c6f1a0da\"><div class=\"panel-body toggle-content fusion-clearfix\">\n<div class=\"dalkar_rit\">\n<p><a href=\"https:\/\/biblian.is\/biblian\/tobitsbok-1-kafli\/\">T\u00f3b\u00edtsb\u00f3k<\/a><\/p>\n<p><a href=\"https:\/\/biblian.is\/biblian\/juditarbok-1-kafli\/\">J\u00fad\u00edtarb\u00f3k<\/a><\/p>\n<p><a href=\"https:\/\/biblian.is\/biblian\/esterarbok-med-vidaukum-1-kafli\/\">Esterarb\u00f3k (me\u00f0 vi\u00f0aukum)<\/a><\/p>\n<p><a href=\"https:\/\/biblian.is\/biblian\/speki-salomons-1-kafli\/\">Speki Sal\u00f3mons<\/a><\/p>\n<p><a href=\"https:\/\/biblian.is\/biblian\/siraksbok-1-kafli\/\">S\u00edraksb\u00f3k<\/a><\/p>\n<p><a href=\"https:\/\/biblian.is\/biblian\/baruksbok-1-kafli\/\">Bar\u00faksb\u00f3k<\/a><\/p>\n<p><a href=\"https:\/\/biblian.is\/biblian\/bref-jeremia-1-kafli\/\">Br\u00e9f Jerem\u00eda<\/a><\/p>\n<p><a href=\"https:\/\/biblian.is\/biblian\/vidaukar-vid-danielsbok-1-kafli\/\">Vi\u00f0aukar vi\u00f0 Dan\u00edelsb\u00f3k<\/a><\/p>\n<p><a href=\"https:\/\/biblian.is\/biblian\/fyrsta-makkabeabok-1-kafli\/\">Fyrsta Makkabeab\u00f3k<\/a><\/p>\n<p><a href=\"https:\/\/biblian.is\/biblian\/onnur-makkabeabok-1-kafli\/\">\u00d6nnur Makkabeab\u00f3k<\/a><\/p>\n<p><a href=\"https:\/\/biblian.is\/biblian\/baen-manasse-1-kafli\/\">B\u00e6n Manasse<\/a><\/p>\n<\/div>\n<\/div><\/div><\/div><div class=\"fusion-panel panel-default panel-daa9ae3fbe8245d9b fusion-toggle-no-divider fusion-toggle-boxed-mode\"><div class=\"panel-heading\"><h4 class=\"panel-title toggle\" id=\"toggle_daa9ae3fbe8245d9b\"><a aria-expanded=\"false\" aria-controls=\"daa9ae3fbe8245d9b\" role=\"button\" data-toggle=\"collapse\" data-parent=\"#accordion-15-1\" data-target=\"#daa9ae3fbe8245d9b\" href=\"#daa9ae3fbe8245d9b\"><span class=\"fusion-toggle-icon-wrapper\" aria-hidden=\"true\"><i class=\"fa-fusion-box active-icon awb-icon-minus\" aria-hidden=\"true\"><\/i><i class=\"fa-fusion-box inactive-icon awb-icon-plus\" aria-hidden=\"true\"><\/i><\/span><span class=\"fusion-toggle-heading\">N\u00fdja testamenti\u00f0<\/span><\/a><\/h4><\/div><div id=\"daa9ae3fbe8245d9b\" class=\"panel-collapse collapse \" aria-labelledby=\"toggle_daa9ae3fbe8245d9b\"><div class=\"panel-body toggle-content fusion-clearfix\">\n<div class=\"dalkar_rit\">\n<p><a href=\"https:\/\/biblian.is\/biblian\/matteusargudspjall-1-kafli\/\">Matteusargu\u00f0spjall <i class=\"fas fa-headphones-alt\"><\/i><\/a><\/p>\n<p><a href=\"https:\/\/biblian.is\/biblian\/markusargudspjall-1-kafli\/\">Mark\u00fasargu\u00f0spjall <i class=\"fas fa-headphones-alt\"><\/i><\/a><\/p>\n<p><a href=\"https:\/\/biblian.is\/biblian\/lukasargudspjall-1-kafli\/\">L\u00fakasargu\u00f0spjall <i class=\"fas fa-headphones-alt\"><\/i><\/a><\/p>\n<p><a href=\"https:\/\/biblian.is\/biblian\/johannesargudspjall-1-kafli\/\">J\u00f3hannesargu\u00f0spjall <i class=\"fas fa-headphones-alt\"><\/i><\/a><\/p>\n<p><a href=\"https:\/\/biblian.is\/biblian\/postulasagan-1-kafli\/\">Postulasagan <i class=\"fas fa-headphones-alt\"><\/i><\/a><\/p>\n<p><a href=\"https:\/\/biblian.is\/biblian\/romverjabrefid-1-kafli\/\">R\u00f3mverjabr\u00e9fi\u00f0 <i class=\"fas fa-headphones-alt\"><\/i><\/a><\/p>\n<p><a href=\"https:\/\/biblian.is\/biblian\/fyrra-korintubref-1-kafli\/\">Fyrra Korintubr\u00e9f <i class=\"fas fa-headphones-alt\"><\/i><\/a><\/p>\n<p><a href=\"https:\/\/biblian.is\/biblian\/sidara-korintubref-1-kafli\/\">S\u00ed\u00f0ara Korintubr\u00e9f <i class=\"fas fa-headphones-alt\"><\/i><\/a><\/p>\n<p><a href=\"https:\/\/biblian.is\/biblian\/galatabrefid-1-kafli\/\">Galatabr\u00e9fi\u00f0 <i class=\"fas fa-headphones-alt\"><\/i><\/a><\/p>\n<p><a href=\"https:\/\/biblian.is\/biblian\/efesusbrefid-1-kafli\/\">Efesusbr\u00e9fi\u00f0 <i class=\"fas fa-headphones-alt\"><\/i><\/a><\/p>\n<p><a href=\"https:\/\/biblian.is\/biblian\/filippibrefid-1-kafli\/\">Filipp\u00edbr\u00e9fi\u00f0 <i class=\"fas fa-headphones-alt\"><\/i><\/a><\/p>\n<p><a href=\"https:\/\/biblian.is\/biblian\/kolossubrefid-1-kafli\/\">K\u00f3lossubr\u00e9fi\u00f0 <i class=\"fas fa-headphones-alt\"><\/i><\/a><\/p>\n<p><a href=\"https:\/\/biblian.is\/biblian\/fyrra-thessalonikubref-1-kafli\/\">Fyrra \u00deessalon\u00edkubr\u00e9f <i class=\"fas fa-headphones-alt\"><\/i><\/a><\/p>\n<p><a href=\"https:\/\/biblian.is\/biblian\/sidara-thessalonikubref-1-kafli\/\">S\u00ed\u00f0ara \u00deessalon\u00edkubr\u00e9f <i class=\"fas fa-headphones-alt\"><\/i><\/a><\/p>\n<p><a href=\"https:\/\/biblian.is\/biblian\/fyrra-timoteusarbref-1-kafli\/\">Fyrra T\u00edm\u00f3teusarbr\u00e9f <i class=\"fas fa-headphones-alt\"><\/i><\/a><\/p>\n<p><a href=\"https:\/\/biblian.is\/biblian\/sidara-timoteusarbref-1-kafli\/\">S\u00ed\u00f0ara T\u00edm\u00f3teusarbr\u00e9f <i class=\"fas fa-headphones-alt\"><\/i><\/a><\/p>\n<p><a href=\"https:\/\/biblian.is\/biblian\/titusarbrefid-1-kafli\/\">T\u00edtusarbr\u00e9fi\u00f0 <i class=\"fas fa-headphones-alt\"><\/i><\/a><\/p>\n<p><a href=\"https:\/\/biblian.is\/biblian\/filemonsbrefid-1-kafli\/\">F\u00edlemonsbr\u00e9fi\u00f0 <i class=\"fas fa-headphones-alt\"><\/i><\/a><\/p>\n<p><a href=\"https:\/\/biblian.is\/biblian\/hebreabrefid-1-kafli\/\">Hebreabr\u00e9fi\u00f0 <i class=\"fas fa-headphones-alt\"><\/i><\/a><\/p>\n<p><a href=\"https:\/\/biblian.is\/biblian\/jakobsbrefid-1-kafli\/\">Jakobsbr\u00e9fi\u00f0 <i class=\"fas fa-headphones-alt\"><\/i><\/a><\/p>\n<p><a href=\"https:\/\/biblian.is\/biblian\/fyrra-petursbref-1-kafli\/\">Fyrra P\u00e9tursbr\u00e9f <i class=\"fas fa-headphones-alt\"><\/i><\/a><\/p>\n<p><a href=\"https:\/\/biblian.is\/biblian\/sidara-petursbref-1-kafli\/\">S\u00ed\u00f0ara P\u00e9tursbr\u00e9f <i class=\"fas fa-headphones-alt\"><\/i><\/a><\/p>\n<p><a href=\"https:\/\/biblian.is\/biblian\/fyrsta-johannesarbref-1-kafli\/\">Fyrsta J\u00f3hannesarbr\u00e9f <i class=\"fas fa-headphones-alt\"><\/i><\/a><\/p>\n<p><a href=\"https:\/\/biblian.is\/biblian\/annad-johannesarbref-1-kafli\/\">Anna\u00f0 J\u00f3hannesarbr\u00e9f <i class=\"fas fa-headphones-alt\"><\/i><\/a><\/p>\n<p><a href=\"https:\/\/biblian.is\/biblian\/thridja-johannesarbref-1-kafli\/\">\u00deri\u00f0ja J\u00f3hannesarbr\u00e9f <i class=\"fas fa-headphones-alt\"><\/i><\/a><\/p>\n<p><a href=\"https:\/\/biblian.is\/biblian\/judasarbrefid-1-kafli\/\">J\u00fadasarbr\u00e9fi\u00f0 <i class=\"fas fa-headphones-alt\"><\/i><\/a><\/p>\n<p><a href=\"https:\/\/biblian.is\/biblian\/opinberunarbok-johannesar-1-kafli\/\">Opinberunarb\u00f3k J\u00f3hannesar <i class=\"fas fa-headphones-alt\"><\/i><\/a><\/p>\n<\/div>\n<\/div><\/div><\/div><\/div><\/div><div class=\"fusion-clearfix\"><\/div><\/div><\/div><div class=\"fusion-layout-column fusion_builder_column fusion-builder-column-1 fusion_builder_column_2_5 2_5 fusion-two-fifth fusion-column-last\" style=\"--awb-bg-size:cover;width:40%;width:calc(40% - ( ( 4% ) * 0.4 ) );\"><div class=\"fusion-column-wrapper fusion-flex-column-wrapper-legacy\"><div class=\"fusion-text fusion-text-1\"><div class=\"page\" title=\"Page 19\">\n<div class=\"layoutArea\">\n<div class=\"column\">\n<div class=\"page\" title=\"Page 19\">\n<div class=\"layoutArea\">\n<div class=\"column\">\n<h1>Bibl\u00eda 21. aldar &#8211;\u00a02007<\/h1>\n<p><em>BIBL\u00cdAN. HEIL\u00d6G RITNING. GAMLA TESTAMENTI\u00d0 \u00c1SAMT AP\u00d3KR\u00ddFU B\u00d3KUNUM. N\u00ddJA TESTAMENTI\u00d0. HI\u00d0 \u00cdSLENSKA BIBL\u00cdUF\u00c9LAG. JPV \u00daTG\u00c1FA.<\/em><\/p>\n<\/div>\n<\/div>\n<\/div>\n<p>\u00deetta er 11. bibl\u00edu\u00fatg\u00e1fan \u00e1 \u00edslensku. Um n\u00fd\u00fe\u00fd\u00f0ingu er a\u00f0 r\u00e6\u00f0a, \u00fe\u00e1 sj\u00f6ttu fr\u00e1 upphafi, og n\u00fana \u00far frumm\u00e1lunum, eins og \u00ed \u00fatg\u00e1funni 1912\/1914.<\/p>\n<p>\u00de\u00fdtt var eftir frumm\u00e1lunum en vi\u00f0 yfirfer\u00f0 studdust \u00fe\u00fd\u00f0ingarnefndir Gamla og N\u00fdja testamentisins \u2014 sem \u00e1kv\u00f6r\u00f0u\u00f0u a\u00f0 lokum hver textinn skyldi vera \u2014 vi\u00f0 eldri \u00fatg\u00e1fur \u00edslenskar, sem og n\u00fdjar \u00fe\u00fd\u00f0ingar fr\u00e1 Danm\u00f6rku, Noregi og Sv\u00ed\u00fej\u00f3\u00f0, og svo \u00fe\u00fdskar Bibl\u00edur, breskar og bandar\u00edskar. Nefndunum var gert a\u00f0 hafa a\u00f0 lei\u00f0arlj\u00f3si tr\u00famennsku vi\u00f0 frumtextann og st\u00edl hans, en jafnframt vanda\u00f0 og a\u00f0gengilegt n\u00fat\u00edmam\u00e1l. \u00de\u00e1 var \u00e1kve\u00f0i\u00f0 a\u00f0 nota a\u00f0 jafna\u00f0i tv\u00edt\u00f6lumyndina vi\u00f0\/okkur \u00ed s\u00f6gutextum, beinni fr\u00e1s\u00f6gn, lagatextum og pr\u00f3sa, en fleirt\u00f6lumyndina v\u00e9r\/oss \u00ed lit\u00farg\u00edskum textum, s\u00e1lmum, b\u00e6num og lj\u00f3\u00f0um. Hva\u00f0 N\u00fdja testamenti\u00f0 \u00e1hr\u00e6rir er textinn almennt \u00ed tv\u00edt\u00f6lu nema r\u00e6\u00f0ur Jes\u00fa, or\u00f0 engla og b\u00e6nir og \u00ed br\u00e9funum eru lofs\u00f6ngvar \u00ed fleirt\u00f6lu.<\/p>\n<p>A\u00f0 verkinu komu m.a. \u00c1rni Bergur Sigurbj\u00f6rnsson (1941\u20132005), Einar Sigurbj\u00f6rnsson (1944-2019), Gu\u00f0r\u00fan Kvaran (1943), Gunnar Kristj\u00e1nsson (1945), Gunnlaugur A. J\u00f3nsson (1952), J\u00f3n R\u00fanar Gunnarsson (1940\u20132013), J\u00f3n Sveinbj\u00f6rnsson (1928), Sigur\u00f0ur P\u00e1lsson (1936-2019), Sigur\u00f0ur \u00d6rn Steingr\u00edmsson (1932\u20132002) og \u00de\u00f3rir Kr. \u00de\u00f3r\u00f0arson (1924\u20131995).<\/p>\n<p>\u00cd fyrsta sinn er reynt a\u00f0 koma h\u00e9r \u00e1 m\u00e1lfari beggja kynja. Oftast var t.d. fornafninu \u201e\u00feeir\u201c \u00ed Gamla testamentinu breytt \u00ed hvorugkyn, ef fulllj\u00f3st var a\u00f0 um blanda\u00f0an h\u00f3p var a\u00f0 r\u00e6\u00f0a, annars ekki. Svipa\u00f0 var upp \u00e1 teningnum me\u00f0 N\u00fdja testamenti\u00f0, \u00fear m\u00e1 n\u00fa v\u00ed\u00f0a lesa \u201esystkin\u201c \u00fear sem \u00e1\u00f0ur hefur sta\u00f0i\u00f0 \u201ebr\u00e6\u00f0ur\u201c.<\/p>\n<\/div>\n<\/div>\n<\/div>\n<\/div><div class=\"fusion-text fusion-text-2\"><hr \/>\n<p><em>L\u00fdsing \u00e1 Bibl\u00edu 21. aldar\u00a0<\/em><em>h\u00e9r a\u00f0 ofan var skrifu\u00f0 fyrir s\u00fdningarskr\u00e1 s\u00fdningarinnar \u201e\u00deann arf v\u00e9r bestan fengum\u201c sem opnu\u00f0 var \u00ed \u00dej\u00f3\u00f0arb\u00f3khl\u00f6\u00f0unni 26. september 2015. Textanum hefur veri\u00f0 l\u00edtillega breytt fyrir vefs\u00ed\u00f0una.<\/em><\/p>\n<\/div><div class=\"fusion-clearfix\"><\/div><\/div><\/div><\/div><\/div><div class=\"fusion-fullwidth fullwidth-box fusion-builder-row-2 nonhundred-percent-fullwidth non-hundred-percent-height-scrolling\" style=\"--awb-border-radius-top-left:0px;--awb-border-radius-top-right:0px;--awb-border-radius-bottom-right:0px;--awb-border-radius-bottom-left:0px;--awb-flex-wrap:wrap;\" ><div class=\"fusion-builder-row fusion-row\"><\/div><\/div><\/p>\n","protected":false},"excerpt":{"rendered":"","protected":false},"author":1,"featured_media":0,"parent":0,"menu_order":0,"comment_status":"closed","ping_status":"closed","template":"100-width.php","meta":{"footnotes":""},"class_list":["post-15","page","type-page","status-publish","hentry"],"_links":{"self":[{"href":"https:\/\/biblian.is\/biblian\/wp-json\/wp\/v2\/pages\/15","targetHints":{"allow":["GET"]}}],"collection":[{"href":"https:\/\/biblian.is\/biblian\/wp-json\/wp\/v2\/pages"}],"about":[{"href":"https:\/\/biblian.is\/biblian\/wp-json\/wp\/v2\/types\/page"}],"author":[{"embeddable":true,"href":"https:\/\/biblian.is\/biblian\/wp-json\/wp\/v2\/users\/1"}],"replies":[{"embeddable":true,"href":"https:\/\/biblian.is\/biblian\/wp-json\/wp\/v2\/comments?post=15"}],"version-history":[{"count":0,"href":"https:\/\/biblian.is\/biblian\/wp-json\/wp\/v2\/pages\/15\/revisions"}],"wp:attachment":[{"href":"https:\/\/biblian.is\/biblian\/wp-json\/wp\/v2\/media?parent=15"}],"curies":[{"name":"wp","href":"https:\/\/api.w.org\/{rel}","templated":true}]}}