{"id":2536,"date":"2017-11-18T20:22:10","date_gmt":"2017-11-18T20:22:10","guid":{"rendered":"http:\/\/biblian.is\/1981\/opinberunarbokin-22-kafli\/"},"modified":"2021-06-06T11:04:29","modified_gmt":"2021-06-06T11:04:29","slug":"opinberunarbok-johannesar-22-kafli","status":"publish","type":"page","link":"https:\/\/biblian.is\/1981\/opinberunarbok-johannesar-22-kafli\/","title":{"rendered":"Opinberunarb\u00f3k J\u00f3hannesar 22. kafli"},"content":{"rendered":"<p><a name=\"1\"><span class=\"versanumer\">1<\/span><\/a>Og hann s\u00fdndi m\u00e9r m\u00f3\u00f0u l\u00edfsvatnsins, sk\u00ednandi sem kristall. H\u00fan rann fr\u00e1 h\u00e1s\u00e6ti Gu\u00f0s og lambsins.<a name=\"2\"><span class=\"versanumer\">2<\/span><\/a>\u00c1 mi\u00f0ju str\u00e6ti borgarinnar, beggja vegna m\u00f3\u00f0unnar, var l\u00edfsins tr\u00e9, sem ber t\u00f3lf sinnum \u00e1v\u00f6xt. \u00c1 m\u00e1nu\u00f0i hverjum gefur \u00fea\u00f0 \u00e1v\u00f6xt sinn, og bl\u00f6\u00f0 tr\u00e9sins eru til l\u00e6kningar \u00fej\u00f3\u00f0unum.<a name=\"3\"><span class=\"versanumer\">3<\/span><\/a>Og engin b\u00f6lvun mun framar til vera. Og h\u00e1s\u00e6ti Gu\u00f0s og lambsins mun \u00ed borginni vera og \u00fej\u00f3nar hans munu honum \u00fej\u00f3na.<a name=\"4\"><span class=\"versanumer\">4<\/span><\/a>\u00deeir munu sj\u00e1 \u00e1sj\u00f3nu hans og nafn hans mun vera \u00e1 ennum \u00feeirra.<a name=\"5\"><span class=\"versanumer\">5<\/span><\/a>Og n\u00f3tt mun ekki framar til vera og \u00feeir \u00feurfa ekki lampalj\u00f3s n\u00e9 s\u00f3larlj\u00f3s, \u00fev\u00ed a\u00f0 Drottinn Gu\u00f0 sk\u00edn \u00e1 \u00fe\u00e1 og \u00feeir munu r\u00edkja um aldir alda.<a name=\"6\"><span class=\"versanumer\">6<\/span><\/a>Og hann sag\u00f0i vi\u00f0 mig: \u00deessi or\u00f0 eru tr\u00fa og s\u00f6nn. Og Drottinn, Gu\u00f0 anda sp\u00e1mannanna, sendi engil sinn til a\u00f0 s\u00fdna \u00fej\u00f3num s\u00ednum \u00fea\u00f0, sem ver\u00f0a \u00e1 innan skamms.<a name=\"7\"><span class=\"versanumer\">7<\/span><\/a>Sj\u00e1, \u00e9g kem skj\u00f3tt. S\u00e6ll er s\u00e1, sem var\u00f0veitir sp\u00e1d\u00f3msor\u00f0 \u00feessarar b\u00f3kar.<a name=\"8\"><span class=\"versanumer\">8<\/span><\/a>Og \u00e9g, J\u00f3hannes, er s\u00e1 sem heyr\u00f0i og s\u00e1 \u00feetta. Og er \u00e9g haf\u00f0i heyrt \u00fea\u00f0 og s\u00e9\u00f0, f\u00e9ll \u00e9g ni\u00f0ur til a\u00f0 tilbi\u00f0ja fyrir f\u00f3tum engilsins, sem s\u00fdndi m\u00e9r \u00feetta.<a name=\"9\"><span class=\"versanumer\">9<\/span><\/a>Og hann segir vi\u00f0 mig: Varastu \u00feetta! \u00c9g er sam\u00fej\u00f3nn \u00feinn og br\u00e6\u00f0ra \u00feinna, sp\u00e1mannanna, og \u00feeirra, sem var\u00f0veita or\u00f0 \u00feessarar b\u00f3kar. Tilbi\u00f0 \u00fe\u00fa Gu\u00f0.<a name=\"10\"><span class=\"versanumer\">10<\/span><\/a>Og hann segir vi\u00f0 mig: Innsigla \u00fe\u00fa ekki sp\u00e1d\u00f3msor\u00f0 \u00feessarar b\u00f3kar, \u00fev\u00ed a\u00f0 t\u00edminn er \u00ed n\u00e1nd.<a name=\"11\"><span class=\"versanumer\">11<\/span><\/a>Hinn rangl\u00e1ti haldi \u00e1fram a\u00f0 fremja rangl\u00e6ti og hinn saurugi saurgi sig \u00e1fram og hinn r\u00e9ttl\u00e1ti stundi \u00e1fram r\u00e9ttl\u00e6ti og hinn heilagi helgist \u00e1fram.<a name=\"12\"><span class=\"versanumer\">12<\/span><\/a>Sj\u00e1, \u00e9g kem skj\u00f3tt, og launin hef \u00e9g me\u00f0 m\u00e9r, til a\u00f0 gjalda hverjum og einum eins og verk hans er.<a name=\"13\"><span class=\"versanumer\">13<\/span><\/a>\u00c9g er Alfa og \u00d3mega, hinn fyrsti og hinn s\u00ed\u00f0asti, upphafi\u00f0 og endirinn.<a name=\"14\"><span class=\"versanumer\">14<\/span><\/a>S\u00e6lir eru \u00feeir, sem \u00fevo skikkjur s\u00ednar. \u00deeir f\u00e1 a\u00f0gang a\u00f0 l\u00edfsins tr\u00e9 og mega ganga um hli\u00f0in inn \u00ed borgina.<a name=\"15\"><span class=\"versanumer\">15<\/span><\/a>\u00dati gista hundarnir og t\u00f6framennirnir og frillul\u00edfismennirnir og manndr\u00e1pararnir og skur\u00f0go\u00f0ad\u00fdrkendurnir og hver sem elskar og i\u00f0kar lygi.<a name=\"16\"><span class=\"versanumer\">16<\/span><\/a>\u00c9g, Jes\u00fas, hef sent engil minn til a\u00f0 votta fyrir y\u00f0ur \u00feessa hluti \u00ed s\u00f6fnu\u00f0unum. \u00c9g er r\u00f3tarkvistur af kyni Dav\u00ed\u00f0s, stjarnan sk\u00ednandi, morgunstjarnan.<a name=\"17\"><span class=\"versanumer\">17<\/span><\/a>Og andinn og br\u00fa\u00f0urin segja: Kom \u00fe\u00fa! Og s\u00e1 sem heyrir segi: Kom \u00fe\u00fa! Og s\u00e1 sem \u00feyrstur er, hann komi. Hver sem vill, hann f\u00e6r \u00f3keypis l\u00edfsins vatn.<a name=\"18\"><span class=\"versanumer\">18<\/span><\/a>\u00c9g votta fyrir hverjum \u00feeim manni, sem heyrir sp\u00e1d\u00f3msor\u00f0 \u00feessarar b\u00f3kar, a\u00f0 leggi nokkur vi\u00f0 \u00feau, mun Gu\u00f0 \u00e1 hann leggja \u00fe\u00e6r pl\u00e1gur, sem um er rita\u00f0 \u00ed \u00feessari b\u00f3k.<a name=\"19\"><span class=\"versanumer\">19<\/span><\/a>Og taki nokkur burt nokku\u00f0 af or\u00f0um sp\u00e1d\u00f3msb\u00f3kar \u00feessarar, \u00fe\u00e1 mun Gu\u00f0 burt taka hlut hans \u00ed tr\u00e9 l\u00edfsins og \u00ed borginni helgu, sem um er rita\u00f0 \u00ed \u00feessari b\u00f3k.<a name=\"20\"><span class=\"versanumer\">20<\/span><\/a>S\u00e1 sem \u00feetta vottar segir: J\u00e1, \u00e9g kem skj\u00f3tt. Amen. Kom \u00fe\u00fa, Drottinn Jes\u00fas!<a name=\"21\"><span class=\"versanumer\">21<\/span><\/a>N\u00e1\u00f0in Drottins Jes\u00fa s\u00e9 me\u00f0 \u00f6llum.<\/p>\n<div class=\"footnote1981\"><b>22.1<\/b> M\u00f3\u00f0a l\u00edfsvatnsins Esk 47.1; Sak 14.8; J\u00f3h 7.38<br \/>\n<b>22.2<\/b> L\u00edfsins tr\u00e9 Opb 2.7+ &#8211; l\u00e6kning \u00fej\u00f3\u00f0unum Esk 47.12<br \/>\n<b>22.3<\/b> Engin b\u00f6lvun 1M\u00f3s 3.22-24; Sak 14.11 \u2013 h\u00e1s\u00e6ti Gu\u00f0s Opb 4.2+<br \/>\n<b>22.4<\/b> \u00deeir munu sj\u00e1 Gu\u00f0 Slm 17.15; 42.3; Matt 5.8 \u2013 nafn hans \u00e1 ennum \u00feeirra Opb 3.12+<br \/>\n<b>22.5<\/b> N\u00f3ttin ekki framar til Opb 21.23,25+ &#8211; \u00feeir munu r\u00edkja Opb 5.10+<br \/>\n<b>22.6<\/b> Ver\u00f0ur innan skamms Opb 1.1<br \/>\n<b>22.7<\/b> \u00c9g kem skj\u00f3tt Opb 2.16+<br \/>\n<b>22.8-9<\/b> Varastu \u00feetta Opb 19.10+<br \/>\n<b>22.10<\/b> Innsigla ekki Opb 10.4+ &#8211; t\u00edminn er \u00ed n\u00e1nd Opb 1.3<br \/>\n<b>22.11<\/b> Hinn rangl\u00e1ti og hinn r\u00e9ttl\u00e1ti Dan 12.10<br \/>\n<b>22.12<\/b> Eins og verk hans er Opb 2.23+<br \/>\n<b>22.13<\/b> Alfa og \u00d3mega Opb 1.8,17+<br \/>\n<b>22.14<\/b> \u00devo skikkjur s\u00ednar Opb 7.14 \u2013 l\u00edfsins tr\u00e9 Opb 2.7+<br \/>\n<b>22.15<\/b> \u00dati gista hundarnir 1Kor 6.9-10; Opb 21.8<br \/>\n<b>22.16<\/b> R\u00f3tarkvistur Dav\u00ed\u00f0s Opb 5.5+ &#8211; morgunstjarnan Opb 2.28<br \/>\n<b>22.17<\/b> S\u00e1 sem \u00feyrstur er Opb 21.6+<br \/>\n<b>22.18-19<\/b> Hvorki taka burt n\u00e9 leggja vi\u00f0 5M\u00f3s 4.2; 13.1<br \/>\n<b>22.20<\/b> \u00c9g kem skj\u00f3tt Opb 2.16+ &#8211; \u00e9g kem 1Kor 16.22<\/div>\n","protected":false},"excerpt":{"rendered":"<p>1Og hann s\u00fdndi m\u00e9r m\u00f3\u00f0u l\u00edfsvatnsins, sk\u00ednandi sem kristall. H\u00fan rann fr\u00e1 h\u00e1s\u00e6ti Gu\u00f0s og lambsins.2\u00c1 mi\u00f0ju str\u00e6ti borgarinnar, beggja vegna m\u00f3\u00f0unnar, var l\u00edfsins tr\u00e9, sem ber t\u00f3lf sinnum \u00e1v\u00f6xt. \u00c1 m\u00e1nu\u00f0i hverjum gefur \u00fea\u00f0 \u00e1v\u00f6xt sinn, og bl\u00f6\u00f0 tr\u00e9sins eru til l\u00e6kningar \u00fej\u00f3\u00f0unum.3Og engin b\u00f6lvun mun framar til vera. Og h\u00e1s\u00e6ti Gu\u00f0s og lambsins mun \u00ed borginni vera og \u00fej\u00f3nar hans munu honum \u00fej\u00f3na.4\u00deeir munu sj\u00e1 \u00e1sj\u00f3nu hans og nafn hans mun vera \u00e1 ennum \u00feeirra.5Og n\u00f3tt mun ekki framar til vera og \u00feeir \u00feurfa ekki lampalj\u00f3s n\u00e9 s\u00f3larlj\u00f3s, \u00fev\u00ed a\u00f0 Drottinn Gu\u00f0 sk\u00edn \u00e1 \u00fe\u00e1 og \u00feeir munu <a href=\"https:\/\/biblian.is\/1981\/opinberunarbok-johannesar-22-kafli\/\"> [&#8230;]<\/a><\/p>\n","protected":false},"author":1,"featured_media":0,"parent":0,"menu_order":0,"comment_status":"open","ping_status":"open","template":"bibliukaflar.php","meta":{"footnotes":""},"class_list":["post-2536","page","type-page","status-publish","hentry"],"_links":{"self":[{"href":"https:\/\/biblian.is\/1981\/wp-json\/wp\/v2\/pages\/2536","targetHints":{"allow":["GET"]}}],"collection":[{"href":"https:\/\/biblian.is\/1981\/wp-json\/wp\/v2\/pages"}],"about":[{"href":"https:\/\/biblian.is\/1981\/wp-json\/wp\/v2\/types\/page"}],"author":[{"embeddable":true,"href":"https:\/\/biblian.is\/1981\/wp-json\/wp\/v2\/users\/1"}],"replies":[{"embeddable":true,"href":"https:\/\/biblian.is\/1981\/wp-json\/wp\/v2\/comments?post=2536"}],"version-history":[{"count":0,"href":"https:\/\/biblian.is\/1981\/wp-json\/wp\/v2\/pages\/2536\/revisions"}],"wp:attachment":[{"href":"https:\/\/biblian.is\/1981\/wp-json\/wp\/v2\/media?parent=2536"}],"curies":[{"name":"wp","href":"https:\/\/api.w.org\/{rel}","templated":true}]}}