{"id":2535,"date":"2017-11-18T20:22:10","date_gmt":"2017-11-18T20:22:10","guid":{"rendered":"http:\/\/biblian.is\/1981\/opinberunarbokin-21-kafli\/"},"modified":"2021-06-06T11:04:28","modified_gmt":"2021-06-06T11:04:28","slug":"opinberunarbok-johannesar-21-kafli","status":"publish","type":"page","link":"https:\/\/biblian.is\/1981\/opinberunarbok-johannesar-21-kafli\/","title":{"rendered":"Opinberunarb\u00f3k J\u00f3hannesar 21. kafli"},"content":{"rendered":"<p><a name=\"1\"><span class=\"versanumer\">1<\/span><\/a>Og \u00e9g s\u00e1 n\u00fdjan himin og n\u00fdja j\u00f6r\u00f0, \u00fev\u00ed a\u00f0 hinn fyrri himinn og hin fyrri j\u00f6r\u00f0 voru horfin og hafi\u00f0 er ekki framar til.<a name=\"2\"><span class=\"versanumer\">2<\/span><\/a>Og \u00e9g s\u00e1 borgina helgu, n\u00fdja Jer\u00fasalem, st\u00edga ni\u00f0ur af himni fr\u00e1 Gu\u00f0i, b\u00fana sem br\u00fa\u00f0i, er skartar fyrir manni s\u00ednum.<a name=\"3\"><span class=\"versanumer\">3<\/span><\/a>Og \u00e9g heyr\u00f0i raust mikla fr\u00e1 h\u00e1s\u00e6tinu, er sag\u00f0i: Sj\u00e1, tjaldb\u00fa\u00f0 Gu\u00f0s er me\u00f0al mannanna og hann mun b\u00faa hj\u00e1 \u00feeim, og \u00feeir munu vera f\u00f3lk hans og Gu\u00f0 sj\u00e1lfur mun vera hj\u00e1 \u00feeim, Gu\u00f0 \u00feeirra.<a name=\"4\"><span class=\"versanumer\">4<\/span><\/a>Og hann mun \u00feerra hvert t\u00e1r af augum \u00feeirra. Og dau\u00f0inn mun ekki framar til vera, hvorki harmur n\u00e9 vein n\u00e9 kv\u00f6l er framar til. Hi\u00f0 fyrra er fari\u00f0.<a name=\"5\"><span class=\"versanumer\">5<\/span><\/a>Og s\u00e1, sem \u00ed h\u00e1s\u00e6tinu sat, sag\u00f0i: Sj\u00e1, \u00e9g gj\u00f6ri alla hluti n\u00fdja, og hann segir: Rita \u00fe\u00fa, \u00fev\u00ed a\u00f0 \u00feetta eru or\u00f0in tr\u00fau og s\u00f6nnu.<a name=\"6\"><span class=\"versanumer\">6<\/span><\/a>Og hann sag\u00f0i vi\u00f0 mig: \u00dea\u00f0 er fram komi\u00f0. \u00c9g er Alfa og \u00d3mega, upphafi\u00f0 og endirinn. \u00c9g mun gefa \u00feeim \u00f3keypis, sem \u00feyrstur er, af lind l\u00edfsins vatns.<a name=\"7\"><span class=\"versanumer\">7<\/span><\/a>S\u00e1 er sigrar mun erfa \u00feetta, og \u00e9g mun vera hans Gu\u00f0 og hann mun vera minn sonur.<a name=\"8\"><span class=\"versanumer\">8<\/span><\/a>En fyrir hugdeiga og vantr\u00faa\u00f0a og vi\u00f0urstyggilega og manndr\u00e1para og frillul\u00edfismenn og t\u00f6framenn, skur\u00f0go\u00f0ad\u00fdrkendur og alla lygara er sta\u00f0ur b\u00fainn \u00ed d\u00edkinu, sem logar af eldi og brennisteini. \u00dea\u00f0 er hinn annar dau\u00f0i.<a name=\"9\"><span class=\"versanumer\">9<\/span><\/a>N\u00fa kom einn af englunum sj\u00f6, sem h\u00e9ldu \u00e1 sk\u00e1lunum sj\u00f6, sem fullar voru af s\u00ed\u00f0ustu pl\u00e1gunum sj\u00f6, og tala\u00f0i vi\u00f0 mig og sag\u00f0i: Kom hinga\u00f0, og \u00e9g mun s\u00fdna \u00fe\u00e9r br\u00fa\u00f0ina, eiginkonu lambsins.<a name=\"10\"><span class=\"versanumer\">10<\/span><\/a>Og hann flutti mig \u00ed anda upp \u00e1 miki\u00f0 og h\u00e1tt fjall og s\u00fdndi m\u00e9r borgina helgu, Jer\u00fasalem, sem ni\u00f0ur steig af himni fr\u00e1 Gu\u00f0i.<a name=\"11\"><span class=\"versanumer\">11<\/span><\/a>H\u00fan haf\u00f0i d\u00fdr\u00f0 Gu\u00f0s. Lj\u00f3mi hennar var l\u00edkur d\u00fdrasta steini, sem jaspissteinn kristalsk\u00e6r.<a name=\"12\"><span class=\"versanumer\">12<\/span><\/a>H\u00fan haf\u00f0i mikinn og h\u00e1an m\u00far og t\u00f3lf hli\u00f0 og vi\u00f0 hli\u00f0in st\u00f3\u00f0u t\u00f3lf englar og n\u00f6fn \u00feeirra t\u00f3lf kynkv\u00edsla \u00cdsraelssona voru ritu\u00f0 \u00e1 hli\u00f0in t\u00f3lf.<a name=\"13\"><span class=\"versanumer\">13<\/span><\/a>M\u00f3ti austri voru \u00ferj\u00fa hli\u00f0, m\u00f3ti nor\u00f0ri \u00ferj\u00fa hli\u00f0, m\u00f3ti su\u00f0ri \u00ferj\u00fa hli\u00f0 og m\u00f3ti vestri \u00ferj\u00fa hli\u00f0.<a name=\"14\"><span class=\"versanumer\">14<\/span><\/a>Og m\u00far borgarinnar haf\u00f0i t\u00f3lf undirst\u00f6\u00f0usteina og \u00e1 \u00feeim n\u00f6fn hinna t\u00f3lf postula lambsins.<a name=\"15\"><span class=\"versanumer\">15<\/span><\/a>Og s\u00e1, sem vi\u00f0 mig tala\u00f0i, h\u00e9lt \u00e1 kvar\u00f0a, gullstaf, til a\u00f0 m\u00e6la borgina og hli\u00f0 hennar og m\u00far hennar.<a name=\"16\"><span class=\"versanumer\">16<\/span><\/a>Borgin liggur \u00ed ferhyrning, j\u00f6fn \u00e1 lengd og breidd. Og hann m\u00e6ldi borgina me\u00f0 stafnum, t\u00f3lf \u00fe\u00fasund skei\u00f0. Lengd hennar og breidd og h\u00e6\u00f0 eru jafnar.<a name=\"17\"><span class=\"versanumer\">17<\/span><\/a>Og hann m\u00e6ldi m\u00far hennar, hundra\u00f0 fj\u00f6rut\u00edu og fj\u00f3rar \u00e1lnir, eftir kvar\u00f0a manns, sem er einnig m\u00e1l engils.<a name=\"18\"><span class=\"versanumer\">18<\/span><\/a>M\u00far hennar var bygg\u00f0ur af jaspis og borgin af sk\u00edra gulli sem sk\u00e6rt gler v\u00e6ri.<a name=\"19\"><span class=\"versanumer\">19<\/span><\/a>Undirst\u00f6\u00f0usteinar borgarm\u00farsins voru skreyttir alls konar gimsteinum. Fyrsti undirst\u00f6\u00f0usteinninn var jaspis, annar saf\u00edr, \u00feri\u00f0ji kalsed\u00f3n, fj\u00f3r\u00f0i smarag\u00f0,<a name=\"20\"><span class=\"versanumer\">20<\/span><\/a>fimmti sard\u00f3nyx, sj\u00f6tti sardis, sj\u00f6undi kr\u00fds\u00f3l\u00edt, \u00e1ttundi beryll, n\u00edundi t\u00f3pas, t\u00edundi kr\u00fds\u00f3pras, ellefti h\u00fdasint, t\u00f3lfti amet\u00fdst.<a name=\"21\"><span class=\"versanumer\">21<\/span><\/a>Og hli\u00f0in t\u00f3lf voru t\u00f3lf perlur, og hvert hli\u00f0 \u00far einni perlu. Og str\u00e6ti borgarinnar var af sk\u00edru gulli sem gagns\u00e6tt gler.<a name=\"22\"><span class=\"versanumer\">22<\/span><\/a>Og musteri s\u00e1 \u00e9g ekki \u00ed henni, \u00fev\u00ed a\u00f0 Drottinn Gu\u00f0, hinn alvaldi, er musteri hennar og lambi\u00f0.<a name=\"23\"><span class=\"versanumer\">23<\/span><\/a>Og borgin \u00fearf ekki heldur s\u00f3lar vi\u00f0 e\u00f0a tungls til a\u00f0 l\u00fdsa s\u00e9r, \u00fev\u00ed a\u00f0 d\u00fdr\u00f0 Gu\u00f0s sk\u00edn \u00e1 hana og lambi\u00f0 er lampi hennar.<a name=\"24\"><span class=\"versanumer\">24<\/span><\/a>Og \u00fej\u00f3\u00f0irnar munu ganga \u00ed lj\u00f3si hennar og konungar jar\u00f0arinnar f\u00e6ra henni d\u00fdr\u00f0 s\u00edna.<a name=\"25\"><span class=\"versanumer\">25<\/span><\/a>Og hli\u00f0um hennar ver\u00f0ur aldrei loka\u00f0 um daga \u00fev\u00ed a\u00f0 n\u00f3tt ver\u00f0ur \u00fear ekki.<a name=\"26\"><span class=\"versanumer\">26<\/span><\/a>Og menn munu f\u00e6ra henni d\u00fdr\u00f0 og vegsemd \u00fej\u00f3\u00f0anna.<a name=\"27\"><span class=\"versanumer\">27<\/span><\/a>Og alls ekkert \u00f3hreint skal inn \u00ed hana ganga n\u00e9 s\u00e1 sem fremur vi\u00f0urstygg\u00f0 e\u00f0a i\u00f0kar lygi, engir nema \u00feeir einir, sem rita\u00f0ir eru \u00ed l\u00edfsins b\u00f3k lambsins.<\/p>\n<div class=\"footnote1981\"><b>21.1<\/b> N\u00fdr himinn og n\u00fd j\u00f6r\u00f0 Jes 65.17; 6.22; 2P\u00e9t 3.13; sbr Matt 19.28; 2Kor 5.17; K\u00f3l 3.10<br \/>\n<b>21.2<\/b> N\u00fd Jer\u00fasalem Jes 60; 62; 65.18-25; Gal 4.26; Heb 11.10,16; Opb 3.12 \u2013 b\u00fain sem br\u00fa\u00f0ur Jes 61.10; Opb 19.7+<br \/>\n<b>21.3<\/b> Tjaldb\u00fa\u00f0 Gu\u00f0s 3M\u00f3s 26.11-12; Esk 37.27; 2Kor 6.16; Opb 7.15+ &#8211; Gu\u00f0 me\u00f0al mannanna Jes 7.14; 8.8; Sak 2.14; Matt 1.23<br \/>\n<b>21.4<\/b> \u00deerrar hvert t\u00e1r Opb 7.17+<br \/>\n<b>21.5<\/b> Gjeri alla hluti n\u00fdja 2Kor 5.17<br \/>\n<b>21.6<\/b> Alfa og \u00d3mega Opb 1.8 \u2013 \u00e9g mun gefa Jes 55.1 \u2013 af lind l\u00edfsins vatns J\u00f3h 4.10,14; 7.37-38; Opb 7.17+ ; 22.17<br \/>\n<b>21.7<\/b> Mitt barn 2Sam 7.14; Slm 2.7; 89.27-28; Heb 1.5<br \/>\n<b>21.8<\/b> Logandi d\u00edki Opb 19.20+ &#8211; hinn annar dau\u00f0i Opb 2.11+<br \/>\n<b>21.9<\/b> Sj\u00f6 englar Opb 15.1+ &#8211; eiginkona lambsins Opb 19.7+<br \/>\n<b>21.11<\/b> D\u00fdr\u00f0 Gu\u00f0s Jes 60.1-2; Opb 15.8+<br \/>\n<b>21.12-13<\/b> Hin n\u00fdja Jer\u00fasalem Esk 48.30-35<br \/>\n<b>21.14<\/b> T\u00f3lf undirst\u00f6\u00f0usteinar Ef 2.20<br \/>\n<b>21.15<\/b> M\u00e6la Opb 11.1+<br \/>\n<b>21.16-17<\/b> St\u00e6r\u00f0 borgarinnar Esk 48.16-17<br \/>\n<b>21.18-21<\/b> Efni borgarm\u00farsins Jes 54.11-12<br \/>\n<b>21.22<\/b> Drottinn er musteri hennar J\u00f3h 2.19-21; Opb 21.3; 22.3<br \/>\n<b>21.23<\/b> \u00dearf ekki s\u00f3lar vi\u00f0 Jes 60.19-20; Opb 22.5<br \/>\n<b>21.24<\/b> \u00dej\u00f3\u00f0irnar munu ganga \u00ed lj\u00f3si hennar Jes 60.3-5<br \/>\n<b>21.25<\/b> Opin hli\u00f0 Jes 60.11 \u2013 aldrei koma n\u00f3tt Sak 14.7; Opb 22.5<br \/>\n<b>21.26<\/b> Vegsemd \u00fej\u00f3\u00f0anna Slm 72.10-11<br \/>\n<b>21.27<\/b> Ekkert \u00f3hreint Jes 35.8; 52.1; Sak 13.1-2; 1Kor 6.9-10; 2P\u00e9t 3.13; Opb 22.15 \u2013 l\u00edfsins b\u00f3k Opb 3.5+<\/div>\n","protected":false},"excerpt":{"rendered":"<p>1Og \u00e9g s\u00e1 n\u00fdjan himin og n\u00fdja j\u00f6r\u00f0, \u00fev\u00ed a\u00f0 hinn fyrri himinn og hin fyrri j\u00f6r\u00f0 voru horfin og hafi\u00f0 er ekki framar til.2Og \u00e9g s\u00e1 borgina helgu, n\u00fdja Jer\u00fasalem, st\u00edga ni\u00f0ur af himni fr\u00e1 Gu\u00f0i, b\u00fana sem br\u00fa\u00f0i, er skartar fyrir manni s\u00ednum.3Og \u00e9g heyr\u00f0i raust mikla fr\u00e1 h\u00e1s\u00e6tinu, er sag\u00f0i: Sj\u00e1, tjaldb\u00fa\u00f0 Gu\u00f0s er me\u00f0al mannanna og hann mun b\u00faa hj\u00e1 \u00feeim, og \u00feeir munu vera f\u00f3lk hans og Gu\u00f0 sj\u00e1lfur mun vera hj\u00e1 \u00feeim, Gu\u00f0 \u00feeirra.4Og hann mun \u00feerra hvert t\u00e1r af augum \u00feeirra. Og dau\u00f0inn mun ekki framar til vera, hvorki harmur n\u00e9 vein n\u00e9 <a href=\"https:\/\/biblian.is\/1981\/opinberunarbok-johannesar-21-kafli\/\"> [&#8230;]<\/a><\/p>\n","protected":false},"author":1,"featured_media":0,"parent":0,"menu_order":0,"comment_status":"open","ping_status":"open","template":"bibliukaflar.php","meta":{"footnotes":""},"class_list":["post-2535","page","type-page","status-publish","hentry"],"_links":{"self":[{"href":"https:\/\/biblian.is\/1981\/wp-json\/wp\/v2\/pages\/2535","targetHints":{"allow":["GET"]}}],"collection":[{"href":"https:\/\/biblian.is\/1981\/wp-json\/wp\/v2\/pages"}],"about":[{"href":"https:\/\/biblian.is\/1981\/wp-json\/wp\/v2\/types\/page"}],"author":[{"embeddable":true,"href":"https:\/\/biblian.is\/1981\/wp-json\/wp\/v2\/users\/1"}],"replies":[{"embeddable":true,"href":"https:\/\/biblian.is\/1981\/wp-json\/wp\/v2\/comments?post=2535"}],"version-history":[{"count":0,"href":"https:\/\/biblian.is\/1981\/wp-json\/wp\/v2\/pages\/2535\/revisions"}],"wp:attachment":[{"href":"https:\/\/biblian.is\/1981\/wp-json\/wp\/v2\/media?parent=2535"}],"curies":[{"name":"wp","href":"https:\/\/api.w.org\/{rel}","templated":true}]}}