{"id":2534,"date":"2017-11-18T20:22:10","date_gmt":"2017-11-18T20:22:10","guid":{"rendered":"http:\/\/biblian.is\/1981\/opinberunarbokin-20-kafli\/"},"modified":"2021-06-06T11:04:28","modified_gmt":"2021-06-06T11:04:28","slug":"opinberunarbok-johannesar-20-kafli","status":"publish","type":"page","link":"https:\/\/biblian.is\/1981\/opinberunarbok-johannesar-20-kafli\/","title":{"rendered":"Opinberunarb\u00f3k J\u00f3hannesar 20. kafli"},"content":{"rendered":"<p><a name=\"1\"><span class=\"versanumer\">1<\/span><\/a>N\u00fa s\u00e1 \u00e9g engil st\u00edga ni\u00f0ur af himni. Hann h\u00e9lt \u00e1 lykli undirdj\u00fapsins og st\u00f3rum fj\u00f6tri \u00ed hendi s\u00e9r.<a name=\"2\"><span class=\"versanumer\">2<\/span><\/a>Og hann t\u00f3k drekann, \u00feann gamla h\u00f6ggorm, sem er dj\u00f6full og Satan, og batt hann um \u00fe\u00fasund \u00e1r.<a name=\"3\"><span class=\"versanumer\">3<\/span><\/a>Hann kasta\u00f0i honum \u00ed undirdj\u00fapi\u00f0 og l\u00e6sti og setti innsigli yfir, svo a\u00f0 hann leiddi ekki framar \u00fej\u00f3\u00f0irnar afvega, allt til \u00feess er fullnu\u00f0ust \u00fe\u00fasund \u00e1rin. Eftir \u00fea\u00f0 \u00e1 hann a\u00f0 vera leystur um stuttan t\u00edma.<a name=\"4\"><span class=\"versanumer\">4<\/span><\/a>Og \u00e9g s\u00e1 h\u00e1s\u00e6ti og menn settust \u00ed \u00feau og d\u00f3msvald var \u00feeim fengi\u00f0, og \u00e9g s\u00e1 s\u00e1lir \u00feeirra, sem h\u00e1lsh\u00f6ggnir h\u00f6f\u00f0u veri\u00f0 sakir vitnisbur\u00f0ar Jes\u00fa og sakir or\u00f0s Gu\u00f0s. \u00dea\u00f0 voru \u00feeir hinir s\u00f6mu sem h\u00f6f\u00f0u ekki tilbe\u00f0i\u00f0 d\u00fdri\u00f0 n\u00e9 l\u00edkneski \u00feess og ekki fengi\u00f0 merki \u00e1 enni s\u00e9r og h\u00f6nd. Og \u00feeir lifnu\u00f0u og r\u00edktu me\u00f0 Kristi um \u00fe\u00fasund \u00e1r.<a name=\"5\"><span class=\"versanumer\">5<\/span><\/a>En a\u00f0rir dau\u00f0ir lifnu\u00f0u ekki fyrr en \u00fe\u00fasund \u00e1rin voru li\u00f0in. \u00deetta er fyrri upprisan.<a name=\"6\"><span class=\"versanumer\">6<\/span><\/a>S\u00e6ll og heilagur er s\u00e1, sem \u00e1 hlut \u00ed fyrri upprisunni. Yfir \u00feeim hefur hinn annar dau\u00f0i ekki vald, heldur munu \u00feeir vera prestar Gu\u00f0s og Krists og \u00feeir munu r\u00edkja me\u00f0 honum um \u00fe\u00fasund \u00e1r.<a name=\"7\"><span class=\"versanumer\">7<\/span><\/a>\u00deegar \u00fe\u00fasund \u00e1rin eru li\u00f0in, mun Satan ver\u00f0a leystur \u00far fangelsi s\u00ednu.<a name=\"8\"><span class=\"versanumer\">8<\/span><\/a>Og hann mun \u00fat ganga til a\u00f0 lei\u00f0a \u00fej\u00f3\u00f0irnar afvega, \u00fe\u00e6r sem eru \u00e1 fj\u00f3rum skautum jar\u00f0arinnar, G\u00f3g og Mag\u00f3g, og safna \u00feeim saman til str\u00ed\u00f0s, og tala \u00feeirra er sem sandur sj\u00e1varins.<a name=\"9\"><span class=\"versanumer\">9<\/span><\/a>Og \u00feeir stigu upp \u00e1 v\u00ed\u00f0an v\u00f6ll jar\u00f0ar og umkringdu herb\u00fa\u00f0ir heilagra og borgina elsku\u00f0u. En eldur f\u00e9ll af himni ofan og eyddi \u00feeim.<a name=\"10\"><span class=\"versanumer\">10<\/span><\/a>Og dj\u00f6flinum, sem lei\u00f0ir \u00fe\u00e1 afvega, var kasta\u00f0 \u00ed d\u00edki\u00f0 elds og brennisteins, \u00fear sem b\u00e6\u00f0i d\u00fdri\u00f0 er og falssp\u00e1ma\u00f0urinn. Og \u00feeir munu kvaldir ver\u00f0a dag og n\u00f3tt um aldir alda.<a name=\"11\"><span class=\"versanumer\">11<\/span><\/a>Og \u00e9g s\u00e1 miki\u00f0 hv\u00edtt h\u00e1s\u00e6ti og \u00feann, sem \u00ed \u00fev\u00ed sat. Og fyrir \u00e1sj\u00f3nu hans hvarf himinn og j\u00f6r\u00f0 og \u00feeirra s\u00e1 engan sta\u00f0.<a name=\"12\"><span class=\"versanumer\">12<\/span><\/a>Og \u00e9g s\u00e1 \u00fe\u00e1 dau\u00f0u, st\u00f3ra og sm\u00e1a, standa frammi fyrir h\u00e1s\u00e6tinu, og b\u00f3kum var loki\u00f0 upp. Og annarri b\u00f3k var loki\u00f0 upp og \u00fea\u00f0 er l\u00edfsins b\u00f3k. Og hinir dau\u00f0u voru d\u00e6mdir, eftir \u00fev\u00ed sem rita\u00f0 var \u00ed b\u00f3kunum, samkv\u00e6mt verkum \u00feeirra.<a name=\"13\"><span class=\"versanumer\">13<\/span><\/a>Og hafi\u00f0 skila\u00f0i hinum dau\u00f0u, \u00feeim sem \u00ed \u00fev\u00ed voru, og dau\u00f0inn og Hel skilu\u00f0u \u00feeim dau\u00f0u, sem \u00ed \u00feeim voru, og s\u00e9rhver var d\u00e6mdur eftir verkum s\u00ednum.<a name=\"14\"><span class=\"versanumer\">14<\/span><\/a>Og dau\u00f0anum og Helju var kasta\u00f0 \u00ed eldsd\u00edki\u00f0. \u00deetta er hinn annar dau\u00f0i, eldsd\u00edki\u00f0.<a name=\"15\"><span class=\"versanumer\">15<\/span><\/a>Og ef einhver fannst ekki skr\u00e1\u00f0ur \u00ed l\u00edfsins b\u00f3k, var honum kasta\u00f0 \u00ed eldsd\u00edki\u00f0.<\/p>\n<div class=\"footnote1981\"><b>20.1<\/b> Undirdj\u00fapi\u00f0 Opb 9.1+<br \/>\n<b>20.2<\/b> Hinn gamli h\u00f6ggormur Opb 12.9+<br \/>\n<b>20.4<\/b> H\u00e1s\u00e6ti Dan 7.9,22,27; Matt 19.28; L\u00fak 22.30; 1Kor 6.2 \u2013 p\u00edslarvottar Opb 6.9+ &#8211; or\u00f0 Gu\u00f0s og vitnisbur\u00f0ur Jes\u00fa Opb 1.2+ &#8211; d\u00fdri\u00f0 tilbe\u00f0i\u00f0 Opb 13.8+ &#8211; merki d\u00fdrsins Opb 13.16+ &#8211; r\u00edkja me\u00f0 Kristi Opb 5.10+<br \/>\n<b>20.6<\/b> Hinn annar dau\u00f0i Opb 2.11+ &#8211; prestar Opb 1.6+<br \/>\n<b>20.8<\/b> Fj\u00f6gur skaut jar\u00f0ar Opb 7.1+<br \/>\n<b>20.9<\/b> Umkringdu borgina L\u00fak 21.20,24<br \/>\n<b>20.10<\/b> D\u00edki elds Opb 19.20+<br \/>\n<b>20.12<\/b> B\u00e6kur Dan 7.10 \u2013 l\u00edfsins b\u00f3k Opb 3.5+ &#8211; eftir verkum s\u00ednum Opb 2.23+<br \/>\n<b>20.14<\/b> Dau\u00f0anum kasta\u00f0 \u00ed eldsd\u00edki\u00f0 1Kor 15.26,54; Opb 21.4<\/div>\n","protected":false},"excerpt":{"rendered":"<p>1N\u00fa s\u00e1 \u00e9g engil st\u00edga ni\u00f0ur af himni. Hann h\u00e9lt \u00e1 lykli undirdj\u00fapsins og st\u00f3rum fj\u00f6tri \u00ed hendi s\u00e9r.2Og hann t\u00f3k drekann, \u00feann gamla h\u00f6ggorm, sem er dj\u00f6full og Satan, og batt hann um \u00fe\u00fasund \u00e1r.3Hann kasta\u00f0i honum \u00ed undirdj\u00fapi\u00f0 og l\u00e6sti og setti innsigli yfir, svo a\u00f0 hann leiddi ekki framar \u00fej\u00f3\u00f0irnar afvega, allt til \u00feess er fullnu\u00f0ust \u00fe\u00fasund \u00e1rin. Eftir \u00fea\u00f0 \u00e1 hann a\u00f0 vera leystur um stuttan t\u00edma.4Og \u00e9g s\u00e1 h\u00e1s\u00e6ti og menn settust \u00ed \u00feau og d\u00f3msvald var \u00feeim fengi\u00f0, og \u00e9g s\u00e1 s\u00e1lir \u00feeirra, sem h\u00e1lsh\u00f6ggnir h\u00f6f\u00f0u veri\u00f0 sakir vitnisbur\u00f0ar Jes\u00fa og sakir or\u00f0s Gu\u00f0s. <a href=\"https:\/\/biblian.is\/1981\/opinberunarbok-johannesar-20-kafli\/\"> [&#8230;]<\/a><\/p>\n","protected":false},"author":1,"featured_media":0,"parent":0,"menu_order":0,"comment_status":"open","ping_status":"open","template":"bibliukaflar.php","meta":{"footnotes":""},"class_list":["post-2534","page","type-page","status-publish","hentry"],"_links":{"self":[{"href":"https:\/\/biblian.is\/1981\/wp-json\/wp\/v2\/pages\/2534","targetHints":{"allow":["GET"]}}],"collection":[{"href":"https:\/\/biblian.is\/1981\/wp-json\/wp\/v2\/pages"}],"about":[{"href":"https:\/\/biblian.is\/1981\/wp-json\/wp\/v2\/types\/page"}],"author":[{"embeddable":true,"href":"https:\/\/biblian.is\/1981\/wp-json\/wp\/v2\/users\/1"}],"replies":[{"embeddable":true,"href":"https:\/\/biblian.is\/1981\/wp-json\/wp\/v2\/comments?post=2534"}],"version-history":[{"count":0,"href":"https:\/\/biblian.is\/1981\/wp-json\/wp\/v2\/pages\/2534\/revisions"}],"wp:attachment":[{"href":"https:\/\/biblian.is\/1981\/wp-json\/wp\/v2\/media?parent=2534"}],"curies":[{"name":"wp","href":"https:\/\/api.w.org\/{rel}","templated":true}]}}