{"id":2533,"date":"2017-11-18T20:22:10","date_gmt":"2017-11-18T20:22:10","guid":{"rendered":"http:\/\/biblian.is\/1981\/opinberunarbokin-19-kafli\/"},"modified":"2021-06-06T11:04:27","modified_gmt":"2021-06-06T11:04:27","slug":"opinberunarbok-johannesar-19-kafli","status":"publish","type":"page","link":"https:\/\/biblian.is\/1981\/opinberunarbok-johannesar-19-kafli\/","title":{"rendered":"Opinberunarb\u00f3k J\u00f3hannesar 19. kafli"},"content":{"rendered":"<p><a name=\"1\"><span class=\"versanumer\">1<\/span><\/a>Eftir \u00feetta heyr\u00f0i \u00e9g sem sterkan ym mikils fj\u00f6lda \u00e1 himni. \u00deeir s\u00f6g\u00f0u: Hallel\u00faja! Hj\u00e1lpr\u00e6\u00f0i\u00f0 og d\u00fdr\u00f0in og m\u00e1tturinn er Gu\u00f0s vors.<a name=\"2\"><span class=\"versanumer\">2<\/span><\/a>Sannir og r\u00e9ttl\u00e1tir eru d\u00f3mar hans. Hann hefur d\u00e6mt sk\u00e6kjuna miklu, sem j\u00f6r\u00f0unni spillti me\u00f0 saurlifna\u00f0i s\u00ednum, og hann hefur l\u00e1ti\u00f0 hana s\u00e6ta hefnd fyrir bl\u00f3\u00f0 \u00fej\u00f3na sinna.<a name=\"3\"><span class=\"versanumer\">3<\/span><\/a>Og aftur var sagt: Hallel\u00faja! Reykurinn fr\u00e1 henni st\u00edgur upp um aldir alda.<a name=\"4\"><span class=\"versanumer\">4<\/span><\/a>Og \u00f6ldungarnir tuttugu og fj\u00f3rir og verurnar fj\u00f3rar f\u00e9llu fram og tilb\u00e1\u00f0u Gu\u00f0, sem \u00ed h\u00e1s\u00e6tinu situr, og s\u00f6g\u00f0u: Amen, hallel\u00faja!<a name=\"5\"><span class=\"versanumer\">5<\/span><\/a>Og fr\u00e1 h\u00e1s\u00e6tinu barst r\u00f6dd, er sag\u00f0i: Lofsyngi\u00f0 Gu\u00f0i vorum, allir \u00fe\u00e9r \u00fej\u00f3nar hans, \u00fe\u00e9r sem hann \u00f3ttist, sm\u00e1ir og st\u00f3rir.<a name=\"6\"><span class=\"versanumer\">6<\/span><\/a>\u00de\u00e1 heyr\u00f0i \u00e9g raddir sem fr\u00e1 miklum mannfj\u00f6lda og sem ni\u00f0 margra vatna og sem gn\u00fd fr\u00e1 sterkum \u00ferumum. \u00de\u00e6r s\u00f6g\u00f0u: Hallel\u00faja, Drottinn Gu\u00f0 vor, hinn alvaldi, er konungur or\u00f0inn.<a name=\"7\"><span class=\"versanumer\">7<\/span><\/a>Gle\u00f0jumst og f\u00f6gnum og gefum honum d\u00fdr\u00f0ina, \u00fev\u00ed a\u00f0 komi\u00f0 er a\u00f0 br\u00fa\u00f0kaupi lambsins og br\u00fa\u00f0ur hans hefur b\u00fai\u00f0 sig.<a name=\"8\"><span class=\"versanumer\">8<\/span><\/a>Henni var fengi\u00f0 sk\u00ednandi og hreint l\u00edn til a\u00f0 skr\u00fd\u00f0ast \u00ed. L\u00edni\u00f0 er r\u00e9ttl\u00e6tisverk heilagra.<a name=\"9\"><span class=\"versanumer\">9<\/span><\/a>Og hann segir vi\u00f0 mig: Rita \u00fe\u00fa: S\u00e6lir eru \u00feeir, sem bo\u00f0nir eru \u00ed br\u00fa\u00f0kaupsveislu lambsins. Og hann segir vi\u00f0 mig: \u00deetta eru hin s\u00f6nnu or\u00f0 Gu\u00f0s.<a name=\"10\"><span class=\"versanumer\">10<\/span><\/a>Og \u00e9g f\u00e9ll fram fyrir f\u00e6tur honum til a\u00f0 tilbi\u00f0ja hann og hann segir vi\u00f0 mig: Varastu \u00feetta! \u00c9g er sam\u00fej\u00f3nn \u00feinn og br\u00e6\u00f0ra \u00feinna, sem hafa vitnisbur\u00f0 Jes\u00fa. Tilbi\u00f0 \u00fe\u00fa Gu\u00f0. Vitnisbur\u00f0ur Jes\u00fa er andi sp\u00e1d\u00f3msg\u00e1funnar.<a name=\"11\"><span class=\"versanumer\">11<\/span><\/a>\u00de\u00e1 s\u00e1 \u00e9g himininn opinn, og sj\u00e1: Hv\u00edtur hestur. S\u00e1, sem \u00e1 honum sat, heitir Tr\u00far og Sannur, hann d\u00e6mir og berst me\u00f0 r\u00e9ttv\u00edsi.<a name=\"12\"><span class=\"versanumer\">12<\/span><\/a>Augu hans eru sem eldslogi og \u00e1 h\u00f6f\u00f0i hans eru m\u00f6rg ennisdj\u00e1sn. Og hann ber nafn rita\u00f0, sem enginn \u00feekkir nema hann sj\u00e1lfur.<a name=\"13\"><span class=\"versanumer\">13<\/span><\/a>Hann er skr\u00fdddur skikkju, bl\u00f3\u00f0i drifinni, og nafn hans er: Or\u00f0i\u00f0 Gu\u00f0s.<a name=\"14\"><span class=\"versanumer\">14<\/span><\/a>Og hersveitirnar, sem \u00e1 himni eru, fylgdu honum \u00e1 hv\u00edtum hestum, kl\u00e6ddar hv\u00edtu og hreinu l\u00edni.<a name=\"15\"><span class=\"versanumer\">15<\/span><\/a>Og af munni hans gengur \u00fat biturt sver\u00f0 a\u00f0 sl\u00e1 \u00fej\u00f3\u00f0irnar me\u00f0, og hann stj\u00f3rnar \u00feeim me\u00f0 j\u00e1rnsprota. Og hann tre\u00f0ur v\u00edn\u00fer\u00f6ng heiftarrei\u00f0i Gu\u00f0s hins alvalda.<a name=\"16\"><span class=\"versanumer\">16<\/span><\/a>Og \u00e1 skikkju sinni og lend sinni hefur hann rita\u00f0 nafn: Konungur konunga og Drottinn drottna.<a name=\"17\"><span class=\"versanumer\">17<\/span><\/a>Og \u00e9g s\u00e1 einn engil, sem st\u00f3\u00f0 \u00e1 s\u00f3lunni. Hann hr\u00f3pa\u00f0i h\u00e1rri r\u00f6ddu til allra fuglanna, sem flugu um himinhvolfi\u00f0: Komi\u00f0, safnist saman til hinnar miklu m\u00e1lt\u00ed\u00f0ar Gu\u00f0s<a name=\"18\"><span class=\"versanumer\">18<\/span><\/a>til \u00feess a\u00f0 eta hold konunga og hold herforingja og hold kappa og hold hesta og \u00feeirra, sem \u00e1 \u00feeim sitja, og hold allra, b\u00e6\u00f0i frj\u00e1lsra og \u00f3frj\u00e1lsra, sm\u00e1rra og st\u00f3rra.<a name=\"19\"><span class=\"versanumer\">19<\/span><\/a>Og \u00e9g s\u00e1 d\u00fdri\u00f0 og konunga jar\u00f0arinnar og hersveitir \u00feeirra safna\u00f0ar saman til a\u00f0 heyja str\u00ed\u00f0 vi\u00f0 \u00feann, sem \u00e1 hestinum sat, og vi\u00f0 herli\u00f0 hans.<a name=\"20\"><span class=\"versanumer\">20<\/span><\/a>Og d\u00fdri\u00f0 var handteki\u00f0 og \u00e1samt \u00fev\u00ed falssp\u00e1ma\u00f0urinn, sem t\u00e1knin gj\u00f6r\u00f0i \u00ed augs\u00fdn \u00feess, en me\u00f0 \u00feeim leiddi hann afvega \u00fe\u00e1, sem teki\u00f0 h\u00f6f\u00f0u vi\u00f0 merki d\u00fdrsins, og \u00fe\u00e1, sem tilbe\u00f0i\u00f0 h\u00f6f\u00f0u l\u00edkneski \u00feess. B\u00e1\u00f0um \u00feeim var kasta\u00f0 lifandi \u00ed eldsd\u00edki\u00f0, sem logar af brennisteini.<a name=\"21\"><span class=\"versanumer\">21<\/span><\/a>Og hinir voru drepnir me\u00f0 sver\u00f0i \u00feess, er \u00e1 hestinum sat, sver\u00f0inu, sem \u00fat gekk af munni hans, og allir fuglarnir s\u00f6ddust af hr\u00e6jum \u00feeirra.<\/p>\n<div class=\"footnote1981\"><b>19.2<\/b> Gu\u00f0 hefnir Opb 6.10+ &#8211; sannir d\u00f3mar Opb 16.7+<br \/>\n<b>19.3<\/b> Reykur Opb 14.11<br \/>\n<b>19.4<\/b> 24 \u00f6ldungar Opb 4.4+ ; 7.11+ &#8211; verurnar fj\u00f3rar Opb 4.6+<br \/>\n<b>19.5<\/b> Lofsyngi\u00f0 Gu\u00f0i vorum Slm 135.1<br \/>\n<b>19.6<\/b> Drottinn er konungur or\u00f0inn Opb 11.15+ &#8211; Gu\u00f0 alvaldur Opb 1.8+<br \/>\n<b>19.7<\/b> Gu\u00f0 br\u00fa\u00f0gumi \u00cdsraels Jes 54.1-5; H\u00f3s 2.16-18 \u2013 Kristur br\u00fa\u00f0gumi kirkjunnar Matt 22.2; 25.1-13; Ef 5.23,25,32; Opb 21.2,9<br \/>\n<b>19.9<\/b> Bo\u00f0nir \u00ed br\u00fa\u00f0kaupsveislu Matt 22.1-14; L\u00fak 14.15-24<br \/>\n<b>19.10<\/b> Varastu \u00feetta Post 10.25-26; Opb 22.8-9 \u2013 vitnisbur\u00f0ur Jes\u00fa Opb 1.2+<br \/>\n<b>19.11<\/b> Himininn opinn Opb 4.1+ &#8211; hv\u00edtur hestur Opb 6.2 \u2013 Tr\u00far Opb 1.6+ &#8211; me\u00f0 r\u00e9ttl\u00e6ti Slm 96.13; Jes 11.4<br \/>\n<b>19.12<\/b> Nafn sem enginn \u00feekkir Opb 2.17+<br \/>\n<b>19.13<\/b> Or\u00f0i\u00f0 Gu\u00f0s J\u00f3h 1.1,14<br \/>\n<b>19.14<\/b> Kl\u00e6ddar hv\u00edtu Opb 3.4+<br \/>\n<b>19.15<\/b> Sver\u00f0 af munni hans Opb 1.16+ &#8211; j\u00e1rnsproti Opb 12.5+ &#8211; v\u00edn\u00fer\u00f6ng Opb 14.19+<br \/>\n<b>19.16<\/b> Drottinn drottna Opb 17.14+<br \/>\n<b>19.17-18<\/b> Sbr Esk 39.17-20<br \/>\n<b>19.19<\/b> Til a\u00f0 heyja str\u00ed\u00f0 Opb 16.14-16; 17.12-14<br \/>\n<b>19.20<\/b> D\u00fdri\u00f0 og t\u00e1kn \u00feess Opb 13.9-16+ &#8211; eldsd\u00edki Jes 30.33; Opb 20.10,15; 14.10+<\/div>\n","protected":false},"excerpt":{"rendered":"<p>1Eftir \u00feetta heyr\u00f0i \u00e9g sem sterkan ym mikils fj\u00f6lda \u00e1 himni. \u00deeir s\u00f6g\u00f0u: Hallel\u00faja! Hj\u00e1lpr\u00e6\u00f0i\u00f0 og d\u00fdr\u00f0in og m\u00e1tturinn er Gu\u00f0s vors.2Sannir og r\u00e9ttl\u00e1tir eru d\u00f3mar hans. Hann hefur d\u00e6mt sk\u00e6kjuna miklu, sem j\u00f6r\u00f0unni spillti me\u00f0 saurlifna\u00f0i s\u00ednum, og hann hefur l\u00e1ti\u00f0 hana s\u00e6ta hefnd fyrir bl\u00f3\u00f0 \u00fej\u00f3na sinna.3Og aftur var sagt: Hallel\u00faja! Reykurinn fr\u00e1 henni st\u00edgur upp um aldir alda.4Og \u00f6ldungarnir tuttugu og fj\u00f3rir og verurnar fj\u00f3rar f\u00e9llu fram og tilb\u00e1\u00f0u Gu\u00f0, sem \u00ed h\u00e1s\u00e6tinu situr, og s\u00f6g\u00f0u: Amen, hallel\u00faja!5Og fr\u00e1 h\u00e1s\u00e6tinu barst r\u00f6dd, er sag\u00f0i: Lofsyngi\u00f0 Gu\u00f0i vorum, allir \u00fe\u00e9r \u00fej\u00f3nar hans, \u00fe\u00e9r sem hann \u00f3ttist, sm\u00e1ir og <a href=\"https:\/\/biblian.is\/1981\/opinberunarbok-johannesar-19-kafli\/\"> [&#8230;]<\/a><\/p>\n","protected":false},"author":1,"featured_media":0,"parent":0,"menu_order":0,"comment_status":"open","ping_status":"open","template":"bibliukaflar.php","meta":{"footnotes":""},"class_list":["post-2533","page","type-page","status-publish","hentry"],"_links":{"self":[{"href":"https:\/\/biblian.is\/1981\/wp-json\/wp\/v2\/pages\/2533","targetHints":{"allow":["GET"]}}],"collection":[{"href":"https:\/\/biblian.is\/1981\/wp-json\/wp\/v2\/pages"}],"about":[{"href":"https:\/\/biblian.is\/1981\/wp-json\/wp\/v2\/types\/page"}],"author":[{"embeddable":true,"href":"https:\/\/biblian.is\/1981\/wp-json\/wp\/v2\/users\/1"}],"replies":[{"embeddable":true,"href":"https:\/\/biblian.is\/1981\/wp-json\/wp\/v2\/comments?post=2533"}],"version-history":[{"count":0,"href":"https:\/\/biblian.is\/1981\/wp-json\/wp\/v2\/pages\/2533\/revisions"}],"wp:attachment":[{"href":"https:\/\/biblian.is\/1981\/wp-json\/wp\/v2\/media?parent=2533"}],"curies":[{"name":"wp","href":"https:\/\/api.w.org\/{rel}","templated":true}]}}